{"id":3247,"date":"2021-03-22T19:25:45","date_gmt":"2021-03-22T18:25:45","guid":{"rendered":"https:\/\/yakacompany.com\/hinweise-zum-datenschutz\/"},"modified":"2021-10-26T17:09:44","modified_gmt":"2021-10-26T15:09:44","slug":"hinweise-zum-datenschutz","status":"publish","type":"page","link":"https:\/\/yakacompany.com\/de\/hinweise-zum-datenschutz\/","title":{"rendered":"Hinweise zum Datenschutz"},"content":{"rendered":"<h2>Datenschutzrichtlinie<\/h2>\n<h3>1\/ Datenverantwortlicher<\/h3>\n<p>Diese Datenschutzerkl\u00e4rung gibt Ihnen detailliert Auskunft \u00fcber den Schutz personenbezogener Daten bei:<\/p>\n<p>YAKA UNTERNEHMEN<br \/>\nRue Achille Fi\u00e9vez, 16<br \/>\nWege 1474<br \/>\nBelgien<\/p>\n<p>Zweck dieser Datenschutzerkl\u00e4rung ist es, Sie dar\u00fcber zu informieren, welche personenbezogenen Daten (im Folgenden &#8220;personenbezogene Daten&#8221;) wir verwenden, aus welchen Gr\u00fcnden wir sie nutzen und weitergeben, wie lange sie aufbewahrt werden und welche Bedingungen f\u00fcr die Nutzung und die Aus\u00fcbung Ihrer Rechte in Bezug auf diese Daten gelten.<\/p>\n<p>Zus\u00e4tzliche Informationen werden gegebenenfalls bereitgestellt, wenn Sie ein bestimmtes Produkt oder einen bestimmten Dienst abonnieren.<\/p>\n<h3>2\/ An wen richtet sich unsere Datenschutzpolitik?<\/h3>\n<p>Diese Richtlinie richtet sich an die Nutzer unserer Websites, unsere Kunden, ehemalige Kunden und die Personen, die wir prospektieren und die sich f\u00fcr unsere Dienstleistungen und Produkte interessieren.<\/p>\n<h3>3\/ Welche Kategorien von Daten k\u00f6nnen wir verarbeiten?<\/h3>\n<p>Wir erheben und verwenden nur die personenbezogenen Daten, die wir im Rahmen unserer Gesch\u00e4ftst\u00e4tigkeit ben\u00f6tigen, um Ihnen personalisierte und hochwertige Produkte und Dienstleistungen anbieten zu k\u00f6nnen.<\/p>\n<p>Wir k\u00f6nnen verschiedene Kategorien personenbezogener Daten von Ihnen erfassen, darunter:<\/p>\n<p>&#8211; \u2022<span style=\"white-space:pre;\"> <\/span>Informationen zur Identifizierung (z. B. Nachname, Vorname);<\/p>\n<p>&#8211; \u2022<span style=\"white-space:pre;\"> <\/span>Kontaktinformationen (z. B. Postanschrift und E-Mail-Adresse, Telefonnummern);<\/p>\n<p>&#8211; \u2022<span style=\"white-space:pre;\"> <\/span>Steuerinformationen (z. B. Mehrwertsteuernummer, Referenzland);<\/p>\n<p>&#8211; \u2022<span style=\"white-space:pre;\"> <\/span>Bank-, Finanz- und Transaktionsdaten (z. B. Ihre Bankverbindung, Ihre Kaufhistorie und Zahlungen);<\/p>\n<p>&#8211; \u2022<span style=\"white-space:pre;\"> <\/span>Daten \u00fcber Ihre Gewohnheiten und Vorlieben:<\/p>\n<blockquote><p>o<span style=\"white-space:pre;\"> <\/span>Daten im Zusammenhang mit der Nutzung unserer Produkte und Dienstleistungen (z. B. Sprache der Nutzung, personalisierte Nachrichten, Interessen).<\/p>\n<p>o<span style=\"white-space:pre;\"> <\/span>Wir k\u00f6nnen bestimmte Informationen auf der Grundlage von Cookies aufzeichnen, die wir hinterlegen. Weitere Informationen finden Sie in unserer Erkl\u00e4rung zur Verwendung von Cookies.<\/p><\/blockquote>\n<h3>4\/ Wof\u00fcr verwenden wir Ihre Daten und was ist die Rechtsgrundlage f\u00fcr diese Verarbeitung?<\/h3>\n<p>Wir verwenden Ihre personenbezogenen Daten:&nbsp;<\/p>\n<h4>Mit Ihrer Genehmigung (Rechtsgrundlage: Artikel 6a der Verordnung 2016\/679 (GDPR))<\/h4>\n<ul>\n<li>Wenn Sie uns \u00fcber die eingerichteten Kontakt- und Supportverfahren Fragen stellen.<\/li>\n<li>F\u00fcr den Versand von Newslettern, die Sie abonniert haben.<\/li>\n<\/ul>\n<h4>Um Vertr\u00e4ge zu erf\u00fcllen (Rechtsgrundlage: Artikel 6b der Verordnung 2016\/679 (GDPR)):<\/h4>\n<ul>\n<li>F\u00fcr die Verfolgung und Bearbeitung Ihrer Bestellungen und Registrierungen.<\/li>\n<li>Um Sie mit Informationen \u00fcber unsere Produkte und Dienstleistungen zu versorgen;<\/li>\n<li>Zur Verfolgung und Bearbeitung von Reklamationen und R\u00fccksendungen.<\/li>\n<li>F\u00fcr das allgemeine Kundenmanagement, einschlie\u00dflich Buchhaltung, Rechtsstreitigkeiten und Prozessmanagement, die Beitreibung oder \u00dcbertragung von Forderungen und den Schutz unserer Rechte im Allgemeinen.<\/li>\n<\/ul>\n<h4>Wenn wir ein berechtigtes Interesse haben, im Rahmen unserer Marketingaktivit\u00e4ten. In einem solchen Fall achten wir immer darauf, dass wir ein gewisses Gleichgewicht in Bezug auf Ihr Privatleben wahren (Rechtsgrundlage: Artikel 6f der Verordnung 2016\/679 (GDPR)):<\/h4>\n<ul>\n<li>Um Sie \u00fcber unsere Produkte und Dienstleistungen zu informieren, m\u00f6glicherweise basierend auf Ihrem Marketingprofil.<\/li>\n<li>Um m\u00f6glichen Betrug und Missbrauch zu verhindern und zu bek\u00e4mpfen.<\/li>\n<\/ul>\n<h4>Um die gesetzlichen Verpflichtungen, denen wir unterliegen, zu erf\u00fcllen (Rechtsgrundlage: Artikel 6c der Verordnung 2016\/679 (GDPR)):<\/h4>\n<h3>5\/ K\u00f6nnen Ihre pers\u00f6nlichen Daten an Dritte weitergegeben werden?<\/h3>\n<p>Ihre personenbezogenen Daten k\u00f6nnen an unsere Subunternehmer f\u00fcr Dienstleistungen in unserem Auftrag weitergegeben werden (z.B. externe Callcenter, Werbeagenturen, IT-Provider, IT, Clouds, etc.) und nur dann, wenn wir hierzu eine Anweisung erteilt haben.<\/p>\n<h3>6\/ Daten\u00fcbertragung au\u00dferhalb des Europ\u00e4ischen Wirtschaftsraums &#8220;EEA&#8221;.<\/h3>\n<p>Ihre pers\u00f6nlichen Daten werden nicht au\u00dferhalb der Europ\u00e4ischen Union weitergegeben.<\/p>\n<h3>7\/ Wie lange bewahren wir Ihre pers\u00f6nlichen Daten auf?<\/h3>\n<p>Wir bewahren Ihre personenbezogenen Daten so lange auf, wie es zur Einhaltung der geltenden gesetzlichen und beh\u00f6rdlichen Vorschriften erforderlich ist.<\/p>\n<p>Andere Zeitrahmen k\u00f6nnen angewendet werden:<\/p>\n<ul>\n<li>Entweder aufgrund betrieblicher Zw\u00e4nge, wie z. B. einer guten Kontof\u00fchrung, oder eines effektiven Kundenbeziehungsmanagements;  <span style=\"white-space:pre;\"> <\/span><\/li>\n<li>Oder um auf Anspr\u00fcche vor Gericht oder von einer Aufsichtsbeh\u00f6rde zu reagieren.<\/li>\n<\/ul>\n<p>In Bezug auf Kunden werden die meisten Informationen f\u00fcr die Dauer des Vertragsverh\u00e4ltnisses und f\u00fcr eine maximale Dauer von 10 Jahren nach Beendigung des Vertragsverh\u00e4ltnisses aufbewahrt.<\/p>\n<p>Bei inaktiven Interessenten werden die Informationen maximal 3 Jahre lang aufbewahrt.<\/p>\n<h3>8\/ Wie sch\u00fctzen wir Ihre pers\u00f6nlichen Daten?&nbsp;<\/h3>\n<p>Ihre pers\u00f6nlichen Daten werden vertraulich behandelt. Wir sind bem\u00fcht, alle notwendigen technischen und organisatorischen Ma\u00dfnahmen zu ergreifen, um die Sicherheit dieser Daten zu gew\u00e4hrleisten.<\/p>\n<h3>9\/ Was sind Ihre Rechte? Wie k\u00f6nnen Sie sie trainieren?<\/h3>\n<p>Gem\u00e4\u00df den geltenden Vorschriften haben Sie verschiedene Rechte, n\u00e4mlich:<\/p>\n<ul>\n<li>Auskunftsrecht: Sie k\u00f6nnen Auskunft \u00fcber die Verarbeitung Ihrer personenbezogenen Daten sowie eine Kopie dieser personenbezogenen Daten erhalten.<\/li>\n<li>Recht auf Berichtigung: Wenn Sie glauben, dass Ihre personenbezogenen Daten unrichtig oder unvollst\u00e4ndig sind, k\u00f6nnen Sie verlangen, dass Ihre personenbezogenen Daten entsprechend ge\u00e4ndert werden.<\/li>\n<li>Recht auf L\u00f6schung: Sie k\u00f6nnen verlangen, dass Ihre personenbezogenen Daten gel\u00f6scht werden.<\/li>\n<li>Recht auf Einschr\u00e4nkung der Verarbeitung: Sie k\u00f6nnen verlangen, dass die Verarbeitung Ihrer personenbezogenen Daten eingeschr\u00e4nkt wird.<\/li>\n<li>Widerspruchsrecht: Sie k\u00f6nnen der Verarbeitung Ihrer personenbezogenen Daten aus Gr\u00fcnden widersprechen, die sich aus Ihrer pers\u00f6nlichen Situation ergeben. Sie haben das uneingeschr\u00e4nkte Recht, der Verarbeitung Ihrer personenbezogenen Daten f\u00fcr Zwecke der Direktwerbung zu widersprechen, einschlie\u00dflich des Profilings, das mit dieser Direktwerbung in Verbindung steht.<\/li>\n<li>Recht auf Widerruf der Einwilligung: Wenn Sie in die Verarbeitung Ihrer Daten eingewilligt haben, haben Sie das Recht, Ihre Einwilligung jederzeit zu widerrufen.<\/li>\n<li>Recht auf \u00dcbertragbarkeit Ihrer Daten, wenn dieses Recht anwendbar ist, haben Sie das Recht, zu verlangen, dass die personenbezogenen Daten, die Sie uns zur Verf\u00fcgung gestellt haben, an Sie zur\u00fcckgegeben oder, soweit technisch m\u00f6glich, an einen Dritten \u00fcbertragen werden.<\/li>\n<\/ul>\n<p>Sie k\u00f6nnen die oben genannten Rechte aus\u00fcben, indem Sie sich per E-Mail an uns wenden&nbsp;privacy@yakacompany.com&nbsp;oder indem Sie uns einen Brief an YAKA COMPANY, Rue Achille Fi\u00e9vez, 16, Ways 1474, Belgien schicken.<\/p>\n<p>Gem\u00e4\u00df den geltenden Vorschriften haben Sie das Recht, eine Beschwerde bei der zust\u00e4ndigen Aufsichtsbeh\u00f6rde einzureichen.<\/p>\n<h3>10\/ Wie k\u00f6nnen Sie die \u00c4nderungen, die an dieser Datenschutzerkl\u00e4rung vorgenommen wurden, einsehen?<\/h3>\n<p>Wir aktualisieren diese Datenschutzrichtlinie regelm\u00e4\u00dfig und laden Sie ein, sie regelm\u00e4\u00dfig zu \u00fcberpr\u00fcfen.<\/p>\n<h3>11\/ Wie Sie uns kontaktieren k\u00f6nnen<\/h3>\n<p>Wenn Sie Fragen zur Verwendung Ihrer personenbezogenen Daten im Sinne dieser Datenschutzerkl\u00e4rung haben, k\u00f6nnen Sie sich per Post an unseren CPO wenden:<\/p>\n<p>YAKA UNTERNEHMEN<br \/>\nRue Achille Fi\u00e9vez, 16<br \/>\nWege 1474<br \/>\nBelgien<\/p>\n<p>Oder per E-Mail:<\/p>\n<p><a href=\"mailto:privacy@yakacompany.com\">privacy@yakacompany.com<\/a><\/p>\n<p>Zuletzt aktualisiert: 05\/06\/2019<\/p>\n","protected":false},"excerpt":{"rendered":"<p>Datenschutzrichtlinie 1\/ Datenverantwortlicher Diese Datenschutzerkl\u00e4rung gibt Ihnen detailliert Auskunft \u00fcber den Schutz personenbezogener Daten bei: YAKA UNTERNEHMEN Rue Achille Fi\u00e9vez, 16 Wege 1474 Belgien Zweck dieser Datenschutzerkl\u00e4rung ist es, Sie dar\u00fcber zu informieren, welche personenbezogenen Daten (im Folgenden &#8220;personenbezogene Daten&#8221;) wir verwenden, aus welchen Gr\u00fcnden wir sie nutzen und weitergeben, wie lange sie aufbewahrt werden [&hellip;]<\/p>\n","protected":false},"author":151,"featured_media":0,"parent":0,"menu_order":158,"comment_status":"open","ping_status":"open","template":"","meta":{"_acf_changed":false,"_et_pb_use_builder":"","_et_pb_old_content":"","_et_gb_content_width":"","footnotes":""},"class_list":["post-3247","page","type-page","status-publish","hentry"],"acf":[],"_links":{"self":[{"href":"https:\/\/yakacompany.com\/de\/wp-json\/wp\/v2\/pages\/3247","targetHints":{"allow":["GET"]}}],"collection":[{"href":"https:\/\/yakacompany.com\/de\/wp-json\/wp\/v2\/pages"}],"about":[{"href":"https:\/\/yakacompany.com\/de\/wp-json\/wp\/v2\/types\/page"}],"author":[{"embeddable":true,"href":"https:\/\/yakacompany.com\/de\/wp-json\/wp\/v2\/users\/151"}],"replies":[{"embeddable":true,"href":"https:\/\/yakacompany.com\/de\/wp-json\/wp\/v2\/comments?post=3247"}],"version-history":[{"count":0,"href":"https:\/\/yakacompany.com\/de\/wp-json\/wp\/v2\/pages\/3247\/revisions"}],"wp:attachment":[{"href":"https:\/\/yakacompany.com\/de\/wp-json\/wp\/v2\/media?parent=3247"}],"curies":[{"name":"wp","href":"https:\/\/api.w.org\/{rel}","templated":true}]}}