{"id":3265,"date":"2021-03-22T19:28:47","date_gmt":"2021-03-22T18:28:47","guid":{"rendered":"https:\/\/yakacompany.com\/cookie-richtlinie\/"},"modified":"2022-06-20T21:14:55","modified_gmt":"2022-06-20T19:14:55","slug":"cookie-richtlinie","status":"publish","type":"page","link":"https:\/\/yakacompany.com\/de\/cookie-richtlinie\/","title":{"rendered":"Cookie-Richtlinie"},"content":{"rendered":"<p>[et_pb_section fb_built=&#8221;1&#8243; _builder_version=&#8221;4.4.6&#8243;][et_pb_row _builder_version=&#8221;4.4.6&#8243;][et_pb_column type=&#8221;4_4&#8243; _builder_version=&#8221;4.4.6&#8243;][et_pb_text admin_label=&#8221;Texte&#8221; _builder_version=&#8221;4.4.6&#8243; hover_enabled=&#8221;0&#8243;]<\/p>\n<p class=\"\"><b class=\"\">Verantwortlicher f\u00fcr die Verarbeitung<\/b><\/p>\n<div class=\"\"><span class=\"\">Yaka compagny<\/span><\/div>\n<div class=\"\"><span class=\"\">16, rue Achille fi\u00e9vez,1474 Ways  <\/span><\/div>\n<div class=\"\"><span class=\"\">Alexandra Lousse  <\/span><\/div>\n<div> <\/div>\n<p class=\"\"><b class=\"\">Was ist ein Cookie?<\/b><\/p>\n<div class=\"\"><span class=\"\">&#8220;Ein Cookie ist eine kleine Textdatei, die auf Ihrem Computer gespeichert werden kann, wenn Sie Webseiten besuchen. In dieser Textdatei werden Informationen gespeichert, z. B. Ihre Sprachwahl f\u00fcr eine Website. Wenn Sie die Website zu einem sp\u00e4teren Zeitpunkt erneut besuchen, wird dieses Cookie an die betreffende Website zur\u00fcckgesandt. Auf diese Weise erkennt die Website Ihren Browser und kann sich z. B. Ihre Sprachwahl merken.<\/span><\/div>\n<div class=\"\"><span class=\"\">Cookies haben in der Regel auch ein Ablaufdatum. Einige Cookies werden beispielsweise automatisch gel\u00f6scht, wenn Sie Ihren Browser schlie\u00dfen (sog. Sitzungscookies), w\u00e4hrend andere l\u00e4nger auf Ihrem Computer verbleiben, manchmal sogar bis Sie sie manuell l\u00f6schen (sog. permanente Cookies).&#8221; (Quelle: ODA-Website)<\/span><\/div>\n<div> <\/div>\n<p class=\"\"><b class=\"\">Warum verwenden wir Cookies?<\/b><\/p>\n<div class=\"\"><span class=\"\">Wir verwenden drei Arten von Cookies<\/span><\/div>\n<ul class=\"\">\n<li class=\"\"><span class=\"\">Wesentliche Cookies, die f\u00fcr das Funktionieren der Website unerl\u00e4sslich sind<\/span><\/li>\n<li class=\"\"><span class=\"\">Cookies zu analytischen Zwecken, die die Besuche auf der Website analysieren.<\/span><\/li>\n<li class=\"\"><span class=\"\">Cookies von Dritten, wie z. B. Cookies, die mit sozialen Netzwerken verkn\u00fcpft sind.<\/span><\/li>\n<\/ul>\n<p class=\"\"><b class=\"\">Annahme oder Ablehnung von Cookies<\/b><\/p>\n<div class=\"\"><span class=\"\">Wenn Sie auf die Rubrik &#8220;Mehr dazu&#8221; in dem Pop-up klicken, das erscheint, wenn Sie auf die Website gelangen, k\u00f6nnen Sie auf Informationen zu Cookies zugreifen und entscheiden, ob Sie diese akzeptieren oder ablehnen m\u00f6chten.<\/span><\/div>\n<div> <\/div>\n<p class=\"\"><b class=\"\">Dauer der Aufbewahrung<\/b><\/p>\n<div class=\"\"><span class=\"\">Cookies werden 13 Monate lang gespeichert.<\/span><\/div>\n<div> <\/div>\n<p class=\"\"><b class=\"\">Zus\u00e4tzliche Informationen<\/b><\/p>\n<div class=\"\"><span class=\"\">Wenn Sie wissen m\u00f6chten, wie Sie Ihren Browser einstellen k\u00f6nnen oder weitere Informationen \u00fcber Cookies erhalten m\u00f6chten, empfehlen wir Ihnen, die Website <a class=\"\" href=\"https:\/\/www.allaboutcookies.org\/\" target=\"_blank\" rel=\"noopener\">www.allaboutcookies.org<\/a> zu besuchen (diese Website ist in englischer Sprache).<\/span><\/div>\n<div> <\/div>\n<p class=\"\"><b class=\"\">Rechtsgrundlage f\u00fcr die Datenverarbeitung durch Cookies<\/b><\/p>\n<div class=\"\"><span class=\"\">Die Verarbeitung durch Cookies, ausgenommen essenzielle Cookies, beruht auf der Zustimmung der betroffenen Person, die Cookies beim Besuch der Website akzeptiert oder ablehnt.<\/span><\/div>\n<div> <\/div>\n<p class=\"\"><b class=\"\">Automatisierte Entscheidung und Profiling<\/b><\/p>\n<div class=\"\"><span class=\"\">Mithilfe von Cookies werden keine automatisierten Entscheidungen getroffen oder Profile erstellt.<\/span><\/div>\n<div> <\/div>\n<p class=\"\"><b class=\"\">Weitergabe von Daten an Dritte<\/b><\/p>\n<div class=\"\"><span class=\"\">Cookies von Drittanbietern k\u00f6nnen Anmeldedaten sammeln.<\/span><\/div>\n<div> <\/div>\n<p class=\"\"><b class=\"\">Sicherheit<\/b><\/p>\n<div class=\"\"><span class=\"\">Wir ergreifen geeignete technische und organisatorische Ma\u00dfnahmen, die mit den geltenden Gesetzen zum Schutz der Privatsph\u00e4re und zum Datenschutz \u00fcbereinstimmen. Leider kann keine Daten\u00fcbertragung \u00fcber das Internet oder auf einem Datenspeichersystem zu 100 % garantiert werden. Wenn Sie Grund zu der Annahme haben, dass Ihre Interaktion mit uns nicht mehr sicher ist (z. B. wenn Sie den Eindruck haben, dass die Sicherheit Ihrer Pers\u00f6nlichen Daten, die Sie m\u00f6glicherweise mit uns teilen, kompromittiert worden sein k\u00f6nnte), werden Sie gebeten, uns unverz\u00fcglich zu benachrichtigen.<\/span><\/div>\n<div> <\/div>\n<p class=\"\"><b class=\"\">Rechte der Betroffenen<\/b><\/p>\n<div class=\"\"><span class=\"\">Sie haben gem\u00e4\u00df der DSGVO das Recht, auf Ihre Pers\u00f6nlichen Daten zuzugreifen, sie zu berichtigen, sich ihrer Verwendung zu widersetzen oder ihre L\u00f6schung, Einschr\u00e4nkung oder \u00dcbertragbarkeit zu verlangen.<\/span><\/div>\n<div class=\"\"><span class=\"\">In einigen F\u00e4llen ist es uns jedoch gesetzlich nicht unbedingt erlaubt, Ihre Anfragen zu akzeptieren.<\/span><\/div>\n<div> <\/div>\n<p class=\"\"><b class=\"\">\u00c4nderungen an diesen Regeln<\/b><\/p>\n<div class=\"\"><span class=\"\">Da sich die Vorschriften \u00e4ndern, behalten wir uns das Recht vor, jederzeit \u00c4nderungen vorzunehmen, aber auch, um \u00c4nderungen in unserem Gesch\u00e4ft zu ber\u00fccksichtigen. Wir werden Sie \u00fcber \u00c4nderungen informieren.<\/span><\/div>\n<div> <\/div>\n<p class=\"\"><b class=\"\">Wen Sie in Bezug auf Ihre Pers\u00f6nlichen Daten kontaktieren k\u00f6nnen<\/b><\/p>\n<p>Wenn Sie Fragen zur Verwendung Ihrer Pers\u00f6nlichen Daten haben, k\u00f6nnen Sie eine E-Mail an die oben genannte Adresse senden.<br \/>Sie k\u00f6nnen sich auf Wunsch an die Datenschutzbeh\u00f6rde wenden und eine Beschwerde einreichen, wenn Sie der Meinung sind, dass Ihre Anfrage nicht beantwortet wurde.<\/p>\n<p>[\/et_pb_text][\/et_pb_column][\/et_pb_row][\/et_pb_section]<\/p>\n","protected":false},"excerpt":{"rendered":"<p>Verantwortlicher f\u00fcr die Verarbeitung Yaka compagny 16, rue Achille fi\u00e9vez,1474 Ways Alexandra Lousse Was ist ein Cookie? &#8220;Ein Cookie ist eine kleine Textdatei, die auf Ihrem Computer gespeichert werden kann, wenn Sie Webseiten besuchen. In dieser Textdatei werden Informationen gespeichert, z. B. Ihre Sprachwahl f\u00fcr eine Website. Wenn Sie die Website zu einem sp\u00e4teren Zeitpunkt [&hellip;]<\/p>\n","protected":false},"author":151,"featured_media":0,"parent":0,"menu_order":156,"comment_status":"closed","ping_status":"closed","template":"","meta":{"_acf_changed":false,"_et_pb_use_builder":"on","_et_pb_old_content":"","_et_gb_content_width":"","footnotes":""},"class_list":["post-3265","page","type-page","status-publish","hentry"],"acf":[],"_links":{"self":[{"href":"https:\/\/yakacompany.com\/de\/wp-json\/wp\/v2\/pages\/3265","targetHints":{"allow":["GET"]}}],"collection":[{"href":"https:\/\/yakacompany.com\/de\/wp-json\/wp\/v2\/pages"}],"about":[{"href":"https:\/\/yakacompany.com\/de\/wp-json\/wp\/v2\/types\/page"}],"author":[{"embeddable":true,"href":"https:\/\/yakacompany.com\/de\/wp-json\/wp\/v2\/users\/151"}],"replies":[{"embeddable":true,"href":"https:\/\/yakacompany.com\/de\/wp-json\/wp\/v2\/comments?post=3265"}],"version-history":[{"count":0,"href":"https:\/\/yakacompany.com\/de\/wp-json\/wp\/v2\/pages\/3265\/revisions"}],"wp:attachment":[{"href":"https:\/\/yakacompany.com\/de\/wp-json\/wp\/v2\/media?parent=3265"}],"curies":[{"name":"wp","href":"https:\/\/api.w.org\/{rel}","templated":true}]}}