{"id":3276,"date":"2021-03-22T19:29:35","date_gmt":"2021-03-22T18:29:35","guid":{"rendered":"https:\/\/yakacompany.com\/allgemeine-bedingungen-und-konditionen\/"},"modified":"2021-10-26T17:09:46","modified_gmt":"2021-10-26T15:09:46","slug":"allgemeine-bedingungen-und-konditionen","status":"publish","type":"page","link":"https:\/\/yakacompany.com\/de\/allgemeine-bedingungen-und-konditionen\/","title":{"rendered":"Allgemeine Bedingungen und Konditionen"},"content":{"rendered":"<h1>ALLGEMEINE GESCH\u00c4FTSBEDINGUNGEN&nbsp;<\/h1>\n<h2>KLAUSEL 1 &#8211; ZWECK&nbsp;<\/h2>\n<p>Das vorliegende Dokument (Allgemeine Verkaufsbedingungen) definiert die Bedingungen, die f\u00fcr die Verk\u00e4ufe gelten, die zwischen einerseits jeder Person, die auf der Website www.yakacompany.com surft, im Folgenden Benutzer genannt, und andererseits der Gesellschaft SPRL YaKa, eingetragen in der BCE unter der Nummer 0670820821, mit Sitz in der Rue Achille Fi\u00e9vez, 16 1474 Ways, Belgien, Eigent\u00fcmer der vorliegenden Website, abgeschlossen werden.<\/p>\n<p>Folglich akzeptiert der Benutzer durch den Zugriff und die Nutzung der Website www.yakacompany.com die Einhaltung der Gesamtheit der unten beschriebenen Nutzungsbedingungen. Der Benutzer wird darauf hingewiesen, dass diese Bedingungen jederzeit aktualisiert werden k\u00f6nnen. Aus diesem Grund m\u00fcssen sie diese Seite regelm\u00e4\u00dfig \u00fcberpr\u00fcfen, um sich \u00fcber eventuelle \u00c4nderungen zu informieren.<\/p>\n<p>Alle behinderten Personen, insbesondere im Sinne des Artikels 1123 ff. des B\u00fcrgerlichen Gesetzbuches, d\u00fcrfen in keiner Weise auf der vorliegenden Website Eink\u00e4ufe t\u00e4tigen.<\/p>\n<h2>KLAUSEL 2 &#8211; BESTELLUNG<\/h2>\n<p>Die Produkte, die auf der Website www.yakacompany.com zum Verkauf angeboten werden, sind der YaKa, ein innovatives und patentiertes Produkt, ein universeller Ordnerhalter, der sich an alle weltweit erh\u00e4ltlichen Ordner anpassen l\u00e4sst.<\/p>\n<p>Der YaKa passt sich allen Ordnern mit einer H\u00f6he von 4 cm bis 8 cm an.&nbsp;<\/p>\n<p>Die Marke YaKa ist ein eingetragenes Warenzeichen. Jeder Diebstahl und jede unbefugte Verwendung der genannten Marke wird vor den zust\u00e4ndigen Gerichten strafrechtlich verfolgt.<\/p>\n<p>Die Eigenschaften des YaKa sind auf der Seite www.yakacompany.com auf der Produkt-Website so vollst\u00e4ndig wie m\u00f6glich vordefiniert (Schriften, illustrative Fotos, Beschreibungen, etc.), was dem Benutzer erm\u00f6glicht, die wesentlichen Eigenschaften des von ihm bestellten YaKa vor der endg\u00fcltigen Bestellung zu sehen. Der Benutzer erkennt an, dass seine Akzeptanz in Anbetracht dieser Beschreibungen durchgef\u00fchrt wird. Alle Streitigkeiten, die die Beschaffenheit des Artikels betreffen, m\u00fcssen sich auf das Produktbeschreibungsblatt beziehen.<\/p>\n<p>Der Bestellvorgang ist wie folgt:<\/p>\n<ul>\n<li>Auswahl der Artikel und deren wesentliche Merkmale;<\/li>\n<li>In den Warenkorb legen;<\/li>\n<li>Best\u00e4tigen Sie den Inhalt des Korbs;<\/li>\n<li>Melden Sie sich auf der Website yakacompany.com an, wenn der Benutzer nicht bereits angemeldet ist;<\/li>\n<li>Wahl der Liefermethode;<\/li>\n<li>Wahl der Zahlungsmethode und Akzeptanz der T&#8217;s und C&#8217;s ;<\/li>\n<li>Best\u00e4tigen Sie die Zahlung;<\/li>\n<\/ul>\n<p>W\u00e4hrend dieser verschiedenen Phasen kann der Benutzer die Details seiner Bestellung und deren Gesamtpreis einsehen sowie eventuelle Fehler korrigieren, bevor er die Bestellung best\u00e4tigt.<\/p>\n<p>Die Auftragsbest\u00e4tigung beinhaltet die Annahme der vorliegenden Verkaufsbedingungen, die Best\u00e4tigung, dass der Benutzer sie genau kennt, und den Verzicht auf die Nichtgeltung anderer Bedingungen. Alle bei der Bestellung gemachten Angaben und deren Best\u00e4tigung gelten als Nachweis der Transaktion.<\/p>\n<p>Sobald die Bestellung auf der Website best\u00e4tigt wird, erkennt der Benutzer an, dass ihre Annahme einer festen und unwiderruflichen Verpflichtung gleichkommt: der Verkauf wird als abgeschlossen betrachtet, und sein Preis ist sofort vom Benutzer zu zahlen. Der Benutzer hat dann kein Recht mehr auf Nachbesserung, Umtausch oder R\u00fcckgabe.<\/p>\n<p>YaKa Company sendet dann eine Bestellbest\u00e4tigung per E-Mail. Diese E-Mail best\u00e4tigt lediglich den Eingang der Bestellung bei der Firma YaKa.<\/p>\n<p>Nach der Auftragsbest\u00e4tigung betr\u00e4gt der Zeitraum f\u00fcr die Herstellung bestimmter Modelle von YaKa ca. 4 bis 6 Wochen. Die Firma YaKa schickt dem Benutzer eine Informations-E-Mail, wenn er sein YaKa anlegt. Keine dieser E-Mails stellt eine Annahme der Bestellung dar. Ein Kaufvertrag zwischen den Parteien kommt erst dann zustande, wenn die Firma YaKa per E-Mail best\u00e4tigt, dass die bestellten Produkte an den Nutzer versandt wurden, wobei nur die in der Versandbest\u00e4tigungs-E-Mail aufgef\u00fchrten Produkte Gegenstand des Vertrages sind.<\/p>\n<p>YaKa Company beh\u00e4lt sich das Recht vor, jede Bestellung eines Benutzers zu stornieren oder abzulehnen, mit dem es einen Streit \u00fcber die Bezahlung einer fr\u00fcheren Bestellung gibt oder der ihrer Meinung nach ein Risiko jeglicher Art darstellt.<\/p>\n<p>Die Firma YaKa verpflichtet sich, die auf ihrer Seite eingegangenen Bestellungen nur im Rahmen der verf\u00fcgbaren Best\u00e4nde zu erf\u00fcllen. Sollten einzelne oder mehrere der bestellten Artikel nicht verf\u00fcgbar sein, verpflichtet sich das Unternehmen, den Nutzer hier\u00fcber schnellstm\u00f6glich zu informieren und ggf. sp\u00e4testens innerhalb von 45 Tagen nach Zahlung der \u00fcberwiesenen Betr\u00e4ge zu erstatten. Die Bestellung des Benutzers wird dann automatisch storniert. Wurde dem Benutzer eine E-Mail mit den Produktionszeiten zugesandt, um ihn \u00fcber die ungef\u00e4hren Lieferfristen zu informieren, und wurde keine Bestellungsstornierung an contact@yakacompany.com gerichtet, wird die Bestellung und Lieferung ausgef\u00fchrt, sobald die YaKa produziert wird.<\/p>\n<h2>KLAUSEL 3 &#8211; PREIS<\/h2>\n<p>Alle auf der Seite www.yakacompany.com genannten Preise sind in Euro angegeben, inklusive aller Steuern, ohne Versandkostenanteil.<\/p>\n<p>Die G\u00fcltigkeitsdauer der Preise der auf der Website www.yakacompany.com angebotenen Artikel betr\u00e4gt 24 Stunden, gerechnet ab ihrer Ver\u00f6ffentlichung auf der genannten Website. Die Artikel werden auf der Grundlage der zum Zeitpunkt der Auftragserfassung g\u00fcltigen Tarife berechnet.<\/p>\n<p>Der Preis ist nur in voller H\u00f6he, in einer einzigen Zahlung, zu entrichten.<\/p>\n<p>Die Artikel bleiben Eigentum der Firma YaKa, bis die Firma den vollen Preis kassiert hat.<\/p>\n<p>Die YaKa Company tut ihr M\u00f6glichstes, um sicherzustellen, dass alle Details, Beschreibungen und Preise, die auf ihrer Website erscheinen, korrekt sind, aber es k\u00f6nnen Fehler auftreten. Wenn ein Fehler in den Preisen der Waren, die der Nutzer bestellt hat, festgestellt wird, wird einer der Mitarbeiter der Firma YaKa den Nutzer so schnell wie m\u00f6glich per E-Mail dar\u00fcber informieren und ihm die M\u00f6glichkeit geben, die Bestellung zum tats\u00e4chlichen Preis zu best\u00e4tigen oder zu stornieren.<\/p>\n<p>Die Zahlung ist vom Nutzer sofort nach Abgabe der Bestellung f\u00e4llig. Der Benutzer f\u00e4hrt dann mit der Bezahlung seiner Bestellung \u00fcber das Ingenico Payment Services System oder PayPal fort. Die Bestellung wird nach Erhalt der Genehmigung von Ingenico Payment Services oder PayPal unter Einhaltung des in Ziffer 4 beschriebenen Verfahrens bearbeitet.<\/p>\n<p>Eine elektronische Rechnung kann von der Website geliefert werden. In diesem Fall ist der Nutzer verpflichtet, die E-Mail-Adresse anzugeben, an die die Rechnung gesendet werden soll.<\/p>\n<h3>Bedingungen f\u00fcr die Zahlung der Mehrwertsteuer:<\/h3>\n<p>Sofern nicht anders angegeben, enthalten die auf der Website angegebenen Preise die belgische Mehrwertsteuer.<\/p>\n<p><strong>&#8211; Versand innerhalb Belgiens:<\/strong><\/p>\n<p>Privatpersonen und Unternehmen: Der Verkauf umfasst die Mehrwertsteuer zum belgischen Satz von 21 %.<\/p>\n<p><strong>&#8211; Versand in ein anderes Land der Europ\u00e4ischen Gemeinschaft:<\/strong><\/p>\n<p>Privatpersonen: Der Verkauf beinhaltet die belgische Mehrwertsteuer in H\u00f6he von 21 %.<\/p>\n<p>Unternehmen: Der Verkauf erfolgt ohne Mehrwertsteuer (vorausgesetzt, es wird eine innergemeinschaftliche Mehrwertsteuernummer angegeben).<\/p>\n<h2>KLAUSEL 4 &#8211; ZAHLUNGSARTEN<\/h2>\n<p>Die Website hat sich daf\u00fcr entschieden, Zahlungen per Kreditkarte \u00fcber das sichere Zahlungssystem Ingenico Payment Services zu empfangen, das alle Informationen bez\u00fcglich der Verwendung der Karte w\u00e4hrend des Online-Zahlungsvorgangs \u00fcber die Website verschl\u00fcsselt.<\/p>\n<p>Die folgenden Karten werden akzeptiert: Visa, MasterCard oder American Express. Auf der Online-Zahlungsseite wird der Benutzer aufgefordert, die Kartennummer, das G\u00fcltigkeitsdatum und den Sicherheitscode (dreistellige Zahl auf der R\u00fcckseite der Karte) einzugeben.<\/p>\n<p>Die Website kann nicht f\u00fcr die Folgen einer (betr\u00fcgerischen oder anderen) Verwendung der Kreditkarte haftbar gemacht werden, die von Dritten, auch \u00fcber abgefangene Nachrichten, vorgenommen werden k\u00f6nnte.<\/p>\n<p>Sobald die Bestellung abgeschlossen ist, wird der Benutzer zur gesicherten Website von Ingenico Payment Services weitergeleitet, um den gesamten Zahlungsvorgang durchzuf\u00fchren. Dieser Mechanismus garantiert die Vertraulichkeit der Zahlungsdaten (insbesondere der Kreditkartennummern), da die Website niemals die Kreditkartennummer des Benutzers erf\u00e4hrt, die das Finanzinstitut in verschl\u00fcsselter Form erh\u00e4lt. Die Website erh\u00e4lt ein von Verisign ausgestelltes Zertifikat, das die reale Existenz von Ingenico Payment Services und die Verwendung eines SSL-Zertifikats f\u00fcr die Verschl\u00fcsselung vertraulicher Daten best\u00e4tigt.&nbsp;<\/p>\n<p>Sobald die Zahlung akzeptiert und best\u00e4tigt wurde, f\u00e4hrt Ingenico Payment Services mit der \u00dcberpr\u00fcfung und Ausf\u00fchrung der Zahlung fort.&nbsp;<\/p>\n<h2>KLAUSEL 5 &#8211; EIGENTUMSRISIKEN<\/h2>\n<p>Der Eigentums\u00fcbergang des Produkts erfolgt erst nach vollst\u00e4ndiger Bezahlung des Produktpreises, unabh\u00e4ngig vom Zeitpunkt der Lieferung.<\/p>\n<p>Der Gefahren\u00fcbergang findet in dem Moment statt, in dem das Produkt an den Benutzer geliefert wird, wenn dieser eine Privatperson ist (Verbraucher im Sinne des belgischen Gesetzes vom 6. April 2010 \u00fcber Marktpraktiken und Verbraucherschutz).<\/p>\n<p>Handelt es sich um einen Verkauf an einen Unternehmer, geht die Gefahr des Untergangs auf die Person \u00fcber, sobald das Paket an den Transporteur \u00fcbergeben wird.<\/p>\n<p>Das auf dem Lieferschein angegebene Datum ist ein g\u00fcltiger Nachweis f\u00fcr das Datum der Lieferung.&nbsp;<\/p>\n<h2>KLAUSEL 6 &#8211; VERSAND UND LIEFERUNG<\/h2>\n<h2>KLAUSEL 7 &#8211; R\u00dcCKSENDUNGEN<\/h2>\n<p>Gem\u00e4\u00df dem belgischen Gesetz \u00fcber Marktpraktiken und Verbraucherschutz vom 6. April 2010 hat der Verbraucher in Bezug auf die auf der Website www.yakacompany.com verkauften Waren kein Recht, vom Kauf zur\u00fcckzutreten (Widerrufsrecht), ein R\u00fcckgaberecht oder ein Recht auf Umtausch der Produkte.<\/p>\n<p>Sobald die Bestellung auf der Website best\u00e4tigt wird, erkennt der Benutzer an, dass seine Annahme in voller Ber\u00fccksichtigung der Beschreibung der YaKa, des Verkaufsgegenstandes, erfolgt und dass sie eine feste und unwiderrufliche Verpflichtung darstellt. Der Verkauf gilt dann als abgeschlossen, und der Preis ist sofort f\u00e4llig. Ab diesem Zeitpunkt hat der Benutzer kein Recht mehr auf Berichtigung, Umtausch oder R\u00fcckgabe.<\/p>\n<p>Das YaKa hat eine Garantie von 2 Jahren. Sollte w\u00e4hrend dieses Zeitraums irgendetwas mit dem YaKa passieren, brauchen Sie uns nur eine E-Mail an folgende Adresse zu schicken: contact@yakacompany.com. Wir werden Ihnen gerne antworten und das Notwendige f\u00fcr einen Austausch tun, wobei wir ber\u00fccksichtigen, dass das YaKa im Rahmen seiner urspr\u00fcnglichen und vorgesehenen Funktion verwendet wurde. Die YaKa muss auf Ihre Kosten an die unten angegebene Adresse zur\u00fcckgeschickt werden und wird Ihnen innerhalb einer Frist von 2 bis 4 Wochen, gerechnet ab Empfangsdatum, kostenlos zur\u00fcckgesandt.<\/p>\n<p>YaKa Unternehmen<br \/>\nZu H\u00e4nden von Alexandra Lousse<br \/>\nRue Achille Fi\u00e9vez ,16<br \/>\n1474 Wege<br \/>\nBelgien<\/p>\n<p>Sollte das YaKa nicht mehr unter Garantie stehen, k\u00f6nnen Sie uns nat\u00fcrlich per E-Mail unter folgender Adresse kontaktieren: contact@yakacompany.com<\/p>\n<h2>KLAUSEL 8 &#8211; HAFTUNG<\/h2>\n<p>Die Firma YaKa kann unter keinen Umst\u00e4nden f\u00fcr die Verz\u00f6gerung oder Nichtausf\u00fchrung des Auftrags haftbar gemacht werden, wenn diese auf eine technische Ursache oder eine andere Ursache au\u00dferhalb ihres Einflussbereichs zur\u00fcckzuf\u00fchren sind. In diesem Fall ist der Standort berechtigt, den Transport und die Lieferung zu verz\u00f6gern oder die Bestellung zu stornieren.&nbsp;<\/p>\n<p>Das Unternehmen kann unter keinen Umst\u00e4nden f\u00fcr alle Unannehmlichkeiten oder Sch\u00e4den, die mit der Nutzung des Internets verbunden sind, haftbar gemacht werden, insbesondere nicht f\u00fcr eine Unterbrechung des Dienstes, externe Eingriffe oder das Vorhandensein von Computerviren oder andere als h\u00f6here Gewalt qualifizierte Umst\u00e4nde.&nbsp;<\/p>\n<p>Die auf der Internetseite www.yakacompany.com abrufbaren Inhalte werden ohne Gew\u00e4hr f\u00fcr die Richtigkeit dargestellt. YaKa Company kann nicht f\u00fcr daraus resultierende Sch\u00e4den haftbar gemacht werden; dies schlie\u00dft direkte und indirekte Sch\u00e4den oder den Verlust der Freude an der Nutzung der Website ein.&nbsp;<\/p>\n<p>Die Firma YaKa beh\u00e4lt sich das Recht vor, jederzeit \u00c4nderungen an ihrer Website und deren Inhalt vorzunehmen, einschlie\u00dflich der Tarife, Beschreibungen und Best\u00e4nde, ohne die Benutzer zu benachrichtigen, unabh\u00e4ngig davon, ob sie registriert sind oder nicht. Fotos und Illustrationen, die die Produkte auf der Internetseite www.yakacompany.com begleiten, haben keinen vertraglichen Wert und k\u00f6nnen unter keinen Umst\u00e4nden die Haftung der Firma YaKa in Anspruch nehmen.<\/p>\n<p>YaKa Company beh\u00e4lt sich das Recht vor, bestimmte Dienste oder Elemente der Website ohne vorherige Ank\u00fcndigung zur\u00fcckzuziehen oder zu \u00e4ndern. Das Unternehmen beh\u00e4lt sich au\u00dferdem das Recht vor, jederzeit und aus beliebigen Gr\u00fcnden den Zugang zur Website ganz oder teilweise zu \u00e4ndern oder zu unterbrechen, ohne den Benutzer dar\u00fcber zu informieren. Das Unternehmen kann in keiner Weise f\u00fcr direkte oder indirekte Sch\u00e4den haftbar gemacht werden, die mit einer \u00c4nderung, Aussetzung oder Unterbrechung des Zugriffs auf die Website verbunden sind. Dar\u00fcber hinaus kann YaKa Company den Zugang zu bestimmten Teilen oder der Gesamtheit ihrer Internetseite www.yakacompany.com beschr\u00e4nken.&nbsp;<\/p>\n<p>Die Internetseite www.yakacompany.com kann Hypertext-Links enthalten, die den Benutzer zu anderen Seiten f\u00fchren. Das Unternehmen haftet in keinem Fall f\u00fcr den Inhalt dieser Websites, falls diese gegen geltende Rechts- und Verwaltungsvorschriften versto\u00dfen, oder f\u00fcr die Folgen ihrer Nutzung durch den Benutzer.<\/p>\n<p>YaKa Company haftet nicht f\u00fcr den Betrug oder die Fahrl\u00e4ssigkeit seiner Mitarbeiter, Subunternehmer und ausf\u00fchrenden Stellen.&nbsp;<\/p>\n<h2>KLAUSEL 9 &#8211; GEISTIGES EIGENTUM<\/h2>\n<p>Alle Modelle, Texte, Kommentare, Werke, Illustrationen und Bilder, die auf der Internetseite www.yakacompany.com wiedergegeben werden, sind ihr ausschlie\u00dfliches Eigentum und sind weltweit durch das Recht des geistigen und\/oder gewerblichen Eigentums gesch\u00fctzt.&nbsp;<\/p>\n<p>Die Nutzer d\u00fcrfen die bereitgestellten Inhalte nur f\u00fcr den pers\u00f6nlichen Gebrauch speichern, drucken und anzeigen. Die Benutzer sind nicht berechtigt, den Inhalt dieser Website ganz oder teilweise zu ver\u00f6ffentlichen, zu bearbeiten, zu verbreiten oder zu vervielf\u00e4ltigen, egal in welchem Format. Sie d\u00fcrfen unter keinen Umst\u00e4nden die von der YaKa Company gelieferte Software oder die begleitende Dokumentation \u00e4ndern, \u00fcbersetzen, zerlegen, dekompilieren, disassemblieren oder abgeleitete Werke daraus erstellen.&nbsp;<\/p>\n<p>Die Marke &#8220;YaKa&#8221; ist ein eingetragenes Warenzeichen und geh\u00f6rt ausschlie\u00dflich der YaKa Company SPRL.&nbsp;<\/p>\n<p>Dem Benutzer wird keine Genehmigung erteilt, diese Marke in irgendeiner Weise zu verwenden. Der Benutzer akzeptiert, dass er diese Marken oder \u00e4hnliche Marken nicht ohne vorherige schriftliche Zustimmung des Unternehmens verwenden wird.&nbsp;<\/p>\n<p>Alle Hypertext-Links zu dieser Website oder die Verwendung der Technik des Framing oder In-Line-Linking sind ohne vorherige schriftliche Zustimmung der YaKa Company ausdr\u00fccklich untersagt.&nbsp;<\/p>\n<h2>KLAUSEL 10 &#8211; VERTRAULICHKEITSPOLITIK<\/h2>\n<p>In \u00dcbereinstimmung mit dem belgischen Gesetz vom 8. Dezember 1992 \u00fcber den Schutz des Privatlebens im Hinblick auf den Umgang mit pers\u00f6nlichen Daten verpflichtet sich die Firma YaKa, die Privatsph\u00e4re ihrer Benutzer zu sch\u00fctzen.&nbsp;<\/p>\n<h3>Sammeln und Verwenden von Informationen<\/h3>\n<p>Die Internetseite www.yakacompany.com beh\u00e4lt sich das Recht vor, Daten \u00fcber den Benutzer zu sammeln, insbesondere wenn dieser eine Bestellung auf der Seite aufgibt. Alle erhobenen personenbezogenen Daten sind ausschlie\u00dflich f\u00fcr den internen Gebrauch der Firma YaKa bestimmt.&nbsp;<\/p>\n<p>Die Informationen und Daten \u00fcber den Benutzer, die von der Internetseite www.yakacompany.com angefordert werden, sind f\u00fcr die Registrierung und \u00dcberwachung ihrer Bestellung sowie f\u00fcr die korrekte kommerzielle Verwaltung der Firma YaKa notwendig. Sie erm\u00f6glichen es dem Unternehmen au\u00dferdem, seinen Nutzern ma\u00dfgeschneiderte Dienste anzubieten und die Relevanz der ihnen angebotenen Informationen zu verbessern. Mit der Nutzung dieser Seite erkl\u00e4rt sich der Nutzer mit der im Folgenden beschriebenen Verarbeitung seiner pers\u00f6nlichen Daten einverstanden und garantiert, dass alle von ihm gemachten Angaben korrekt sind. Die auf der Website gesammelten Daten sind folgende: Name, Vorname, Geburtsdatum, E-Mail-Adresse, Adresse, Land, Telefonnummer, Kreditkartennummer und Ablaufdatum. Der Benutzer wird darauf hingewiesen, dass diese Informationen automatisch verarbeitet werden.&nbsp;<\/p>\n<h3>Newsletters:<\/h3>\n<p>Wenn der Benutzer die Internetseite www.yakacompany.com besucht oder ihr E-Mails schickt, erkl\u00e4rt er sich damit einverstanden, elektronische Mitteilungen der Firma YaKa, wie z.B. Newsletter, zu erhalten und somit regelm\u00e4\u00dfig \u00fcber die Angebote der Seite informiert zu werden.&nbsp;<\/p>\n<p>Sie k\u00f6nnen sich von diesem Newsletter abmelden, indem sie auf den Link am Ende jedes Newsletters oder auf der Internetseite www.yakacompany.com klicken.&nbsp;<\/p>\n<h3>Cookies:<\/h3>\n<p>Die Firma YaKa beh\u00e4lt sich das Recht vor, Daten \u00fcber den Benutzer zu sammeln, insbesondere durch die Verwendung von Cookies (eine kleine Datei, die von einem Internetserver gesendet wird und sich auf der Festplatte des Computers speichert).&nbsp;<\/p>\n<p>Diese Cookies werden verwendet, um anonym Informationen \u00fcber die besuchten Seiten und Elemente der Website zu sammeln. Diese Daten k\u00f6nnen nicht mit Informationen gekoppelt werden, die eine pers\u00f6nliche Identifizierung des Benutzers erm\u00f6glichen, sondern werden zusammengefasst, um das Unternehmen \u00fcber die Art und Weise der Nutzung der Website durch die \u00d6ffentlichkeit zu informieren. Informationen \u00fcber die Artikel, die der Benutzer in seinen Warenkorb legt, werden gespeichert, um sicherzustellen, dass diese Auswahl nicht von einem Besuch zum n\u00e4chsten verloren geht, aber die Identit\u00e4t des Benutzers bleibt der Firma YaKa unbekannt, es sei denn, er gibt eine Bestellung auf.&nbsp;<\/p>\n<p>Der Nutzer kann die Verwendung von Cookies jederzeit durch entsprechende Einstellungen in seinem Browser deaktivieren. Der Benutzer wird jedoch darauf hingewiesen, dass dies den Zugang zu bestimmten Funktionalit\u00e4ten der Website beeintr\u00e4chtigen kann.&nbsp;<\/p>\n<p>Wenn der Benutzer auf der Website surft, k\u00f6nnen Cookies von Partnerunternehmen auf dem Computer des Benutzers platziert werden. Der Zweck dieser Cookies ist es, die auf der Internetseite www.yakacompany.com konsultierten oder gekauften Elemente zu identifizieren und Browsing-Daten zu sammeln, um das an den Benutzer gerichtete Werbeangebot au\u00dferhalb der Seite anzupassen.&nbsp;<\/p>\n<p>Im Rahmen dieser gesponserten Werbung kann die Firma YaKa Daten \u00fcber die vom Nutzer konsultierten Artikel und die Art seiner Eink\u00e4ufe an ihre Partner \u00fcbermitteln.&nbsp;<\/p>\n<h3>Recht auf Auskunft und Berichtigung:<\/h3>\n<p>In \u00dcbereinstimmung mit dem Gesetz vom 8. Dezember 1992 \u00fcber den Schutz des Privatlebens in Bezug auf die Verarbeitung personenbezogener Daten hat der Benutzer jederzeit das Recht auf Zugang, Berichtigung, \u00c4nderung und L\u00f6schung der Daten, indem er eine E-Mail an contact@yakacompany.com schickt.&nbsp;<\/p>\n<p>Die Firma YaKa beh\u00e4lt sich das Recht vor, jederzeit und aus beliebigen Gr\u00fcnden \u00c4nderungen an ihrer Vertraulichkeitspolitik vorzunehmen.&nbsp;<\/p>\n<h2>KLAUSEL 11 &#8211; UNG\u00dcLTIGKEIT&nbsp;<\/h2>\n<p>Sollte ein Teil dieser Allgemeinen Verkaufsbedingungen unwirksam sein, so ber\u00fchrt dies die \u00fcbrigen Klauseln in keiner Weise; sie bleiben in Kraft.&nbsp;<\/p>\n<p>Fehlt eine Bedingung, gilt das Verfahren f\u00fcr Fernabsatzunternehmen, die ihren Sitz in Belgien haben.&nbsp;<\/p>\n<h2>KLAUSEL 12 &#8211; DAUER<\/h2>\n<p>Die vorliegenden Bedingungen gelten f\u00fcr die gesamte Dauer des Online-Auftritts der von der Firma YaKa angebotenen Dienste.&nbsp;<\/p>\n<h2>KLAUSEL 13 &#8211; BEWEISE<\/h2>\n<p>Die Computerregister, die in den Computersystemen der Firma YaKa und ihrer Partner unter angemessenen Sicherheitsbedingungen gef\u00fchrt werden, gelten als Beweis f\u00fcr die zwischen den Parteien stattfindenden Kommunikationen, Bestellungen und Zahlungen.&nbsp;<\/p>\n<h2>KLAUSEL 14 &#8211; ANWENDBARES RECHT UND ZUST\u00c4NDIGKEIT<\/h2>\n<p>Die vorliegenden Bedingungen unterliegen dem belgischen Recht. Im Falle von Streitigkeiten gilt belgisches Recht und die Bezirksgerichte von Nivelles sind ausschlie\u00dflich zust\u00e4ndig.<\/p>\n<h3>Kontakt<\/h3>\n<p>YaKa Unternehmen<br \/>\nRue Achille Fi\u00e9vez,16<br \/>\n1474 WEGE<br \/>\nBELGIEN<\/p>\n<p>E-Mail: contact@yakacompany.com<\/p>\n","protected":false},"excerpt":{"rendered":"<p>ALLGEMEINE GESCH\u00c4FTSBEDINGUNGEN&nbsp; KLAUSEL 1 &#8211; ZWECK&nbsp; Das vorliegende Dokument (Allgemeine Verkaufsbedingungen) definiert die Bedingungen, die f\u00fcr die Verk\u00e4ufe gelten, die zwischen einerseits jeder Person, die auf der Website www.yakacompany.com surft, im Folgenden Benutzer genannt, und andererseits der Gesellschaft SPRL YaKa, eingetragen in der BCE unter der Nummer 0670820821, mit Sitz in der Rue Achille Fi\u00e9vez, [&hellip;]<\/p>\n","protected":false},"author":151,"featured_media":0,"parent":0,"menu_order":80,"comment_status":"open","ping_status":"closed","template":"","meta":{"_acf_changed":false,"_et_pb_use_builder":"","_et_pb_old_content":"","_et_gb_content_width":"","footnotes":""},"class_list":["post-3276","page","type-page","status-publish","hentry"],"acf":[],"_links":{"self":[{"href":"https:\/\/yakacompany.com\/de\/wp-json\/wp\/v2\/pages\/3276","targetHints":{"allow":["GET"]}}],"collection":[{"href":"https:\/\/yakacompany.com\/de\/wp-json\/wp\/v2\/pages"}],"about":[{"href":"https:\/\/yakacompany.com\/de\/wp-json\/wp\/v2\/types\/page"}],"author":[{"embeddable":true,"href":"https:\/\/yakacompany.com\/de\/wp-json\/wp\/v2\/users\/151"}],"replies":[{"embeddable":true,"href":"https:\/\/yakacompany.com\/de\/wp-json\/wp\/v2\/comments?post=3276"}],"version-history":[{"count":0,"href":"https:\/\/yakacompany.com\/de\/wp-json\/wp\/v2\/pages\/3276\/revisions"}],"wp:attachment":[{"href":"https:\/\/yakacompany.com\/de\/wp-json\/wp\/v2\/media?parent=3276"}],"curies":[{"name":"wp","href":"https:\/\/api.w.org\/{rel}","templated":true}]}}