{"id":32762,"date":"2022-06-20T16:47:23","date_gmt":"2022-06-20T14:47:23","guid":{"rendered":"https:\/\/yakacompany.com\/yaka-kollektion-2\/"},"modified":"2022-06-28T19:51:15","modified_gmt":"2022-06-28T17:51:15","slug":"yaka-kollektion-2","status":"publish","type":"page","link":"https:\/\/yakacompany.com\/de\/yaka-kollektion-2\/","title":{"rendered":"YaKa-Kollektion"},"content":{"rendered":"<p>[et_pb_section fb_built=&#8221;1&#8243; _builder_version=&#8221;4.17.4&#8243; _module_preset=&#8221;default&#8221; custom_margin=&#8221;36px||||false|false&#8221; custom_padding=&#8221;||||false|false&#8221; global_colors_info=&#8221;{}&#8221;][et_pb_row column_structure=&#8221;2_5,3_5&#8243; make_equal=&#8221;on&#8221; _builder_version=&#8221;4.16&#8243; _module_preset=&#8221;default&#8221; custom_margin=&#8221;26px|auto||auto||&#8221; global_colors_info=&#8221;{}&#8221;][et_pb_column type=&#8221;2_5&#8243; module_class=&#8221;centrer-verticalement&#8221; _builder_version=&#8221;4.16&#8243; _module_preset=&#8221;default&#8221; global_colors_info=&#8221;{}&#8221;][et_pb_image src=&#8221;https:\/\/yakacompany.com\/wp-content\/uploads\/2022\/06\/yaka-noir-1.png&#8221; title_text=&#8221;yaka-schwarz-1&#8243; url=&#8221;https:\/\/yakacompany.com\/de\/kategorie-produkt\/ordner-dokumentenhalter-de\/klassisch\/#&#8221; _builder_version=&#8221;4.17.4&#8243; _module_preset=&#8221;default&#8221; custom_margin=&#8221;0px|0px|0px|0px|false|false&#8221; custom_padding=&#8221;23px|0px|0px|0px|false|false&#8221; global_colors_info=&#8221;{}&#8221;][\/et_pb_image][\/et_pb_column][et_pb_column type=&#8221;3_5&#8243; module_class=&#8221;centrer-verticalement&#8221; _builder_version=&#8221;4.16&#8243; _module_preset=&#8221;default&#8221; global_colors_info=&#8221;{}&#8221;][et_pb_text _builder_version=&#8221;4.16&#8243; _module_preset=&#8221;default&#8221; text_font_size=&#8221;53px&#8221; custom_margin=&#8221;-16px||18px||false|false&#8221; global_colors_info=&#8221;{}&#8221;]<\/p>\n<h1>Yaka classic<\/h1>\n<p>[\/et_pb_text][et_pb_text _builder_version=&#8221;4.16&#8243; _module_preset=&#8221;default&#8221; global_colors_info=&#8221;{}&#8221;]<\/p>\n<p justify=\"\"><strong>Der universelle Ordner-\/Dokumentenhalter.<\/strong><br \/><span>Es passt in alle handels\u00fcblichen Ordner und Dokumententaschen (A4-Format von 40 bis 80 mm).<\/span><br \/><span>Der Ordnerhalter wird an Ihrem Ordner befestigt und bleibt an Ort und Stelle, w\u00e4hrend Sie ihn benutzen.<\/span><br \/><span>Der Ordnerhalter besteht aus einem Hauptteil und einem 120 cm langen Trageriemen, der in drei L\u00e4ngen angepasst werden kann: 96 cm, 104 cm oder 112 cm.<\/span><br \/><span>Leicht zu tragen dank des Griffs oder mit dem Schultergurt.<\/span><br \/><span>Der Ordnerhalter wird aus biokompatiblem PVC hergestellt.<\/span><\/p>\n<p>[\/et_pb_text][et_pb_button button_url=&#8221;https:\/\/yakacompany.com\/de\/kategorie-produkt\/ordner-dokumentenhalter-de\/klassisch\/#&#8221; button_text=&#8221;Siehe die Sammlung&#8221; _builder_version=&#8221;4.17.4&#8243; _module_preset=&#8221;default&#8221; custom_button=&#8221;on&#8221; button_use_icon=&#8221;off&#8221; global_colors_info=&#8221;{}&#8221;][\/et_pb_button][\/et_pb_column][\/et_pb_row][et_pb_row column_structure=&#8221;2_5,3_5&#8243; make_equal=&#8221;on&#8221; _builder_version=&#8221;4.16&#8243; _module_preset=&#8221;default&#8221; custom_margin=&#8221;0px||||false|false&#8221; custom_padding=&#8221;0px||||false|false&#8221; global_colors_info=&#8221;{}&#8221;][et_pb_column type=&#8221;2_5&#8243; module_class=&#8221;centrer-verticalement&#8221; _builder_version=&#8221;4.16&#8243; _module_preset=&#8221;default&#8221; global_colors_info=&#8221;{}&#8221;][et_pb_image src=&#8221;https:\/\/yakacompany.com\/wp-content\/uploads\/2021\/11\/Chanel_0001__JDJ6673.jpg&#8221; alt=&#8221;Chanel&#8221; title_text=&#8221;Chanel_0001__JDJ6673&#8243; url=&#8221;https:\/\/yakacompany.com\/de\/kategorie-produkt\/ordner-dokumentenhalter-de\/yaka-custom-art-de\/&#8221; _builder_version=&#8221;4.17.4&#8243; _module_preset=&#8221;default&#8221; global_colors_info=&#8221;{}&#8221;][\/et_pb_image][\/et_pb_column][et_pb_column type=&#8221;3_5&#8243; module_class=&#8221;centrer-verticalement&#8221; _builder_version=&#8221;4.16&#8243; _module_preset=&#8221;default&#8221; global_colors_info=&#8221;{}&#8221;][et_pb_text _builder_version=&#8221;4.16&#8243; _module_preset=&#8221;default&#8221; text_font_size=&#8221;53px&#8221; custom_margin=&#8221;||18px||false|false&#8221; global_colors_info=&#8221;{}&#8221;]<\/p>\n<h1><span>Yaka Art collab<\/span><\/h1>\n<p>[\/et_pb_text][et_pb_text _builder_version=&#8221;4.16&#8243; _module_preset=&#8221;default&#8221; global_colors_info=&#8221;{}&#8221;]<\/p>\n<p>Der personalisierte YaKa<span> <\/span><strong>&#8220;Art Collab&#8221;<\/strong><span> <\/span>schlie\u00dft sich der Reihe unserer hochwertigen Accessoires an.<br \/>Wir arbeiten zusammen mit<span> <\/span><strong>Onstage83<\/strong><span> <\/span>und ihr K\u00fcnstler<span> <\/span><strong>Bossy Custom<\/strong> in Saint-Tropez. Jedes YaKa ist personalisiert und handbemalt.<br \/>Jedes St\u00fcck ist einzigartig, signiert und nummeriert. Jedes gemalte YaKa ist das Ergebnis einer k\u00fcnstlerischen und authentischen Arbeit.<\/p>\n<p>[\/et_pb_text][et_pb_button button_url=&#8221;https:\/\/yakacompany.com\/de\/kategorie-produkt\/ordner-dokumentenhalter-de\/yaka-custom-art-de\/&#8221; button_text=&#8221;Siehe die Sammlung&#8221; _builder_version=&#8221;4.17.4&#8243; _module_preset=&#8221;default&#8221; custom_button=&#8221;on&#8221; button_use_icon=&#8221;off&#8221; global_colors_info=&#8221;{}&#8221;][\/et_pb_button][\/et_pb_column][\/et_pb_row][et_pb_row column_structure=&#8221;2_5,3_5&#8243; make_equal=&#8221;on&#8221; _builder_version=&#8221;4.16&#8243; _module_preset=&#8221;default&#8221; custom_margin=&#8221;0px||||false|false&#8221; custom_padding=&#8221;0px||||false|false&#8221; global_colors_info=&#8221;{}&#8221;][et_pb_column type=&#8221;2_5&#8243; module_class=&#8221;centrer-verticalement&#8221; _builder_version=&#8221;4.16&#8243; _module_preset=&#8221;default&#8221; global_colors_info=&#8221;{}&#8221;][et_pb_image src=&#8221;https:\/\/yakacompany.com\/wp-content\/uploads\/2022\/02\/20.jpg&#8221; title_text=&#8221;20&#8243; url=&#8221;https:\/\/yakacompany.com\/de\/kategorie-produkt\/ordner-dokumentenhalter-de\/leder-de\/&#8221; _builder_version=&#8221;4.17.4&#8243; _module_preset=&#8221;default&#8221; global_colors_info=&#8221;{}&#8221;][\/et_pb_image][\/et_pb_column][et_pb_column type=&#8221;3_5&#8243; module_class=&#8221;centrer-verticalement&#8221; _builder_version=&#8221;4.16&#8243; _module_preset=&#8221;default&#8221; global_colors_info=&#8221;{}&#8221;][et_pb_text _builder_version=&#8221;4.16&#8243; _module_preset=&#8221;default&#8221; text_font_size=&#8221;53px&#8221; custom_margin=&#8221;||18px||false|false&#8221; global_colors_info=&#8221;{}&#8221;]<\/p>\n<h1><span>Yaka Leder<\/span><\/h1>\n<p>[\/et_pb_text][et_pb_text _builder_version=&#8221;4.16&#8243; _module_preset=&#8221;default&#8221; global_colors_info=&#8221;{}&#8221;]<\/p>\n<p justify=\"\"><span>Der YAKA A4-Ordnerhalter ist aus genarbtem Leder gefertigt. Von Hand gefertigt. Mit Pr\u00e4zision entworfen und perfekt verarbeitet. Verwendung eines au\u00dfergew\u00f6hnlichen Rindsleders, das den gr\u00f6\u00dften Lederwarenherstellern der Luxusklasse w\u00fcrdig ist. Diese Luxus-Dokumentenmappe ist gleicherma\u00dfen f\u00fcr dynamische M\u00e4nner und Frauen geeignet, f\u00fcr die Organisation ihre gr\u00f6\u00dfte St\u00e4rke ist.<\/span><\/p>\n<p>[\/et_pb_text][et_pb_button button_url=&#8221;https:\/\/yakacompany.com\/de\/kategorie-produkt\/ordner-dokumentenhalter-de\/leder-de\/&#8221; button_text=&#8221;Siehe die Sammlung&#8221; _builder_version=&#8221;4.17.4&#8243; _module_preset=&#8221;default&#8221; custom_button=&#8221;on&#8221; button_use_icon=&#8221;off&#8221; global_colors_info=&#8221;{}&#8221;][\/et_pb_button][\/et_pb_column][\/et_pb_row][et_pb_row column_structure=&#8221;2_5,3_5&#8243; make_equal=&#8221;on&#8221; _builder_version=&#8221;4.16&#8243; _module_preset=&#8221;default&#8221; custom_margin=&#8221;0px||||false|false&#8221; custom_padding=&#8221;0px||||false|false&#8221; global_colors_info=&#8221;{}&#8221;][et_pb_column type=&#8221;2_5&#8243; module_class=&#8221;centrer-verticalement&#8221; _builder_version=&#8221;4.16&#8243; _module_preset=&#8221;default&#8221; global_colors_info=&#8221;{}&#8221;][et_pb_image src=&#8221;https:\/\/yakacompany.com\/wp-content\/uploads\/2022\/06\/Housse-ordinateur-noir.png&#8221; title_text=&#8221;Computerh\u00fclle schwarz&#8221; url=&#8221;https:\/\/yakacompany.com\/de\/kategorie-produkt\/laptop-case-fr-de\/&#8221; _builder_version=&#8221;4.17.4&#8243; _module_preset=&#8221;default&#8221; global_colors_info=&#8221;{}&#8221;][\/et_pb_image][\/et_pb_column][et_pb_column type=&#8221;3_5&#8243; module_class=&#8221;centrer-verticalement&#8221; _builder_version=&#8221;4.16&#8243; _module_preset=&#8221;default&#8221; global_colors_info=&#8221;{}&#8221;][et_pb_text _builder_version=&#8221;4.17.4&#8243; _module_preset=&#8221;default&#8221; text_font_size=&#8221;53px&#8221; custom_margin=&#8221;||18px||false|false&#8221; global_colors_info=&#8221;{}&#8221;]<\/p>\n<h1><span>Tasche Computer<\/span><\/h1>\n<p>[\/et_pb_text][et_pb_text _builder_version=&#8221;4.16&#8243; _module_preset=&#8221;default&#8221; global_colors_info=&#8221;{}&#8221;]<\/p>\n<p justify=\"\"><strong>Das Nec plus ultra des digitalen Nomaden im Alltag!<\/strong><br \/><span>Aber das ist noch nicht alles! Der YAKA Laptopkoffer ist der intelligenteste Laptopkoffer, der je hergestellt wurde!<\/span><br \/><span>Sind Sie es leid, Ihre Wasserflasche, Ihre Trinkflasche, Ihren Regenschirm, Ihr Sandwich oder Ihre Zeitung in Ihrem Laptop-Case mit sich herumzutragen? : sperrig, schwer zug\u00e4nglich, Sch\u00e4den, Schmutz&#8230;<\/span><\/p>\n<p>[\/et_pb_text][et_pb_button button_url=&#8221;https:\/\/yakacompany.com\/de\/kategorie-produkt\/laptop-case-fr-de\/&#8221; button_text=&#8221;Siehe die Sammlung&#8221; _builder_version=&#8221;4.17.4&#8243; _module_preset=&#8221;default&#8221; custom_button=&#8221;on&#8221; button_use_icon=&#8221;off&#8221; global_colors_info=&#8221;{}&#8221;][\/et_pb_button][\/et_pb_column][\/et_pb_row][et_pb_row column_structure=&#8221;2_5,3_5&#8243; make_equal=&#8221;on&#8221; _builder_version=&#8221;4.16&#8243; _module_preset=&#8221;default&#8221; custom_margin=&#8221;0px||||false|false&#8221; custom_padding=&#8221;0px||||false|false&#8221; global_colors_info=&#8221;{}&#8221;][et_pb_column type=&#8221;2_5&#8243; module_class=&#8221;centrer-verticalement&#8221; _builder_version=&#8221;4.16&#8243; _module_preset=&#8221;default&#8221; global_colors_info=&#8221;{}&#8221;][et_pb_image src=&#8221;https:\/\/yakacompany.com\/wp-content\/uploads\/2022\/06\/Sans-titre-11.png&#8221; title_text=&#8221;Ohne Titel (11)&#8221; url=&#8221;https:\/\/yakacompany.com\/de\/kategorie-produkt\/pencil-case-fr-de\/&#8221; _builder_version=&#8221;4.17.4&#8243; _module_preset=&#8221;default&#8221; global_colors_info=&#8221;{}&#8221;][\/et_pb_image][\/et_pb_column][et_pb_column type=&#8221;3_5&#8243; module_class=&#8221;centrer-verticalement&#8221; _builder_version=&#8221;4.16&#8243; _module_preset=&#8221;default&#8221; global_colors_info=&#8221;{}&#8221;][et_pb_text _builder_version=&#8221;4.16&#8243; _module_preset=&#8221;default&#8221; text_font_size=&#8221;53px&#8221; custom_margin=&#8221;||18px||false|false&#8221; global_colors_info=&#8221;{}&#8221;]<\/p>\n<h1>Pencil Case<\/h1>\n<p>[\/et_pb_text][et_pb_text _builder_version=&#8221;4.16&#8243; _module_preset=&#8221;default&#8221; global_colors_info=&#8221;{}&#8221;]<\/p>\n<p><strong>3 in EINEM, das ist GENIAL!<\/strong><\/p>\n<p><strong>1.<\/strong> Transportiere deine Schulmaterialien mit der gro\u00dfvolumigen Federmappe, die du an den Ringen deines Ordners befestigen kannst. <strong>2.<\/strong> Befestige deine Tasche am YAKA Laptop Case, um dein Computerzubeh\u00f6r zu verstauen. <strong>3.<\/strong> Verwende sie unabh\u00e4ngig davon als clevere H\u00fclle.<\/p>\n<p>[\/et_pb_text][et_pb_button button_url=&#8221;https:\/\/yakacompany.com\/de\/kategorie-produkt\/pencil-case-fr-de\/&#8221; button_text=&#8221;Siehe die Sammlung&#8221; _builder_version=&#8221;4.17.4&#8243; _module_preset=&#8221;default&#8221; custom_button=&#8221;on&#8221; button_use_icon=&#8221;off&#8221; global_colors_info=&#8221;{}&#8221;][\/et_pb_button][\/et_pb_column][\/et_pb_row][et_pb_row column_structure=&#8221;2_5,3_5&#8243; make_equal=&#8221;on&#8221; _builder_version=&#8221;4.16&#8243; _module_preset=&#8221;default&#8221; custom_margin=&#8221;0px||||false|false&#8221; custom_padding=&#8221;0px||||false|false&#8221; global_colors_info=&#8221;{}&#8221;][et_pb_column type=&#8221;2_5&#8243; module_class=&#8221;centrer-verticalement&#8221; _builder_version=&#8221;4.16&#8243; _module_preset=&#8221;default&#8221; global_colors_info=&#8221;{}&#8221;][et_pb_image src=&#8221;https:\/\/yakacompany.com\/wp-content\/uploads\/2022\/05\/Sans-titre-20.png&#8221; title_text=&#8221;Ohne Titel (20)&#8221; url=&#8221;https:\/\/yakacompany.com\/de\/kategorie-produkt\/schultergurt\/&#8221; _builder_version=&#8221;4.17.4&#8243; _module_preset=&#8221;default&#8221; global_colors_info=&#8221;{}&#8221;][\/et_pb_image][\/et_pb_column][et_pb_column type=&#8221;3_5&#8243; module_class=&#8221;centrer-verticalement&#8221; _builder_version=&#8221;4.16&#8243; _module_preset=&#8221;default&#8221; global_colors_info=&#8221;{}&#8221;][et_pb_text _builder_version=&#8221;4.16&#8243; _module_preset=&#8221;default&#8221; text_font_size=&#8221;53px&#8221; custom_margin=&#8221;||18px||false|false&#8221; global_colors_info=&#8221;{}&#8221;]<\/p>\n<h1>Schulterriemen<\/h1>\n<p>[\/et_pb_text][et_pb_text _builder_version=&#8221;4.16&#8243; _module_preset=&#8221;default&#8221; global_colors_info=&#8221;{}&#8221;]<\/p>\n<p justify=\"\"><strong><em>Ein einzigartiges Accessoire!<\/em><\/strong><br \/><span>Dieser coole Mehrzweckgurt macht Ihr YAKA-Laptop-Case bunt.<\/span><br \/><span>Und da dieser Gurt universell einsetzbar ist, verwenden Sie ihn f\u00fcr Ihre Handtasche, Ihre Gitarre oder andere Gegenst\u00e4nde.<\/span><\/p>\n<p>[\/et_pb_text][et_pb_button button_url=&#8221;https:\/\/yakacompany.com\/de\/kategorie-produkt\/schultergurt\/&#8221; button_text=&#8221;Siehe die Sammlung&#8221; _builder_version=&#8221;4.17.4&#8243; _module_preset=&#8221;default&#8221; custom_button=&#8221;on&#8221; button_use_icon=&#8221;off&#8221; global_colors_info=&#8221;{}&#8221;][\/et_pb_button][\/et_pb_column][\/et_pb_row][\/et_pb_section]<\/p>\n","protected":false},"excerpt":{"rendered":"<p>Yaka classicDer universelle Ordner-\/Dokumentenhalter.Es passt in alle handels\u00fcblichen Ordner und Dokumententaschen (A4-Format von 40 bis 80 mm).Der Ordnerhalter wird an Ihrem Ordner befestigt und bleibt an Ort und Stelle, w\u00e4hrend Sie ihn benutzen.Der Ordnerhalter besteht aus einem Hauptteil und einem 120 cm langen Trageriemen, der in drei L\u00e4ngen angepasst werden kann: 96 cm, 104 cm [&hellip;]<\/p>\n","protected":false},"author":151,"featured_media":0,"parent":0,"menu_order":205,"comment_status":"closed","ping_status":"closed","template":"","meta":{"_acf_changed":false,"_et_pb_use_builder":"on","_et_pb_old_content":"","_et_gb_content_width":"","footnotes":""},"class_list":["post-32762","page","type-page","status-publish","hentry"],"acf":[],"_links":{"self":[{"href":"https:\/\/yakacompany.com\/de\/wp-json\/wp\/v2\/pages\/32762","targetHints":{"allow":["GET"]}}],"collection":[{"href":"https:\/\/yakacompany.com\/de\/wp-json\/wp\/v2\/pages"}],"about":[{"href":"https:\/\/yakacompany.com\/de\/wp-json\/wp\/v2\/types\/page"}],"author":[{"embeddable":true,"href":"https:\/\/yakacompany.com\/de\/wp-json\/wp\/v2\/users\/151"}],"replies":[{"embeddable":true,"href":"https:\/\/yakacompany.com\/de\/wp-json\/wp\/v2\/comments?post=32762"}],"version-history":[{"count":0,"href":"https:\/\/yakacompany.com\/de\/wp-json\/wp\/v2\/pages\/32762\/revisions"}],"wp:attachment":[{"href":"https:\/\/yakacompany.com\/de\/wp-json\/wp\/v2\/media?parent=32762"}],"curies":[{"name":"wp","href":"https:\/\/api.w.org\/{rel}","templated":true}]}}