{"id":3277,"date":"2021-03-22T19:30:10","date_gmt":"2021-03-22T18:30:10","guid":{"rendered":"https:\/\/yakacompany.com\/lieferung-und-rueckgabe\/"},"modified":"2021-10-26T17:09:44","modified_gmt":"2021-10-26T15:09:44","slug":"lieferung-und-rueckgabe","status":"publish","type":"page","link":"https:\/\/yakacompany.com\/de\/lieferung-und-rueckgabe\/","title":{"rendered":"Lieferung und R\u00fcckgabe"},"content":{"rendered":"<h1>Lieferung und R\u00fcckgabe&nbsp;<\/h1>\n<p>Die auf dieser Website vorgestellten YaKa-Halter sind in den angebotenen Standardfarben auf Lager und werden auf Anfrage f\u00fcr die anderen Farben (Nicht-Standardfarben und kundenspezifische YaKa) hergestellt.&nbsp;<\/p>\n<p>Die Lieferfrist betr\u00e4gt 10 Arbeitstage ab Bestelldatum. Die Bestellung wird von der Firma YaKa so schnell wie m\u00f6glich vorbereitet und versandt (vorbehaltlich der Zahlungsbest\u00e4tigung).&nbsp;<\/p>\n<p>Die Lieferungen erfolgen in alle Teile der Welt.&nbsp;<\/p>\n<p>Die Produkte werden an die vom Nutzer bei der Bestellung angegebene Adresse geliefert.&nbsp;<\/p>\n<p>Die Lieferung erfolgt durch die Dienste von UPS und Bpost.<\/p>\n<p>Die folgenden Versandkosten gelten und sind in \u20ac ausgedr\u00fcckt:<\/p>\n<p>Siehe Preistabelle nach Region und Land.&nbsp;<\/p>\n<p>Die Lieferung innerhalb Belgiens kostet 4,33 \u20ac.<\/p>\n<p>Die Produkte werden nur an den 5 Werktagen der Woche ausgeliefert, an Wochenenden und Feiertagen erfolgt keine Lieferung.<\/p>\n<p>Der Benutzer wird darauf hingewiesen, dass alle Bestellungen, die an einem Freitagnachmittag auf der Website registriert werden, erst am folgenden Montag bearbeitet werden.<\/p>\n<p>Die Lieferung erfolgt innerhalb von:&nbsp;<\/p>\n<ul>\n<li>1 bis 4 Arbeitstage in Belgien mit Bpost<\/li>\n<li>2 bis 10 Arbeitstage f\u00fcr den Rest der Welt mit UPS<\/li>\n<\/ul>\n<p>Diese Lieferzeiten sind nur als Richtwerte angegeben.<\/p>\n<p>YaKa Company lehnt jede Verantwortung f\u00fcr Versp\u00e4tungen, den Verlust von bestellten Produkten oder Streiks durch die Post oder Spediteure ab.&nbsp;<\/p>\n<p>In diesen F\u00e4llen muss der Nutzer direkt bei den Postdiensten oder den Bef\u00f6rderern vorstellig werden.&nbsp;<\/p>\n<p>Um ihren einwandfreien Zustand w\u00e4hrend des Transports zu gew\u00e4hrleisten, werden alle Produkte von der Firma YaKa in \u00dcbereinstimmung mit den geltenden Normen verpackt. Der Benutzer muss unbedingt die Verpackung und die Produkte bei der Lieferung \u00fcberpr\u00fcfen.&nbsp;&nbsp;<\/p>\n<p>Jegliche Probleme in Bezug auf die gelieferten Artikel (besch\u00e4digte Artikel, fehlende Artikel, zerbrochene Artikel, defekte Artikel usw.) m\u00fcssen der Firma YaKa innerhalb von 3 Tagen (einschlie\u00dflich gesetzlicher Feiertage) nach der Lieferung mitgeteilt werden (der Poststempel gilt als Nachweis f\u00fcr die Versendung).&nbsp;<\/p>\n<p>Alle Vorbehalte oder Reklamationen, die sich auf die Nichtkonformit\u00e4t des Produkts oder einen Produktfehler beziehen, m\u00fcssen per E-Mail an die folgende Adresse gerichtet werden: contact@yakacompany.com oder per Einschreiben an die folgende Adresse:&nbsp;<\/p>\n<p>YaKa Unternehmen SPRL<br \/>\nRue Achille Fi\u00e9vez,16<br \/>\n1474 Wege<br \/>\nBelgien<\/p>\n<p>DANKE, dass Sie sich f\u00fcr uns entschieden haben!<\/p>\n","protected":false},"excerpt":{"rendered":"<p>Lieferung und R\u00fcckgabe&nbsp; Die auf dieser Website vorgestellten YaKa-Halter sind in den angebotenen Standardfarben auf Lager und werden auf Anfrage f\u00fcr die anderen Farben (Nicht-Standardfarben und kundenspezifische YaKa) hergestellt.&nbsp; Die Lieferfrist betr\u00e4gt 10 Arbeitstage ab Bestelldatum. Die Bestellung wird von der Firma YaKa so schnell wie m\u00f6glich vorbereitet und versandt (vorbehaltlich der Zahlungsbest\u00e4tigung).&nbsp; Die Lieferungen [&hellip;]<\/p>\n","protected":false},"author":151,"featured_media":0,"parent":0,"menu_order":63,"comment_status":"open","ping_status":"open","template":"","meta":{"_acf_changed":false,"_et_pb_use_builder":"","_et_pb_old_content":"<h1>Lieferung und R\u00fcckgabe<\/h1>\nDie auf dieser Seite vorgestellten YaKa-Halter sind in den angebotenen Standardfarben auf Lager und werden in den anderen (Nicht-Standardfarben und kundenspezifische YaKa) auf Anfrage gefertigt.\n\nDie Lieferfrist betr\u00e4gt 10 Arbeitstage ab Bestelldatum. Die Bestellung wird von der Firma YaKa so schnell wie m\u00f6glich vorbereitet und versandt (vorbehaltlich der Zahlungsbest\u00e4tigung).\n\nDie Lieferungen erfolgen \u00fcberall auf der Welt.\n\nDie Produkte werden an die vom Benutzer bei der Bestellung angegebene Adresse geliefert.\n\nDie Lieferung erfolgt durch die Dienste von UPS und Bpost.\n\nDie folgenden Versandkosten gelten und sind in \u20ac ausgedr\u00fcckt:\n\nSiehe Preistabelle nach Region und Land.\n\nDie Lieferung innerhalb Belgiens kostet 4,33 \u20ac.\n\nDie Produkte werden nur an den 5 Werktagen der Woche ausgeliefert, an Wochenenden und Feiertagen erfolgt keine Lieferung.\n\nDer Benutzer wird darauf hingewiesen, dass alle Bestellungen, die an einem Freitagnachmittag auf der Website registriert werden, erst am folgenden Montag bearbeitet werden.\n\nDie Lieferung erfolgt innerhalb von:\n<ul>\n \t<li>1 bis 4 Arbeitstage in Belgien mit Bpost<\/li>\n \t<li>2 bis 10 Arbeitstage f\u00fcr den Rest der Welt mit UPS<\/li>\n<\/ul>\nDiese Lieferzeiten sind nur als Richtwerte angegeben.\n\nYaKa Company lehnt jede Verantwortung f\u00fcr Versp\u00e4tungen, den Verlust von bestellten Produkten oder Streiks durch die Post oder Spediteure ab.\n\nIn diesen F\u00e4llen muss der Benutzer direkte Ma\u00dfnahmen mit den Postdiensten oder Spediteuren ergreifen.\n\nUm ihren einwandfreien Zustand w\u00e4hrend des Transports zu gew\u00e4hrleisten, werden alle Produkte von der Firma YaKa in \u00dcbereinstimmung mit den geltenden Normen verpackt. Der Benutzer muss unbedingt die Verpackung und die Produkte zum Zeitpunkt der Lieferung \u00fcberpr\u00fcfen.\n\nJegliche Probleme in Bezug auf die gelieferten Artikel (besch\u00e4digte Artikel, fehlende Artikel, kaputte Artikel, defekte Artikel usw.) m\u00fcssen der Firma YaKa innerhalb von 3 Tagen (einschlie\u00dflich Feiertagen) nach der Lieferung mitgeteilt werden (der Poststempel gilt als Nachweis f\u00fcr die Versendung).\n\nAlle Vorbehalte oder Reklamationen, die sich auf die Nichtkonformit\u00e4t des Produkts oder einen Defekt des Produkts beziehen, m\u00fcssen per E-Mail an die folgende Adresse gerichtet werden: contact@yakacompany.com oder per Einschreiben an die folgende Adresse:\n\nYaKa Unternehmen SPRL\nRue Achille Fi\u00e9vez,16\n1474 Wege\nBelgien\n\nDANKE, dass Sie sich f\u00fcr uns entschieden haben!","_et_gb_content_width":"","footnotes":""},"class_list":["post-3277","page","type-page","status-publish","hentry"],"acf":[],"_links":{"self":[{"href":"https:\/\/yakacompany.com\/de\/wp-json\/wp\/v2\/pages\/3277","targetHints":{"allow":["GET"]}}],"collection":[{"href":"https:\/\/yakacompany.com\/de\/wp-json\/wp\/v2\/pages"}],"about":[{"href":"https:\/\/yakacompany.com\/de\/wp-json\/wp\/v2\/types\/page"}],"author":[{"embeddable":true,"href":"https:\/\/yakacompany.com\/de\/wp-json\/wp\/v2\/users\/151"}],"replies":[{"embeddable":true,"href":"https:\/\/yakacompany.com\/de\/wp-json\/wp\/v2\/comments?post=3277"}],"version-history":[{"count":0,"href":"https:\/\/yakacompany.com\/de\/wp-json\/wp\/v2\/pages\/3277\/revisions"}],"wp:attachment":[{"href":"https:\/\/yakacompany.com\/de\/wp-json\/wp\/v2\/media?parent=3277"}],"curies":[{"name":"wp","href":"https:\/\/api.w.org\/{rel}","templated":true}]}}