{"id":15776,"date":"2022-02-18T15:03:17","date_gmt":"2022-02-18T14:03:17","guid":{"rendered":"https:\/\/yakacompany.com\/produit\/yaka-leder-weiss\/"},"modified":"2023-09-19T00:25:00","modified_gmt":"2023-09-18T22:25:00","slug":"yaka-weises-leder","status":"publish","type":"product","link":"https:\/\/yakacompany.com\/de\/produkt\/yaka-weises-leder\/","title":{"rendered":"YaKa Leder Wei\u00df"},"content":{"rendered":"<p class=\"p1\"><b>Der universelle Ordner-\/Dokumentenhalter.<\/b>  Es passt in alle handels\u00fcblichen Ordner und Dokumententaschen (A4-Format von 40 bis 80 mm). Der Ordnerhalter wird an Ihrem Ordner befestigt und bleibt an Ort und Stelle, w\u00e4hrend Sie ihn benutzen. Der Ordnerhalter besteht aus einem Hauptteil und einem 120 cm langen Trageriemen, der in drei L\u00e4ngen angepasst werden kann: 96 cm, 104 cm oder 112 cm. Leicht zu tragen dank des Griffs oder mit dem Schultergurt. Der Ordnerhalter wird aus biokompatiblem PVC hergestellt. Dieses Transportobjekt hat eine Garantie von 5 Jahren. Unsere Marke Yaka und unsere Produkte sind international gesch\u00fctzt.<\/p>\n","protected":false},"excerpt":{"rendered":"<p><strong>YAKA LEDER 100% Handgemacht. Lebenslange Garantie.<\/strong><\/p>\n<p>Der YAKA A4-Ordnerhalter ist aus genarbtem Leder gefertigt. Handgefertigt . Mit Pr\u00e4zision entworfen und perfekt verarbeitet. Verwendung eines au\u00dfergew\u00f6hnlichen Rindsleders, das den gr\u00f6\u00dften Lederwarenherstellern der Luxusklasse w\u00fcrdig ist. Diese luxuri\u00f6se Dokumentenmappe ist gleicherma\u00dfen f\u00fcr dynamische M\u00e4nner und Frauen geeignet, deren Organisation ihre gr\u00f6\u00dfte St\u00e4rke ist.<\/p>\n<p>Dieses au\u00dfergew\u00f6hnliche Leder ist nach Iso 14001 zertifiziert &#8211; <strong>Europ\u00e4isches<\/strong> Rindsleder &#8211; \u00d6ko-Zertifikat &#8211; Feuerbest\u00e4ndig &#8211; REACH-konform &#8211; Leder ist frei von sch\u00e4dlichen Substanzen<\/p>\n<p>Wir wollten das sch\u00f6nste und geschmeidigste Leder, um einen Klassenhalter zu schaffen, der den gro\u00dfen europ\u00e4ischen Luxusmarken in nichts nachsteht!<\/p>\n","protected":false},"featured_media":213649,"comment_status":"open","ping_status":"closed","template":"","meta":{"_acf_changed":false,"_et_pb_use_builder":"on","_et_pb_old_content":"<p><strong>Der universelle Ordner-\/Dokumentenhalter.<\/strong>  Es passt in alle handels\u00fcblichen Ordner und Dokumententaschen (A4-Format von 40 bis 80 mm). Der Ordnerhalter wird an Ihrem Ordner befestigt und bleibt an Ort und Stelle, w\u00e4hrend Sie ihn benutzen. Der Ordnerhalter besteht aus einem Hauptteil und einem 120 cm langen Trageriemen, der in drei L\u00e4ngen angepasst werden kann: 96 cm, 104 cm oder 112 cm. Leicht zu tragen dank des Griffs oder mit dem Schultergurt. Der Ordnerhalter wird aus biokompatiblem PVC hergestellt. Dieses Transportobjekt hat eine Garantie von 5 Jahren. Unsere Marke Yaka und unsere Produkte sind international gesch\u00fctzt.<\/p>","_et_gb_content_width":""},"product_brand":[3939],"product_cat":[344],"product_tag":[3172],"class_list":{"0":"post-15776","1":"product","2":"type-product","3":"status-publish","4":"has-post-thumbnail","6":"product_brand-yaka","7":"product_cat-leder-de","8":"product_tag-feed-xml-de","9":"product_shipping_class-3-5d-de","11":"first","12":"instock","13":"taxable","14":"shipping-taxable","15":"purchasable","16":"product-type-simple"},"acf":{"effitrace_sku":"YAKABINDLEATHER.WHI","gen_video_link":"","gen_tva_be":21,"gen_wpml_lang":"fr","gen_code_intrastat":"42021110","gen_tags":"ordner, a4, dokumentenhalter, tasche, koffer, protege, heft, aufbewahrung, professionell, b\u00fcndel, referent, rentr\u00e9e, lieferung, schulbedarf, b\u00fcro, papier, transparent, schulranzen, pvc, sortierer, kunststoff, ordnet, befestigt, widerstandsf\u00e4hig, tragbar, leicht, rucksack, prim\u00e4r, sekund\u00e4r, leder","gen_very_short_description":"Universele ordnertasche\/mappe, passend f\u00fcr alle A4-Formate (40-80mm). Sichere Befestigung am Ordner, verstellbarer 120-cm-Riemen. Einfacher Transport, Griff oder Schultergurt. Biokompatibles PVC, 5 Jahre Garantie. Weltweit gesch\u00fctzte Yaka-Marke.","gen_producer-id-FR-EMBM":"FR353884_01RHDD","eco-contribution-amount-fr-embm":0.0079,"gen_lucid":"DE18350771423","livraison_standard_fdp":"5,95","livraison_standard_fdpa":3,"mondial_relay_fdp":"4,06","mondial_relay_fdpa":3,"so_colissimo_fdp":"9,96","so_colissimo_fdpa":"4,5","ct_condition":"N","ct_status":"A","ct_tags":"Schreibtisch-Organizer, Konferenzmappen, Mappen und H\u00fcllen, Dokumententaschen, Aufbewahrung und Organisation","ct_type_produit":"Referenten","ct_min_qty":3,"ct_collection":"Startseite","amz_manufacturer":"Yaka Company sprl","amz_conditiontype":"New","amz_fba":"0","amz_numberofpieces":1,"amz_minimumorderquantity":1,"amz_isexpirationdatedproduct":0,"amz_supplierdeclareddghzregulation":"not_applicable","amz_arebatteriesrequired":"false","amz_bulletpoint1":"Universele ordnertasche aus genarbtem Leder, handgefertigt aus au\u00dfergew\u00f6hnlichem europ\u00e4ischen Rindsleder.","amz_bulletpoint2":"Lebenslange Garantie, pr\u00e4zise entworfen und perfekt verarbeitet f\u00fcr herausragendes Design und Luxus.","amz_bulletpoint3":"Iso 14001-zertifiziert, umweltfreundlich, feuerfest und REACH-konform, frei von sch\u00e4dlichen Substanzen.","amz_bulletpoint4":"Passt in alle handels\u00fcblichen A4-Ordner und Dokumententaschen (Format 40 bis 80 mm).","amz_bulletpoint5":"Besteht aus einem Hauptk\u00f6rper und einem 120 cm langen Riemen, der in drei L\u00e4ngen (96 cm, 104 cm, 112 cm) verstellt werden kann und einen Griff und eine Trageoption f\u00fcr einen Schultergurt bietet.","amz_otheritemattributes1":"Luxuri\u00f6ser Ordnerhalter f\u00fcr organisierte Menschen, die Wert auf Qualit\u00e4t und Design legen.","amz_otheritemattributes2":"Handgefertigt aus dem sch\u00f6nsten und geschmeidigsten Leder, um mit den gro\u00dfen europ\u00e4ischen Luxusmarken konkurrieren zu k\u00f6nnen.","amz_otheritemattributes3":"Das verwendete Leder ist \"eco\"-zertifiziert, umweltfreundlich und feuerfest, um die Sicherheit zu erh\u00f6hen.","amz_otheritemattributes4":"Der verstellbare Riemen erm\u00f6glicht ein einfaches Tragen \u00fcber der Schulter oder in der Hand mit dem Griff.","amz_otheritemattributes5":"Ein hochwertiges Klassenzimmer-Accessoire, mit dem Sie Ihre Dokumente elegant und stilvoll transportieren k\u00f6nnen.","amz_length":32,"amz_width":28.5,"amz_height":6,"amz_businessprice":"","amz_isbusinessonly":"false","amz_quantitypricetype":"percent","amz_quantityprice1":"","amz_quantitylowerbound1":"","quantityprice2":"","amz_quantitylowerbound2":"","amz_quantityprice3":"","amz_quantitylowerbound3":"","amz_numberofitems":2,"amz_size":"A4+","amz_type_fermeture":"Scratch","amz_departement":"Gemischt","amz_searchterms":"a4-Ordner Dokumententasche Dokumententasche Aktenkoffer Heftschoner professionelle Aufbewahrung B\u00fcndel Referent Schulanfang Schulbedarf B\u00fcro Transparentpapier Schulranzen pvc Sortierer Kunststoff Ablage widerstandsf\u00e4hig tragbar leicht prim\u00e4r sekund\u00e4r Leder","amz_type_mat_ext":"Leder","amz_type_tissu":"","amz_nb_compartiments":0,"amz_stylename":"Utilitaire","amz_asin":"","bol_language":"NL","bol_conditionname":"NEW","bol_stockmanagedbyretailer":"false","bol_fulfilmentmethod":"FBR","bol_fulfilmentdeliverycode":"24uurs-23","available-end-date":"2099-12-31T00:00:00.000+02:00","available-start-date":"2020-01-01T00:00:00.000+02:00","etat":"11","garantie-mois":"60","product-id-type":"EAN","logistic-class":"S","bcouleur":"Blanc","bdescriptif_court":"Ordnermappe, Dokumentenmappe YAKA A4. 100% handgefertigtes Leder. Design und Luxus!","bdescriptif_marketing":"<p>Ordnermappe, Dokumentenmappe YAKA A4. 100% handgefertigtes Leder.<br>Weiches europ\u00e4isches Rindsleder,zertifiziert nach Iso 14001, feuerfest, umweltfreundlich.<br>F\u00fcr organisierte Frauen und M\u00e4nner, die Qualit\u00e4t, Design und Luxus lieben!<br>Der universelle Ordner-\/Dokumentenhalter.<br>Der YAKA A4-Ordnerhalter ist aus genarbtem Leder gefertigt.<br>Von Hand gefertigt.<br>Der Ordnerhalter wird an Ihrem Ordner befestigt und bleibt an Ort und Stelle, w\u00e4hrend Sie ihn benutzen.<br>Lebenslange Garantie.<\/p>","bdescriptif_supp":"Mit Pr\u00e4zision entworfen und perfekt verarbeitet. Verwendung eines au\u00dfergew\u00f6hnlichen Rindsleders, das den gr\u00f6\u00dften Lederwarenherstellern der Luxusklasse w\u00fcrdig ist.  \nDiese luxuri\u00f6se Dokumentenmappe ist gleicherma\u00dfen f\u00fcr dynamische M\u00e4nner und Frauen geeignet, deren Organisation ihre gr\u00f6\u00dfte St\u00e4rke ist.  \nWir wollten das sch\u00f6nste und geschmeidigste Leder, um einen Klassenhalter zu schaffen, der den gro\u00dfen europ\u00e4ischen Luxusmarken in nichts nachsteht! Dieses au\u00dfergew\u00f6hnliche Leder ist nach Iso 14001 zertifiziert- Europ\u00e4isches Rindsleder- es hat das \"\u00d6ko\"-Zertifikat- es ist feuerfest- es ist \"Compliant REACH\"- das Leder ist \"Free of harmful substances\".  \nEs passt in alle handels\u00fcblichen Ordner und Dokumententaschen (A4-Format von 40 bis 80 mm). Der Ordnerhalter besteht aus einem Hauptk\u00f6rper und einem 120 cm langen Riemen, der in drei L\u00e4ngen verstellt werden kann: 96 cm, 104 cm oder 112 cm.  \nLeicht zu tragen dank des Griffs oder mit dem Schultergurt.","bdescriptif_qty_comp":"Dieses au\u00dfergew\u00f6hnliche Leder ist nach Iso 14001 zertifiziert - Europ\u00e4isches Rindsleder - \u00d6ko-Zertifikat - Feuerbest\u00e4ndig - REACH-konform - Leder ist frei von sch\u00e4dlichen Substanzen","bdescriptif_spec":"Es passt in alle handels\u00fcblichen Ordner und Dokumententaschen (A4-Format von 40 bis 80 mm). Der Ordnerhalter besteht aus einem Hauptk\u00f6rper und einem 120 cm langen Riemen, der in drei L\u00e4ngen verstellt werden kann: 96 cm, 104 cm oder 112 cm. Leicht zu tragen dank des Griffs oder mit dem Schultergurt.  ","cd_desc_420":"Die universele ordnertasche. Er passt in alle Ordner und Mappen (A4-Format von 40 bis 80 mm). Der Ordnerhalter wird an Ihrem Ordner befestigt und bleibt an Ort und Stelle, w\u00e4hrend Sie ihn benutzen. Es besteht aus einem Hauptk\u00f6rper und einem 120 cm langen Riemen. Kann mit dem Griff oder mit dem Schultergurt transportiert werden. Der Ordnerhalter wird aus biokompatiblem PVC hergestellt. Dieser Gegenstand hat eine 5-j\u00e4hrige Garantie und ist patentiert.","cd_shortlabel_30":"Ordnerhalter Yaka Leder Wei\u00df","cd_genre":"mixte \/ adulte","cd_dicounttype":0,"iscdav":0,"cd_desc_marketing":"Die universele ordnertasche passt in alle handels\u00fcblichen Ordner und Mappen (A4-Format von 40 bis 80 mm). Der Ordnerhalter wird an Ihrem Ordner befestigt und bleibt an Ort und Stelle, w\u00e4hrend Sie ihn benutzen. Der Ordnerhalter besteht aus einem Hauptteil und einem 120 cm langen Trageriemen, der in drei L\u00e4ngen angepasst werden kann: 96 cm, 104 cm oder 112 cm. Leicht zu tragen dank des Griffs oder mit dem Schultergurt. Der Ordnerhalter wird aus biokompatiblem PVC hergestellt. Dieses Transportobjekt hat eine Garantie von 5 Jahren. Unsere Marke Yaka und unsere Produkte sind international gesch\u00fctzt.","cd_name":"Yaka die universele ordnertasche wei\u00df Leder, A4, Genial und Universell!","cd_productpackagingunit":"CubicMeter","cd_productpackagingvalue":0.006699,"etsy_is_supply":1,"etsy_when_made":"2020_2023","etsy_who_made":"i_did","etsy_recipient":"not_specified","etsy_should_auto_renew":"1","etsy_shop_section_id":"44669306","etsy_shipping_template_id":"208283066221","etsy_listing_id":"103","etsy_is_customizable":"no","etsy_tags":"a4-Ordner, Dokumentenhalter, Primar-, Sekundarstufe, Leder, professionelle Aufbewahrung, B\u00fcndel, Konferenzmappe, Befestigung, widerstandsf\u00e4hig, tragbar, leicht, Schulbedarf","etsy_tariff_code":"","etsy_size":"32x28.5x4cm","etsy_color":"wei\u00df","fb_age_group":"all ages","wc_faire_product_name":"Ordnerhalter Yaka Leder Wei\u00df 316179","wc_faire_country_manuf":"Chine","wc_faire_materials":["Nontoxic","Plastic-free"],"wc_faire_packaging":["Plastic-free","Recyclable","Recycled"],"wc_faire_production":"Carbon neutral","wc_faire_color":"Beige","wc_faire_product_lang":["English","French","German","Portuguese","Spanish"],"wc_faire_description":"<p><strong>Der universelle Ordner-\/Dokumentenhalter.<\/strong>  Es passt in alle handels\u00fcblichen Ordner und Dokumententaschen (A4-Format von 40 bis 80 mm). Der Ordnerhalter wird an Ihrem Ordner befestigt und bleibt an Ort und Stelle, w\u00e4hrend Sie ihn benutzen. Der Ordnerhalter besteht aus einem Hauptteil und einem 120 cm langen Trageriemen, der in drei L\u00e4ngen angepasst werden kann: 96 cm, 104 cm oder 112 cm. Leicht zu tragen dank des Griffs oder mit dem Schultergurt. Der Ordnerhalter wird aus biokompatiblem PVC hergestellt. Dieses Transportobjekt hat eine Garantie von 5 Jahren. Unsere Marke Yaka und unsere Produkte sind international gesch\u00fctzt.<\/p>","grp_poids_units":1,"grp_dimensions_units":4,"Country_of_production":"CN","grp_age_range":4,"grp_gender":4,"grp_country_of_production":1,"grp_origin_of_production":"3","grp_screen_size_comp_max":false,"fcouleur_nl":"Beige","name_nl":"YaKa Wit Leer","fnac_short_description_fr":"","fnac_short_description_nl":"","fnac_leather_main_img":"https:\/\/yakacompany.com\/wp-content\/uploads\/2022\/06\/5430001316179-Yaka-Cuir-avant-Blanc.jpg","fnac_sexe":"Neutre","fnac_desc_vente":"Alle unsere Produkte sind neu und originalverpackt.","fnac_description_fr":"<p>Universele ordnertasche\/mappe, passend f\u00fcr alle A4-Formate (40-80mm). Sichere Befestigung am Ordner, verstellbarer 120-cm-Riemen. Einfacher Transport, Griff oder Schultergurt. Biokompatibles PVC, 5 Jahre Garantie. Weltweit gesch\u00fctzte Yaka-Marke.<\/p>","fnac_promotion_type":false,"fnac_logistic_type_id":103,"fruugo_category":"B\u00fcrobedarf > Archivierung und Organisation > Conf\u221a\u00a9renciers","viking_vendor_sku":"","viking_warehouse_id":"Yaka Company","viking_uom":"EA","viking_manufacturer_sku":"","viking_min_days_to_ship":2,"viking_max_days_to_ship":5,"viking_availability":true,"sale_delay":15,"odoo_id":"product_template_11"},"_links":{"self":[{"href":"https:\/\/yakacompany.com\/de\/wp-json\/wp\/v2\/product\/15776","targetHints":{"allow":["GET"]}}],"collection":[{"href":"https:\/\/yakacompany.com\/de\/wp-json\/wp\/v2\/product"}],"about":[{"href":"https:\/\/yakacompany.com\/de\/wp-json\/wp\/v2\/types\/product"}],"replies":[{"embeddable":true,"href":"https:\/\/yakacompany.com\/de\/wp-json\/wp\/v2\/comments?post=15776"}],"wp:featuredmedia":[{"embeddable":true,"href":"https:\/\/yakacompany.com\/de\/wp-json\/wp\/v2\/media\/213649"}],"wp:attachment":[{"href":"https:\/\/yakacompany.com\/de\/wp-json\/wp\/v2\/media?parent=15776"}],"wp:term":[{"taxonomy":"product_brand","embeddable":true,"href":"https:\/\/yakacompany.com\/de\/wp-json\/wp\/v2\/product_brand?post=15776"},{"taxonomy":"product_cat","embeddable":true,"href":"https:\/\/yakacompany.com\/de\/wp-json\/wp\/v2\/product_cat?post=15776"},{"taxonomy":"product_tag","embeddable":true,"href":"https:\/\/yakacompany.com\/de\/wp-json\/wp\/v2\/product_tag?post=15776"}],"curies":[{"name":"wp","href":"https:\/\/api.w.org\/{rel}","templated":true}]}}