{"id":31098,"date":"2022-05-19T16:08:34","date_gmt":"2022-05-19T14:08:34","guid":{"rendered":"https:\/\/yakacompany.com\/shop\/unkategorisiert\/chris-d\/"},"modified":"2024-09-23T19:07:48","modified_gmt":"2024-09-23T17:07:48","slug":"chris-d-2","status":"publish","type":"product","link":"https:\/\/yakacompany.com\/de\/produkt\/chris-d-2\/","title":{"rendered":"CHRIS D"},"content":{"rendered":"<p><strong>&#8220;Tr\u00e4ume dein Leben in Farbe, das ist das Geheimnis des Gl\u00fccks&#8221;.<\/strong><br \/>\n<strong>Walt Disney<\/strong><\/p>\n<p>Ihr &#8220;Touch&#8221; Nur f\u00fcr Sie!<br \/>\nBreiter Schulterriemen f\u00fcr mehrfarbige und super bequeme Laptop-Tasche zum Umh\u00e4ngen<br \/>\n<strong><em>Ein einzigartiges Accessoire!<\/em><\/strong><br \/>\nDieser coole Mehrzweckgurt macht Ihr YAKA-Laptop-Case zu einem echten Hingucker.<br \/>\nUnd da dieser Gurt universell einsetzbar ist, verwenden Sie ihn f\u00fcr Ihre Handtasche, Ihre Gitarre oder andere Gegenst\u00e4nde.<\/p>\n<p>Dieser bestickte Schulterriemen ist ein Accessoire, mit dem Sie Ihre Computerh\u00fclle individuell gestalten k\u00f6nnen. Die Enden sind aus schwarzem Leder. Mit zwei Karabinerhaken aus schwarzem Metall l\u00e4sst sich die Tasche leicht an Ihrer Computertasche befestigen.<br \/>\nWenn Sie den Schultergurt nach Lust und Laune austauschen, haben Sie sofort eine ganz neue Laptoptasche!<\/p>\n<p>Dank dieses Schulterriemens wird Ihr Stil EINMALIG! Ihre Computertasche auch!<br \/>\nYAKA bietet Ihnen eine gro\u00dfe Auswahl an verstellbaren und anpassbaren Schulterriemen.<br \/>\nEine ist sch\u00f6ner als die andere!<br \/>\n<em><strong>Gro\u00dfe Vielfalt an Farben<\/strong><\/em><\/p>\n<p>Wie w\u00e4re es mit einem gelben Schulterriemen am Montag, einem fr\u00f6hlichen Gr\u00fcn am Dienstag, einem strengen, stilvollen Schwarz am Mittwoch, einem Camouflage am Donnerstag und einem intensiven Blau am Freitag.<br \/>\nUnd Hop: von einem goldenen oder silbernen am Wochenende, dass Ihr Laptop Case an Ihre Handtasche f\u00fcr die Dauer eines Wochenendes leihen wird!<\/p>\n<p><strong><em>Wenn Sie sich ein wenig mehr abheben m\u00f6chten, gibt es auch andere Muster, z. B. ethnische Muster, Pyramiden, Geometrien, Camouflage, Zebramuster.<\/em><\/strong><\/p>\n","protected":false},"excerpt":{"rendered":"<p><strong>&#8220;Tr\u00e4ume dein Leben in Farbe, das ist das Geheimnis des Gl\u00fccks&#8221; Walt Disney  <\/strong><\/p>\n<p>Ihr &#8220;Touch&#8221; Nur f\u00fcr Sie! Universell einsetzbar, l\u00e4sst sich an der YAKA Computertasche und an fast allen Handtaschen, Gitarren und Kameras befestigen.<\/p>\n<p>Unisex (geeignet f\u00fcr M\u00e4nner- und Frauentaschen).<br \/>\nL\u00e4nge zwischen 73 und 130 cm verstellbar.<br \/>\nTragekomfort dank des breiten Riemens: 5 cm breit.<br \/>\nErh\u00e4ltlich in verschiedenen Farben.<br \/>\n<em>Wird ohne Plastikverpackung geliefert.<\/em><\/p>\n","protected":false},"featured_media":216217,"comment_status":"closed","ping_status":"closed","template":"","meta":{"_acf_changed":false,"_et_pb_use_builder":"","_et_pb_old_content":"<strong>\"Tr\u00e4ume dein Leben in Farbe, das ist das Geheimnis des Gl\u00fccks\".<\/strong><strong>Walt Disney<\/strong>Ihr \"Touch\" Nur f\u00fcr Sie!Breiter Schulterriemen f\u00fcr mehrfarbige und super bequeme Laptop-Tasche zum Umh\u00e4ngen<strong><em>Ein einzigartiges Accessoire!<\/em><\/strong>Dieser coole Mehrzweckgurt macht Ihr YAKA-Laptop-Case zu einem echten Hingucker.Und da dieser Gurt universell einsetzbar ist, verwenden Sie ihn f\u00fcr Ihre Handtasche, Ihre Gitarre oder andere Gegenst\u00e4nde.Dieser bestickte Schulterriemen ist ein Accessoire, mit dem Sie Ihre Computerh\u00fclle individuell gestalten k\u00f6nnen. Die Enden sind aus schwarzem Leder . Mit zwei Karabinerhaken aus schwarzem Metall l\u00e4sst sich die Tasche leicht an Ihrer Computertasche befestigen.Wenn Sie den Schultergurt nach Lust und Laune austauschen, haben Sie sofort eine ganz neue Laptoptasche!Dank dieses Schulterriemens wird Ihr Stil EINMALIG! Ihre Computertasche auch!YAKA bietet Ihnen eine gro\u00dfe Auswahl an verstellbaren und anpassbaren Schulterriemen.Eine ist sch\u00f6ner als die andere!<em><strong>Gro\u00dfe Vielfalt an Farben<\/strong><\/em>Wie w\u00e4re es mit einem gelben Schulterriemen am Montag, einem fr\u00f6hlichen Gr\u00fcn am Dienstag, einem strengen, stilvollen Schwarz am Mittwoch, einem Camouflage am Donnerstag und einem intensiven Blau am Freitag.Und Hop: von einem goldenen oder silbernen am Wochenende, dass Ihr Laptop Case an Ihre Handtasche f\u00fcr die Dauer eines Wochenendes leihen wird!<strong><em>Wenn Sie sich ein wenig mehr abheben m\u00f6chten, gibt es auch andere Muster, z. B. ethnische Muster, Pyramiden, Geometrien, Camouflage, Zebramuster.<\/em><\/strong>","_et_gb_content_width":""},"product_brand":[3939],"product_cat":[1450],"product_tag":[3172],"class_list":{"0":"post-31098","1":"product","2":"type-product","3":"status-publish","4":"has-post-thumbnail","6":"product_brand-yaka","7":"product_cat-schultergurt","8":"product_tag-feed-xml-de","9":"product_shipping_class-3-5d-de","11":"first","12":"instock","13":"taxable","14":"shipping-taxable","15":"purchasable","16":"product-type-simple"},"acf":{"effitrace_sku":"","gen_video_link":"","gen_tva_be":21,"gen_wpml_lang":"fr","gen_code_intrastat":"42023290","gen_tags":"","gen_very_short_description":"","gen_producer-id-FR-EMBM":"FR353884_01RHDD","eco-contribution-amount-fr-embm":0.0079,"gen_lucid":"DE1835077141423","livraison_standard_fdp":"","livraison_standard_fdpa":3,"mondial_relay_fdp":"","mondial_relay_fdpa":3,"so_colissimo_fdp":"","so_colissimo_fdpa":"","ct_condition":"N","ct_status":"A","ct_tags":"","ct_type_produit":"","ct_min_qty":3,"ct_collection":"","amz_manufacturer":"Yaka Company sprl","amz_conditiontype":"New","amz_fba":"1","amz_numberofpieces":1,"amz_minimumorderquantity":1,"amz_isexpirationdatedproduct":0,"amz_supplierdeclareddghzregulation":"not_applicable","amz_arebatteriesrequired":"false","amz_bulletpoint1":"","amz_bulletpoint2":"","amz_bulletpoint3":"","amz_bulletpoint4":"","amz_bulletpoint5":"","amz_otheritemattributes1":"","amz_otheritemattributes2":"","amz_otheritemattributes3":"","amz_otheritemattributes4":"","amz_otheritemattributes5":"","amz_length":21,"amz_width":5,"amz_height":3,"amz_businessprice":"","amz_isbusinessonly":"false","amz_quantitypricetype":"percent","amz_quantityprice1":"","amz_quantitylowerbound1":"","quantityprice2":"","amz_quantitylowerbound2":"","amz_quantityprice3":"","amz_quantitylowerbound3":"","amz_numberofitems":1,"amz_size":"Taille unique","amz_type_fermeture":"Fermeture \u00e9clair","amz_departement":"Mixte","amz_searchterms":"","amz_type_mat_ext":"","amz_type_tissu":"","amz_nb_compartiments":0,"amz_stylename":"Utilitaire","amz_asin":"","bol_language":"NL","bol_conditionname":"NEW","bol_stockmanagedbyretailer":"false","bol_fulfilmentmethod":"FBR","bol_fulfilmentdeliverycode":"24uurs-23","available-end-date":"2099-12-31T00:00:00.000+02:00","available-start-date":"2020-01-01T00:00:00.000+02:00","etat":"11","garantie-mois":"60","product-id-type":"EAN","logistic-class":"XS","bcouleur":"Multicolore","bdescriptif_court":"","bdescriptif_marketing":"","bdescriptif_supp":"","bdescriptif_qty_comp":"","bdescriptif_spec":"","cd_desc_420":"","cd_shortlabel_30":"","cd_genre":"mixte \/ adulte","cd_dicounttype":"0","iscdav":"0","cd_desc_marketing":"","cd_name":"","cd_productpackagingunit":"CubicMeter","cd_productpackagingvalue":0.000528,"etsy_is_supply":1,"etsy_when_made":"2020 - 2023","etsy_who_made":"i_did","etsy_recipient":"not_specified","etsy_should_auto_renew":"True","etsy_shop_section_id":"44669300","etsy_shipping_template_id":208283066221,"etsy_listing_id":"","etsy_is_customizable":"no","etsy_tags":"","etsy_tariff_code":"","etsy_size":"TU","etsy_color":"","fb_age_group":"all ages","wc_faire_product_name":"","wc_faire_country_manuf":"Chine","wc_faire_materials":["Nontoxic","Plastic-free"],"wc_faire_packaging":["Plastic-free","Recyclable","Recycled"],"wc_faire_production":"Carbon neutral","wc_faire_color":"Beige","wc_faire_product_lang":["English","French","German","Portuguese","Spanish"],"wc_faire_description":"","grp_poids_units":1,"grp_dimensions_units":4,"Country_of_production":"CN","grp_age_range":4,"grp_gender":4,"grp_country_of_production":8,"grp_origin_of_production":"2","grp_screen_size_comp_max":"","fcouleur_nl":"Beige","name_nl":"","fnac_short_description_fr":"","fnac_short_description_nl":"","fnac_leather_main_img":"","fnac_sexe":"Neutre","fnac_desc_vente":"Tous nos produits sont neufs et sous emballage d'origine","fnac_description_fr":"","fnac_promotion_type":"Sales","fnac_logistic_type_id":103,"fruugo_category":"","viking_vendor_sku":"","viking_warehouse_id":"Yaka Company","viking_uom":"EA","viking_manufacturer_sku":"","viking_min_days_to_ship":2,"viking_max_days_to_ship":5,"viking_availability":true,"sale_delay":3,"odoo_id":""},"_links":{"self":[{"href":"https:\/\/yakacompany.com\/de\/wp-json\/wp\/v2\/product\/31098","targetHints":{"allow":["GET"]}}],"collection":[{"href":"https:\/\/yakacompany.com\/de\/wp-json\/wp\/v2\/product"}],"about":[{"href":"https:\/\/yakacompany.com\/de\/wp-json\/wp\/v2\/types\/product"}],"replies":[{"embeddable":true,"href":"https:\/\/yakacompany.com\/de\/wp-json\/wp\/v2\/comments?post=31098"}],"wp:featuredmedia":[{"embeddable":true,"href":"https:\/\/yakacompany.com\/de\/wp-json\/wp\/v2\/media\/216217"}],"wp:attachment":[{"href":"https:\/\/yakacompany.com\/de\/wp-json\/wp\/v2\/media?parent=31098"}],"wp:term":[{"taxonomy":"product_brand","embeddable":true,"href":"https:\/\/yakacompany.com\/de\/wp-json\/wp\/v2\/product_brand?post=31098"},{"taxonomy":"product_cat","embeddable":true,"href":"https:\/\/yakacompany.com\/de\/wp-json\/wp\/v2\/product_cat?post=31098"},{"taxonomy":"product_tag","embeddable":true,"href":"https:\/\/yakacompany.com\/de\/wp-json\/wp\/v2\/product_tag?post=31098"}],"curies":[{"name":"wp","href":"https:\/\/api.w.org\/{rel}","templated":true}]}}