{"id":31104,"date":"2022-05-19T16:09:16","date_gmt":"2022-05-19T14:09:16","guid":{"rendered":"https:\/\/yakacompany.com\/shop\/unkategorisiert\/disco-1\/"},"modified":"2024-09-23T19:07:30","modified_gmt":"2024-09-23T17:07:30","slug":"disco-1","status":"publish","type":"product","link":"https:\/\/yakacompany.com\/de\/produkt\/disco-1\/","title":{"rendered":"YAKA Style &amp; Rafinement Schultergurt &#8211; Einheitsgr\u00f6\u00dfe &#8211; Disco Style 1"},"content":{"rendered":"<p><strong>&#8216;Dream your life in colour, it&#8217;s the secret of happiness&#8217;<\/strong> <strong>Walt Disney<\/strong> Ihr *Touch* Nur f\u00fcr Sie!<\/p>\n<p>Breiter, mehrfarbiger und super bequemer Schulterriemen f\u00fcr die Laptoptasche. <strong><br \/>\n  <em>Ein einzigartiges Accessoire!<\/em><br \/>\n<\/strong><\/p>\n<p>Dieser coole Mehrzweckgurt macht Ihr YAKA-Laptop-Case zu einem echten Hingucker. Und da dieser Gurt universell einsetzbar ist, verwenden Sie ihn f\u00fcr Ihre Handtasche, Ihre Gitarre oder andere Gegenst\u00e4nde. Dieser bestickte Schulterriemen ist ein Accessoire, mit dem Sie Ihre Computerh\u00fclle individuell gestalten k\u00f6nnen. Die Enden sind aus schwarzem Leder. Mit zwei Karabinerhaken aus schwarzem Metall l\u00e4sst sich die Tasche leicht an Ihrer Computertasche befestigen. Wenn Sie den Schultergurt nach Lust und Laune austauschen, haben Sie sofort eine ganz neue Laptoptasche!<\/p>\n<p>Dank dieses Schulterriemens wird Ihr Stil EINMALIG! Ihre Computertasche auch!<\/p>\n<p>YAKA bietet Ihnen eine gro\u00dfe Auswahl an verstellbaren und anpassbaren Schulterriemen. Eine ist sch\u00f6ner als die andere!<\/p>\n<p><em><br \/>\n  <strong>Gro\u00dfe Vielfalt an Farben<\/strong><br \/>\n<\/em> Wie w\u00e4re es mit einem gelben Schulterriemen am Montag, einem fr\u00f6hlichen Gr\u00fcn am Dienstag, einem strengen, stilvollen Schwarz am Mittwoch, einem Camouflage am Donnerstag und einem intensiven Blau am Freitag. Und Hop: von einem goldenen oder silbernen am Wochenende, dass Ihr Laptop Case an Ihre Handtasche f\u00fcr die Dauer eines Wochenendes leihen wird!<\/p>\n<p><strong><em>Wenn Sie sich ein wenig mehr abheben m\u00f6chten, gibt es auch andere Muster, z. B. ethnische Muster, Pyramiden, Geometrien, Camouflage, Zebramuster.<\/em><\/strong><\/p>\n","protected":false},"excerpt":{"rendered":"<p><strong>&#8220;Tr\u00e4ume dein Leben in Farbe, das ist das Geheimnis des Gl\u00fccks&#8221; Walt Disney  <\/strong><\/p>\n<p>Ihr &#8220;Touch&#8221; Nur f\u00fcr Sie! Universell einsetzbar, l\u00e4sst sich an der YAKA Computertasche und an fast allen Handtaschen, Gitarren und Kameras befestigen.<\/p>\n<p>Unisex (geeignet f\u00fcr M\u00e4nner- und Frauentaschen).<br \/>\nL\u00e4nge zwischen 73 und 130 cm verstellbar.<br \/>\nTragekomfort dank des breiten Riemens: 5 cm breit.<br \/>\nErh\u00e4ltlich in verschiedenen Farben.<br \/>\n<em>Wird ohne Plastikverpackung geliefert.<\/em><\/p>\n","protected":false},"featured_media":211427,"comment_status":"closed","ping_status":"closed","template":"","meta":{"_acf_changed":false,"_et_pb_use_builder":"","_et_pb_old_content":"<strong>\"Dream your life in colour, it's the secret of<\/strong> happiness \"<strong>Walt DisneyIhr<\/strong>\"Touch\" Nur f\u00fcr Sie!Breiter, mehrfarbiger und super bequemer Schulterriemen f\u00fcr eine Laptoptasche, den Sie \u00fcber der Schulter tragen k\u00f6nnen.<strong>\n  <em>Ein einzigartiges Accessoire!<\/em>\n<\/strong>Mit diesem coolen Mehrzweckgurt k\u00f6nnen Sie Ihre YAKA Laptoptasche aufpeppen. Und da der Gurt universell einsetzbar ist, k\u00f6nnen Sie ihn auch f\u00fcr Ihre Handtasche, Ihre Gitarre oder andere Gegenst\u00e4nde verwenden. Die Enden sind aus schwarzem Leder. Mit zwei Karabinerhaken aus schwarzem Metall l\u00e4sst er sich leicht an Ihrem Computerkoffer befestigen.Wechseln Sie den Schultergurt nach Lust und Laune und Sie haben sofort einen ganz neuen Laptopkoffer!Dank dieses Schultergurts wird Ihr Stil EINZIGARTIG! YAKA bietet Ihnen eine gro\u00dfe Auswahl an verstellbaren Schulterriemen, von denen einer sch\u00f6ner ist als der andere!<em><strong>Gro\u00dfe Vielfalt an Farben<\/strong><\/em>Wie w\u00e4re es mit einem gelben Schulterriemen am Montag, einem fr\u00f6hlichen Gr\u00fcn am Dienstag, einem stilvollen und strengen Schwarz am Mittwoch, einem Camouflage am Donnerstag, einem intensiven Blau am Freitag und einem goldenen oder silbernen am Wochenende, den Ihr Laptop-Case f\u00fcr ein Wochenende an Ihre Handtasche ausleihen kann?<strong><em>Wenn Sie sich ein wenig mehr abheben m\u00f6chten, gibt es auch andere Muster, z. B. ethnische Muster, Pyramiden, Geometrien, Camouflage, Zebramuster.<\/em><\/strong>","_et_gb_content_width":""},"product_brand":[3939],"product_cat":[1450],"product_tag":[3172],"class_list":{"0":"post-31104","1":"product","2":"type-product","3":"status-publish","4":"has-post-thumbnail","6":"product_brand-yaka","7":"product_cat-schultergurt","8":"product_tag-feed-xml-de","9":"product_shipping_class-3-5d-de","11":"first","12":"instock","13":"taxable","14":"shipping-taxable","15":"purchasable","16":"product-type-simple"},"acf":{"effitrace_sku":"YAKABAND.DSC1","gen_video_link":"","gen_tva_be":21,"gen_wpml_lang":"fr","gen_code_intrastat":"42023290","gen_tags":"Traum, Farbe, Geheimnis, Gl\u00fcck, universell, Aktentasche, Laptoptasche, Taschen, Gitarren, Kameras, Foto, Unisex, Mann, Frau, verstellbar, Komfort, Gurt, mehrere, Farben, Schultergurt, Accessoire, personalisieren, H\u00fclle, Leder, schwarz, Haken, Karabinerhaken","gen_very_short_description":"Mehrfarbiger Yaka-Computerschulterriemen. Universell passt sich an alles an. Elegant mit Metallkarabinern f\u00fcr Aktenkoffer. Dr\u00fccken Sie Ihren Stil mit verschiedenen Auswahlm\u00f6glichkeiten aus: von Gelb am Montag bis Camouflage am Donnerstag. Dr\u00fccken Sie sich mit diesem einzigartigen Schulterriemen aus.","gen_producer-id-FR-EMBM":"FR353884_01RHDD","eco-contribution-amount-fr-embm":0.0079,"gen_lucid":"DE18350771423","livraison_standard_fdp":"5,95","livraison_standard_fdpa":3,"mondial_relay_fdp":"4,06","mondial_relay_fdpa":3,"so_colissimo_fdp":"9,96","so_colissimo_fdpa":"4,5","ct_condition":"N","ct_status":"A","ct_tags":"Gep\u00e4ckgurte, Taschen \u221a\u2020 Handtaschen","ct_type_produit":"Gurte f\u00fcr Gep\u00e4ck","ct_min_qty":3,"ct_collection":"","amz_manufacturer":"Yaka Company sprl","amz_conditiontype":"New","amz_fba":"1","amz_numberofpieces":1,"amz_minimumorderquantity":1,"amz_isexpirationdatedproduct":0,"amz_supplierdeclareddghzregulation":"not_applicable","amz_arebatteriesrequired":"false","amz_bulletpoint1":"Universeller Schultergurt, der mit den Laptoptaschen der Marke YAKA und den meisten Handtaschen, Gitarren und Kameras kompatibel ist.","amz_bulletpoint2":"L\u00e4nge zwischen 73 und 130 cm verstellbar, passt sich so verschiedenen K\u00f6rpergr\u00f6\u00dfen und Tragevorlieben an.","amz_bulletpoint3":"5 cm breite Gurte f\u00fcr optimalen Tragekomfort.","amz_bulletpoint4":"Schwarze Lederspitzen f\u00fcr ein elegantes und langlebiges Finish.","amz_bulletpoint5":"Erh\u00e4ltlich in vielen Farben, darunter einfarbige, goldene und silberne Optionen sowie mit ethnischen, geometrischen und anderen Mustern.","amz_otheritemattributes1":"Gestalten Sie Ihre Notebooktasche individuell, indem Sie den Schultergurt nach Lust und Laune und nach Ihrem Stil austauschen.","amz_otheritemattributes2":"Der Universalschulterriemen passt sich verschiedenen Anl\u00e4ssen an, indem er f\u00fcr verschiedene Arten von Taschen verwendet werden kann.","amz_otheritemattributes3":"Passt sowohl zu Herren- als auch zu Damentaschen, da es sich um ein Unisex-Accessoire handelt.","amz_otheritemattributes4":"Die Karabinerhaken aus schwarzem Metall erm\u00f6glichen eine einfache und sichere Befestigung an Ihrer Computertasche.","amz_otheritemattributes5":"Entscheiden Sie sich f\u00fcr einen mehrfarbigen Schulterriemen, um Ihren Alltag aufzupeppen, oder w\u00e4hlen Sie schlichtere Optionen f\u00fcr einen klassischen, eleganten Look.","amz_length":21,"amz_width":5,"amz_height":3,"amz_businessprice":"","amz_isbusinessonly":"false","amz_quantitypricetype":"percent","amz_quantityprice1":"","amz_quantitylowerbound1":"","quantityprice2":"","amz_quantitylowerbound2":"","amz_quantityprice3":"","amz_quantitylowerbound3":"","amz_numberofitems":1,"amz_size":"Taille unique","amz_type_fermeture":"Karabinerhaken","amz_departement":"Gemischt","amz_searchterms":"Traum Farbe Geheimnis Gl\u00fcck universal Laptoptasche Laptoptasche Gitarren Kameras Unisex Mann Frau verstellbar Komfort Gurt mehrere Farben Schultergurt Accessoire anpassen Lederh\u00fclle schwarz Haken Karabinerhaken","amz_type_mat_ext":"Baumwolle","amz_type_tissu":"Nylon \/ Baumwolle","amz_nb_compartiments":0,"amz_stylename":"Utilitaire","amz_asin":"","bol_language":"NL","bol_conditionname":"NEW","bol_stockmanagedbyretailer":"false","bol_fulfilmentmethod":"FBR","bol_fulfilmentdeliverycode":"24uurs-23","available-end-date":"2099-12-31T00:00:00.000+02:00","available-start-date":"2020-01-01T00:00:00.000+02:00","etat":"11","garantie-mois":"60","product-id-type":"EAN","logistic-class":"XS","bcouleur":"Multicolore","bdescriptif_court":"Der Universalschultergurt l\u00e4sst sich an der Laptoptasche von YAKA und an fast allem befestigen.","bdescriptif_marketing":"<p>\"Tr\u00e4ume dein Leben in Farbe, das ist das Geheimnis des Gl\u00fccks\".<br>Dieser universelle Schultergurt l\u00e4sst sich an der Laptoptasche von YAKA und an fast allen Handtaschen, Gitarren und Kameras befestigen.<br>YAKA bietet eine Vielzahl an verstellbaren Schulterriemen, mit denen Sie Ihre Computertasche individuell gestalten k\u00f6nnen. Wechseln Sie nach Lust und Laune f\u00fcr einen einzigartigen Stil.<br>Verschiedene Farben f\u00fcr jeden Wochentag erh\u00e4ltlich.<br>Gold- und silberfarbene Optionen oder ethnische Muster, um sich noch mehr abzuheben.<br>Wird ohne Plastikverpackung geliefert.<\/p>","bdescriptif_supp":"<p>\"Tr\u00e4ume dein Leben in Farbe, das ist das Geheimnis des Gl\u00fccks\" Walt Disney. Ihr \"Touch\" Nur f\u00fcr Sie! Breiter Schulterriemen f\u00fcr mehrfarbige und super bequeme Laptoptasche zum Umh\u00e4ngen Ein einzigartiges Accessoire! Dieser Mehrzweckriemen verleiht Ihrer YAKA-Tasche Farbe. Und da dieser Gurt universell einsetzbar ist, verwenden Sie ihn f\u00fcr Ihre Handtasche, Ihre Gitarre oder andere Gegenst\u00e4nde. Dieser bestickte Schulterriemen ist ein Accessoire, mit dem Sie Ihre Computerh\u00fclle individuell gestalten k\u00f6nnen. Die Enden sind aus schwarzem Leder. Mit zwei Karabinerhaken aus schwarzem Metall l\u00e4sst sich die Tasche leicht an Ihrer Computertasche befestigen. Unisex (geeignet f\u00fcr M\u00e4nner- und Frauentaschen). L\u00e4nge zwischen 73 und 130 cm verstellbar. Tragekomfort dank des breiten Riemens: 5 cm breit.<\/p>","bdescriptif_qty_comp":"","bdescriptif_spec":"","cd_desc_420":"Tr\u00e4ume dein Leben in Farbe, sagte Walt Disney. Entdecken Sie Ihren einzigartigen Touch: Dies ist ein breiter, mehrfarbiger, bequemer Computer-Schultergurt. Universell einsetzbar, f\u00e4rbt das YAKA Laptop Case und passt zu allem. Schwarze Lederendst\u00fccke mit Baumwolldruck, Metallkarabiner. YAKA bietet eine Vielzahl von verstellbaren Schulterriemen mit \u00fcber 30 einzigartigen Farben und Drucken an. Dr\u00fccken Sie sich mit Stil und vielf\u00e4ltigen Farben aus.","cd_shortlabel_30":"Reisegurt Yaka Disco1","cd_genre":"mixte \/ adulte","cd_dicounttype":0,"iscdav":0,"cd_desc_marketing":"Tr\u00e4um dein Leben in Farbe, das ist das Geheimnis des Gl\u00fccks - Walt Disney Ihr Touch Nur f\u00fcr Sie!  \nBreiter Schulterriemen f\u00fcr mehrfarbige und super bequeme Laptoptasche zum Umh\u00e4ngen Ein einzigartiges Accessoire!  \nDieser coole Mehrzweckgurt macht Ihr YAKA-Laptop-Case zu einem echten Hingucker.  \nUnd da dieser Gurt universell einsetzbar ist, verwenden Sie ihn f\u00fcr Ihre Handtasche, Ihre Gitarre oder andere Gegenst\u00e4nde. Dieser bestickte Schulterriemen ist ein Accessoire, mit dem Sie Ihre Computerh\u00fclle individuell gestalten k\u00f6nnen. Die Enden sind aus schwarzem Leder. Mit zwei Karabinerhaken aus schwarzem Metall l\u00e4sst sich die Tasche leicht an Ihrer Computertasche befestigen.  \nWenn Sie den Schultergurt nach Lust und Laune austauschen, haben Sie sofort eine ganz neue Laptoptasche! Dank dieses Schulterriemens wird Ihr Stil EINMALIG! Ihre Computertasche auch!  \nYAKA bietet Ihnen eine gro\u00dfe Auswahl an verstellbaren und anpassbaren Schulterriemen. Eine ist sch\u00f6ner als die andere! Gro\u00dfe Farbvielfalt Wie w\u00e4re es mit einem gelben Schulterriemen am Montag, einem fr\u00f6hlichen Gr\u00fcn am Dienstag, einem strengen, stilvollen Schwarz am Mittwoch, einem Camouflage am Donnerstag und einem intensiven Blau am Freitag?  \nUnd Hop: von einem goldenen oder silbernen am Wochenende, dass Ihr Laptop Case an Ihre Handtasche f\u00fcr die Dauer eines Wochenendes leihen wird! Wenn Sie sich ein wenig mehr abheben m\u00f6chten, gibt es auch andere Muster, z. B. ethnische Muster, Pyramiden, Geometrien, Camouflage, Zebramuster.","cd_name":"Yaka Disco 1 Travel Strap - Stil und Raffinesse f\u00fcr diesen mehrfarbigen Schultergurt, der von 5 bis 130 cm verstellbar ist.","cd_productpackagingunit":"CubicMeter","cd_productpackagingvalue":0.000528,"etsy_is_supply":1,"etsy_when_made":"2020_2023","etsy_who_made":"i_did","etsy_recipient":"not_specified","etsy_should_auto_renew":"1","etsy_shop_section_id":"44669300","etsy_shipping_template_id":"208283066221","etsy_listing_id":"103","etsy_is_customizable":"no","etsy_tags":"Traum, verstellbar, Karabinerhaken, Gurt, Schultergurt, Haken, mehrere Farben ,Zubeh\u00f6r, universal, Unisex, Mann, Frau, Taschen","etsy_tariff_code":"","etsy_size":"75-130 cm","etsy_color":"DSC1","fb_age_group":"all ages","wc_faire_product_name":"Yaka-Schulterriemen aus Baumwolle, Einheitsgr\u00f6\u00dfe - Disco 1 176078","wc_faire_country_manuf":"Chine","wc_faire_materials":["Nontoxic","Plastic-free"],"wc_faire_packaging":["Plastic-free","Recyclable","Recycled"],"wc_faire_production":false,"wc_faire_color":false,"wc_faire_product_lang":["English","French","German","Portuguese","Spanish"],"wc_faire_description":"<p>Entdecken Sie Ihren einzigartigen \"Touch\": ein breiter, mehrfarbiger Laptoptaschen-Schultergurt, der ultrabequem \u00fcber der Schulter zu tragen ist. Dieser coole, vielseitige Gurt f\u00e4rbt Ihr YAKA-Laptop-Case und passt sich an Ihre Handtasche, Gitarre usw. an. Bestickt, verleiht sie Ihrer H\u00fclle eine elegante pers\u00f6nliche Note, Enden aus schwarzem Leder. Zwei Karabinerhaken aus schwarzem Metall erleichtern das Befestigen an Ihrem Aktenkoffer.<\/p><p>Wechseln Sie den Schulterriemen f\u00fcr einen v\u00f6llig neuen Instant-Koffer. Ihr Stil EINZIGARTIG dank dieses Schulterriemens, genau wie Ihre Aktentasche. YAKA bietet eine Auswahl an verstellbaren Schulterriemen an, die alle sch\u00f6n sind und in verschiedenen Farben erh\u00e4ltlich sind: gelb am Montag, fr\u00f6hlich gr\u00fcn am Dienstag, stilvolles Schwarz am Mittwoch, Camouflage am Donnerstag, intensives Blau am Freitag. Goldenes oder silbernes Wochenende, laptop case leiht Handtasche. Um sich noch mehr von der Masse abzuheben, gibt es ethnische, pyramidenf\u00f6rmige, geometrische, Camouflage- und Zebramuster. Dr\u00fccken Sie sich mit diesem Schulterriemen aus und bringen Sie Farbe und Originalit\u00e4t in Ihren Alltag.<\/p>","grp_poids_units":1,"grp_dimensions_units":4,"Country_of_production":"CN","grp_age_range":4,"grp_gender":4,"grp_country_of_production":8,"grp_origin_of_production":"2","grp_screen_size_comp_max":false,"fcouleur_nl":" Veelkleurig","name_nl":"Disco 1","fnac_short_description_fr":"","fnac_short_description_nl":"","fnac_leather_main_img":"","fnac_sexe":"Neutre","fnac_desc_vente":"Alle unsere Produkte sind neu und originalverpackt.","fnac_description_fr":"<p>Mehrfarbiger Yaka-Computerschulterriemen. Universell passt sich an alles an. Elegant mit Metallkarabinern f\u00fcr Aktenkoffer. Dr\u00fccken Sie Ihren Stil mit verschiedenen Auswahlm\u00f6glichkeiten aus: von Gelb am Montag bis Camouflage am Donnerstag. Dr\u00fccken Sie sich mit diesem einzigartigen Schulterriemen aus.<\/p>","fnac_promotion_type":false,"fnac_logistic_type_id":103,"fruugo_category":"Reisegep\u00e4ck und Lederwaren > Gep\u00e4ckzubeh\u00f6r > Gep\u00e4ckb\u00e4nder","viking_vendor_sku":"3176078","viking_warehouse_id":"Yaka Company","viking_uom":"EA","viking_manufacturer_sku":"YAKABAND_DSC1","viking_min_days_to_ship":2,"viking_max_days_to_ship":5,"viking_availability":true,"sale_delay":3,"odoo_id":"product_template_31"},"_links":{"self":[{"href":"https:\/\/yakacompany.com\/de\/wp-json\/wp\/v2\/product\/31104","targetHints":{"allow":["GET"]}}],"collection":[{"href":"https:\/\/yakacompany.com\/de\/wp-json\/wp\/v2\/product"}],"about":[{"href":"https:\/\/yakacompany.com\/de\/wp-json\/wp\/v2\/types\/product"}],"replies":[{"embeddable":true,"href":"https:\/\/yakacompany.com\/de\/wp-json\/wp\/v2\/comments?post=31104"}],"wp:featuredmedia":[{"embeddable":true,"href":"https:\/\/yakacompany.com\/de\/wp-json\/wp\/v2\/media\/211427"}],"wp:attachment":[{"href":"https:\/\/yakacompany.com\/de\/wp-json\/wp\/v2\/media?parent=31104"}],"wp:term":[{"taxonomy":"product_brand","embeddable":true,"href":"https:\/\/yakacompany.com\/de\/wp-json\/wp\/v2\/product_brand?post=31104"},{"taxonomy":"product_cat","embeddable":true,"href":"https:\/\/yakacompany.com\/de\/wp-json\/wp\/v2\/product_cat?post=31104"},{"taxonomy":"product_tag","embeddable":true,"href":"https:\/\/yakacompany.com\/de\/wp-json\/wp\/v2\/product_tag?post=31104"}],"curies":[{"name":"wp","href":"https:\/\/api.w.org\/{rel}","templated":true}]}}