{"id":31362,"date":"2022-06-06T09:36:17","date_gmt":"2022-06-06T07:36:17","guid":{"rendered":"https:\/\/yakacompany.com\/shop\/unkategorisiert\/pencil-case-black\/"},"modified":"2024-09-23T19:21:50","modified_gmt":"2024-09-23T17:21:50","slug":"pencil-case-black","status":"publish","type":"product","link":"https:\/\/yakacompany.com\/de\/produkt\/pencil-case-black\/","title":{"rendered":"3-in-1-Etui &#8211; Schwarz"},"content":{"rendered":"<p><strong>Verwendung 1<\/strong>: Diese gro\u00dfvolumige Stiftablage wird an den Ringen Ihres Ordners befestigt. Was f\u00fcr eine gute Idee! Entwickelt, um Ihren Schreibtisch organisiert zu halten, ist dieses gro\u00dfe Etui ideal, um alle Ihre Stifte griffbereit zu haben. Dieses Schreibetui wurde so konzipiert, dass Sie Ihre Stifte, Bleistifte, Ihren Taschenrechner, Ihren Latte Macchiato und dank eines gro\u00dfen Fachs sogar Ihren kleinen Snack transportieren k\u00f6nnen. Diese leichte Federmappe ist gro\u00df genug, um alle Ihre Schreibutensilien f\u00fcr die Schule oder das B\u00fcro aufzunehmen. Diese Federmappe ist wasserfest<\/p>\n<p><strong>Verwendung 2<\/strong>: Diese Tasche kann dem Laptop-Koffer der Marke YAKA hinzugef\u00fcgt werden, um Stifte, Schreibmaterial, Nachf\u00fcllungen und andere n\u00fctzliche und unentbehrliche Accessoires griffbereit zu halten.<\/p>\n<p><strong>Verwendung 3<\/strong>: Diese kleine Tasche wird im Handumdrehen zu Ihrem besten Freund und verwandelt sich in einen genialen, leichten Allesk\u00f6nner, den Sie in Ihre Tasche, Ihren Koffer oder sogar als kleine Handtasche stecken k\u00f6nnen &#8211; einfach und designorientiert!<\/p>\n<p><strong>Eine superpraktische Option!  <\/strong>Er passt wie von Zauberhand in die Ringe eines Ordners oder kann an der Au\u00dfenseite der YAKA Laptoptasche befestigt werden. Ein intelligentes Objekt zum kleinen Preis und mit TOP-Qualit\u00e4t. Dank seiner idealen Gr\u00f6\u00dfe k\u00f6nnen Sie darin Ihr Handy, Ihre Stifte, Ihren Taschenrechner, Ihre Schl\u00fcssel, Ihren Snack &#8230; verstauen.Wenn Sie die Tasche allein verwenden m\u00f6chten, ist das kein Problem, die beiden Ringe k\u00f6nnen umgeklappt und mit einem superstarken Klettverschluss sicher auf der R\u00fcckseite befestigt werden.<\/p>\n","protected":false},"excerpt":{"rendered":"<p><strong>3 in EINEM ist GENIAL!  <\/strong><\/p>\n<p>1. Transportiere dein Schulmaterial mit der gro\u00dfvolumigen Federmappe, die du an den Ringen deines Ordners befestigen kannst. 2 Befestige deine Tasche am YAKA Laptop Case, um das Zubeh\u00f6r deines Computers darin zu verstauen. 3 Verwende sie unabh\u00e4ngig als einfallsreiche Totempfahltasche<br \/>\n<em>Wird ohne Plastikverpackung geliefert.<\/em><\/p>\n","protected":false},"featured_media":216856,"comment_status":"closed","ping_status":"closed","template":"","meta":{"_acf_changed":false,"_et_pb_use_builder":"","_et_pb_old_content":"<strong>Verwendung 1<\/strong>  :Dieses gro\u00dfvolumige Federm\u00e4ppchen l\u00e4sst sich an den Ringen Ihres Ordners befestigen. Eine tolle Idee!Dieses gro\u00dfe Federm\u00e4ppchen wurde entwickelt, um Ihren Schreibtisch organisiert zu halten und ist ideal, um alle Ihre Stifte griffbereit zu halten.Dieses Schreibm\u00e4ppchen wurde so konzipiert, dass Sie Ihre Stifte, Bleistifte, Ihren Taschenrechner, Ihre Latte und sogar Ihren kleinen Snack dank eines gro\u00dfen Fachs transportieren k\u00f6nnenDiese leichte Federmappe ist gro\u00df genug, um alle Ihre Schreibutensilien f\u00fcr die Schule oder das B\u00fcro aufzunehmenDiese Federmappe ist wasserfest<strong>Verwendung 2<\/strong>: Diese Tasche kann dem Laptop-Koffer der Marke YAKA hinzugef\u00fcgt werden, um Stifte, Schreibmaterial, Nachf\u00fcllungen und andere n\u00fctzliche und unentbehrliche Accessoires griffbereit zu halten.<strong>Verwendung 3<\/strong>: Diese kleine Tasche wird im Handumdrehen zu Ihrem besten Freund und verwandelt sich in einen genialen, leichten Allrounder, den Sie in Ihre Tasche, Ihren Koffer oder sogar als kleine Handtasche stecken k\u00f6nnen - einfach und designorientiert dank des mitgelieferten Schulterriemens.<strong>Eine superpraktische Option!<\/strong>Er passt wie von Zauberhand in die Ringe eines Ordners oder kann au\u00dfen an der YAKA Laptoptasche befestigt werden.Ein cleveres Teil zum kleinen Preis und in TOP-Qualit\u00e4t.Dank seiner idealen Gr\u00f6\u00dfe kannst du darin dein Handy, deine Stifte, deinen Taschenrechner, deine Schl\u00fcssel, deinen Snack...Wenn du die Tasche alleine benutzen m\u00f6chtest, kein Problem, die beiden Ringe k\u00f6nnen umgeklappt und mit einem superstarken Klettverschluss sicher am R\u00fccken befestigt werden und ein bandouli\u00e8re wird mitgeliefert.","_et_gb_content_width":""},"product_brand":[3939],"product_cat":[1760],"product_tag":[3172],"class_list":{"0":"post-31362","1":"product","2":"type-product","3":"status-publish","4":"has-post-thumbnail","6":"product_brand-yaka","7":"product_cat-pencil-case-fr-de","8":"product_tag-feed-xml-de","9":"product_shipping_class-3-5d-de","11":"first","12":"instock","13":"taxable","14":"shipping-taxable","15":"purchasable","16":"product-type-simple"},"acf":{"effitrace_sku":"YAKAPEN.BLK","gen_video_link":"","gen_tva_be":21,"gen_wpml_lang":"fr","gen_code_intrastat":"42022290","gen_tags":"M\u00e4ppchen, gro\u00df, Volumen, Stifte, Zubeh\u00f6r, Befestigung, Ringe, Ordner, Schule, B\u00fcro, Laptoptasche, Aufbewahrung, Totem, genial, Transport, Schreiben, wasserfest, Federm\u00e4ppchen, Taschenrechner, GSM, Batterie, vielseitig, leicht, Telefon, Schl\u00fcssel, praktisch, Design, Koffer, Option, Magie, Klettverschluss, Laptop, Case, Telefon, Handy, Snacks","gen_very_short_description":"Gro\u00dfe Stiftablage, die an den Ringen eines Ordners befestigt werden kann, um Stifte und Schreibutensilien organisiert aufzubewahren. Kann zum YAKA-Koffer f\u00fcr Stifte und Zubeh\u00f6r hinzugef\u00fcgt werden. Leichte Tasche, die man \u00fcberall hin mitnehmen kann, voller Farben. Praktisch und widerstandsf\u00e4hig, ideal f\u00fcr Telefon, Schl\u00fcssel, Stifte.","gen_producer-id-FR-EMBM":"FR353884_01RHDD","eco-contribution-amount-fr-embm":0.0079,"gen_lucid":"DE18350771423","livraison_standard_fdp":"5,95","livraison_standard_fdpa":3,"mondial_relay_fdp":"4,06","mondial_relay_fdpa":3,"so_colissimo_fdp":"9,96","so_colissimo_fdpa":"4,5","ct_condition":"N","ct_status":"A","ct_tags":"Stiftetuis und Kugelschreiber, Mappen und Taschen, Aufbewahrung und Organisation","ct_type_produit":"Etuis f\u00fcr Bleistifte und Kugelschreiber","ct_min_qty":3,"ct_collection":"Startseite","amz_manufacturer":"Yaka Company sprl","amz_conditiontype":"New","amz_fba":"1","amz_numberofpieces":1,"amz_minimumorderquantity":1,"amz_isexpirationdatedproduct":0,"amz_supplierdeclareddghzregulation":"not_applicable","amz_arebatteriesrequired":"false","amz_bulletpoint1":"Gro\u00dfvolumiges Etui, das an den Ringen eines Ordners befestigt werden kann.","amz_bulletpoint2":"Tasche f\u00fcr Laptop-Zubeh\u00f6r von YAKA.","amz_bulletpoint3":"Einfallsreiche Tasche, die Stifte, Schreibmaterial, Minen und andere n\u00fctzliche Accessoires aufnehmen kann.","amz_bulletpoint4":"Wasserfest, um den Inhalt zu sch\u00fctzen.","amz_bulletpoint5":"Vielseitig, leicht und designorientiert, ideal zum Transportieren von Telefonen, Schl\u00fcsseln und anderen unverzichtbaren Dingen.","amz_otheritemattributes1":"Transportiert Schulmaterial und B\u00fcroutensilien.","amz_otheritemattributes2":"Befestigt an der YAKA-Laptoptasche, um das gesamte Zubeh\u00f6r eines Computers zu verstauen.","amz_otheritemattributes3":"Wird ohne Plastikverpackung geliefert.","amz_otheritemattributes4":"Kann Stifte, Taschenrechner, Telefon, Batterie und andere n\u00fctzliche Dinge enthalten.","amz_otheritemattributes5":"Praktisch und vielseitig, ideal f\u00fcr den t\u00e4glichen Gebrauch unterwegs.","amz_length":25.5,"amz_width":15.5,"amz_height":1,"amz_businessprice":"","amz_isbusinessonly":"false","amz_quantitypricetype":"percent","amz_quantityprice1":"","amz_quantitylowerbound1":"","quantityprice2":"","amz_quantitylowerbound2":"","amz_quantityprice3":"","amz_quantitylowerbound3":"","amz_numberofitems":1,"amz_size":"Taille unique","amz_type_fermeture":"Rei\u00dfverschluss","amz_departement":"Gemischt","amz_searchterms":"Stifte, Schreibger\u00e4te, Zubeh\u00f6r, Ringe, Ordner, Schule, B\u00fcro, Laptoptasche, Aufbewahrung, Tasche, Tasche, Schreibger\u00e4t, wasserfest, Federm\u00e4ppchen, vielseitig, leicht, praktisch, Design, Klettverschluss, Laptoptasche, tragbar, tragbar","amz_type_mat_ext":"600 D LUX Polyester","amz_type_tissu":"","amz_nb_compartiments":1,"amz_stylename":"Utilitaire","amz_asin":"","bol_language":"NL","bol_conditionname":"NEW","bol_stockmanagedbyretailer":"false","bol_fulfilmentmethod":"FBR","bol_fulfilmentdeliverycode":"24uurs-23","available-end-date":"2099-12-31T00:00:00.000+02:00","available-start-date":"2020-01-01T00:00:00.000+02:00","etat":"11","garantie-mois":"60","product-id-type":"EAN","logistic-class":"XS","bcouleur":"Noir","bdescriptif_court":"Gro\u00dfvolumige Tasche f\u00fcr Stifte und Zubeh\u00f6r. Wird an den Ringen des Ordners befestigt.","bdescriptif_marketing":"<p>Gro\u00dfvolumige Tasche f\u00fcr Stifte und Zubeh\u00f6r.<br>Wird an den Ringen des Ordners befestigt.<br>Praktisch in der Schule oder im B\u00fcro. Kann zur YAKA Laptoptasche hinzugef\u00fcgt werden, um zus\u00e4tzlichen, praktischen Stauraum zu schaffen.<br>Ein geniales Sammelsurium! L\u00e4sst sich leicht in die Ringe eines Ordners oder der YAKA Laptoptasche einf\u00fcgen.<br>Tragen Sie Ihre Schreib-Essentials in die Schule oder ins B\u00fcro.<br>Intelligentes 3-in-1-Etui in TOP-Qualit\u00e4t zum Minipreis.<br>Wird ohne Plastikverpackung geliefert.<br>Diese Federmappe ist wasserfest.<\/p>","bdescriptif_supp":"3 in EINEM, das ist GENIAL ! 1. Transportiere Schulmaterial und B\u00fcroutensilien mit diesem gro\u00dfvolumigen Federm\u00e4ppchen, das an den Ringen eines Ordners befestigt werden kann. 2. Befestige diese Tasche an der YAKA Laptoptasche, um alles Zubeh\u00f6r f\u00fcr einen Computer zu verstauen. 3. Verwende sie unabh\u00e4ngig davon als einfallsreiche Aufbewahrung\n\nTasche zur Befestigung an der YAKA-Laptoptasche. Kann Stifte, Schreibmaterial, Minen und anderes n\u00fctzliches Zubeh\u00f6r aufnehmen. Kleine Tasche, die sich in eine leichte und geniale Totemtasche verwandeln l\u00e4sst. Diese Mappe kann einzeln verwendet oder an den Ringen eines Ordners befestigt werden. Wasserbest\u00e4ndig\n\nGro\u00dfvolumige Stiftablage, die an den Ringen eines Ordners befestigt werden kann. Superpraktische Tasche f\u00fcr Stifte, Taschenrechner, Handy , Batterie. Vielseitige, leichte, geniale Totem-Tasche, die du \u00fcberall hin mitnehmen kannst! Ideal f\u00fcr Telefon, Schl\u00fcssel und andere unentbehrliche Dinge. Einzeln oder kombiniert zu verwenden. Praktisch und Design!","bdescriptif_qty_comp":"Tasche zur Befestigung an der YAKA-Laptoptasche.\nKann Stifte, Schreibmaterial, Minen und anderes n\u00fctzliches Zubeh\u00f6r aufnehmen.\nKleine Tasche, die sich in eine leichte und geniale Totemtasche verwandeln l\u00e4sst.\nDiese Mappe kann einzeln verwendet oder an den Ringen eines Ordners befestigt werden. Wasserbest\u00e4ndig","bdescriptif_spec":"Gro\u00dfvolumige Stiftablage, die an den Ringen eines Ordners befestigt werden kann. Superpraktische Tasche f\u00fcr Stifte, Taschenrechner, Handy , Batterie. Vielseitige, leichte, geniale Totem-Tasche, die du \u00fcberall hin mitnehmen kannst! Ideal f\u00fcr Telefon, Schl\u00fcssel und andere unentbehrliche Dinge. Einzeln oder kombiniert zu verwenden. Praktisch und Design!","cd_desc_420":"Entdecken Sie den multifunktionalen YAKA-Stifthalter! Befestigen Sie es an Ihrem Ordner, damit Sie Ihre Stifte immer griffbereit haben. Ger\u00e4umig, nimmt Stifte, Kugelschreiber, Taschenrechner, Snacks, Telefon und Schl\u00fcssel auf. Wasserbest\u00e4ndig. F\u00fcgen Sie ihn dem YAKA-Koffer hinzu. Mehrzwecktasche, leichte Tote Bag f\u00fcr Tasche, Koffer. Passt in die Ringe von YAKA-Ordnern oder -Taschen. Intelligent und erschwinglich. Klappbare Ringe f\u00fcr separaten Gebrauch.","cd_shortlabel_30":"Aufbewahrungstasche Schwarz","cd_genre":"mixte \/ adulte","cd_dicounttype":0,"iscdav":0,"cd_desc_marketing":"Verwendung 1: Diese gro\u00dfvolumige Stiftablage wird an den Ringen Ihres Ordners befestigt. Was f\u00fcr eine gute Idee! Entwickelt, um Ihren Schreibtisch organisiert zu halten, ist dieses gro\u00dfe Etui ideal, um alle Ihre Stifte griffbereit zu haben. Dieses Schreibetui wurde so konzipiert, dass Sie Ihre Stifte, Bleistifte, Ihren Taschenrechner, Ihren Latte Macchiato und dank eines gro\u00dfen Fachs sogar Ihren kleinen Snack transportieren k\u00f6nnen. Diese leichte Federmappe ist gro\u00df genug, um alle Ihre Schreibutensilien f\u00fcr die Schule oder das B\u00fcro aufzunehmen. Diese Federmappe ist wasserfest\n\nVerwendung 2: Diese Tasche kann dem Laptop-Koffer der Marke YAKA hinzugef\u00fcgt werden, um Stifte, Schreibmaterial, Nachf\u00fcllungen und andere n\u00fctzliche und unentbehrliche Accessoires griffbereit zu halten.\n\nVerwendung 3: Diese kleine Tasche wird im Handumdrehen zu Ihrem besten Freund und verwandelt sich in einen genialen, leichten Allesk\u00f6nner, den Sie in Ihre Tasche, Ihren Koffer oder sogar als kleine Handtasche stecken k\u00f6nnen - einfach und designorientiert!\n\nEine superpraktische Option! Er passt wie von Zauberhand in die Ringe eines Ordners oder kann an der Au\u00dfenseite der YAKA Laptoptasche befestigt werden. Ein intelligentes Objekt zum kleinen Preis und mit TOP-Qualit\u00e4t. Dank seiner idealen Gr\u00f6\u00dfe k\u00f6nnen Sie darin Ihr Handy, Ihre Stifte, Ihren Taschenrechner, Ihre Schl\u00fcssel, Ihren Snack ... verstauen.Wenn Sie die Tasche allein verwenden m\u00f6chten, ist das kein Problem, die beiden Ringe k\u00f6nnen umgeklappt und mit einem superstarken Klettverschluss sicher auf der R\u00fcckseite befestigt werden.","cd_name":"Yaka 3 in 1 Aufbewahrungstasche - Schwarz - gro\u00dfes Volumen, passt auf Ringbuch und Laptoptasche oder als Umh\u00e4ngetasche","cd_productpackagingunit":"CubicMeter","cd_productpackagingvalue":0.0008745,"etsy_is_supply":1,"etsy_when_made":"2020_2023","etsy_who_made":"i_did","etsy_recipient":"not_specified","etsy_should_auto_renew":"1","etsy_shop_section_id":"44669310","etsy_shipping_template_id":"208283066221","etsy_listing_id":"103","etsy_is_customizable":"no","etsy_tags":"M\u00e4ppchen, gro\u00dfes Volumen, Stifte, praktisch, Design, wasserfest, Federm\u00e4ppchen, Aktentasche, Handy, Snacks, genial, Aufbewahrung, Totempf\u00e4nge","etsy_tariff_code":"","etsy_size":"25.5x15.5x1cm","etsy_color":"schwarz","fb_age_group":"all ages","wc_faire_product_name":"Etui Yaka 3 in 1 - Schwarz 316711","wc_faire_country_manuf":"Chine","wc_faire_materials":["Nontoxic","Plastic-free"],"wc_faire_packaging":["Plastic-free","Recyclable","Recycled"],"wc_faire_production":false,"wc_faire_color":false,"wc_faire_product_lang":["English","French","German","Portuguese","Spanish"],"wc_faire_description":"<p>Entdecken Sie den multifunktionalen YAKA-Stifthalter!<\/p><p>Verwendung 1: Befestigen Sie ihn an Ihrem Ordner, um Ihre Stifte griffbereit zu haben, ideal, um Ihr B\u00fcro organisiert zu halten. Ger\u00e4umig, bietet Platz f\u00fcr Stifte, Bleistifte, Taschenrechner und Snacks. Wasserbest\u00e4ndig.<\/p><p>Verwendung 2: F\u00fcgen Sie ihn dem YAKA-Koffer f\u00fcr Stifte, Schreibzubeh\u00f6r hinzu.<\/p><p>Verwendung 3: Vielseitige Tasche, leichte Totem f\u00fcr Tasche, Koffer, Hand. Passt in die Ringe von YAKA-Ordnern oder -Taschen. Intelligent und erschwinglich, TOP-Qualit\u00e4t. Perfekte Gr\u00f6\u00dfe f\u00fcr Telefon, Stifte, Taschenrechner, Schl\u00fcssel, Snacks. Klappbare Ringe f\u00fcr separaten Gebrauch.<\/p>","grp_poids_units":1,"grp_dimensions_units":4,"Country_of_production":"CN","grp_age_range":4,"grp_gender":4,"grp_country_of_production":1,"grp_origin_of_production":"3","grp_screen_size_comp_max":false,"fcouleur_nl":" Zwart","name_nl":"3-in-1-Etui - zwart","fnac_short_description_fr":"","fnac_short_description_nl":"","fnac_leather_main_img":"","fnac_sexe":"Neutre","fnac_desc_vente":"Alle unsere Produkte sind neu und originalverpackt.","fnac_description_fr":"<p>Gro\u00dfe Stiftablage, die an den Ringen eines Ordners befestigt werden kann, um Stifte und Schreibutensilien organisiert aufzubewahren. Kann zum YAKA-Koffer f\u00fcr Stifte und Zubeh\u00f6r hinzugef\u00fcgt werden. Leichte Tasche, die man \u00fcberall hin mitnehmen kann, voller Farben. Praktisch und widerstandsf\u00e4hig, ideal f\u00fcr Telefon, Schl\u00fcssel, Stifte.<\/p>","fnac_promotion_type":false,"fnac_logistic_type_id":102,"fruugo_category":"B\u00fcrobedarf > Ordnen & Organisieren > \u221aSchreibger\u00e4te \u221a\u2020 Bleistifte & Kugelschreiber","viking_vendor_sku":"1316711","viking_warehouse_id":"Yaka Company","viking_uom":"EA","viking_manufacturer_sku":"YAKAPEN_BLK","viking_min_days_to_ship":2,"viking_max_days_to_ship":5,"viking_availability":true,"sale_delay":3,"odoo_id":"product_template_40"},"_links":{"self":[{"href":"https:\/\/yakacompany.com\/de\/wp-json\/wp\/v2\/product\/31362","targetHints":{"allow":["GET"]}}],"collection":[{"href":"https:\/\/yakacompany.com\/de\/wp-json\/wp\/v2\/product"}],"about":[{"href":"https:\/\/yakacompany.com\/de\/wp-json\/wp\/v2\/types\/product"}],"replies":[{"embeddable":true,"href":"https:\/\/yakacompany.com\/de\/wp-json\/wp\/v2\/comments?post=31362"}],"wp:featuredmedia":[{"embeddable":true,"href":"https:\/\/yakacompany.com\/de\/wp-json\/wp\/v2\/media\/216856"}],"wp:attachment":[{"href":"https:\/\/yakacompany.com\/de\/wp-json\/wp\/v2\/media?parent=31362"}],"wp:term":[{"taxonomy":"product_brand","embeddable":true,"href":"https:\/\/yakacompany.com\/de\/wp-json\/wp\/v2\/product_brand?post=31362"},{"taxonomy":"product_cat","embeddable":true,"href":"https:\/\/yakacompany.com\/de\/wp-json\/wp\/v2\/product_cat?post=31362"},{"taxonomy":"product_tag","embeddable":true,"href":"https:\/\/yakacompany.com\/de\/wp-json\/wp\/v2\/product_tag?post=31362"}],"curies":[{"name":"wp","href":"https:\/\/api.w.org\/{rel}","templated":true}]}}