{"id":31625,"date":"2021-12-21T22:53:11","date_gmt":"2021-12-21T21:53:11","guid":{"rendered":"https:\/\/yakacompany.com\/product\/yaka-custom-art-this-is-not-supreme\/"},"modified":"2023-10-27T00:17:17","modified_gmt":"2023-10-26T22:17:17","slug":"yaka-custom-art-this-is-not-supreme","status":"publish","type":"product","link":"https:\/\/yakacompany.com\/de\/produkt\/yaka-custom-art-this-is-not-supreme\/","title":{"rendered":"YaKa Custom Art &#8211; This is not SUPREME!"},"content":{"rendered":"<p>Die personalisierte YaKa <strong>&#8220;Art Collab&#8221;<\/strong> erg\u00e4nzt unser Angebot an hochwertigen Accessoires. Wir arbeiten mit <strong>Onstage83<\/strong> und ihrer K\u00fcnstlerin <strong>Bossy Custom<\/strong>, in Saint-Tropez zusammen. Jedes YaKa ist personalisiert und handbemalt. Jedes St\u00fcck ist einzigartig, signiert und nummeriert. Jedes gemalte YaKa ist das Ergebnis einer k\u00fcnstlerischen und authentischen Arbeit. Die Lieferfrist betr\u00e4gt 5 bis 21 Tage. YaKa ist der universelle Ordnertasche, der sich an alle vorhandenen Ordner anpasst. Die YaKa wird an Ihrem Binder befestigt und l\u00e4sst sich leicht tragen. Sie k\u00f6nnen sich frei bewegen und sp\u00fcren das Gewicht des Binders nicht. Ihr Ordner bleibt w\u00e4hrend der Benutzung am YaKa befestigt. Der YaKa wird aus biokompatiblem PVC hergestellt &amp; hat 2 Jahre Garantie.  <a class=\"btn btn-default\" href=\"https:\/\/yakacompany.com\/wp-content\/2020\/12\/yaka-en.pdf\" target=\"_blank\" rel=\"noopener noreferrer\">Technische Daten herunterladen<\/a><\/p>\n","protected":false},"excerpt":{"rendered":"<p>Der Yaka ist vom K\u00fcnstler pers\u00f6nlich gestaltet <strong>, signiert und nummeriert<\/strong>.<\/p>\n","protected":false},"featured_media":215326,"comment_status":"closed","ping_status":"closed","template":"","meta":{"_acf_changed":false,"_et_pb_use_builder":"","_et_pb_old_content":"","_et_gb_content_width":""},"product_brand":[],"product_cat":[331],"product_tag":[],"class_list":{"0":"post-31625","1":"product","2":"type-product","3":"status-publish","4":"has-post-thumbnail","6":"product_cat-yaka-custom-art-de","7":"product_shipping_class-3-5d-de","9":"first","10":"outofstock","11":"taxable","12":"shipping-taxable","13":"purchasable","14":"product-type-simple"},"acf":{"effitrace_sku":"","gen_video_link":"","gen_tva_be":21,"gen_wpml_lang":"fr","gen_code_intrastat":false,"gen_tags":"","gen_very_short_description":"","gen_producer-id-FR-EMBM":"FR353884_01RHDD","eco-contribution-amount-fr-embm":"0,0079","gen_lucid":"DE1835077141423","livraison_standard_fdp":"5,95","livraison_standard_fdpa":3,"mondial_relay_fdp":"4,06","mondial_relay_fdpa":3,"so_colissimo_fdp":"9,96","so_colissimo_fdpa":"4,5","ct_condition":"N","ct_status":"A","ct_tags":"","ct_type_produit":"","ct_min_qty":2,"ct_collection":"","amz_manufacturer":"Yaka Company sprl","amz_conditiontype":"New","amz_fba":0,"amz_numberofpieces":1,"amz_minimumorderquantity":1,"amz_isexpirationdatedproduct":0,"amz_supplierdeclareddghzregulation":"not_applicable","amz_arebatteriesrequired":"false","amz_bulletpoint1":"","amz_bulletpoint2":"","amz_bulletpoint3":"","amz_bulletpoint4":"","amz_bulletpoint5":"","amz_otheritemattributes1":"","amz_otheritemattributes2":"","amz_otheritemattributes3":"","amz_otheritemattributes4":"","amz_otheritemattributes5":"","amz_length":32,"amz_width":28.5,"amz_height":6,"amz_businessprice":"","amz_isbusinessonly":"false","amz_quantitypricetype":"percent","amz_quantityprice1":"","amz_quantitylowerbound1":"","quantityprice2":"","amz_quantitylowerbound2":"","amz_quantityprice3":"","amz_quantitylowerbound3":"","amz_numberofitems":0,"amz_size":"Taille unique","amz_type_fermeture":"Fermeture \u00e9clair","amz_departement":"Mixte","amz_searchterms":"","amz_type_mat_ext":"","amz_type_tissu":"","amz_nb_compartiments":"","amz_stylename":"Utilitaire","amz_asin":"","bol_language":"NL","bol_conditionname":"NEW","bol_stockmanagedbyretailer":"false","bol_fulfilmentmethod":"FBR","bol_fulfilmentdeliverycode":"24uurs-23","available-end-date":"2099-12-31T00:00:00.000+02:00","available-start-date":"2020-01-01T00:00:00.000+02:00","etat":11,"garantie-mois":60,"product-id-type":"EAN","logistic-class":"S","bcouleur":"Multicolore","bdescriptif_court":"","bdescriptif_marketing":"","bdescriptif_supp":"","bdescriptif_qty_comp":"","bdescriptif_spec":"","cd_desc_420":"","cd_shortlabel_30":"","cd_genre":"mixte \/ adulte","cd_dicounttype":0,"iscdav":0,"cd_desc_marketing":"Die personalisierte YaKa <strong>\"Art Collab\"<\/strong> erg\u00e4nzt unser Angebot an hochwertigen Accessoires.\nWir arbeiten mit <strong>Onstage83<\/strong> und ihrer K\u00fcnstlerin <strong>Bossy Custom<\/strong>, in Saint-Tropez zusammen.\n\nJedes YaKa ist personalisiert und handbemalt.\nJedes St\u00fcck ist einzigartig, signiert und nummeriert.\n\nJedes gemalte YaKa ist das Ergebnis einer k\u00fcnstlerischen und authentischen Arbeit.\n\nDie Lieferfrist betr\u00e4gt 5 bis 21 Tage.\n\nYaKa ist der universelle Ordnertasche, der sich an alle vorhandenen Ordner anpasst.\n\nDie YaKa wird an Ihrem Binder befestigt und l\u00e4sst sich leicht tragen.\n\nSie k\u00f6nnen sich frei bewegen und sp\u00fcren das Gewicht des Binders nicht. Ihr Ordner bleibt w\u00e4hrend der Benutzung am YaKa befestigt.\n\nDer YaKa ist aus biokompatiblem PVC hergestellt und hat eine Garantie von 2 Jahren.","cd_name":"","cd_productpackagingunit":"CubicMeter","cd_productpackagingvalue":"","etsy_is_supply":1,"etsy_when_made":"2020_2023","etsy_who_made":"i_did","etsy_recipient":"not_specified","etsy_should_auto_renew":"True","etsy_shop_section_id":false,"etsy_shipping_template_id":"208283066221","etsy_listing_id":"","etsy_is_customizable":"no","etsy_tags":"","etsy_tariff_code":"","etsy_size":"TU","etsy_color":"","fb_age_group":"all ages","wc_faire_product_name":"","wc_faire_country_manuf":"Chine","wc_faire_materials":["Nontoxic","Plastic-free"],"wc_faire_packaging":["Plastic-free","Recyclable","Recycled"],"wc_faire_production":false,"wc_faire_color":false,"wc_faire_product_lang":["English","French","German","Portuguese","Spanish"],"wc_faire_description":"","grp_poids_units":1,"grp_dimensions_units":4,"Country_of_production":"CN","grp_age_range":4,"grp_gender":4,"grp_country_of_production":1,"grp_origin_of_production":3,"grp_screen_size_comp_max":false,"fcouleur_nl":"Veelkleurig","name_nl":"","fnac_short_description_fr":"","fnac_short_description_nl":"","fnac_leather_main_img":"","fnac_sexe":"Neutre","fnac_desc_vente":"Tous nos produits sont neufs et sous emballage d'origine","fnac_description_fr":"","fnac_promotion_type":false,"fnac_logistic_type_id":103,"fruugo_category":"","viking_vendor_sku":"","viking_warehouse_id":"Yaka Company","viking_uom":"EA","viking_manufacturer_sku":"","viking_min_days_to_ship":2,"viking_max_days_to_ship":5,"viking_availability":true,"sale_delay":3,"odoo_id":""},"_links":{"self":[{"href":"https:\/\/yakacompany.com\/de\/wp-json\/wp\/v2\/product\/31625","targetHints":{"allow":["GET"]}}],"collection":[{"href":"https:\/\/yakacompany.com\/de\/wp-json\/wp\/v2\/product"}],"about":[{"href":"https:\/\/yakacompany.com\/de\/wp-json\/wp\/v2\/types\/product"}],"replies":[{"embeddable":true,"href":"https:\/\/yakacompany.com\/de\/wp-json\/wp\/v2\/comments?post=31625"}],"wp:featuredmedia":[{"embeddable":true,"href":"https:\/\/yakacompany.com\/de\/wp-json\/wp\/v2\/media\/215326"}],"wp:attachment":[{"href":"https:\/\/yakacompany.com\/de\/wp-json\/wp\/v2\/media?parent=31625"}],"wp:term":[{"taxonomy":"product_brand","embeddable":true,"href":"https:\/\/yakacompany.com\/de\/wp-json\/wp\/v2\/product_brand?post=31625"},{"taxonomy":"product_cat","embeddable":true,"href":"https:\/\/yakacompany.com\/de\/wp-json\/wp\/v2\/product_cat?post=31625"},{"taxonomy":"product_tag","embeddable":true,"href":"https:\/\/yakacompany.com\/de\/wp-json\/wp\/v2\/product_tag?post=31625"}],"curies":[{"name":"wp","href":"https:\/\/api.w.org\/{rel}","templated":true}]}}