{"id":39086,"date":"2022-08-04T17:31:56","date_gmt":"2022-08-04T15:31:56","guid":{"rendered":"https:\/\/yakacompany.com\/shop\/computertasche-15-6-zoll-camouflage-mit-revolutionaerer-easyfix-lasche\/"},"modified":"2024-09-23T19:18:18","modified_gmt":"2024-09-23T17:18:18","slug":"15-6-zoll-computertasche-camouflage-mit-pfote-easyfix-revolutionar","status":"publish","type":"product","link":"https:\/\/yakacompany.com\/de\/produkt\/15-6-zoll-computertasche-camouflage-mit-pfote-easyfix-revolutionar\/","title":{"rendered":"Computertasche &#8211; 15.6 Zoll &#8211; Camouflage mit revolution\u00e4rer EasyFix-Lasche"},"content":{"rendered":"<p><strong>Sie w\u00fcnschen sich eine Laptoptasche mit intelligenten Aufbewahrungsm\u00f6glichkeiten?<\/strong> <strong>Sie wollen noch mehr? Hier geht es lang!<\/strong>  Diese Laptoptasche wurde speziell daf\u00fcr entworfen, den Laptop in jeder Situation zu transportieren. Sie l\u00e4sst sich mit einem praktischen Rei\u00dfverschluss \u00f6ffnen, der mit seiner 180\u00b0-Weitwinkel\u00f6ffnung sehr praktisch ist. An der Au\u00dfenseite des Laptop-Cases kann eine Tasche angebracht werden, in der Sie z. B. auf Reisen Ihre Reisedokumente sicher verstauen k\u00f6nnen. Im Inneren der Tasche befinden sich verschiedene praktische F\u00e4cher wie zwei supergesch\u00fctzte Handytaschen und F\u00e4cher f\u00fcr Ihre Dokumente sowie zwei zus\u00e4tzliche F\u00e4cher f\u00fcr Ihre Schreibutensilien und Ihr Handy. Die Tasche l\u00e4sst sich dank des bequemen Tragegriffs bequem in der Hand oder \u00fcber der Schulter tragen (verstellbarer und einklappbarer Schultergurt im Lieferumfang enthalten). Sie wurde sogar so konzipiert, dass sie auf Reisen sicher an Ihrem Reisekoffer befestigt werden kann.  <strong>Das Nec plus ultra des digitalen Nomaden im Alltag!<\/strong>  Aber das ist noch nicht alles! Der YAKA Laptopkoffer ist mit Sicherheit der intelligenteste, der jemals entwickelt wurde! Sind Sie es leid, Ihre Wasserflasche, Ihre Trinkflasche, Ihren Regenschirm, Ihr Sandwich, Ihre Zeitung in Ihrem Laptop-Case zu transportieren? Die meisten Laptops sind zu sperrig, schwer zug\u00e4nglich, besch\u00e4digt und schmutzig.  <strong>YAKA denkt definitiv anders!<\/strong>  Sein \u00c4u\u00dferes wurde zu diesem Zweck gestaltet. Keine Gefahr mehr, dass das Innere Ihres Koffers nass, schmutzig oder misshandelt wird! Dank der EINZIGARTIGEN Au\u00dfenlasche und der rutschfesten Gummib\u00e4nder und -streifen werden Ihre Essentials zu einer Einheit mit dem Koffer. Sie sind leicht zug\u00e4nglich und trotzdem gesch\u00fctzt, ohne den Inhalt Ihres Koffers zu besch\u00e4digen. Innovationen, die unser Leben so viel einfacher machen! Danke YAKA!  <strong>Ist das nicht toll? Yes oder Yes!<\/strong><\/p>\n","protected":false},"excerpt":{"rendered":"<p><strong>Laptoptasche der n\u00e4chsten Generation:<\/strong> &#8211; Superleicht, robust und kompakt &#8211; Wasserdicht, abriebfest und sto\u00dffest  <strong>Intelligente Innenausstattung : <\/strong> &#8211; Zahlreiche Taschen zum Verstauen &#8211; Mehrlagige Innensch\u00fctzer &#8211; Easy pass cable zum Aufladen von Computer und Handy &#8211; 180\u00b0 vollst\u00e4ndige \u00d6ffnung.  <strong>Revolution\u00e4re Fix and Go&#8221;-Au\u00dfenlasche:<\/strong> &#8211; Zum Transport von Trinkflaschen, Sandwiches, Regenschirmen usw. &#8211; Wird am einziehbaren Griff Ihres Trolleys befestigt &#8211; Inklusive verstellbarem und einziehbarem Schultergurt  <strong>Mit YAKA ist es einfach, organisiert und leicht zu sein!<\/strong><\/p>\n","protected":false},"featured_media":216803,"comment_status":"closed","ping_status":"closed","template":"","meta":{"_acf_changed":false,"_et_pb_use_builder":"off","_et_pb_old_content":"<strong>Sie w\u00fcnschen sich eine Laptoptasche mit intelligenten Aufbewahrungsm\u00f6glichkeiten?<\/strong> <strong>Sie wollen noch mehr? Hier geht es lang!<\/strong>  Diese Laptoptasche wurde speziell daf\u00fcr entworfen, den Laptop in jeder Situation zu transportieren. Sie l\u00e4sst sich mit einem praktischen Rei\u00dfverschluss \u00f6ffnen, der mit seiner 180\u00b0-Weitwinkel\u00f6ffnung sehr praktisch ist. An der Au\u00dfenseite des Laptop-Cases kann eine Tasche angebracht werden, in der Sie z. B. auf Reisen Ihre Reisedokumente sicher verstauen k\u00f6nnen. Im Inneren der Tasche befinden sich verschiedene praktische F\u00e4cher wie zwei supergesch\u00fctzte Handytaschen und F\u00e4cher f\u00fcr Ihre Dokumente sowie zwei zus\u00e4tzliche F\u00e4cher f\u00fcr Ihre Schreibutensilien und Ihr Handy. Die Tasche l\u00e4sst sich dank des bequemen Tragegriffs bequem in der Hand oder \u00fcber der Schulter tragen (verstellbarer und einklappbarer Schultergurt im Lieferumfang enthalten). Sie wurde sogar so konzipiert, dass sie auf Reisen sicher an Ihrem Reisekoffer befestigt werden kann.  <strong>Das Nec plus ultra des digitalen Nomaden im Alltag!<\/strong>  Aber das ist noch nicht alles! Der YAKA Laptopkoffer ist mit Sicherheit der intelligenteste, der jemals entwickelt wurde! Sind Sie es leid, Ihre Wasserflasche, Ihre Trinkflasche, Ihren Regenschirm, Ihr Sandwich, Ihre Zeitung in Ihrem Laptop-Case zu transportieren? Die meisten Laptops sind zu sperrig, schwer zug\u00e4nglich, besch\u00e4digt und schmutzig.  <strong>YAKA denkt definitiv anders!<\/strong>  Sein \u00c4u\u00dferes wurde zu diesem Zweck gestaltet. Keine Gefahr mehr, dass das Innere Ihres Koffers nass, schmutzig oder misshandelt wird! Dank der EINZIGARTIGEN Au\u00dfenlasche und der rutschfesten Gummib\u00e4nder und -streifen werden Ihre Essentials zu einer Einheit mit dem Koffer. Sie sind leicht zug\u00e4nglich und trotzdem gesch\u00fctzt, ohne den Inhalt Ihres Koffers zu besch\u00e4digen. Innovationen, die unser Leben so viel einfacher machen! Danke YAKA!  <strong>Ist das nicht toll? Yes oder Yes!<\/strong>","_et_gb_content_width":""},"product_brand":[3939],"product_cat":[1425],"product_tag":[3172],"class_list":{"0":"post-39086","1":"product","2":"type-product","3":"status-publish","4":"has-post-thumbnail","6":"product_brand-yaka","7":"product_cat-laptop-case-fr-de","8":"product_tag-feed-xml-de","9":"product_shipping_class-3-5d-de","11":"first","12":"instock","13":"taxable","14":"shipping-taxable","15":"purchasable","16":"product-type-simple"},"acf":{"effitrace_sku":"YAKALAPT.156.CAM","gen_video_link":"","gen_tva_be":21,"gen_wpml_lang":"fr","gen_code_intrastat":"42021291","gen_tags":"Laptoptasche, intelligente, Aufbewahrung, Rei\u00dfverschluss, 180\u00b0-\u00d6ffnung, Au\u00dfentasche, Reisedokumente, Telefon, elektronische, Batterien, Taschen, super, gesch\u00fctzt, F\u00e4cher, f\u00fcr, Dokumente, Taschen, f\u00fcr, Schreibutensilien, verstellbarer, schultergurt, kabelf\u00fchrungen, aufladen, elektronischer, ger\u00e4te, tasche, koffer, reise, au\u00dfen, entworfen, flasche, feldflasche, schirm, zeitung, digital, nomade, praktisch, leicht, robust, wasserfest, einfacher, zugang, innovation, organisation","gen_very_short_description":"<p>Vielseitige Laptoptasche: 180\u00b0 \u00d6ffnung, Reisetasche, gesch\u00fctzte F\u00e4cher f\u00fcr Laptops und Dokumente, Kabeldurchf\u00fchrungen, Schultergurt. Geniale Au\u00dfenseite: Zubeh\u00f6rhalter, rutschfest. Vereinfachen Sie Ihr Leben mit dem YAKA-Koffer!<\/p>","gen_producer-id-FR-EMBM":"FR353884_01RHDD","eco-contribution-amount-fr-embm":0.0079,"gen_lucid":"DE18350771423","livraison_standard_fdp":"5,95","livraison_standard_fdpa":3,"mondial_relay_fdp":"4,06","mondial_relay_fdpa":3,"so_colissimo_fdp":"9,96","so_colissimo_fdpa":"4,5","ct_condition":"N","ct_status":"A","ct_tags":"Conf\u221a\u00a9renciers, Dokumententaschen, Computerzubeh\u00f6r, Laptops, Aufbewahrung und Organisation","ct_type_produit":"Computerzubeh\u00f6r","ct_min_qty":2,"ct_collection":"Startseite","amz_manufacturer":"Yaka Company sprl","amz_conditiontype":"New","amz_fba":"1","amz_numberofpieces":1,"amz_minimumorderquantity":1,"amz_isexpirationdatedproduct":0,"amz_supplierdeclareddghzregulation":"not_applicable","amz_arebatteriesrequired":"false","amz_bulletpoint1":"YAKA Laptop-Koffer mit intelligenten Aufbewahrungsoptionen.","amz_bulletpoint2":"180\u00b0-\u00d6ffnung mit strapazierf\u00e4higem Rei\u00dfverschluss.","amz_bulletpoint3":"Au\u00dfentasche f\u00fcr Reisedokumente und elektronische Ger\u00e4te.","amz_bulletpoint4":"Innenausstattung mit zwei gesch\u00fctzten Computertaschen, Dokumentenf\u00e4chern und zwei F\u00e4chern f\u00fcr Schreibutensilien und Telefon.","amz_bulletpoint5":"Kabelkan\u00e4le, um Ihre Ger\u00e4te unterwegs aufzuladen.","amz_otheritemattributes1":"Superleicht, robust und kompakt f\u00fcr den einfachen Transport.","amz_otheritemattributes2":"Wasserfest, abriebfest und sto\u00dffest im Innen- und Au\u00dfenbereich f\u00fcr optimalen Schutz.","amz_otheritemattributes3":"Fix and Go\"-Au\u00dfenlasche, damit Sie Ihre Essentials unbesch\u00e4digt transportieren k\u00f6nnen.","amz_otheritemattributes4":"Inklusive verstellbarem und verstaubarem Schultergurt f\u00fcr bequemes Tragen.","amz_otheritemattributes5":"Eine intelligente L\u00f6sung f\u00fcr digitale Nomaden, die Organisation und Leichtigkeit f\u00fcr den Alltag bietet.","amz_length":42,"amz_width":3,"amz_height":31.5,"amz_businessprice":"","amz_isbusinessonly":"false","amz_quantitypricetype":"percent","amz_quantityprice1":"","amz_quantitylowerbound1":"","quantityprice2":"","amz_quantitylowerbound2":"","amz_quantityprice3":"","amz_quantitylowerbound3":"","amz_numberofitems":2,"amz_size":"15,6 pouces","amz_type_fermeture":"Rei\u00dfverschluss","amz_departement":"Gemischt","amz_searchterms":"Laptoptasche intelligente Aufbewahrung Rei\u00dfverschluss 180\u00b0-\u00d6ffnung Au\u00dfentasche Dokumente Reiseutensilien verstellbarer Schultergurt Umh\u00e4ngetasche digitale Nomade praktisch leicht wasserbest\u00e4ndig Zugangserleichterung Innovation Organisation","amz_type_mat_ext":"600 D LUX Polyester","amz_type_tissu":"","amz_nb_compartiments":5,"amz_stylename":"Utilitaire","amz_asin":"","bol_language":"NL","bol_conditionname":"NEW","bol_stockmanagedbyretailer":"false","bol_fulfilmentmethod":"FBR","bol_fulfilmentdeliverycode":"24uurs-23","available-end-date":"2099-12-31T00:00:00.000+02:00","available-start-date":"2020-01-01T00:00:00.000+02:00","etat":"11","garantie-mois":"60","product-id-type":"EAN","logistic-class":"M","bcouleur":"Multicolore","bdescriptif_court":"Laptoptasche der n\u00e4chsten Generation. Leicht,robust,kompakt. Dank YAKA organisiert und legiert!","bdescriptif_marketing":"<p>Laptoptasche der n\u00e4chsten Generation. Leicht,robust,kompakt. Wasserfest, abriebfest und sto\u00dffest Innen- und Au\u00dfenbereich.<br>Inklusive verstellbarem und verstaubarem Schulterriemen.<br>Mit YAKA ist es einfach, organisiert und leicht zu sein! Dank der EINZIGARTIGEN, rutschfesten Au\u00dfenbefestigung werden Ihre manchmal sperrigen Essentials mit der Tasche zu einer Einheit: Trinkflasche, Regenschirm...<br>Einfacher Zugriff durch Schutz, ohne den inneren Inhalt Ihrer Tasche zu besch\u00e4digen.<br>Innovationen, die unser Leben so viel einfacher und praktischer machen! Ist das nicht toll?<\/p>","bdescriptif_supp":"Die YAKA Laptoptasche bietet intelligente Aufbewahrungsm\u00f6glichkeiten.  \nSie l\u00e4sst sich mit einem praktischen und robusten Rei\u00dfverschluss um 180\u00b0 \u00f6ffnen.  \nAn der Au\u00dfenseite kann eine Tasche f\u00fcr Reisedokumente, Telefon und elektronische Batterien angebracht werden.  \nIm Inneren befinden sich zwei supergesch\u00fctzte Handytaschen, F\u00e4cher f\u00fcr Dokumente und zwei Taschen f\u00fcr Schreibutensilien und Telefon.  \nZwei Kabeldurchf\u00fchrungen erm\u00f6glichen es Ihnen, Ihre Ger\u00e4te unterwegs aufzuladen. Tragen Sie sie in der Hand oder \u00fcber der Schulter mit dem mitgelieferten verstellbaren Schulterriemen.\nDie Tasche kann sicher an Ihrem Reisekoffer befestigt werden.\nDie Au\u00dfenseite ist so gestaltet, dass Sie Flasche, Wasserflasche, Regenschirm und Zeitung unbeschadet und leicht zug\u00e4nglich transportieren k\u00f6nnen.  \nEine intelligente und praktische Laptoptasche f\u00fcr den digitalen Nomaden im Alltag!","bdescriptif_qty_comp":"","bdescriptif_spec":"","cd_desc_420":"Intelligente Laptoptasche mit Aufbewahrungsoptionen f\u00fcr Digital Nomade. Speziell gestaltet erleichtert sie den Transport. 180\u00b0-Rei\u00dfverschluss\u00f6ffnung, Innenf\u00e4cher, Kabeldurchf\u00fchrungen zum Aufladen unterwegs. In der Hand oder \u00fcber der Schulter zu tragen, sichere Befestigung. Einzigartige Au\u00dfenlasche, rutschfeste Streifen, um Wasserflaschen, Regenschirme usw. ohne Besch\u00e4digungsgefahr zu transportieren. Danke YAKA!","cd_shortlabel_30":"15.6 Zoll Laptoptasche Camo","cd_genre":"mixte \/ adulte","cd_dicounttype":0,"iscdav":0,"cd_desc_marketing":"W\u00fcnschen Sie sich eine Laptoptasche mit intelligenten Aufbewahrungsm\u00f6glichkeiten? Sie m\u00f6chten noch mehr? Hier geht es lang! Dieses Laptop-Case wurde speziell f\u00fcr den Transport Ihres Laptops in jeder Situation entwickelt. Sie wird mit einem praktischen Rei\u00dfverschluss ge\u00f6ffnet, der mit seiner 180\u00b0-Weitwinkel\u00f6ffnung sehr praktisch ist. An der Au\u00dfenseite des Laptop-Case kann eine Tasche angebracht werden, in der Sie z. B. auf Reisen Ihre Reisedokumente sicher verstauen k\u00f6nnen. Im Inneren der Tasche befinden sich verschiedene praktische F\u00e4cher wie zwei supergesch\u00fctzte Handytaschen und F\u00e4cher f\u00fcr Ihre Dokumente sowie zwei zus\u00e4tzliche F\u00e4cher f\u00fcr Ihre Schreibutensilien und Ihr Handy. Zwei einfache Kabelf\u00fchrungen, damit Sie Ihre elektronischen Ger\u00e4te unterwegs aufladen k\u00f6nnen Diese Tasche l\u00e4sst sich dank ihres bequemen Griffs bequem in der Hand oder \u00fcber der Schulter tragen (ein verstellbarer und einklappbarer Schultergurt ist im Lieferumfang enthalten). Sie ist sogar so konzipiert, dass sie auf Reisen sicher an Ihrem Reisekoffer befestigt werden kann Das Nec plus ultra des digitalen Nomaden im Alltag! Aber das ist noch nicht alles! Die YAKA Laptoptasche ist die intelligenteste Tasche, die je entwickelt wurde! Sie sind es leid, Ihre Wasserflasche, Ihre Trinkflasche, Ihren Regenschirm, Ihr Sandwich, Ihre Zeitung in Ihrem Laptop-Case zu transportieren? ...sperrig, schwer zug\u00e4nglich, besch\u00e4digt, verschmutzt? YAKA denkt definitiv anders! Sein Au\u00dfenmaterial wurde genau zu diesem Zweck entworfen. Kein Risiko mehr, dass das Innere Ihres Koffers nass, schmutzig oder missbraucht wird! Dank der EINZIGARTIGEN Au\u00dfenlasche und der Anbringung von rutschfesten B\u00e4ndern und Gummib\u00e4ndern werden Ihre Essentials zu einer Einheit mit dem Koffer, sind leicht zug\u00e4nglich ALLERDINGS gesch\u00fctzt, ohne den Inhalt Ihres Koffers zu besch\u00e4digen Innovationen, die uns das Leben so viel einfacher machen! Vielen Dank, YAKA! Ist das nicht toll? Yes or Yes!","cd_name":"Laptop- und Tablet-Tasche - 15.6 Zoll - Camouflage mit EasyFix-Halterung","cd_productpackagingunit":"CubicMeter","cd_productpackagingvalue":0.00559,"etsy_is_supply":1,"etsy_when_made":"2020_2023","etsy_who_made":"i_did","etsy_recipient":"not_specified","etsy_should_auto_renew":"1","etsy_shop_section_id":"44685511","etsy_shipping_template_id":"208283066221","etsy_listing_id":"103","etsy_is_customizable":"no","etsy_tags":"Aktentasche, Laptop, Aufbewahrung, intelligent, wasserfest, Innovation, digital nomadisch, praktisch, leicht, robust, Taschen, Schultergurt, Reisekoffer","etsy_tariff_code":"","etsy_size":"42x31.5x3cm","etsy_color":"camo","fb_age_group":"all ages","wc_faire_product_name":"Laptoptasche - 15.6 Zoll - Camouflage mit EasyFix-Lasche","wc_faire_country_manuf":"Chine","wc_faire_materials":["Nontoxic","Plastic-free"],"wc_faire_packaging":["Plastic-free","Recyclable","Recycled"],"wc_faire_production":false,"wc_faire_color":false,"wc_faire_product_lang":["English","French","German","Portuguese","Spanish"],"wc_faire_description":"<p>Auf der Suche nach einem intelligenten Laptop-Case mit Aufbewahrungsoptionen? Diese Laptoptasche wurde entwickelt, um Ihr Ger\u00e4t bei jeder Gelegenheit zu transportieren. Sie l\u00e4sst sich mit einem praktischen Rei\u00dfverschluss um 180\u00b0 \u00f6ffnen. Au\u00dfen f\u00fcgen Sie eine Tasche f\u00fcr Ihre Reisedokumente hinzu. Im Inneren befinden sich zwei supergesch\u00fctzte Handytaschen, F\u00e4cher f\u00fcr Dokumente und Utensilien sowie Kabeldurchf\u00fchrungen, um Ihre Ger\u00e4te unterwegs aufzuladen. Tragen Sie sie in der Hand oder \u00fcber der Schulter mit dem verstellbaren Schulterriemen. Befestigen Sie sie auf Reisen an Ihrem Koffer. Au\u00dferdem ist YAKA innovativ und bietet ein Au\u00dfenmaterial an, das so konzipiert ist, dass Sie Ihre Flasche, Ihren Regenschirm usw. sicher und ohne Besch\u00e4digungen transportieren k\u00f6nnen. Die Anti-Rutsch-Streifen sch\u00fctzen Ihre Gegenst\u00e4nde. Eine innovative L\u00f6sung, die das Leben einfacher macht. Danke YAKA!<\/p>","grp_poids_units":1,"grp_dimensions_units":4,"Country_of_production":"CN","grp_age_range":4,"grp_gender":4,"grp_country_of_production":1,"grp_origin_of_production":"3","grp_screen_size_comp_max":"15.6","fcouleur_nl":" Veelkleurig","name_nl":"Computertas - 15,6 inch - Camouflage met revolutionaire EasyFix-tab","fnac_short_description_fr":"<p>Laptoptasche der n\u00e4chsten Generation. Leicht,robust,kompakt. Wasserfest, abriebfest und sto\u00dffest Innen- und Au\u00dfenbereich.<br>Inklusive verstellbarem und verstaubarem Schulterriemen.<br>Mit YAKA ist es einfach, organisiert und leicht zu sein! Dank der EINZIGARTIGEN, rutschfesten Au\u00dfenbefestigung werden Ihre manchmal sperrigen Essentials mit der Tasche zu einer Einheit: Trinkflasche, Regenschirm...<br>Einfacher Zugriff durch Schutz, ohne den inneren Inhalt Ihrer Tasche zu besch\u00e4digen.<\/p>","fnac_short_description_nl":"<p>Nieuwe generatie computertas. Lichtgewicht, robuust in kompakt. Water-, slijt- en stootbestendig, van binnen en van buiten.<br>Verstelbare, intrekbare Schouderriem inbegrepen.<br>Dank YAKA ist het gemakkelijk om georganiseerd en licht te zijn! Dank des einzigartigen Anti-Flip-Flops an der Dachrinne k\u00f6nnen Sie alle m\u00f6glichen Dinge auf dem Dach verstauen: Wasserflaschen, Regenschirme, etc.<br>Gemakkelijke toegang, beschermd zonder de interne inhoud van uw tas te beschadigen.<\/p>","fnac_leather_main_img":"","fnac_sexe":"Neutre","fnac_desc_vente":"Alle unsere Produkte sind neu und originalverpackt.","fnac_description_fr":"<p>Vielseitige Laptoptasche: 180\u00b0 \u00d6ffnung, Reisetasche, gesch\u00fctzte F\u00e4cher f\u00fcr Laptops und Dokumente, Kabeldurchf\u00fchrungen, Schultergurt. Geniale Au\u00dfenseite: Zubeh\u00f6rhalter, rutschfest. Vereinfachen Sie Ihr Leben mit dem YAKA-Koffer!<\/p>","fnac_promotion_type":false,"fnac_logistic_type_id":103,"fruugo_category":"Reisegep\u00e4ck und Lederwaren > Dokumententaschen","viking_vendor_sku":"1316889","viking_warehouse_id":"Yaka Company","viking_uom":"EA","viking_manufacturer_sku":"YAKALAPT_156_CAM","viking_min_days_to_ship":2,"viking_max_days_to_ship":5,"viking_availability":true,"sale_delay":3,"odoo_id":"product_template_67"},"_links":{"self":[{"href":"https:\/\/yakacompany.com\/de\/wp-json\/wp\/v2\/product\/39086","targetHints":{"allow":["GET"]}}],"collection":[{"href":"https:\/\/yakacompany.com\/de\/wp-json\/wp\/v2\/product"}],"about":[{"href":"https:\/\/yakacompany.com\/de\/wp-json\/wp\/v2\/types\/product"}],"replies":[{"embeddable":true,"href":"https:\/\/yakacompany.com\/de\/wp-json\/wp\/v2\/comments?post=39086"}],"wp:featuredmedia":[{"embeddable":true,"href":"https:\/\/yakacompany.com\/de\/wp-json\/wp\/v2\/media\/216803"}],"wp:attachment":[{"href":"https:\/\/yakacompany.com\/de\/wp-json\/wp\/v2\/media?parent=39086"}],"wp:term":[{"taxonomy":"product_brand","embeddable":true,"href":"https:\/\/yakacompany.com\/de\/wp-json\/wp\/v2\/product_brand?post=39086"},{"taxonomy":"product_cat","embeddable":true,"href":"https:\/\/yakacompany.com\/de\/wp-json\/wp\/v2\/product_cat?post=39086"},{"taxonomy":"product_tag","embeddable":true,"href":"https:\/\/yakacompany.com\/de\/wp-json\/wp\/v2\/product_tag?post=39086"}],"curies":[{"name":"wp","href":"https:\/\/api.w.org\/{rel}","templated":true}]}}