{"id":1079,"date":"2020-09-30T00:16:14","date_gmt":"2020-09-30T00:16:14","guid":{"rendered":"https:\/\/www.yakacompany.com?p=1079"},"modified":"2021-10-26T17:09:47","modified_gmt":"2021-10-26T15:09:47","slug":"condiciones-generales-es","status":"publish","type":"page","link":"https:\/\/yakacompany.com\/es\/condiciones-generales-es\/","title":{"rendered":"Condiciones generales"},"content":{"rendered":"<h1>CONDICIONES GENERALES&nbsp;<\/h1>\n<h2>CL\u00c1USULA 1 &#8211; OBJETIVO&nbsp;<\/h2>\n<p>El presente documento (Condiciones Generales de Venta) define las condiciones que se aplican a las ventas realizadas entre, por una parte, cualquier persona que navegue por el sitio www.yakacompany.com, en adelante el Usuario, y por otra parte, la sociedad SPRL YaKa, inscrita en el BCE con el n\u00famero 0670820821, con domicilio social en Rue Achille Fi\u00e9vez, 16 1474 Ways, B\u00e9lgica, propietaria del presente sitio.<\/p>\n<p>En consecuencia, al acceder y utilizar el sitio www.yakacompany.com, el Usuario acepta el cumplimiento de la totalidad de las condiciones de uso descritas a continuaci\u00f3n. Se informa al Usuario que estas condiciones pueden ser actualizadas en cualquier momento. Por ello, deben consultar esta p\u00e1gina con regularidad para tener conocimiento de cualquier cambio que se produzca en ella.<\/p>\n<p>Todas las personas discapacitadas, en particular en el sentido del art\u00edculo 1123 y siguientes del C\u00f3digo Civil, no pueden de ninguna manera realizar compras en el presente sitio.<\/p>\n<h2>CL\u00c1USULA 2 &#8211; ORDEN<\/h2>\n<p>Los productos que se ofrecen a la venta en el sitio www.yakacompany.com son el YaKa, un producto innovador y patentado, un portacarpetas universal que se adapta a todas las carpetas habituales en el mundo.<\/p>\n<p>El YaKa se adapta a todas las carpetas de una altura de 4 cm a 8 cm.&nbsp;<\/p>\n<p>La marca YaKa es una marca registrada. Todo robo y uso no autorizado de dicha marca ser\u00e1 objeto de acciones penales ante los tribunales competentes.<\/p>\n<p>Las caracter\u00edsticas del YaKa est\u00e1n predefinidas de la forma m\u00e1s completa posible en el sitio www.yakacompany.com en la p\u00e1gina web del producto (tipos de letra, fotograf\u00edas ilustrativas, descripciones, etc.), lo que permite al Usuario ver las caracter\u00edsticas esenciales del YaKa que va a pedir antes de realizar el pedido definitivo. El Usuario reconoce que su aceptaci\u00f3n se realiza en consideraci\u00f3n a estas descripciones. Todas las disputas relacionadas con la naturaleza del art\u00edculo deben remitirse a la ficha de descripci\u00f3n del producto.<\/p>\n<p>El proceso de pedido es el siguiente:<\/p>\n<ul>\n<li>Elecci\u00f3n de art\u00edculos y sus caracter\u00edsticas esenciales;<\/li>\n<li>A\u00f1adir a la cesta;<\/li>\n<li>Confirmar el contenido de la cesta;<\/li>\n<li>Iniciar sesi\u00f3n en el sitio yakacompany.com, si el usuario no ha iniciado ya la sesi\u00f3n;<\/li>\n<li>Elecci\u00f3n del m\u00e9todo de entrega;<\/li>\n<li>Elecci\u00f3n de la forma de pago y aceptaci\u00f3n de las T y C ;<\/li>\n<li>Confirmaci\u00f3n del pago;<\/li>\n<\/ul>\n<p>Durante estas diferentes etapas, el Usuario puede ver el detalle de su pedido y su precio total, as\u00ed como corregir cualquier error, antes de confirmar el pedido.<\/p>\n<p>La confirmaci\u00f3n del pedido implica la aceptaci\u00f3n de las presentes condiciones de venta, el reconocimiento de que el Usuario las conoce perfectamente y la renuncia a la no prevalencia de otras condiciones. Todos los datos facilitados durante el pedido y la confirmaci\u00f3n de \u00e9ste equivalen a una prueba de la transacci\u00f3n.<\/p>\n<p>Una vez confirmado el pedido en el sitio, el Usuario reconoce que su aceptaci\u00f3n equivale a un compromiso firme e irrevocable: la venta se considera completa, y su precio es inmediatamente pagadero por el Usuario. En ese caso, el usuario ya no tiene derecho a rectificaci\u00f3n, cambio o devoluci\u00f3n.<\/p>\n<p>A continuaci\u00f3n, YaKa Company env\u00eda un correo electr\u00f3nico de confirmaci\u00f3n del pedido. Este correo electr\u00f3nico s\u00f3lo confirma la recepci\u00f3n del pedido por parte de YaKa Company.<\/p>\n<p>Una vez confirmado el pedido, el plazo de fabricaci\u00f3n de determinados modelos de YaKa es de aproximadamente 4 a 6 semanas. La empresa YaKa env\u00eda un correo electr\u00f3nico informativo al usuario cuando se realiza su YaKa. Ninguno de estos correos electr\u00f3nicos equivale a la aceptaci\u00f3n del pedido. No se forma ning\u00fan contrato de venta entre las partes hasta que la empresa YaKa haya enviado la confirmaci\u00f3n por correo electr\u00f3nico de que los productos solicitados han sido enviados al Usuario, y s\u00f3lo los productos enumerados en el correo electr\u00f3nico de confirmaci\u00f3n del env\u00edo forman parte del objeto de dicho contrato.<\/p>\n<p>YaKa Company se reserva el derecho de cancelar o rechazar cualquier pedido de un usuario con el que exista una disputa relacionada con el pago de un pedido anterior, o que suponga un riesgo de cualquier tipo en su opini\u00f3n.<\/p>\n<p>La empresa YaKa se compromete a atender los pedidos recibidos en su p\u00e1gina web s\u00f3lo dentro del l\u00edmite de las existencias disponibles. En caso de que alguno o varios de los art\u00edculos solicitados no est\u00e9n disponibles, la empresa se compromete a informar al Usuario de ello lo antes posible y, en su caso, a reembolsarlo en un plazo m\u00e1ximo de 45 d\u00edas tras el pago de las cantidades remitidas. El pedido del usuario se cancelar\u00e1 autom\u00e1ticamente. Si se ha enviado un correo electr\u00f3nico informando al Usuario de los plazos de producci\u00f3n para mantenerle informado de los plazos de entrega aproximados, y si no se ha dirigido ninguna cancelaci\u00f3n de pedido a contact@yakacompany.com , el pedido y la entrega se realizar\u00e1n tan pronto como se produzca el YaKa.<\/p>\n<h2>CL\u00c1USULA 3 &#8211; PRECIO<\/h2>\n<p>Todos los precios mencionados en el sitio www.yakacompany.com se indican en euros, con todos los impuestos incluidos, sin incluir la parte de los gastos de env\u00edo.<\/p>\n<p>La duraci\u00f3n de la validez de los precios de los art\u00edculos ofrecidos en el sitio www.yakacompany.com es de 24 horas a partir de su publicaci\u00f3n en dicho sitio. Los art\u00edculos se facturan sobre la base de las tarifas vigentes en el momento del registro del pedido.<\/p>\n<p>El precio se paga en su totalidad, en un solo pago.<\/p>\n<p>Los art\u00edculos siguen siendo propiedad de YaKa Company hasta que la empresa haya cobrado el precio completo.<\/p>\n<p>YaKa Company hace todo lo posible para garantizar que todos los detalles, descripciones y precios que aparecen en su sitio sean exactos, pero pueden surgir errores. En caso de advertirse un error en los precios de los productos que el Usuario ha pedido, uno de los miembros de la empresa YaKa le informar\u00e1 de ello a la mayor brevedad posible a trav\u00e9s de un correo electr\u00f3nico y le dar\u00e1 la opci\u00f3n de confirmar el pedido al precio real o anularlo.<\/p>\n<p>El pago debe ser efectuado por el Usuario inmediatamente despu\u00e9s de la realizaci\u00f3n del pedido. A continuaci\u00f3n, el Usuario procede al pago de su pedido a trav\u00e9s del sistema Ingenico Payment Services o de PayPal. El pedido se procesar\u00e1 tras recibir la aprobaci\u00f3n de Ingenico Payment Services o PayPal, de acuerdo con el procedimiento descrito en la cl\u00e1usula 4.<\/p>\n<p>El sitio puede entregar una factura electr\u00f3nica. En este caso, el Usuario est\u00e1 obligado a especificar la direcci\u00f3n de correo electr\u00f3nico a la que debe enviarse la factura.<\/p>\n<h3>Condiciones de pago del IVA:<\/h3>\n<p>Salvo indicaci\u00f3n contraria, los precios indicados en el sitio web incluyen el IVA al tipo belga.<\/p>\n<p><strong>&#8211; Env\u00edo dentro de B\u00e9lgica:<\/strong><\/p>\n<p>Particulares y empresas: la venta incluye el IVA al tipo belga del 21%.<\/p>\n<p><strong>&#8211; Env\u00edo a otro pa\u00eds de la Comunidad Europea:<\/strong><\/p>\n<p>Particulares: la venta incluye el IVA al tipo belga del 21%.<\/p>\n<p>Empresas: la venta excluye el IVA (siempre que se facilite un n\u00famero de IVA intracomunitario).<\/p>\n<h2>CL\u00c1USULA 4 &#8211; FORMAS DE PAGO<\/h2>\n<p>El sitio ha optado por recibir pagos con tarjeta de cr\u00e9dito a trav\u00e9s del sistema de pago seguro Ingenico Payment Services, que encripta toda la informaci\u00f3n relativa al uso de la tarjeta durante la operaci\u00f3n de pago en l\u00ednea a trav\u00e9s del sitio.<\/p>\n<p>Se aceptan las siguientes tarjetas: Visa, MasterCard o American Express. La p\u00e1gina de pago en l\u00ednea pide al usuario que introduzca el n\u00famero de la tarjeta, la fecha de caducidad y el c\u00f3digo de seguridad (n\u00famero de tres cifras que figura en el reverso de la tarjeta).<\/p>\n<p>El sitio no se hace responsable de las consecuencias del uso (fraudulento o no) de la tarjeta de cr\u00e9dito que pudieran hacer terceros, incluso a trav\u00e9s de la intermediaci\u00f3n de mensajes interceptados.<\/p>\n<p>Una vez finalizado su pedido, el usuario es redirigido al sitio seguro de Ingenico Payment Services para realizar la transacci\u00f3n de pago completa. Este mecanismo garantiza la confidencialidad de los datos de pago (en particular, los n\u00fameros de las tarjetas de cr\u00e9dito), ya que el sitio nunca descubre el n\u00famero de la tarjeta de cr\u00e9dito del usuario, que la entidad financiera recibe de forma cifrada. El sitio recibe un certificado emitido por Verisign, que confirma la existencia real de Ingenico Payment Services y el uso de un certificado SSL para la codificaci\u00f3n de datos confidenciales.&nbsp;<\/p>\n<p>Una vez aceptado y confirmado el pago, Ingenico Payment Services procede a la verificaci\u00f3n y realizaci\u00f3n del mismo.&nbsp;<\/p>\n<h2>CL\u00c1USULA 5 &#8211; RIESGOS DE PROPIEDAD<\/h2>\n<p>La transferencia de la propiedad del producto s\u00f3lo tiene lugar tras el pago \u00edntegro del precio del producto, independientemente de su fecha de entrega.<\/p>\n<p>La transferencia de los riesgos tiene lugar en el momento de la entrega del producto al Usuario, si \u00e9ste es un particular (consumidor en el sentido de la ley belga de 6 de abril de 2010 relativa a las pr\u00e1cticas de mercado y a la protecci\u00f3n de los consumidores).<\/p>\n<p>Si se trata de una venta a un empresario, el riesgo de p\u00e9rdida se transfiere a \u00e9ste en cuanto el paquete se entrega al transportista.<\/p>\n<p>La fecha indicada en el documento de entrega es una prueba v\u00e1lida de la fecha de entrega.&nbsp;<\/p>\n<h2>CL\u00c1USULA 6 &#8211; ENV\u00cdO Y ENTREGA<\/h2>\n<h2>CL\u00c1USULA 7 &#8211; DEVOLUCIONES<\/h2>\n<p>De conformidad con la ley belga relativa a las pr\u00e1cticas de mercado y a la protecci\u00f3n de los consumidores del 6 de abril de 2010, en lo que respecta a los bienes vendidos en el sitio www.yakacompany.com, el consumidor no tiene derecho a desistir de la compra (derecho de desistimiento), derecho de devoluci\u00f3n o derecho a cambiar los productos.<\/p>\n<p>Una vez confirmado el pedido en el sitio, el Usuario reconoce que su aceptaci\u00f3n se realiza en plena consideraci\u00f3n de la descripci\u00f3n del YaKa, objeto de la venta, y que equivale a un compromiso firme e irrevocable. La venta se considera entonces completa, y su precio es pagadero inmediatamente. A partir de este momento, el Usuario no tiene derecho a rectificaci\u00f3n, cambio o devoluci\u00f3n.<\/p>\n<p>El YaKa tiene una garant\u00eda de 2 a\u00f1os. Si se produce alg\u00fan problema con el YaKa durante este periodo, s\u00f3lo tiene que enviarnos un correo electr\u00f3nico a la siguiente direcci\u00f3n: contact@yakacompany.com y estaremos encantados de responder y hacer lo necesario para realizar un cambio teniendo en cuenta que el YaKa se ha utilizado dentro del \u00e1mbito de su funci\u00f3n inicial y prevista. El YaKa debe ser devuelto, a su cargo, a la direcci\u00f3n indicada m\u00e1s abajo y le ser\u00e1 devuelto gratuitamente en un plazo de 2 a 4 semanas a contar desde la fecha de recepci\u00f3n.<\/p>\n<p>Empresa YaKa<br \/>\nA la atenci\u00f3n de Alexandra Lousse<br \/>\nRue Achille Fi\u00e9vez ,16<br \/>\n1474 Maneras<br \/>\nB\u00e9lgica<\/p>\n<p>Si el YaKa ya no est\u00e1 en garant\u00eda, por supuesto puede ponerse en contacto con nosotros por correo electr\u00f3nico en la siguiente direcci\u00f3n: contact@yakacompany.com<\/p>\n<h2>CL\u00c1USULA 8 &#8211; RESPONSABILIDAD<\/h2>\n<p>La empresa YaKa no se hace responsable en ning\u00fan caso del retraso o de la no ejecuci\u00f3n del pedido si \u00e9stos se deben a una causa t\u00e9cnica o a cualquier otra causa ajena a su voluntad. En este caso, el sitio tiene derecho a retrasar el transporte y la entrega, o a cancelar el pedido.&nbsp;<\/p>\n<p>La responsabilidad de la empresa no puede en ning\u00fan caso comprometerse por todos los inconvenientes o da\u00f1os inherentes a la utilizaci\u00f3n de Internet, en particular una interrupci\u00f3n del servicio, una intrusi\u00f3n externa o la presencia de virus inform\u00e1ticos, o cualquier otro hecho calificado como caso fortuito.&nbsp;<\/p>\n<p>El contenido disponible en el sitio de Internet www.yakacompany.com se muestra sin ninguna garant\u00eda de exactitud. La empresa YaKa no se hace responsable de los da\u00f1os resultantes; esto incluye los da\u00f1os directos e indirectos, o la p\u00e9rdida de disfrute resultante del uso del sitio.&nbsp;<\/p>\n<p>YaKa Company se reserva el derecho de realizar modificaciones en su sitio y en su contenido en cualquier momento, incluyendo las tarifas, descripciones y existencias, sin notificar a los usuarios, est\u00e9n o no registrados. Las fotograf\u00edas e ilustraciones que acompa\u00f1an a los productos en el sitio de Internet www.yakacompany.com no tienen valor contractual y no pueden en ning\u00fan caso comprometer la responsabilidad de la empresa YaKa.<\/p>\n<p>YaKa Company se reserva el derecho de retirar o modificar determinados servicios o elementos del sitio sin previo aviso. La empresa tambi\u00e9n se reserva el derecho, en cualquier momento y por cualquier motivo, de modificar o interrumpir, temporal o definitivamente, todo o parte del acceso al sitio sin informar al Usuario de ello. La empresa no puede en ning\u00fan caso ser responsable de los da\u00f1os directos o indirectos asociados a una modificaci\u00f3n, suspensi\u00f3n o interrupci\u00f3n del acceso al sitio. Adem\u00e1s, la empresa YaKa puede limitar el acceso a determinadas partes o a la totalidad de su sitio de Internet www.yakacompany.com&nbsp;<\/p>\n<p>El sitio de Internet www.yakacompany.com puede contener enlaces de hipertexto que remiten al Usuario a otros sitios. La responsabilidad de la empresa no podr\u00e1 ser comprometida en ning\u00fan caso por el contenido de estas p\u00e1ginas web en caso de que sean contrarias a las disposiciones legales y reglamentarias vigentes, ni por las consecuencias de su utilizaci\u00f3n por parte del Usuario.<\/p>\n<p>YaKa Company no es responsable del fraude o la negligencia de sus empleados, subcontratistas y agencias de ejecuci\u00f3n.&nbsp;<\/p>\n<h2>CL\u00c1USULA 9 &#8211; PROPIEDAD INTELECTUAL<\/h2>\n<p>Todos los modelos, textos, comentarios, obras, ilustraciones e im\u00e1genes reproducidos en el sitio de Internet www.yakacompany.com son de su propiedad exclusiva y est\u00e1n protegidos por el derecho de propiedad intelectual y\/o industrial en todo el mundo.&nbsp;<\/p>\n<p>Los usuarios pueden almacenar, imprimir y mostrar el contenido suministrado s\u00f3lo para su uso personal. Los usuarios no est\u00e1n autorizados a publicar, manejar, distribuir o reproducir, en cualquier formato, cualquier parte o todo el contenido de este sitio. No podr\u00e1n en ning\u00fan caso modificar, traducir, desmenuzar, descompilar, desensamblar o crear trabajos derivados basados en el software o en la documentaci\u00f3n adjunta suministrada por YaKa Company.&nbsp;<\/p>\n<p>La marca &#8220;YaKa&#8221; es una marca registrada y pertenece exclusivamente a YaKa Company SPRL.&nbsp;<\/p>\n<p>No se autoriza al Usuario a utilizar esta marca de ninguna manera. El Usuario acepta que no utilizar\u00e1 estas marcas o las que se le parezcan sin el acuerdo previo por escrito de la empresa.&nbsp;<\/p>\n<p>Se proh\u00edbe formalmente todo enlace de hipertexto a este sitio web, o el uso de la t\u00e9cnica de &#8220;framing&#8221; o &#8220;in-line linking&#8221;, sin el consentimiento previo por escrito de YaKa Company.&nbsp;<\/p>\n<h2>CL\u00c1USULA 10 &#8211; POL\u00cdTICA DE CONFIDENCIALIDAD<\/h2>\n<p>En cumplimiento de la ley belga del 8 de diciembre de 1992 relativa a la salvaguarda de la vida privada en lo que respecta al tratamiento de datos personales, la empresa YaKa se compromete a proteger la privacidad de sus usuarios.&nbsp;<\/p>\n<h3>Recogida y uso de la informaci\u00f3n<\/h3>\n<p>El sitio de Internet www.yakacompany.com se reserva el derecho de recopilar datos relativos al Usuario, en particular cuando \u00e9ste realiza un pedido en el sitio. Todos los datos personales recogidos est\u00e1n destinados exclusivamente al uso interno de la empresa YaKa.&nbsp;<\/p>\n<p>La informaci\u00f3n y los datos relativos al Usuario, solicitados por el sitio de Internet www.yakacompany.com, son necesarios para el registro y seguimiento de su pedido, y para la correcta gesti\u00f3n comercial de la empresa YaKa. Tambi\u00e9n permiten a la empresa proporcionar servicios personalizados a sus usuarios y mejorar la relevancia de la informaci\u00f3n que se les ofrece. Al utilizar este sitio, el Usuario da su consentimiento al tratamiento de los datos personales que se describen a continuaci\u00f3n, y garantiza que todos los datos facilitados por \u00e9l son correctos. Los datos recogidos en el sitio son los siguientes: apellido, nombre, fecha de nacimiento, direcci\u00f3n de correo electr\u00f3nico, direcci\u00f3n, pa\u00eds, n\u00famero de tel\u00e9fono, n\u00famero de tarjeta de cr\u00e9dito y fecha de caducidad. Se informa al usuario de que esta informaci\u00f3n se trata de forma autom\u00e1tica.&nbsp;<\/p>\n<h3>Boletines de noticias:<\/h3>\n<p>Cuando el Usuario visita el sitio de Internet www.yakacompany.com o lo env\u00eda por correo electr\u00f3nico, da su consentimiento para recibir comunicaciones electr\u00f3nicas de la empresa YaKa, como por ejemplo boletines informativos, y estar as\u00ed informado peri\u00f3dicamente de las ofertas del sitio.&nbsp;<\/p>\n<p>Pueden darse de baja de este bolet\u00edn haciendo clic en el enlace que aparece en la parte inferior de cada bolet\u00edn o en el sitio de Internet www.yakacompany.com.&nbsp;<\/p>\n<h3>Las galletas:<\/h3>\n<p>La empresa YaKa se reserva el derecho de recoger datos relativos al Usuario, en particular mediante el uso de cookies (un peque\u00f1o archivo enviado por un servidor de Internet, que se guarda en el disco duro del ordenador).&nbsp;<\/p>\n<p>Estas cookies se utilizan para recopilar de forma an\u00f3nima informaci\u00f3n relativa a las p\u00e1ginas y elementos consultados del sitio. Esta informaci\u00f3n no puede asociarse a datos que permitan identificar personalmente al usuario, pero se agrupa para informar a la empresa sobre el uso que el p\u00fablico hace del sitio. La informaci\u00f3n relativa a los art\u00edculos que el Usuario a\u00f1ade a su cesta se almacena para que estas selecciones no se pierdan de una visita a otra, pero la identidad del Usuario permanece desconocida para la empresa YaKa, a menos que realice un pedido.&nbsp;<\/p>\n<p>El Usuario puede desactivar el uso de cookies en cualquier momento seleccionando la configuraci\u00f3n adecuada en su navegador. No obstante, se advierte al Usuario que esto puede impedir el acceso a determinadas funcionalidades del sitio web.&nbsp;<\/p>\n<p>Cuando el Usuario navega por el sitio web, las cookies de las empresas asociadas pueden ser colocadas en el ordenador del Usuario. La finalidad de estas cookies es identificar los elementos consultados o comprados en el sitio de Internet www.yakacompany.com y recoger datos de navegaci\u00f3n para personalizar la oferta publicitaria dirigida al Usuario fuera del sitio.&nbsp;<\/p>\n<p>En el marco de esta publicidad patrocinada, la empresa YaKa podr\u00e1 transmitir a sus socios datos relativos a los art\u00edculos consultados por el Usuario y a la naturaleza de sus compras.&nbsp;<\/p>\n<h3>Derecho de acceso y rectificaci\u00f3n:<\/h3>\n<p>En cumplimiento de la ley del 8 de diciembre de 1992 relativa a la salvaguarda de la vida privada en lo que respecta al tratamiento de los datos de car\u00e1cter personal, el Usuario tiene derecho a acceder, rectificar, modificar y eliminar los datos en cualquier momento enviando un correo electr\u00f3nico a contact@yakacompany.com&nbsp;<\/p>\n<p>YaKa Company se reserva el derecho de realizar modificaciones en su pol\u00edtica de confidencialidad en cualquier momento y por cualquier motivo.&nbsp;<\/p>\n<h2>CL\u00c1USULA 11 &#8211; NULIDAD&nbsp;<\/h2>\n<p>Si alguna parte de las presentes Condiciones Generales de Venta se considera inv\u00e1lida, ello no afectar\u00e1 en modo alguno a las dem\u00e1s cl\u00e1usulas, que seguir\u00e1n en vigor.&nbsp;<\/p>\n<p>Si falta alguna condici\u00f3n, se regir\u00e1 por los procedimientos de las empresas de venta a distancia que tienen su sede en B\u00e9lgica.&nbsp;<\/p>\n<h2>CL\u00c1USULA 12 &#8211; DURACI\u00d3N<\/h2>\n<p>Los presentes t\u00e9rminos y condiciones se aplican a toda la duraci\u00f3n de la presencia en l\u00ednea de los servicios ofrecidos por la empresa YaKa.&nbsp;<\/p>\n<h2>CL\u00c1USULA 13 &#8211; PRUEBAS<\/h2>\n<p>Los registros inform\u00e1ticos conservados en los sistemas inform\u00e1ticos de la empresa YaKa y de sus socios en condiciones razonables de seguridad ser\u00e1n considerados como prueba de las comunicaciones, pedidos y pagos que se produzcan entre las partes.&nbsp;<\/p>\n<h2>CL\u00c1USULA 14 &#8211; LEY APLICABLE Y COMPETENCIA<\/h2>\n<p>Las presentes condiciones est\u00e1n sujetas a la legislaci\u00f3n belga. En caso de litigio, se aplica el derecho belga y los tribunales del distrito de Nivelles son los \u00fanicos competentes.<\/p>\n<h3>Contacte con<\/h3>\n<p>Empresa YaKa<br \/>\nCalle Achille Fi\u00e9vez,16<br \/>\n1474 CAMINOS<br \/>\nB\u00c9LGICA<\/p>\n<p>Correo electr\u00f3nico : contact@yakacompany.com<\/p>\n","protected":false},"excerpt":{"rendered":"<p>CONDICIONES GENERALES&nbsp; CL\u00c1USULA 1 &#8211; OBJETIVO&nbsp; El presente documento (Condiciones Generales de Venta) define las condiciones que se aplican a las ventas realizadas entre, por una parte, cualquier persona que navegue por el sitio www.yakacompany.com, en adelante el Usuario, y por otra parte, la sociedad SPRL YaKa, inscrita en el BCE con el n\u00famero 0670820821, [&hellip;]<\/p>\n","protected":false},"author":151,"featured_media":0,"parent":0,"menu_order":80,"comment_status":"open","ping_status":"closed","template":"","meta":{"_acf_changed":false,"_et_pb_use_builder":"","_et_pb_old_content":"","_et_gb_content_width":"","footnotes":""},"class_list":["post-1079","page","type-page","status-publish","hentry"],"acf":[],"_links":{"self":[{"href":"https:\/\/yakacompany.com\/es\/wp-json\/wp\/v2\/pages\/1079","targetHints":{"allow":["GET"]}}],"collection":[{"href":"https:\/\/yakacompany.com\/es\/wp-json\/wp\/v2\/pages"}],"about":[{"href":"https:\/\/yakacompany.com\/es\/wp-json\/wp\/v2\/types\/page"}],"author":[{"embeddable":true,"href":"https:\/\/yakacompany.com\/es\/wp-json\/wp\/v2\/users\/151"}],"replies":[{"embeddable":true,"href":"https:\/\/yakacompany.com\/es\/wp-json\/wp\/v2\/comments?post=1079"}],"version-history":[{"count":0,"href":"https:\/\/yakacompany.com\/es\/wp-json\/wp\/v2\/pages\/1079\/revisions"}],"wp:attachment":[{"href":"https:\/\/yakacompany.com\/es\/wp-json\/wp\/v2\/media?parent=1079"}],"curies":[{"name":"wp","href":"https:\/\/api.w.org\/{rel}","templated":true}]}}