{"id":15770,"date":"2022-02-18T15:03:17","date_gmt":"2022-02-18T14:03:17","guid":{"rendered":"https:\/\/yakacompany.com\/produit\/yaka-cuero-blanco\/"},"modified":"2023-09-19T00:32:49","modified_gmt":"2023-09-18T22:32:49","slug":"yaka-cuir-blanco","status":"publish","type":"product","link":"https:\/\/yakacompany.com\/es\/producto\/yaka-cuir-blanco\/","title":{"rendered":"YaKa Cuero Blanco"},"content":{"rendered":"<p class=\"p1\"><b>El portafolios\/documentos universal.<\/b>  Se adapta a todas las carpetas y portadocumentos del mercado (formato A4 de 40 a 80 mm). El portacarpetas se acopla a su carpeta y se mantiene en su sitio mientras la utiliza. El portafolios consta de un cuerpo principal y una correa de 120 cm que puede adaptarse en tres longitudes: 96 cm, 104 cm o 112 cm. F\u00e1cil de transportar con el asa o la correa para el hombro. El portacarpetas est\u00e1 hecho de PVC biocompatible. Este objeto de transporte tiene una garant\u00eda de 5 a\u00f1os. Nuestra marca Yaka y nuestros productos est\u00e1n protegidos internacionalmente.<\/p>\n","protected":false},"excerpt":{"rendered":"<p><strong>YAKA LEATHER 100% hecho a mano. Garant\u00eda de por vida.<\/strong><\/p>\n<p>El portacarpetas YAKA A4 est\u00e1 hecho de cuero granulado. Hecho a mano . Un dise\u00f1o preciso y un acabado perfecto. Utilizaci\u00f3n de una piel de vaca excepcional, digna de los m\u00e1s grandes fabricantes de art\u00edculos de cuero de lujo. Este lujoso portadocumentos es igualmente adecuado para hombres y mujeres din\u00e1micos cuya organizaci\u00f3n es su principal activo.<\/p>\n<p>Este cuero excepcional cuenta con la certificaci\u00f3n ISO 14001 &#8211; <strong>Cuero de vaca europeo &#8211;<\/strong> Certificado ecol\u00f3gico &#8211; Resistente al fuego &#8211; Cumple con REACH &#8211; El cuero est\u00e1 &#8220;Libre de sustancias nocivas<\/p>\n<p>Quer\u00edamos la piel m\u00e1s bonita y flexible para crear una carpeta que no tuviera nada que envidiar a las grandes marcas de lujo europeas.<\/p>\n","protected":false},"featured_media":213657,"comment_status":"open","ping_status":"closed","template":"","meta":{"_acf_changed":false,"_et_pb_use_builder":"on","_et_pb_old_content":"<p><strong>El portafolios\/documentos universal.<\/strong>  Se adapta a todas las carpetas y portadocumentos del mercado (formato A4 de 40 a 80 mm). El portacarpetas se acopla a su carpeta y se mantiene en su sitio mientras la utiliza. El portafolios consta de un cuerpo principal y una correa de 120 cm que puede adaptarse en tres longitudes: 96 cm, 104 cm o 112 cm. F\u00e1cil de transportar con el asa o la correa para el hombro. El portacarpetas est\u00e1 hecho de PVC biocompatible. Este objeto de transporte tiene una garant\u00eda de 5 a\u00f1os. Nuestra marca Yaka y nuestros productos est\u00e1n protegidos internacionalmente.<\/p>","_et_gb_content_width":""},"product_brand":[3939],"product_cat":[345],"product_tag":[3143],"class_list":{"0":"post-15770","1":"product","2":"type-product","3":"status-publish","4":"has-post-thumbnail","6":"product_brand-yaka","7":"product_cat-piel-es","8":"product_tag-feed-xml-es","9":"product_shipping_class-3-5d-es","11":"first","12":"instock","13":"taxable","14":"shipping-taxable","15":"purchasable","16":"product-type-simple"},"acf":{"effitrace_sku":"YAKABINDLEATHER.WHI","gen_video_link":"","gen_tva_be":21,"gen_wpml_lang":"fr","gen_code_intrastat":"42021110","gen_tags":"carpeta, a4, soporte, documento, bolsa, malet\u00edn, protector, cuaderno, almacenamiento, profesional, carpeta, profesor, volver a la escuela, suministros, escuela, oficina, papel, transparente, satchel, pvc, clasificador, pl\u00e1stico, ordenado, cierre, fuerte, port\u00e1til, ligero, bolsa, espalda, primaria, secundaria, cuero","gen_very_short_description":"Porta-archivador universal, adecuado para todos los formatos A4 (40-80 mm). Fijaci\u00f3n segura en el archivador, correa ajustable de 120 cm. F\u00e1cil de transportar mediante asa o correa para el hombro. PVC biocompatible, 5 a\u00f1os de garant\u00eda. La marca Yaka est\u00e1 protegida en todo el mundo.","gen_producer-id-FR-EMBM":"FR353884_01RHDD","eco-contribution-amount-fr-embm":0.0079,"gen_lucid":"DE1835077141423","livraison_standard_fdp":"5,95","livraison_standard_fdpa":3,"mondial_relay_fdp":"4,06","mondial_relay_fdpa":3,"so_colissimo_fdp":"9,96","so_colissimo_fdpa":"4,5","ct_condition":"N","ct_status":"A","ct_tags":"Organizadores de escritorio, Carpetas de conferencia, Carpetas y fundas, Maletines, Almacenamiento y organizaci\u00f3n","ct_type_produit":"Altavoces","ct_min_qty":3,"ct_collection":"P\u00e1gina de inicio","amz_manufacturer":"Yaka Company sprl","amz_conditiontype":"New","amz_fba":"0","amz_numberofpieces":1,"amz_minimumorderquantity":1,"amz_isexpirationdatedproduct":0,"amz_supplierdeclareddghzregulation":"no_aplicable","amz_arebatteriesrequired":"false","amz_bulletpoint1":"Porta-archivador universal de piel granulada, fabricado a mano con excepcional cuero vacuno europeo.","amz_bulletpoint2":"Garant\u00eda de por vida, ingenier\u00eda de precisi\u00f3n y acabado perfecto para un dise\u00f1o y un lujo extraordinarios.","amz_bulletpoint3":"Certificado Iso 14001, ecol\u00f3gico, ign\u00edfugo y conforme a REACH, sin sustancias nocivas.","amz_bulletpoint4":"Se adapta a todos los archivadores y portadocumentos A4 del mercado (formato de 40 a 80 mm).","amz_bulletpoint5":"Consta de un cuerpo principal y una correa de 120 cm ajustable a tres longitudes (96 cm, 104 cm, 112 cm), con opci\u00f3n de asa y correa para el hombro.","amz_otheritemattributes1":"Archivador de lujo para personas organizadas que se preocupan por la calidad y el dise\u00f1o.","amz_otheritemattributes2":"Fabricado a mano con la piel m\u00e1s fina y flexible para rivalizar con las grandes marcas de lujo europeas.","amz_otheritemattributes3":"La piel utilizada tiene certificaci\u00f3n ecol\u00f3gica, es respetuosa con el medio ambiente y resistente al fuego para mayor seguridad.","amz_otheritemattributes4":"La correa ajustable facilita su transporte al hombro o a mano mediante el asa.","amz_otheritemattributes5":"Un accesorio de alta gama para llevar sus documentos con elegancia y estilo.","amz_length":32,"amz_width":28.5,"amz_height":6,"amz_businessprice":"","amz_isbusinessonly":"false","amz_quantitypricetype":"percent","amz_quantityprice1":"","amz_quantitylowerbound1":"","quantityprice2":"","amz_quantitylowerbound2":"","amz_quantityprice3":"","amz_quantitylowerbound3":"","amz_numberofitems":2,"amz_size":"A4+","amz_type_fermeture":"Rasca","amz_departement":"Mixto","amz_searchterms":"a4 carpeta portadocumentos bolsa malet\u00edn cuaderno almacenamiento profesional carpeta profesor vuelta al cole material escolar papel de oficina transparente satchel pvc pl\u00e1stico clasificador cierre resistente ligero port\u00e1til primaria secundaria cuero","amz_type_mat_ext":"Piel","amz_type_tissu":"","amz_nb_compartiments":0,"amz_stylename":"Utilitaire","amz_asin":"","bol_language":"NL","bol_conditionname":"NEW","bol_stockmanagedbyretailer":"false","bol_fulfilmentmethod":"FBR","bol_fulfilmentdeliverycode":"24uurs-23","available-end-date":"2099-12-31T00:00:00.000+02:00","available-start-date":"2020-01-01T00:00:00.000+02:00","etat":"11","garantie-mois":"60","product-id-type":"EAN","logistic-class":"S","bcouleur":"Blanc","bdescriptif_court":"Portadocumentos YAKA A4. 100% cuero hecho a mano. Dise\u00f1o y lujo","bdescriptif_marketing":"<p>Portadocumentos YAKA A4. 100% cuero hecho a mano.<br>Piel de vacuno europeo flexible, con certificaci\u00f3n ISO 14001, ign\u00edfuga y respetuosa con el medio ambiente.<br>Para hombres y mujeres organizados que aman la calidad, el dise\u00f1o y el lujo.<br>El portafolios\/documentos universal.<br>El portacarpetas YAKA A4 est\u00e1 hecho de cuero granulado.<br>Hecho a mano.<br>El portacarpetas se acopla a su carpeta y se mantiene en su sitio mientras la utiliza.<br>Garant\u00eda de por vida.<\/p>","bdescriptif_supp":"Un dise\u00f1o preciso y un acabado perfecto. Utilizaci\u00f3n de una piel de vacuno excepcional, digna de los m\u00e1s grandes fabricantes de marroquiner\u00eda de lujo.  \nEste lujoso portadocumentos es igualmente adecuado para hombres y mujeres din\u00e1micos cuya organizaci\u00f3n es su principal activo.  \nQuer\u00edamos la piel m\u00e1s bonita y flexible para crear una carpeta que no tuviera nada que envidiar a las grandes marcas de lujo europeas. Esta excepcional piel cuenta con la certificaci\u00f3n ISO 14001 - Piel de vaca europea - Certificaci\u00f3n \"eco\" - Resistente al fuego - \"Conforme a REACH\" - \"Libre de sustancias nocivas\".  \nSe adapta a todas las carpetas y portadocumentos del mercado (tama\u00f1o A4 de 40 a 80 mm). El portacarpetas consta de un cuerpo principal y una correa de 120 cm que puede ajustarse a tres longitudes: 96 cm, 104 cm o 112 cm.  \nF\u00e1cil de transportar con el asa o la correa para el hombro.","bdescriptif_qty_comp":"Esta excepcional piel cuenta con la certificaci\u00f3n ISO 14001 - Piel de vaca europea - Certificaci\u00f3n \"eco\" - Resistente al fuego - \"Conforme a REACH\" - \"Libre de sustancias nocivas\".","bdescriptif_spec":"Se adapta a todas las carpetas y portadocumentos del mercado (tama\u00f1o A4 de 40 a 80 mm). El portacarpetas consta de un cuerpo principal y una correa de 120 cm que puede ajustarse a tres longitudes: 96 cm, 104 cm o 112 cm. F\u00e1cil de llevar por el asa o sobre el hombro.  ","cd_desc_420":"El porta-archivador universal. Se adapta a todos los archivadores y portadocumentos (formato A4 de 40 a 80 mm). El portacarpetas se acopla a su carpeta y se mantiene en su sitio mientras la utiliza. Consta de un cuerpo principal y una correa de 120 cm. Se puede llevar por el asa o colgada del hombro. El portacarpetas est\u00e1 hecho de PVC biocompatible. Este art\u00edculo tiene una garant\u00eda de 5 a\u00f1os y est\u00e1 patentado.","cd_shortlabel_30":"Cartera de piel Yaka Blanca","cd_genre":"mixte \/ adulte","cd_dicounttype":0,"iscdav":0,"cd_desc_marketing":"Este porta-archivador universal se adapta a todos los archivadores y portadocumentos del mercado (formato A4 de 40 a 80 mm). El portacarpetas se acopla a su carpeta y se mantiene en su sitio mientras la utiliza. El portafolios consta de un cuerpo principal y una correa de 120 cm que puede adaptarse en tres longitudes: 96 cm, 104 cm o 112 cm. F\u00e1cil de transportar con el asa o la correa para el hombro. El portacarpetas est\u00e1 hecho de PVC biocompatible. Este objeto de transporte tiene una garant\u00eda de 5 a\u00f1os. Nuestra marca Yaka y nuestros productos est\u00e1n protegidos internacionalmente.","cd_name":"Archivador A4 de cuero blanco Yaka, \u00a1ingenioso y universal!","cd_productpackagingunit":"CubicMeter","cd_productpackagingvalue":0.006699,"etsy_is_supply":1,"etsy_when_made":"2020_2023","etsy_who_made":"i_did","etsy_recipient":"no_especificado","etsy_should_auto_renew":"1","etsy_shop_section_id":"44669306","etsy_shipping_template_id":"208283066221","etsy_listing_id":"103","etsy_is_customizable":"no","etsy_tags":"carpeta a4, portadocumentos, primaria, secundaria, cuero, almacenamiento profesional, carpeta, carpeta de conferencias, clip, resistente, port\u00e1til, ligero, material escolar","etsy_tariff_code":"","etsy_size":"32x28,5x4cm","etsy_color":"blanco","fb_age_group":"all ages","wc_faire_product_name":"Cartera de piel Yaka Blanco 316179","wc_faire_country_manuf":"Chine","wc_faire_materials":["Nontoxic","Plastic-free"],"wc_faire_packaging":["Plastic-free","Recyclable","Recycled"],"wc_faire_production":"Carbon neutral","wc_faire_color":"Beige","wc_faire_product_lang":["English","French","German","Portuguese","Spanish"],"wc_faire_description":"<p><strong>El portafolios\/documentos universal.<\/strong>  Se adapta a todas las carpetas y portadocumentos del mercado (formato A4 de 40 a 80 mm). El portacarpetas se acopla a su carpeta y se mantiene en su sitio mientras la utiliza. El portafolios consta de un cuerpo principal y una correa de 120 cm que puede adaptarse en tres longitudes: 96 cm, 104 cm o 112 cm. F\u00e1cil de transportar con el asa o la correa para el hombro. El portacarpetas est\u00e1 hecho de PVC biocompatible. Este objeto de transporte tiene una garant\u00eda de 5 a\u00f1os. Nuestra marca Yaka y nuestros productos est\u00e1n protegidos internacionalmente.<\/p>","grp_poids_units":1,"grp_dimensions_units":4,"Country_of_production":"CN","grp_age_range":4,"grp_gender":4,"grp_country_of_production":1,"grp_origin_of_production":"3","grp_screen_size_comp_max":false,"fcouleur_nl":"Beige","name_nl":"YaKa Wit Leer","fnac_short_description_fr":"","fnac_short_description_nl":"","fnac_leather_main_img":"https:\/\/yakacompany.com\/wp-content\/uploads\/2022\/06\/5430001316179-Yaka-Cuir-avant-Blanc.jpg","fnac_sexe":"Neutre","fnac_desc_vente":"Todos nuestros productos son nuevos y est\u00e1n en su embalaje original.","fnac_description_fr":"<p>Porta-archivador universal, adecuado para todos los formatos A4 (40-80 mm). Fijaci\u00f3n segura en el archivador, correa ajustable de 120 cm. F\u00e1cil de transportar mediante asa o correa para el hombro. PVC biocompatible, 5 a\u00f1os de garant\u00eda. La marca Yaka est\u00e1 protegida en todo el mundo.<\/p>","fnac_promotion_type":false,"fnac_logistic_type_id":103,"fruugo_category":"Material de Oficina > Archivado y Organizaci\u00f3n > Conf\u221a\u00a9renciadores","viking_vendor_sku":"","viking_warehouse_id":"Yaka Company","viking_uom":"EA","viking_manufacturer_sku":"","viking_min_days_to_ship":2,"viking_max_days_to_ship":5,"viking_availability":true,"sale_delay":15,"odoo_id":"producto_plantilla_11"},"_links":{"self":[{"href":"https:\/\/yakacompany.com\/es\/wp-json\/wp\/v2\/product\/15770","targetHints":{"allow":["GET"]}}],"collection":[{"href":"https:\/\/yakacompany.com\/es\/wp-json\/wp\/v2\/product"}],"about":[{"href":"https:\/\/yakacompany.com\/es\/wp-json\/wp\/v2\/types\/product"}],"replies":[{"embeddable":true,"href":"https:\/\/yakacompany.com\/es\/wp-json\/wp\/v2\/comments?post=15770"}],"wp:featuredmedia":[{"embeddable":true,"href":"https:\/\/yakacompany.com\/es\/wp-json\/wp\/v2\/media\/213657"}],"wp:attachment":[{"href":"https:\/\/yakacompany.com\/es\/wp-json\/wp\/v2\/media?parent=15770"}],"wp:term":[{"taxonomy":"product_brand","embeddable":true,"href":"https:\/\/yakacompany.com\/es\/wp-json\/wp\/v2\/product_brand?post=15770"},{"taxonomy":"product_cat","embeddable":true,"href":"https:\/\/yakacompany.com\/es\/wp-json\/wp\/v2\/product_cat?post=15770"},{"taxonomy":"product_tag","embeddable":true,"href":"https:\/\/yakacompany.com\/es\/wp-json\/wp\/v2\/product_tag?post=15770"}],"curies":[{"name":"wp","href":"https:\/\/api.w.org\/{rel}","templated":true}]}}