{"id":31087,"date":"2022-05-19T16:08:34","date_gmt":"2022-05-19T14:08:34","guid":{"rendered":"https:\/\/yakacompany.com\/shop\/sin%20categor\u00eda\/chris-d\/"},"modified":"2024-09-23T19:07:50","modified_gmt":"2024-09-23T17:07:50","slug":"chris-d-2","status":"publish","type":"product","link":"https:\/\/yakacompany.com\/es\/producto\/chris-d-2\/","title":{"rendered":"CHRIS D"},"content":{"rendered":"<p><strong>&#8220;So\u00f1ar tu vida en color, es el secreto de la felicidad<\/strong><br \/>\n<strong>Walt Disney<\/strong><\/p>\n<p>Tu &#8220;toque&#8221; \u00a1Todo para ti!<br \/>\nBolsa de hombro grande, multicolor y s\u00faper c\u00f3moda para el port\u00e1til<br \/>\n<strong><em>\u00a1Un accesorio \u00fanico!<\/em><\/strong><br \/>\nEsta bonita correa multiusos dar\u00e1 color a tu malet\u00edn para port\u00e1til YAKA.<br \/>\nY como esta correa es universal, util\u00edzala para tu bolso, guitarra u otros.<\/p>\n<p>Esta bandolera bordada es un accesorio que permite personalizar la funda del port\u00e1til. Los extremos son de cuero negro. Dos mosquetones met\u00e1licos negros facilitan su fijaci\u00f3n a la caja del ordenador.<br \/>\nCambia la correa para el hombro seg\u00fan tu estado de \u00e1nimo y tendr\u00e1s un nuevo malet\u00edn para el port\u00e1til en un abrir y cerrar de ojos.<\/p>\n<p>\u00a1Con esta bandolera, tu estilo ser\u00e1 \u00daNICO! La caja de su ordenador tambi\u00e9n.<br \/>\nYAKA le ofrece una amplia gama de correas de hombro ajustables.<br \/>\nCada una es m\u00e1s bella que la otra.<br \/>\n<em><strong>Gran variedad de colores<\/strong><\/em><\/p>\n<p>Qu\u00e9 tal una bandolera amarilla el lunes, un verde alegre el martes, un negro estricto y con clase el mi\u00e9rcoles, un camuflaje el jueves, un azul intenso el viernes.<br \/>\nY Hop: uno dorado o plateado en el fin de semana que el malet\u00edn del port\u00e1til le prestar\u00e1 a su bolso durante un fin de semana.<\/p>\n<p><strong><em>Si quieres destacar un poco m\u00e1s, tambi\u00e9n hay otros dise\u00f1os, como el \u00e9tnico, el piramidal, el geom\u00e9trico, el de camuflaje, el de cebra, etc.<\/em><\/strong><\/p>\n","protected":false},"excerpt":{"rendered":"<p><strong>&#8220;Sue\u00f1a tu vida en color, ese es el secreto de la felicidad&#8221; Walt Disney  <\/strong><\/p>\n<p>Tu &#8220;toque&#8221; \u00a1Todo para ti! Universal, se acopla a la maleta de ordenador YAKA y a casi todos los bolsos, guitarras, c\u00e1maras.<\/p>\n<p>Unisex (se adapta a los bolsos de hombres y mujeres).<br \/>\nLongitud ajustable entre 73 y 130 cm.<br \/>\nC\u00f3moda de llevar gracias a la anchura de la correa: 5 cm de ancho.<br \/>\nDisponible en varios colores.<br \/>\n<em>Se entrega sin embalaje de pl\u00e1stico.<\/em><\/p>\n","protected":false},"featured_media":216225,"comment_status":"closed","ping_status":"closed","template":"","meta":{"_acf_changed":false,"_et_pb_use_builder":"","_et_pb_old_content":"<strong>\"So\u00f1ar tu vida en color, es el secreto de la felicidad<\/strong><strong>Walt Disney<\/strong>Tu \"toque\" \u00a1Todo para ti!Bolsa de hombro grande, multicolor y s\u00faper c\u00f3moda para el port\u00e1til<strong><em>\u00a1Un accesorio \u00fanico!<\/em><\/strong>Esta bonita correa multiusos dar\u00e1 color a tu malet\u00edn para port\u00e1til YAKA.Y como esta correa es universal, util\u00edzala para tu bolso, guitarra u otros.Esta bandolera bordada es un accesorio que permite personalizar la funda del port\u00e1til. Los extremos son de cuero negro. Dos mosquetones met\u00e1licos negros facilitan su fijaci\u00f3n a la caja del ordenador.Cambia la correa para el hombro seg\u00fan tu estado de \u00e1nimo y tendr\u00e1s un nuevo malet\u00edn para el port\u00e1til en un abrir y cerrar de ojos.\u00a1Con esta bandolera, tu estilo ser\u00e1 \u00daNICO! La caja de su ordenador tambi\u00e9n.YAKA le ofrece una amplia gama de correas de hombro ajustables.Cada una es m\u00e1s bella que la otra.<em><strong>Gran variedad de colores<\/strong><\/em>Qu\u00e9 tal una bandolera amarilla el lunes, un verde alegre el martes, un negro estricto y con clase el mi\u00e9rcoles, un camuflaje el jueves, un azul intenso el viernes.Y Hop: uno dorado o plateado en el fin de semana que el malet\u00edn del port\u00e1til le prestar\u00e1 a su bolso durante un fin de semana.<strong><em>Si quieres destacar un poco m\u00e1s, tambi\u00e9n hay otros dise\u00f1os, como el \u00e9tnico, el piramidal, el geom\u00e9trico, el de camuflaje, el de cebra, etc.<\/em><\/strong>","_et_gb_content_width":""},"product_brand":[3939],"product_cat":[1453],"product_tag":[3143],"class_list":{"0":"post-31087","1":"product","2":"type-product","3":"status-publish","4":"has-post-thumbnail","6":"product_brand-yaka","7":"product_cat-correa-para-el-hombro","8":"product_tag-feed-xml-es","9":"product_shipping_class-3-5d-es","11":"first","12":"instock","13":"taxable","14":"shipping-taxable","15":"purchasable","16":"product-type-simple"},"acf":{"effitrace_sku":"","gen_video_link":"","gen_tva_be":21,"gen_wpml_lang":"fr","gen_code_intrastat":"42023290","gen_tags":"","gen_very_short_description":"","gen_producer-id-FR-EMBM":"FR353884_01RHDD","eco-contribution-amount-fr-embm":0.0079,"gen_lucid":"DE1835077141423","livraison_standard_fdp":"","livraison_standard_fdpa":3,"mondial_relay_fdp":"","mondial_relay_fdpa":3,"so_colissimo_fdp":"","so_colissimo_fdpa":"","ct_condition":"N","ct_status":"A","ct_tags":"","ct_type_produit":"","ct_min_qty":3,"ct_collection":"","amz_manufacturer":"Yaka Company sprl","amz_conditiontype":"New","amz_fba":"1","amz_numberofpieces":1,"amz_minimumorderquantity":1,"amz_isexpirationdatedproduct":0,"amz_supplierdeclareddghzregulation":"not_applicable","amz_arebatteriesrequired":"false","amz_bulletpoint1":"","amz_bulletpoint2":"","amz_bulletpoint3":"","amz_bulletpoint4":"","amz_bulletpoint5":"","amz_otheritemattributes1":"","amz_otheritemattributes2":"","amz_otheritemattributes3":"","amz_otheritemattributes4":"","amz_otheritemattributes5":"","amz_length":21,"amz_width":5,"amz_height":3,"amz_businessprice":"","amz_isbusinessonly":"false","amz_quantitypricetype":"percent","amz_quantityprice1":"","amz_quantitylowerbound1":"","quantityprice2":"","amz_quantitylowerbound2":"","amz_quantityprice3":"","amz_quantitylowerbound3":"","amz_numberofitems":1,"amz_size":"Taille unique","amz_type_fermeture":"Fermeture \u00e9clair","amz_departement":"Mixte","amz_searchterms":"","amz_type_mat_ext":"","amz_type_tissu":"","amz_nb_compartiments":0,"amz_stylename":"Utilitaire","amz_asin":"","bol_language":"NL","bol_conditionname":"NEW","bol_stockmanagedbyretailer":"false","bol_fulfilmentmethod":"FBR","bol_fulfilmentdeliverycode":"24uurs-23","available-end-date":"2099-12-31T00:00:00.000+02:00","available-start-date":"2020-01-01T00:00:00.000+02:00","etat":"11","garantie-mois":"60","product-id-type":"EAN","logistic-class":"XS","bcouleur":"Multicolore","bdescriptif_court":"","bdescriptif_marketing":"","bdescriptif_supp":"","bdescriptif_qty_comp":"","bdescriptif_spec":"","cd_desc_420":"","cd_shortlabel_30":"","cd_genre":"mixte \/ adulte","cd_dicounttype":"0","iscdav":"0","cd_desc_marketing":"","cd_name":"","cd_productpackagingunit":"CubicMeter","cd_productpackagingvalue":0.000528,"etsy_is_supply":1,"etsy_when_made":"2020 - 2023","etsy_who_made":"i_did","etsy_recipient":"not_specified","etsy_should_auto_renew":"True","etsy_shop_section_id":"44669300","etsy_shipping_template_id":208283066221,"etsy_listing_id":"","etsy_is_customizable":"no","etsy_tags":"","etsy_tariff_code":"","etsy_size":"TU","etsy_color":"","fb_age_group":"all ages","wc_faire_product_name":"","wc_faire_country_manuf":"Chine","wc_faire_materials":["Nontoxic","Plastic-free"],"wc_faire_packaging":["Plastic-free","Recyclable","Recycled"],"wc_faire_production":"Carbon neutral","wc_faire_color":"Beige","wc_faire_product_lang":["English","French","German","Portuguese","Spanish"],"wc_faire_description":"","grp_poids_units":1,"grp_dimensions_units":4,"Country_of_production":"CN","grp_age_range":4,"grp_gender":4,"grp_country_of_production":8,"grp_origin_of_production":"2","grp_screen_size_comp_max":"","fcouleur_nl":"Beige","name_nl":"","fnac_short_description_fr":"","fnac_short_description_nl":"","fnac_leather_main_img":"","fnac_sexe":"Neutre","fnac_desc_vente":"Tous nos produits sont neufs et sous emballage d'origine","fnac_description_fr":"","fnac_promotion_type":"Sales","fnac_logistic_type_id":103,"fruugo_category":"","viking_vendor_sku":"","viking_warehouse_id":"Yaka Company","viking_uom":"EA","viking_manufacturer_sku":"","viking_min_days_to_ship":2,"viking_max_days_to_ship":5,"viking_availability":true,"sale_delay":3,"odoo_id":""},"_links":{"self":[{"href":"https:\/\/yakacompany.com\/es\/wp-json\/wp\/v2\/product\/31087","targetHints":{"allow":["GET"]}}],"collection":[{"href":"https:\/\/yakacompany.com\/es\/wp-json\/wp\/v2\/product"}],"about":[{"href":"https:\/\/yakacompany.com\/es\/wp-json\/wp\/v2\/types\/product"}],"replies":[{"embeddable":true,"href":"https:\/\/yakacompany.com\/es\/wp-json\/wp\/v2\/comments?post=31087"}],"wp:featuredmedia":[{"embeddable":true,"href":"https:\/\/yakacompany.com\/es\/wp-json\/wp\/v2\/media\/216225"}],"wp:attachment":[{"href":"https:\/\/yakacompany.com\/es\/wp-json\/wp\/v2\/media?parent=31087"}],"wp:term":[{"taxonomy":"product_brand","embeddable":true,"href":"https:\/\/yakacompany.com\/es\/wp-json\/wp\/v2\/product_brand?post=31087"},{"taxonomy":"product_cat","embeddable":true,"href":"https:\/\/yakacompany.com\/es\/wp-json\/wp\/v2\/product_cat?post=31087"},{"taxonomy":"product_tag","embeddable":true,"href":"https:\/\/yakacompany.com\/es\/wp-json\/wp\/v2\/product_tag?post=31087"}],"curies":[{"name":"wp","href":"https:\/\/api.w.org\/{rel}","templated":true}]}}