{"id":31361,"date":"2022-06-06T09:38:36","date_gmt":"2022-06-06T07:38:36","guid":{"rendered":"https:\/\/yakacompany.com\/shop\/sin%20categor\u00eda\/estuche-azul\/"},"modified":"2024-09-23T19:21:30","modified_gmt":"2024-09-23T17:21:30","slug":"caja-de-lapices-azul","status":"publish","type":"product","link":"https:\/\/yakacompany.com\/es\/producto\/caja-de-lapices-azul\/","title":{"rendered":"Kit 3 en 1 &#8211; Azul"},"content":{"rendered":"<p><strong>Uso 1<\/strong>: Esta caja de l\u00e1pices de gran volumen se sujeta a las anillas de su carpeta. \u00a1Qu\u00e9 gran idea! Dise\u00f1ado para mantener su escritorio organizado, este estuche grande para bol\u00edgrafos es ideal para tener todos sus bol\u00edgrafos a mano. Este estuche de escritura ha sido dise\u00f1ado para llevar tus bol\u00edgrafos, l\u00e1pices, calculadora, caf\u00e9 con leche e incluso tu merienda gracias a un gran compartimento. Esta ligera bandeja para bol\u00edgrafos es lo suficientemente grande como para albergar todos los elementos esenciales de escritura para la escuela o la oficina. Esta caja de l\u00e1pices es resistente al agua<\/p>\n<p><strong>Uso 2<\/strong>: Esta bolsa se puede a\u00f1adir al malet\u00edn del port\u00e1til YAKA para tener a mano bol\u00edgrafos, material de escritura, recambios y otros accesorios \u00fatiles e indispensables<\/p>\n<p><strong>Uso 3<\/strong>: Este peque\u00f1o bolso se convierte en tu mejor amigo en un abrir y cerrar de ojos y se convierte en un ingenioso y ligero bolso tote para meterlo en el bolso, la maleta o incluso como un peque\u00f1o bolso de mano, \u00a1f\u00e1cil y elegante!<\/p>\n<p><strong>Una opci\u00f3n muy pr\u00e1ctica.  <\/strong>Encaja m\u00e1gicamente en las anillas de un archivador o puede fijarse en el exterior del malet\u00edn YAKA Notebook. Un objeto inteligente a bajo precio y de calidad TOP. Gracias a su tama\u00f1o ideal, puedes poner tu tel\u00e9fono m\u00f3vil, tus l\u00e1pices, tu calculadora, tus llaves, tu bocadillo&#8230; Si quieres usar la bolsa sola, no hay problema, las dos anillas se pueden plegar y fijar s\u00f3lidamente en la parte trasera con un velcro s\u00faper resistente<\/p>\n","protected":false},"excerpt":{"rendered":"<p><strong>\u00a13 en UNO es GRANDE!  <\/strong><\/p>\n<p>1. Lleva tu material escolar con el estuche grande que se acopla a las anillas de tu carpeta.<\/p>\n<p>2. Coloca tu bolsa en el malet\u00edn para port\u00e1til YAKA para guardar los accesorios de tu ordenador.<\/p>\n<p>3. Util\u00edzala de forma independiente como una ingeniosa bolsa de mano<br \/>\n<em>Se entrega sin embalaje de pl\u00e1stico.<\/em><\/p>\n","protected":false},"featured_media":217085,"comment_status":"closed","ping_status":"closed","template":"","meta":{"_acf_changed":false,"_et_pb_use_builder":"","_et_pb_old_content":"<strong>Uso 1<\/strong>  Este portal\u00e1pices de gran tama\u00f1o se acopla a las anillas de su archivador. Dise\u00f1ado para mantener su escritorio organizado, este estuche grande es ideal para mantener todos sus bol\u00edgrafos a mano.Este estuche de escritura ha sido dise\u00f1ado para llevar sus bol\u00edgrafos, l\u00e1pices, calculadora, caf\u00e9 con leche e incluso su merienda gracias a un gran compartimentoEste ligero estuche es lo suficientemente grande como para guardar todos sus elementos de escritura para la escuela o la oficinaEste estuche es resistente al agua<strong>Uso 2<\/strong>: Esta bolsa se puede a\u00f1adir al malet\u00edn del port\u00e1til YAKA para tener a mano bol\u00edgrafos, material de escritura, recambios y otros accesorios \u00fatiles e indispensables<strong>Uso 3<\/strong>: Este peque\u00f1o bolso se convierte en tu mejor amigo en un abrir y cerrar de ojos y se convierte en un ingenioso y ligero bolso tote para meterlo en el bolso, la maleta o incluso como un peque\u00f1o bolso de mano, f\u00e1cil y con estilo gracias a su correa para el hombro incluida<strong>Una opci\u00f3n muy pr\u00e1ctica.<\/strong>Encaja m\u00e1gicamente en las anillas de un archivador o se puede acoplar al exterior del malet\u00edn del port\u00e1til YAKA.Un objeto inteligente a un precio reducido y de calidad TOP.Gracias a su tama\u00f1o ideal, puedes poner el m\u00f3vil, los l\u00e1pices, la calculadora, las llaves, la merienda...Si quieres usar el malet\u00edn solo, no hay problema, las dos anillas se pueden plegar y fijar de forma segura a la parte trasera con un velcro s\u00faper resistente y se incluye una bandouli\u00e8re hombro","_et_gb_content_width":""},"product_brand":[3939],"product_cat":[1764],"product_tag":[3143],"class_list":{"0":"post-31361","1":"product","2":"type-product","3":"status-publish","4":"has-post-thumbnail","6":"product_brand-yaka","7":"product_cat-pencil-case-fr-es","8":"product_tag-feed-xml-es","9":"product_shipping_class-3-5d-es","11":"first","12":"instock","13":"taxable","14":"shipping-taxable","15":"purchasable","16":"product-type-simple"},"acf":{"effitrace_sku":"YAKAPEN.BLU","gen_video_link":"","gen_tva_be":21,"gen_wpml_lang":"fr","gen_code_intrastat":"42022290","gen_tags":"malet\u00edn, gran, volumen, bol\u00edgrafos, accesorios, clip, anillas, carpeta, colegio, oficina, bolso, port\u00e1til, almacenamiento, tote, ingenioso, transporte, escritura, agua, resistente, bol\u00edgrafo, calculadora, GSM, bater\u00eda, vers\u00e1til, ligero, tel\u00e9fono, llaves, pr\u00e1ctico, dise\u00f1o, malet\u00edn, opci\u00f3n, magia, velcro, port\u00e1til, malet\u00edn, tel\u00e9fono, m\u00f3vil, bocadillo","gen_very_short_description":"Bandeja grande para bol\u00edgrafos que puede fijarse a las anillas de un archivador, para mantener organizados bol\u00edgrafos y material. Se puede a\u00f1adir al malet\u00edn YAKA para bol\u00edgrafos y accesorios. Bolsa ligera y colorida para llevar a todas partes. Pr\u00e1ctico y resistente, ideal para tel\u00e9fono, llaves y bol\u00edgrafos.","gen_producer-id-FR-EMBM":"FR353884_01RHDD","eco-contribution-amount-fr-embm":0.0079,"gen_lucid":"DE1835077141423","livraison_standard_fdp":"5,95","livraison_standard_fdpa":3,"mondial_relay_fdp":"4,06","mondial_relay_fdpa":3,"so_colissimo_fdp":"9,96","so_colissimo_fdpa":"4,5","ct_condition":"N","ct_status":"A","ct_tags":"Estuches para l\u00e1pices y bol\u00edgrafos, Carpetas y fundas, Almacenamiento y organizaci\u00f3n","ct_type_produit":"estuches para bol\u00edgrafos y l\u00e1pices","ct_min_qty":3,"ct_collection":"P\u00e1gina de inicio","amz_manufacturer":"Yaka Company sprl","amz_conditiontype":"New","amz_fba":"1","amz_numberofpieces":1,"amz_minimumorderquantity":1,"amz_isexpirationdatedproduct":0,"amz_supplierdeclareddghzregulation":"no_aplicable","amz_arebatteriesrequired":"false","amz_bulletpoint1":"El portal\u00e1pices de gran volumen se fija a las anillas de la carpeta.","amz_bulletpoint2":"Bolsa para accesorios de ordenador port\u00e1til YAKA.","amz_bulletpoint3":"Ingenioso estuche para bol\u00edgrafos, material de escritura, recambios y otros accesorios \u00fatiles.","amz_bulletpoint4":"Resistente al agua para proteger el contenido.","amz_bulletpoint5":"Vers\u00e1til, ligero y elegante, ideal para llevar el tel\u00e9fono, las llaves y otros objetos esenciales.","amz_otheritemattributes1":"Lleva material escolar y de oficina.","amz_otheritemattributes2":"Se acopla al malet\u00edn para port\u00e1til YAKA para guardar todos los accesorios de tu ordenador.","amz_otheritemattributes3":"Se suministra sin embalaje de pl\u00e1stico.","amz_otheritemattributes4":"Para guardar bol\u00edgrafos, calculadora, tel\u00e9fono, pilas y otros objetos \u00fatiles.","amz_otheritemattributes5":"Pr\u00e1ctico y vers\u00e1til, ideal para el uso diario en movimiento.","amz_length":25.5,"amz_width":15.5,"amz_height":1,"amz_businessprice":"","amz_isbusinessonly":"false","amz_quantitypricetype":"percent","amz_quantityprice1":"","amz_quantitylowerbound1":"","quantityprice2":"","amz_quantitylowerbound2":"","amz_quantityprice3":"","amz_quantitylowerbound3":"","amz_numberofitems":1,"amz_size":"Taille unique","amz_type_fermeture":"Cierre de cremallera","amz_departement":"Mixto","amz_searchterms":"Maletin del Portatil de gran volumen accesorios carpeta de anillas escuela oficina bolsa portatil almacenamiento tote ingenioso resistente al agua escritura transporte multiusos ligero practico dise\u00f1o maletin velcro portatil","amz_type_mat_ext":"Poli\u00e9ster 600 D LUX","amz_type_tissu":"","amz_nb_compartiments":1,"amz_stylename":"Utilitaire","amz_asin":"","bol_language":"NL","bol_conditionname":"NEW","bol_stockmanagedbyretailer":"false","bol_fulfilmentmethod":"FBR","bol_fulfilmentdeliverycode":"24uurs-23","available-end-date":"2099-12-31T00:00:00.000+02:00","available-start-date":"2020-01-01T00:00:00.000+02:00","etat":"11","garantie-mois":"60","product-id-type":"EAN","logistic-class":"XS","bcouleur":"Bleu","bdescriptif_court":"Estuche de gran volumen para bol\u00edgrafos y accesorios. Se fija a las anillas de los archivadores.","bdescriptif_marketing":"<p>Estuche de gran volumen para bol\u00edgrafos y accesorios.<br>Se fija a las anillas de los archivadores.<br>Pr\u00e1ctico para la escuela y la oficina. A\u00f1\u00e1delo a la bolsa para port\u00e1til YAKA para un almacenamiento adicional y pr\u00e1ctico.<br>Un ingenioso caj\u00f3n de sastre. Cabe fcilmente en anillas de carpeta o en el Maletin del Portatil YAKA.<br>Ll\u00e9vese lo esencial para escribir a la escuela o al trabajo...<br>Funda inteligente 3 en 1, calidad TOP a bajo precio.<br>Se entrega sin embalaje de pl\u00e1stico.<br>Este portal\u00e1pices es resistente al agua.<\/p>","bdescriptif_supp":"3 en UNO es HERMOSO \u00a1! 1. Lleve su material escolar y los art\u00edculos de oficina esenciales con este malet\u00edn de gran volumen que se engancha a las anillas de las carpetas. 2. Adjunta este Maletin del Portatil YAKA para guardar todos los accesorios de tu ordenador. 3. Util\u00edzala de forma independiente como una ingeniosa bolsa de mano\n\nFunda para acoplar a la bolsa del port\u00e1til YAKA. Contiene bol\u00edgrafos, material de escritura, recambios y otros accesorios \u00fatiles. Peque\u00f1a bolsa que se convierte en un ligero e ingenioso bolso tote. Bolsillo para utilizar solo o para enganchar a anillas de carpeta. Resistente al agua\n\nCaja de l\u00e1pices grande para sujetar a las anillas del archivador. Pr\u00e1ctico estuche para bol\u00edgrafos, calculadora, tel\u00e9fono m\u00f3vil y bater\u00eda. Bolsa vers\u00e1til, ligera e ingeniosa que va a todas partes. Ideal para llevar el m\u00f3vil, las llaves y lo imprescindible. Utilizar solo o en combinaci\u00f3n. Pr\u00e1ctico y elegante.","bdescriptif_qty_comp":"Funda para acoplar a la bolsa del port\u00e1til YAKA.\nContiene bol\u00edgrafos, material de escritura, recambios y otros accesorios \u00fatiles.\nPeque\u00f1a bolsa que se convierte en un ligero e ingenioso bolso tote.\nBolsillo para utilizar solo o para enganchar a anillas de carpeta. Resistente al agua","bdescriptif_spec":"Caja de l\u00e1pices grande para sujetar a las anillas del archivador. Pr\u00e1ctico estuche para bol\u00edgrafos, calculadora, tel\u00e9fono m\u00f3vil y bater\u00eda. Bolsa vers\u00e1til, ligera e ingeniosa que va a todas partes. Ideal para llevar el m\u00f3vil, las llaves y lo imprescindible. Utilizar solo o en combinaci\u00f3n. Pr\u00e1ctico y elegante.","cd_desc_420":"\u00a1Descubra la caja de l\u00e1pices multifunci\u00f3n YAKA! F\u00edjelo a su carpeta para tener los bol\u00edgrafos siempre a mano. Espacioso, tiene capacidad para bol\u00edgrafos, l\u00e1pices, calculadora, bocadillo, tel\u00e9fono y llaves. Resistente al agua. A\u00f1\u00e1delo a la maleta YAKA. Bolsa vers\u00e1til y ligera para bolsos y maletas. Se adapta a la carpeta de anillas o al malet\u00edn YAKA. Inteligente y asequible. Anillas abatibles para uso independiente.","cd_shortlabel_30":"Bolsa de almacenamiento azul","cd_genre":"mixte \/ adulte","cd_dicounttype":0,"iscdav":0,"cd_desc_marketing":"Uso 1: Esta caja de l\u00e1pices de gran volumen se sujeta a las anillas de su carpeta. \u00a1Qu\u00e9 gran idea! Dise\u00f1ado para mantener su escritorio organizado, este estuche grande para bol\u00edgrafos es ideal para tener todos sus bol\u00edgrafos a mano. Este estuche de escritura ha sido dise\u00f1ado para llevar tus bol\u00edgrafos, l\u00e1pices, calculadora, caf\u00e9 con leche e incluso tu merienda gracias a un gran compartimento. Esta ligera bandeja para bol\u00edgrafos es lo suficientemente grande como para albergar todos los elementos esenciales de escritura para la escuela o la oficina. Esta caja de l\u00e1pices es resistente al agua\n\nUso 2: Esta bolsa puede a\u00f1adirse al malet\u00edn para port\u00e1til YAKA para tener a mano bol\u00edgrafos, utensilios de escritura, recambios y otros accesorios \u00fatiles y esenciales.\n\nUso 3: En un abrir y cerrar de ojos, esta peque\u00f1a bolsa se convierte en tu mejor amiga, transform\u00e1ndose en un ingenioso y ligero bolso tote para meter en tu bolso, maleta o incluso como peque\u00f1o bolso de mano, \u00a1f\u00e1cil y con estilo!\n\nUna opci\u00f3n muy pr\u00e1ctica. Encaja m\u00e1gicamente en las anillas de un archivador o puede fijarse en el exterior del malet\u00edn YAKA Notebook. Un objeto inteligente a bajo precio y de calidad TOP. Gracias a su tama\u00f1o ideal, puedes poner tu tel\u00e9fono m\u00f3vil, tus l\u00e1pices, tu calculadora, tus llaves, tu bocadillo... Si quieres usar la bolsa sola, no hay problema, las dos anillas se pueden plegar y fijar s\u00f3lidamente en la parte trasera con un velcro s\u00faper resistente","cd_name":"Bolsa de almacenaje Yaka 3 en 1 - Azul - de gran volumen, puede acoplarse a una carpeta de anillas y a un Maletin del Portatil o colgarse del hombro","cd_productpackagingunit":"CubicMeter","cd_productpackagingvalue":0.0008745,"etsy_is_supply":1,"etsy_when_made":"2020_2023","etsy_who_made":"i_did","etsy_recipient":"no_especificado","etsy_should_auto_renew":"1","etsy_shop_section_id":"44669310","etsy_shipping_template_id":"208283066221","etsy_listing_id":"103","etsy_is_customizable":"no","etsy_tags":"Estuche, gran volumen, bol\u00edgrafos, pr\u00e1ctico, dise\u00f1o, resistente al agua, bandeja para bol\u00edgrafos, estuche, tel\u00e9fono m\u00f3vil, merienda, ingenioso, almacenamiento, bolso de mano","etsy_tariff_code":"","etsy_size":"25,5x15,5x1cm","etsy_color":"azul","fb_age_group":"all ages","wc_faire_product_name":"Malet\u00edn Yaka 3 en 1 - Azul 316735","wc_faire_country_manuf":"Chine","wc_faire_materials":["Nontoxic","Plastic-free"],"wc_faire_packaging":["Plastic-free","Recyclable","Recycled"],"wc_faire_production":false,"wc_faire_color":false,"wc_faire_product_lang":["English","French","German","Portuguese","Spanish"],"wc_faire_description":"<p>\u00a1Descubra la caja de l\u00e1pices multifunci\u00f3n YAKA!<\/p><p>Uso 1: F\u00edjelo a su archivador para tener sus bol\u00edgrafos a mano, ideal para mantener su escritorio organizado. Amplio espacio para bol\u00edgrafos, l\u00e1pices, calculadora y tentempi\u00e9s. Resistente al agua.<\/p><p>Uso 2: A\u00f1\u00e1delo al estuche YAKA para bol\u00edgrafos y accesorios de escritura.<\/p><p>Uso 3: Bolsa multiusos, tote ligero para bolso, maleta, mano. Se adapta a la carpeta de anillas o al malet\u00edn YAKA. Inteligente y asequible, calidad TOP. Tama\u00f1o perfecto para tel\u00e9fono, l\u00e1pices, calculadora, llaves, bocadillo. Anillas abatibles para uso independiente.<\/p>","grp_poids_units":1,"grp_dimensions_units":4,"Country_of_production":"CN","grp_age_range":4,"grp_gender":4,"grp_country_of_production":1,"grp_origin_of_production":"3","grp_screen_size_comp_max":false,"fcouleur_nl":" Zwart","name_nl":"Estuche 3 en 1 - azul","fnac_short_description_fr":"","fnac_short_description_nl":"","fnac_leather_main_img":"","fnac_sexe":"Neutre","fnac_desc_vente":"Todos nuestros productos son nuevos y est\u00e1n en su embalaje original.","fnac_description_fr":"<p>Bandeja grande para bol\u00edgrafos que puede fijarse a las anillas de un archivador, para mantener organizados bol\u00edgrafos y material. Se puede a\u00f1adir al malet\u00edn YAKA para bol\u00edgrafos y accesorios. Bolsa ligera y colorida para llevar a todas partes. Pr\u00e1ctico y resistente, ideal para tel\u00e9fono, llaves y bol\u00edgrafos.<\/p>","fnac_promotion_type":false,"fnac_logistic_type_id":102,"fruugo_category":"Material de Oficina > Archivado y organizaci\u00f3n > \u221a\u00e2tuis \u221a\u2020 l\u00e1pices y bol\u00edgrafos","viking_vendor_sku":"1316735","viking_warehouse_id":"Yaka Company","viking_uom":"EA","viking_manufacturer_sku":"YAKAPEN_BLU","viking_min_days_to_ship":2,"viking_max_days_to_ship":5,"viking_availability":true,"sale_delay":3,"odoo_id":"producto_plantilla_42"},"_links":{"self":[{"href":"https:\/\/yakacompany.com\/es\/wp-json\/wp\/v2\/product\/31361","targetHints":{"allow":["GET"]}}],"collection":[{"href":"https:\/\/yakacompany.com\/es\/wp-json\/wp\/v2\/product"}],"about":[{"href":"https:\/\/yakacompany.com\/es\/wp-json\/wp\/v2\/types\/product"}],"replies":[{"embeddable":true,"href":"https:\/\/yakacompany.com\/es\/wp-json\/wp\/v2\/comments?post=31361"}],"wp:featuredmedia":[{"embeddable":true,"href":"https:\/\/yakacompany.com\/es\/wp-json\/wp\/v2\/media\/217085"}],"wp:attachment":[{"href":"https:\/\/yakacompany.com\/es\/wp-json\/wp\/v2\/media?parent=31361"}],"wp:term":[{"taxonomy":"product_brand","embeddable":true,"href":"https:\/\/yakacompany.com\/es\/wp-json\/wp\/v2\/product_brand?post=31361"},{"taxonomy":"product_cat","embeddable":true,"href":"https:\/\/yakacompany.com\/es\/wp-json\/wp\/v2\/product_cat?post=31361"},{"taxonomy":"product_tag","embeddable":true,"href":"https:\/\/yakacompany.com\/es\/wp-json\/wp\/v2\/product_tag?post=31361"}],"curies":[{"name":"wp","href":"https:\/\/api.w.org\/{rel}","templated":true}]}}