{"id":38851,"date":"2019-05-02T16:05:00","date_gmt":"2019-05-02T14:05:00","guid":{"rendered":"https:\/\/yakacompany.com\/shop\/yaka-marron-2\/"},"modified":"2025-07-04T02:19:52","modified_gmt":"2025-07-04T00:19:52","slug":"yaka-marron","status":"publish","type":"product","link":"https:\/\/yakacompany.com\/es\/producto\/yaka-marron\/","title":{"rendered":"YAKA Marr\u00f3n"},"content":{"rendered":"<p>El portafolios\/documentos universal. Se adapta a todas las carpetas y portadocumentos del mercado (tama\u00f1o A4 de 40 a 80 mm). El portacarpetas se acopla a su carpeta y se mantiene en su sitio mientras la utiliza. El portafolios consta de un cuerpo principal y una correa de 120 cm que puede adaptarse en tres longitudes: 96 cm, 104 cm o 112 cm. F\u00e1cil de transportar con el asa o la correa para el hombro. El portacarpetas est\u00e1 hecho de PVC biocompatible. Este objeto de transporte tiene una garant\u00eda de 5 a\u00f1os. Nuestra marca Yaka y nuestros productos est\u00e1n protegidos internacionalmente.<\/p>\n","protected":false},"excerpt":{"rendered":"<p><strong>Portadocumentos de pvc respetuoso con el medio<\/strong> ambiente Este ligero, resistente, divertido y pr\u00e1ctico portadocumentos es universal.  <strong>La soluci\u00f3n<\/strong> ligera para transportar todos sus archivadores y portadocumentos A4. Manos libres gracias a su asa y correa para el hombro ajustable.  <em>\u00bfTe gusta su color ROJO?<\/em>  He aqu\u00ed por qu\u00e9: los colores no s\u00f3lo te dan buen aspecto, no s\u00f3lo influyen en tu estado de \u00e1nimo,  <strong>Tambi\u00e9n revelan tu car\u00e1cter e influyen en tu entorno.<\/strong>  Gracias al archivador ROJO, esto es lo que transmitir\u00e1s de camino a la oficina o al colegio: el rojo es el s\u00edmbolo de la energ\u00eda, la vitalidad y la pasi\u00f3n. Un archivador YAKA rojo: Para una persona inteligente, brillante y apasionada. Los documentos que llevas son un pozo de conocimiento.<\/p>\n","protected":false},"featured_media":213670,"comment_status":"open","ping_status":"closed","template":"","meta":{"_acf_changed":false,"_et_pb_use_builder":"on","_et_pb_old_content":"<strong>El portafolios\/documentos universal.<\/strong>  Se adapta a todas las carpetas y portadocumentos del mercado (formato A4 de 40 a 80 mm). El portacarpetas se acopla a su carpeta y se mantiene en su sitio mientras la utiliza. El portafolios consta de un cuerpo principal y una correa de 120 cm que puede adaptarse en tres longitudes: 96 cm, 104 cm o 112 cm. F\u00e1cil de transportar con el asa o la correa para el hombro. El portacarpetas est\u00e1 hecho de PVC biocompatible. Este objeto de transporte tiene una garant\u00eda de 5 a\u00f1os. Nuestra marca Yaka y nuestros productos est\u00e1n protegidos internacionalmente.","_et_gb_content_width":""},"product_brand":[3939],"product_cat":[335],"product_tag":[3143],"class_list":{"0":"post-38851","1":"product","2":"type-product","3":"status-publish","4":"has-post-thumbnail","6":"product_brand-yaka","7":"product_cat-clasico","8":"product_tag-feed-xml-es","9":"product_shipping_class-3-5d-es","11":"first","12":"instock","13":"taxable","14":"shipping-taxable","15":"purchasable","16":"product-type-simple"},"acf":{"effitrace_sku":"YAKABIND.BRO","gen_video_link":"","gen_tva_be":21,"gen_wpml_lang":"fr","gen_code_intrastat":"42021291","gen_tags":"Organizadores de oficina, Archivadores y carpetas, Carpetas de anillas, Maletines Yaka A4, portadocumentos, fundas protectoras, Carpetas de anillas, Carpetas de tapas blandas, Carpetas de muelles, Carpetas de espiral","gen_very_short_description":"Porta-archivador universal, adecuado para todos los formatos A4 (40-80 mm). Fijaci\u00f3n segura en el archivador, correa ajustable de 120 cm. F\u00e1cil de transportar mediante asa o correa para el hombro. PVC biocompatible, 5 a\u00f1os de garant\u00eda. La marca Yaka est\u00e1 protegida en todo el mundo.","gen_producer-id-FR-EMBM":"FR353884_01RHDD","eco-contribution-amount-fr-embm":0.0079,"gen_lucid":"DE1835077141423","livraison_standard_fdp":"5,95","livraison_standard_fdpa":3,"mondial_relay_fdp":"4,06","mondial_relay_fdpa":3,"so_colissimo_fdp":"9,96","so_colissimo_fdpa":"4,5","ct_condition":"N","ct_status":"A","ct_tags":"Organizadores de escritorio, Carpetas de conferencia, Carpetas y fundas, Maletines, Almacenamiento y organizaci\u00f3n","ct_type_produit":"Altavoces","ct_min_qty":3,"ct_collection":"P\u00e1gina de inicio","amz_manufacturer":"Yaka Company sprl","amz_conditiontype":"New","amz_fba":"1","amz_numberofpieces":1,"amz_minimumorderquantity":1,"amz_isexpirationdatedproduct":0,"amz_supplierdeclareddghzregulation":"no_aplicable","amz_arebatteriesrequired":"false","amz_bulletpoint1":"Porta-archivador universal para carpetas A4 y portadocumentos de 40 a 80 mm.","amz_bulletpoint2":"Se fija a la carpeta para un uso c\u00f3modo y manos libres.","amz_bulletpoint3":"Consta de un cuerpo principal y una correa de 120 cm que puede adaptarse a tres longitudes: 96 cm, 104 cm o 112 cm.","amz_bulletpoint4":"Fabricado en PVC ligero, resistente y respetuoso con el medio ambiente.","amz_bulletpoint5":"","amz_otheritemattributes1":"Una soluci\u00f3n vers\u00e1til para transportar todo tipo de carpetas y portadocumentos A4 de forma pr\u00e1ctica y ligera.","amz_otheritemattributes2":"El asa y la correa para el hombro adaptable facilitan y hacen m\u00e1s c\u00f3modo su transporte.","amz_otheritemattributes3":"Fabricado con PVC ECOL\u00d3GICO, que contribuye a las pr\u00e1cticas respetuosas con el medio ambiente.","amz_otheritemattributes4":"Garantizado durante 5 a\u00f1os, lo que garantiza la durabilidad y la calidad superior del producto.","amz_otheritemattributes5":"Protegida internacionalmente, garantiza el reconocimiento y la calidad de la marca Yaka.","amz_length":32,"amz_width":28.5,"amz_height":6,"amz_businessprice":"","amz_isbusinessonly":"false","amz_quantitypricetype":"percent","amz_quantityprice1":"","amz_quantitylowerbound1":"","quantityprice2":"","amz_quantitylowerbound2":"","amz_quantityprice3":"","amz_quantitylowerbound3":"","amz_numberofitems":2,"amz_size":"A4+","amz_type_fermeture":"Rasca","amz_departement":"Mixto","amz_searchterms":"Organizadores de oficina, Archivadores y carpetas, Carpetas de anillas, Maletines Yaka A4, portadocumentos, fundas protectoras, Carpetas de anillas, Carpetas de tapas blandas, Carpetas de muelles, Carpetas de espiral","amz_type_mat_ext":"PVC biocompatible","amz_type_tissu":"","amz_nb_compartiments":0,"amz_stylename":"Utilitaire","amz_asin":"","bol_language":"NL","bol_conditionname":"NEW","bol_stockmanagedbyretailer":"false","bol_fulfilmentmethod":"FBR","bol_fulfilmentdeliverycode":"24uurs-23","available-end-date":"2099-12-31T00:00:00.000+02:00","available-start-date":"2020-01-01T00:00:00.000+02:00","etat":"11","garantie-mois":"60","product-id-type":"EAN","logistic-class":"S","bcouleur":"Marron","bdescriptif_court":"El archivador y portadocumentos YAKA A4 est\u00e1 fabricado en pvc ecol\u00f3gico.","bdescriptif_marketing":"<p>El archivador y portadocumentos YAKA A4 est\u00e1 fabricado en pvc ecol\u00f3gico.<br>Este objeto de transporte innovador, inteligente y pr\u00e1ctico tiene una garant\u00eda de 5 a\u00f1os.<br>Nuestra marca Yaka y nuestros productos est\u00e1n protegidos internacionalmente.<br>Portadocumentos de pvc respetuoso con el medio ambiente Este ligero, resistente, divertido y pr\u00e1ctico portadocumentos es universal.<\/p>","bdescriptif_supp":"La soluci\u00f3n ligera para transportar todos sus archivadores y portadocumentos A4. Manos libres gracias a su asa y correa para el hombro ajustable.  \nEl archivador YAKA A4 est\u00e1 fabricado en pvc respetuoso con el medio ambiente. Este objeto de transporte tiene una garant\u00eda de 5 a\u00f1os. Nuestra marca Yaka y nuestros productos est\u00e1n protegidos internacionalmente.  \nLa soluci\u00f3n ligera para transportar todos sus archivadores y portadocumentos A4. Manos libres gracias a su asa y correa para el hombro ajustable.","bdescriptif_qty_comp":"El archivador YAKA A4 est\u00e1 fabricado en pvc respetuoso con el medio ambiente. Este objeto de transporte tiene una garant\u00eda de 5 a\u00f1os. Nuestra marca Yaka y nuestros productos est\u00e1n protegidos internacionalmente.","bdescriptif_spec":"La soluci\u00f3n ligera para transportar todos sus archivadores y portadocumentos A4. Manos libres gracias a su asa y correa para el hombro ajustable.  ","cd_desc_420":"El porta-archivador universal. Se adapta a todos los archivadores y portadocumentos (formato A4 de 40 a 80 mm). El portacarpetas se acopla a su carpeta y se mantiene en su sitio mientras la utiliza. Consta de un cuerpo principal y una correa de 120 cm. Se puede llevar por el asa o colgada del hombro. El portacarpetas est\u00e1 hecho de PVC biocompatible. Este art\u00edculo tiene una garant\u00eda de 5 a\u00f1os y est\u00e1 patentado.","cd_shortlabel_30":"Archivador de BioPVC marr\u00f3n  ","cd_genre":"mixte \/ adulte","cd_dicounttype":0,"iscdav":0,"cd_desc_marketing":"El portafolios\/documentos universal. Se adapta a todas las carpetas y portadocumentos del mercado (tama\u00f1o A4 de 40 a 80 mm). El portacarpetas se acopla a su carpeta y se mantiene en su sitio mientras la utiliza. El portafolios consta de un cuerpo principal y una correa de 120 cm que puede adaptarse en tres longitudes: 96 cm, 104 cm o 112 cm. F\u00e1cil de transportar con el asa o la correa para el hombro. El portacarpetas est\u00e1 hecho de PVC biocompatible. Este objeto de transporte tiene una garant\u00eda de 5 a\u00f1os. Nuestra marca Yaka y nuestros productos est\u00e1n protegidos internacionalmente.","cd_name":"Yaka marr\u00f3n porta-archivador BioPVC, A4, \u00a1Ingenioso y universal!","cd_productpackagingunit":"CubicMeter","cd_productpackagingvalue":0.006699,"etsy_is_supply":1,"etsy_when_made":"2020_2023","etsy_who_made":"i_did","etsy_recipient":"no_especificado","etsy_should_auto_renew":"1","etsy_shop_section_id":"44685519","etsy_shipping_template_id":"208283066221","etsy_listing_id":"103","etsy_is_customizable":"no","etsy_tags":"Organizadores de oficina, Carpetas y archivadores, Maletines Yaka A4, portadocumentos, fundas protectoras, carpetas de anillas, carpetas de tapas blandas, carpetas de resorte, carpetas de espiral, carpetas para conferencias, material escolar, ligero","etsy_tariff_code":"","etsy_size":"32x28,5x4cm","etsy_color":"marr\u00f3n","fb_age_group":"all ages","wc_faire_product_name":"Archivador Yaka BioPVC Marr\u00f3n 316445  ","wc_faire_country_manuf":"Chine","wc_faire_materials":["Nontoxic","Plastic-free"],"wc_faire_packaging":["Plastic-free","Recyclable","Recycled"],"wc_faire_production":false,"wc_faire_color":false,"wc_faire_product_lang":["English","French","German","Portuguese","Spanish"],"wc_faire_description":"<p><strong>El portafolios\/documentos universal.<\/strong>  Se adapta a todas las carpetas y portadocumentos del mercado (formato A4 de 40 a 80 mm). El portacarpetas se acopla a su carpeta y se mantiene en su sitio mientras la utiliza. El portafolios consta de un cuerpo principal y una correa de 120 cm que puede adaptarse en tres longitudes: 96 cm, 104 cm o 112 cm. F\u00e1cil de transportar con el asa o la correa para el hombro. El portacarpetas est\u00e1 hecho de PVC biocompatible. Este objeto de transporte tiene una garant\u00eda de 5 a\u00f1os. Nuestra marca Yaka y nuestros productos est\u00e1n protegidos internacionalmente.<\/p>","grp_poids_units":1,"grp_dimensions_units":4,"Country_of_production":"CN","grp_age_range":4,"grp_gender":4,"grp_country_of_production":1,"grp_origin_of_production":"3","grp_screen_size_comp_max":false,"fcouleur_nl":" Bruin","name_nl":"YAKA Bruin","fnac_short_description_fr":"","fnac_short_description_nl":"","fnac_leather_main_img":"","fnac_sexe":"Neutre","fnac_desc_vente":"Todos nuestros productos son nuevos y est\u00e1n en su embalaje original.","fnac_description_fr":"<p>Porta-archivador universal, adecuado para todos los formatos A4 (40-80 mm). Fijaci\u00f3n segura en el archivador, correa ajustable de 120 cm. F\u00e1cil de transportar mediante asa o correa para el hombro. PVC biocompatible, 5 a\u00f1os de garant\u00eda. La marca Yaka est\u00e1 protegida en todo el mundo.<\/p>","fnac_promotion_type":false,"fnac_logistic_type_id":103,"fruugo_category":"Material de Oficina > Archivado y Organizaci\u00f3n > Conf\u221a\u00a9renciadores","viking_vendor_sku":"1316445","viking_warehouse_id":"Michel Logistics","viking_uom":"PACK","viking_manufacturer_sku":"yaka01-marr\u00f3n","viking_min_days_to_ship":2,"viking_max_days_to_ship":5,"viking_availability":true,"sale_delay":3,"odoo_id":"producto_plantilla_10"},"_links":{"self":[{"href":"https:\/\/yakacompany.com\/es\/wp-json\/wp\/v2\/product\/38851","targetHints":{"allow":["GET"]}}],"collection":[{"href":"https:\/\/yakacompany.com\/es\/wp-json\/wp\/v2\/product"}],"about":[{"href":"https:\/\/yakacompany.com\/es\/wp-json\/wp\/v2\/types\/product"}],"replies":[{"embeddable":true,"href":"https:\/\/yakacompany.com\/es\/wp-json\/wp\/v2\/comments?post=38851"}],"wp:featuredmedia":[{"embeddable":true,"href":"https:\/\/yakacompany.com\/es\/wp-json\/wp\/v2\/media\/213670"}],"wp:attachment":[{"href":"https:\/\/yakacompany.com\/es\/wp-json\/wp\/v2\/media?parent=38851"}],"wp:term":[{"taxonomy":"product_brand","embeddable":true,"href":"https:\/\/yakacompany.com\/es\/wp-json\/wp\/v2\/product_brand?post=38851"},{"taxonomy":"product_cat","embeddable":true,"href":"https:\/\/yakacompany.com\/es\/wp-json\/wp\/v2\/product_cat?post=38851"},{"taxonomy":"product_tag","embeddable":true,"href":"https:\/\/yakacompany.com\/es\/wp-json\/wp\/v2\/product_tag?post=38851"}],"curies":[{"name":"wp","href":"https:\/\/api.w.org\/{rel}","templated":true}]}}