{"id":39155,"date":"2022-08-04T17:25:41","date_gmt":"2022-08-04T15:25:41","guid":{"rendered":"https:\/\/yakacompany.com\/shop\/bolsa-de-ordenador-133-pulgadas-negra-con-la-revolucionaria-pestana-easyfix\/"},"modified":"2024-09-23T19:19:02","modified_gmt":"2024-09-23T17:19:02","slug":"bolso-ordenador-13-3-pulgadas-negro-con-pata-facil-revolucionario","status":"publish","type":"product","link":"https:\/\/yakacompany.com\/es\/producto\/bolso-ordenador-13-3-pulgadas-negro-con-pata-facil-revolucionario\/","title":{"rendered":"Bolsa de ordenador &#8211; 13,3 pulgadas &#8211; Negra con la revolucionaria pesta\u00f1a EasyFix"},"content":{"rendered":"<p><strong>\u00bfQuiere un malet\u00edn para port\u00e1til con opciones de almacenamiento inteligentes?<\/strong><strong>\u00bfQuieres m\u00e1s? \u00a1Est\u00e1 aqu\u00ed!<\/strong>Esta Bolsa de Ordenador ha sido especialmente dise\u00f1ada para transportar su ordenador port\u00e1til en cualquier situaci\u00f3n.Se abre con una pr\u00e1ctica cremallera con su apertura de 180\u00b0 de ancho.En el exterior de esta Bolsa de Ordenador, se puede a\u00f1adir un bolsillo para guardar de forma segura sus documentos de viaje, por ejemplo cuando est\u00e1 de viaje.En el interior de esta bolsa, varios compartimentos pr\u00e1cticos como dos bolsillos superprotegidos para los ordenadores port\u00e1tiles y lugares para sus documentos, as\u00ed como dos bolsillos adicionales para guardar sus utensilios de escritura y su tel\u00e9fono m\u00f3vil.El malet\u00edn es f\u00e1cil de transportar a mano gracias a su c\u00f3moda asa o al hombrobandouli\u00e8re se incluyebandouli\u00e8re ajustable y retr\u00e1ctil), e incluso est\u00e1 dise\u00f1ado para sujetarse de forma segura a su maleta de viaje cuando est\u00e9 de viaje<strong>Lo \u00faltimo en nomadismo digital<\/strong>Pero eso no es todo. El malet\u00edn para port\u00e1til YAKA es sin duda el m\u00e1s inteligente jam\u00e1s creado! \u00bfEst\u00e1s cansado de llevar tu botella de agua, tu cantimplora, tu paraguas, tu s\u00e1ndwich, tu peri\u00f3dico en tu malet\u00edn para port\u00e1til? Es engorroso, de dif\u00edcil acceso, da\u00f1ado, sucio&#8230;<strong>\u00a1YAKA definitivamente piensa de manera diferente!<\/strong>Su exterior ha sido dise\u00f1ado para ello. Ya no hay riesgo de que el interior de la maleta se moje, ensucie o da\u00f1e.<\/p>\n","protected":false},"excerpt":{"rendered":"<p><strong>Bolsa para ordenador de nueva generaci\u00f3n:<\/strong> &#8211; Superligera, robusta y compacta &#8211; Resistente al agua, al desgaste y a los golpes  <strong>Interior inteligente : <\/strong> &#8211; Numerosos bolsillos de almacenamiento &#8211; Protecci\u00f3n interna multicapa &#8211; Cable de f\u00e1cil paso para cargar el ordenador y el m\u00f3vil &#8211; Apertura total de 180  <strong>Revolucionario asa externa &#8220;Fix and Go&#8221;:<\/strong> &#8211; Para transportar botellas de agua, bocadillos, paraguas, etc. &#8211; Se fija al asa retr\u00e1ctil de su trolley &#8211; Incluye correa para el hombro ajustable y retr\u00e1ctil  <strong>Gracias a YAKA, es f\u00e1cil ser organizado y ligero.<\/strong><\/p>\n","protected":false},"featured_media":216746,"comment_status":"closed","ping_status":"closed","template":"","meta":{"_acf_changed":false,"_et_pb_use_builder":"on","_et_pb_old_content":"<strong>\u00bfQuiere un malet\u00edn para port\u00e1til con opciones de almacenamiento inteligentes?<\/strong> <strong>\u00bfQuieres m\u00e1s? \u00a1Est\u00e1 aqu\u00ed!<\/strong>  Este malet\u00edn para port\u00e1til ha sido especialmente dise\u00f1ado para transportar su port\u00e1til en todo momento. Se abre con una pr\u00e1ctica cremallera con una apertura de 180\u00ba. En el exterior del malet\u00edn del port\u00e1til se puede a\u00f1adir un bolsillo para guardar de forma segura los documentos de viaje, por ejemplo, cuando se viaja. En el interior de la bolsa encontrar\u00e1s una serie de pr\u00e1cticos compartimentos, incluidos dos bolsillos superprotegidos para el port\u00e1til y ranuras para tus documentos, adem\u00e1s de dos bolsillos adicionales para tus utensilios de escritura y el tel\u00e9fono m\u00f3vil. Dispone de dos puntos de entrada de cables para recargar los dispositivos electr\u00f3nicos durante los desplazamientos. La funda es f\u00e1cil de llevar en la mano, gracias a su c\u00f3moda asa, o al hombro (correa para el hombro ajustable y retr\u00e1ctil incluida). Incluso se ha dise\u00f1ado para que pueda sujetarse firmemente a su equipaje de viaje cuando se desplace.  <strong>\u00a1Lo \u00faltimo en nomadismo digital!<\/strong>  \u00a1Pero eso no es todo! \u00a1El malet\u00edn para port\u00e1til YAKA es sin duda el m\u00e1s inteligente jam\u00e1s creado! \u00bfCansado de llevar tu botella de agua, tu cantimplora, tu paraguas, tu bocadillo, tu peri\u00f3dico en el malet\u00edn de tu port\u00e1til? Es voluminoso, de dif\u00edcil acceso, se estropea, se ensucia...  <strong>\u00a1YAKA definitivamente piensa de manera diferente!<\/strong>  Su exterior se ha dise\u00f1ado teniendo esto en cuenta. Ya no hay riesgo de que el interior de la maleta se moje, ensucie o da\u00f1e. Gracias a su exclusiva leng\u00fceta externa y a sus bandas y el\u00e1sticos antideslizantes, sus objetos esenciales se convierten en uno con la maleta, f\u00e1cilmente accesibles y protegidos sin da\u00f1ar el contenido de la misma. Innovaciones que hacen la vida mucho m\u00e1s f\u00e1cil! \u00a1Gracias YAKA!  <strong>\u00bfNo es genial? S\u00ed o s\u00ed.<\/strong>","_et_gb_content_width":""},"product_brand":[3939],"product_cat":[1424],"product_tag":[3143],"class_list":{"0":"post-39155","1":"product","2":"type-product","3":"status-publish","4":"has-post-thumbnail","6":"product_brand-yaka","7":"product_cat-laptop-case-fr-es","8":"product_tag-feed-xml-es","9":"product_shipping_class-3-5d-es","11":"first","12":"instock","13":"taxable","14":"shipping-taxable","15":"purchasable","16":"product-type-simple"},"acf":{"effitrace_sku":"YAKALAPT.133.BLK","gen_video_link":"","gen_tva_be":21,"gen_wpml_lang":"fr","gen_code_intrastat":"42021291","gen_tags":"Malet\u00edn, port\u00e1til, almacenamiento, inteligente, cremallera, apertura, 180\u00b0, bolsillo, exterior, documentos, viaje, tel\u00e9fono, bater\u00edas, electr\u00f3nicos, bolsillos, super, protegido, ranuras, para, documentos, bolsillos, para, escritura, utensilios, correa para el hombro, ajustable, cable, pasadizos, carga, electr\u00f3nica, dispositivos, bolsa, maleta, viaje, exterior, dise\u00f1ado, botella, botella de agua, paraguas, diario, digital, n\u00f3mada, pr\u00e1ctico, ligero, robusto, agua, resistente, f\u00e1cil, acceso, innovaci\u00f3n, organizaci\u00f3n","gen_very_short_description":"<p>Malet\u00edn vers\u00e1til para port\u00e1til: apertura de 180\u00b0, bolsillo de viaje, compartimentos protegidos para port\u00e1tiles y documentos, gesti\u00f3n de cables, correa para el hombro. Exterior ingenioso: soportes para accesorios antideslizantes. \u00a1Simplifica tu vida con la maleta YAKA!<\/p>","gen_producer-id-FR-EMBM":"FR353884_01RHDD","eco-contribution-amount-fr-embm":0.0079,"gen_lucid":"DE1835077141423","livraison_standard_fdp":"5,95","livraison_standard_fdpa":3,"mondial_relay_fdp":"4,06","mondial_relay_fdpa":3,"so_colissimo_fdp":"9,96","so_colissimo_fdpa":"4,5","ct_condition":"N","ct_status":"A","ct_tags":"Conf\u221a\u00a9renciadores, Maletines, Accesorios de ordenador, Port\u00e1tiles, Almacenamiento y organizaci\u00f3n","ct_type_produit":"Accesorios inform\u00e1ticos","ct_min_qty":2,"ct_collection":"P\u00e1gina de inicio","amz_manufacturer":"Yaka Company sprl","amz_conditiontype":"New","amz_fba":"1","amz_numberofpieces":1,"amz_minimumorderquantity":1,"amz_isexpirationdatedproduct":0,"amz_supplierdeclareddghzregulation":"no_aplicable","amz_arebatteriesrequired":"false","amz_bulletpoint1":"Malet\u00edn YAKA para port\u00e1til con opciones de almacenamiento inteligentes.","amz_bulletpoint2":"Apertura de 180\u00b0 con cremallera resistente.","amz_bulletpoint3":"Bolsillo exterior para documentos de viaje y equipos electr\u00f3nicos.","amz_bulletpoint4":"Interior con dos bolsillos protegidos para ordenadores y documentos, y dos bolsillos para utensilios de escritura y tel\u00e9fono.","amz_bulletpoint5":"Puertos con cable para recargar tus dispositivos mientras te desplazas.","amz_otheritemattributes1":"Superligera, robusta y compacta para facilitar su transporte.","amz_otheritemattributes2":"Resistente al agua, al desgaste y a los impactos internos y externos para una protecci\u00f3n \u00f3ptima.","amz_otheritemattributes3":"Pesta\u00f1a externa \"Fix and Go\" para transportar tus objetos esenciales sin riesgo de da\u00f1arlos.","amz_otheritemattributes4":"Incluye correa para el hombro ajustable y retr\u00e1ctil para llevarla c\u00f3modamente.","amz_otheritemattributes5":"Una soluci\u00f3n inteligente para n\u00f3madas digitales, que ofrece organizaci\u00f3n y ligereza en el d\u00eda a d\u00eda.","amz_length":36.5,"amz_width":3,"amz_height":27,"amz_businessprice":"","amz_isbusinessonly":"false","amz_quantitypricetype":"percent","amz_quantityprice1":"","amz_quantitylowerbound1":"","quantityprice2":"","amz_quantitylowerbound2":"","amz_quantityprice3":"","amz_quantitylowerbound3":"","amz_numberofitems":2,"amz_size":"13,3 pouces","amz_type_fermeture":"Cierre de cremallera","amz_departement":"Mixto","amz_searchterms":"Malet\u00edn para port\u00e1til almacenamiento inteligente cremallera apertura 180\u00b0 bolsillo exterior documentos viaje utensilios correa para el hombro ajustable malet\u00edn n\u00f3mada digital pr\u00e1ctico ligero resistente al agua f\u00e1cil acceso innovaci\u00f3n organizaci\u00f3n","amz_type_mat_ext":"Poli\u00e9ster 600 D LUX","amz_type_tissu":"","amz_nb_compartiments":5,"amz_stylename":"Utilitaire","amz_asin":"","bol_language":"NL","bol_conditionname":"NEW","bol_stockmanagedbyretailer":"false","bol_fulfilmentmethod":"FBR","bol_fulfilmentdeliverycode":"24uurs-23","available-end-date":"2099-12-31T00:00:00.000+02:00","available-start-date":"2020-01-01T00:00:00.000+02:00","etat":"11","garantie-mois":"60","product-id-type":"EAN","logistic-class":"M","bcouleur":"Noir","bdescriptif_court":"Bolsa de ordenador de nueva generaci\u00f3n. Ligera, robusta y compacta. Gracias a YAKA, \u00a1organizado y ligero!","bdescriptif_marketing":"<p>Bolsa de ordenador de nueva generaci\u00f3n. Ligera, robusta y compacta. Resistente al agua, al desgaste y a los impactos En interiores y exteriores.<br>Incluye correa para el hombro ajustable y retr\u00e1ctil.<br>Gracias a YAKA, es f\u00e1cil ser organizado y ligero. Gracias a su exclusivo cierre exterior antideslizante, tus objetos esenciales, a veces inc\u00f3modos, se convertir\u00e1n en uno con la bolsa: botella de agua, paraguas...<br>F\u00e1cil acceso y protecci\u00f3n sin da\u00f1ar el contenido interno de su bolsa.<br>Innovaciones que hacen la vida mucho m\u00e1s sencilla y pr\u00e1ctica. \u00bfNo es genial?<\/p>","bdescriptif_supp":"La bolsa para port\u00e1til YAKA ofrece opciones de almacenamiento inteligentes.  \nSe abre a 180\u00b0 con una cremallera pr\u00e1ctica y resistente.  \nEn el exterior, se puede a\u00f1adir un bolsillo para los documentos de viaje, el tel\u00e9fono y las pilas electr\u00f3nicas.  \nEn el interior, hay dos bolsillos superprotegidos para port\u00e1tiles, ranuras para documentos y dos bolsillos para utensilios de escritura y tel\u00e9fono.  \nDos puertos para cables te permiten recargar tus dispositivos sobre la marcha. Ll\u00e9velo en la mano o al hombro con la correa para el hombro ajustable incluida.\nLa bolsa puede fijarse de forma segura a su equipaje de viaje.\nEl exterior est\u00e1 dise\u00f1ado para transportar botellas, cantimploras, paraguas y peri\u00f3dicos sin riesgo de da\u00f1os y es f\u00e1cilmente accesible.  \nUn malet\u00edn inteligente y pr\u00e1ctico para los n\u00f3madas digitales.","bdescriptif_qty_comp":"","bdescriptif_spec":"","cd_desc_420":"Malet\u00edn inteligente para port\u00e1til con opciones de almacenamiento para Digital Nomad. Especialmente dise\u00f1ado para facilitar su transporte. Apertura con cremallera de 180\u00b0, compartimentos internos, puertos para cables para recargar sobre la marcha. Para llevar en la mano o al hombro, cierre seguro. Una sola leng\u00fceta exterior, tiras antideslizantes para llevar botellas de agua, paraguas, etc. sin riesgo de da\u00f1arlos. \u00a1Gracias YAKA!","cd_shortlabel_30":"Bolsa para port\u00e1til de 13,3 pulgadas Negro","cd_genre":"mixte \/ adulte","cd_dicounttype":0,"iscdav":0,"cd_desc_marketing":"Si busca un malet\u00edn para port\u00e1til con opciones de almacenamiento inteligentes y mucho m\u00e1s, \u00a1\u00e9ste es el suyo! Este malet\u00edn para ordenador ha sido especialmente dise\u00f1ado para llevar su port\u00e1til dondequiera que vaya.Se abre con una pr\u00e1ctica cremallera y una abertura gran angular de 180\u00b0.En el exterior de este malet\u00edn para ordenador, puede a\u00f1adir un bolsillo deslizante para sus documentos de viaje, por ejemplo.En el interior del malet\u00edn, hay varios compartimentos pr\u00e1cticos, incluidos dos bolsillos superprotegidos para el port\u00e1til y ranuras para sus documentos, as\u00ed como dos bolsillos adicionales para guardar sus utensilios de escritura y su tel\u00e9fono m\u00f3vil.Es f\u00e1cil de llevar en la mano, gracias a su c\u00f3moda asa, o colgado del hombro (correa para el hombro ajustable y retr\u00e1ctil incluida), e incluso est\u00e1 dise\u00f1ado para engancharse de forma segura a su equipaje de viaje cuando est\u00e9 de viajeLo \u00faltimo para los n\u00f3madas digitales del d\u00eda a d\u00eda\u00a1Pero eso no es todo! El malet\u00edn para port\u00e1til YAKA es sin duda el m\u00e1s inteligente jam\u00e1s creado! \u00bfCansado de llevar tu botella de agua, tu cantimplora, tu paraguas, tu bocadillo, tu peri\u00f3dico en el malet\u00edn de tu port\u00e1til? Su exterior ha sido dise\u00f1ado pensando en ello. \u00a1Se acab\u00f3 el riesgo de mojar, ensuciar o estropear el interior de tu malet\u00edn!","cd_name":"Bolsa para ordenador y tableta - 13,3 pulgadas - Negra con leng\u00fceta EasyFix","cd_productpackagingunit":"CubicMeter","cd_productpackagingvalue":0.0042,"etsy_is_supply":1,"etsy_when_made":"2020_2023","etsy_who_made":"i_did","etsy_recipient":"no_especificado","etsy_should_auto_renew":"1","etsy_shop_section_id":"44685511","etsy_shipping_template_id":"208283066221","etsy_listing_id":"103","etsy_is_customizable":"no","etsy_tags":"Malet\u00edn, port\u00e1til, almacenamiento, inteligente, resistente al agua, innovaci\u00f3n, n\u00f3mada digital, pr\u00e1ctico, ligero, robusto, bolsillos, correa para el hombro, malet\u00edn de viaje","etsy_tariff_code":"","etsy_size":"36,5x27x3cm","etsy_color":"negro","fb_age_group":"all ages","wc_faire_product_name":"Bolsa para ordenador - 13,3 pulgadas - Negra con leng\u00fceta EasyFix","wc_faire_country_manuf":"Chine","wc_faire_materials":["Nontoxic","Plastic-free"],"wc_faire_packaging":["Plastic-free","Recyclable","Recycled"],"wc_faire_production":false,"wc_faire_color":false,"wc_faire_product_lang":["English","French","German","Portuguese","Spanish"],"wc_faire_description":"<p>\u00bfBusca un malet\u00edn inteligente para port\u00e1til con opciones de almacenamiento? Este malet\u00edn para port\u00e1til est\u00e1 dise\u00f1ado para llevar su dispositivo con usted dondequiera que vaya. Se abre a 180\u00b0 gracias a una pr\u00e1ctica cremallera. En el exterior, a\u00f1ade un bolsillo para tus documentos de viaje. En el interior, hay dos bolsillos superprotegidos para port\u00e1tiles, almacenamiento para documentos y utensilios, y canales de cables para recargar tus dispositivos en movimiento. Ll\u00e9velo en la mano o al hombro con la correa para el hombro ajustable. Suj\u00e9talo a tu maleta cuando viajes. Adem\u00e1s, YAKA innova ofreciendo un exterior dise\u00f1ado para transportar su botella, paraguas, etc. con total seguridad, sin riesgo de sufrir da\u00f1os. Las bandas antideslizantes protegen sus objetos. Una soluci\u00f3n innovadora para hacer la vida m\u00e1s f\u00e1cil. \u00a1Gracias YAKA!<\/p>","grp_poids_units":1,"grp_dimensions_units":4,"Country_of_production":"CN","grp_age_range":4,"grp_gender":4,"grp_country_of_production":1,"grp_origin_of_production":"3","grp_screen_size_comp_max":"13.3","fcouleur_nl":" Zwart","name_nl":"Ordenadores - 13,3 pulgadas - Con el revolucionario EasyFix-tab","fnac_short_description_fr":"<p>Bolsa de ordenador de nueva generaci\u00f3n. Ligera, robusta y compacta. Resistente al agua, al desgaste y a los impactos En interiores y exteriores.<br>Incluye correa para el hombro ajustable y retr\u00e1ctil.<br>Gracias a YAKA, \u00a1es f\u00e1cil ser organizado y ligero! Gracias a su exclusivo cierre exterior antideslizante, tus objetos esenciales, a veces inc\u00f3modos, se convertir\u00e1n en uno con la bolsa: botella de agua, paraguas...<br>F\u00e1cil acceso y protecci\u00f3n sin da\u00f1ar el contenido interno de su bolsa.<\/p>","fnac_short_description_nl":"<p>Computertas de nueva generaci\u00f3n. Ligero, robusto y compacto. Resistente al agua, al deslizamiento y a los hongos, por dentro y por fuera.<br>Verstelbare, intrekbare schouderriem inbegrepen.<br>\u00a1Dankzij YAKA is het gemakkelijk om georganiseerd en licht te zijn! Gracias a su \u00fanico antideslizante en el cabezal, puede proteger sus pies de algunos de los peligros m\u00e1s comunes: waterfles, paraplu, enz.<br>Muy buen servicio, con el interior de su tienda a mano.<\/p>","fnac_leather_main_img":"","fnac_sexe":"Neutre","fnac_desc_vente":"Todos nuestros productos son nuevos y est\u00e1n en su embalaje original.","fnac_description_fr":"<p>Malet\u00edn vers\u00e1til para port\u00e1til: apertura de 180\u00b0, bolsillo de viaje, compartimentos protegidos para port\u00e1tiles y documentos, gesti\u00f3n de cables, correa para el hombro. Exterior ingenioso: soportes para accesorios antideslizantes. \u00a1Simplifica tu vida con la maleta YAKA!<\/p>","fnac_promotion_type":false,"fnac_logistic_type_id":103,"fruugo_category":"Art\u00edculos de marroquiner\u00eda > Maletines","viking_vendor_sku":"1316780","viking_warehouse_id":"Yaka Company","viking_uom":"EA","viking_manufacturer_sku":"YAKALAPT_133_BLK","viking_min_days_to_ship":2,"viking_max_days_to_ship":5,"viking_availability":true,"sale_delay":3,"odoo_id":"producto_plantilla_63"},"_links":{"self":[{"href":"https:\/\/yakacompany.com\/es\/wp-json\/wp\/v2\/product\/39155","targetHints":{"allow":["GET"]}}],"collection":[{"href":"https:\/\/yakacompany.com\/es\/wp-json\/wp\/v2\/product"}],"about":[{"href":"https:\/\/yakacompany.com\/es\/wp-json\/wp\/v2\/types\/product"}],"replies":[{"embeddable":true,"href":"https:\/\/yakacompany.com\/es\/wp-json\/wp\/v2\/comments?post=39155"}],"wp:featuredmedia":[{"embeddable":true,"href":"https:\/\/yakacompany.com\/es\/wp-json\/wp\/v2\/media\/216746"}],"wp:attachment":[{"href":"https:\/\/yakacompany.com\/es\/wp-json\/wp\/v2\/media?parent=39155"}],"wp:term":[{"taxonomy":"product_brand","embeddable":true,"href":"https:\/\/yakacompany.com\/es\/wp-json\/wp\/v2\/product_brand?post=39155"},{"taxonomy":"product_cat","embeddable":true,"href":"https:\/\/yakacompany.com\/es\/wp-json\/wp\/v2\/product_cat?post=39155"},{"taxonomy":"product_tag","embeddable":true,"href":"https:\/\/yakacompany.com\/es\/wp-json\/wp\/v2\/product_tag?post=39155"}],"curies":[{"name":"wp","href":"https:\/\/api.w.org\/{rel}","templated":true}]}}