{"id":66352,"date":"2023-04-11T19:00:08","date_gmt":"2023-04-11T17:00:08","guid":{"rendered":"https:\/\/yakacompany.com\/shop\/sin%20categor\u00eda\/fuerza-g-2\/"},"modified":"2024-09-23T19:04:56","modified_gmt":"2024-09-23T17:04:56","slug":"g-force-2","status":"publish","type":"product","link":"https:\/\/yakacompany.com\/es\/producto\/g-force-2\/","title":{"rendered":"YAKA Correa para el hombro Estilo y refinamiento &#8211; Talla \u00fanica &#8211; Style G Force 2"},"content":{"rendered":"<p><strong>Sue\u00f1a tu vida en color, es el secreto de la felicidad&#8217;<\/strong> <strong>Walt Disney<\/strong> Tu *Toque* \u00a1S\u00f3lo para ti!<\/p>\n<p>Maletin del Portatil grande, multicolor y superconfortable correa para el hombro <strong><br \/>\n  <em>\u00a1Un accesorio \u00fanico!<\/em><br \/>\n<\/strong><\/p>\n<p>Esta bonita correa multiusos dar\u00e1 color a tu malet\u00edn para port\u00e1til YAKA. Y como esta correa es universal, util\u00edzala para tu bolso, guitarra u otros. Esta bandolera bordada es un accesorio que permite personalizar la funda del port\u00e1til. Los extremos son de cuero negro. Dos mosquetones met\u00e1licos negros facilitan su fijaci\u00f3n a la caja del ordenador. Cambia la correa para el hombro seg\u00fan tu estado de \u00e1nimo y tendr\u00e1s un nuevo malet\u00edn para el port\u00e1til en un abrir y cerrar de ojos.<\/p>\n<p>\u00a1Con esta bandolera, tu estilo ser\u00e1 \u00daNICO! La caja de su ordenador tambi\u00e9n.<\/p>\n<p>YAKA le ofrece una amplia gama de correas de hombro ajustables. Cada una es m\u00e1s bella que la otra.<\/p>\n<p><em><br \/>\n  <strong>Una gran variedad de colores<\/strong><br \/>\n<\/em> Qu\u00e9 tal una correa para el hombro amarilla el lunes, un verde alegre el martes, un negro estricto y con clase el mi\u00e9rcoles, un camuflaje el jueves y un azul intenso el viernes. Y Hop: uno dorado o plateado en el fin de semana que el malet\u00edn del port\u00e1til le prestar\u00e1 a su bolso durante un fin de semana.<\/p>\n<p><strong><em>Si quieres destacar un poco m\u00e1s, tambi\u00e9n hay otros dise\u00f1os, como el \u00e9tnico, el piramidal, el geom\u00e9trico, el de camuflaje, el de cebra, etc.<\/em><\/strong><\/p>\n","protected":false},"excerpt":{"rendered":"<p><strong>&#8220;Sue\u00f1a tu vida en color, es el secreto de la felicidad&#8221; Walt <\/strong> Disney Tu &#8220;Toque&#8221; \u00a1S\u00f3lo para ti! Universal, se acopla a la maleta de ordenador YAKA y a casi todos los bolsos, guitarras, c\u00e1maras. Unisex (se adapta a los bolsos de hombres y mujeres). Longitud ajustable entre 73 y 130 cm. C\u00f3moda de llevar gracias a la anchura de la correa: 5 cm de ancho. Disponible en varios colores. <em>Se entrega sin embalaje de pl\u00e1stico.<\/em><\/p>\n","protected":false},"featured_media":211825,"comment_status":"open","ping_status":"closed","template":"","meta":{"_acf_changed":false,"_et_pb_use_builder":"","_et_pb_old_content":"","_et_gb_content_width":""},"product_brand":[3939],"product_cat":[1453],"product_tag":[3143],"class_list":{"0":"post-66352","1":"product","2":"type-product","3":"status-publish","4":"has-post-thumbnail","6":"product_brand-yaka","7":"product_cat-correa-para-el-hombro","8":"product_tag-feed-xml-es","9":"product_shipping_class-3-5d-es","11":"first","12":"outofstock","13":"taxable","14":"shipping-taxable","15":"purchasable","16":"product-type-simple"},"acf":{"effitrace_sku":"YAKABAND.GFOR2","gen_video_link":"","gen_tva_be":21,"gen_wpml_lang":"fr","gen_code_intrastat":"42023290","gen_tags":"Sue\u00f1o, color, secreto, felicidad, universal, malet\u00edn, ordenador, bolsas, guitarras, c\u00e1maras, unisex, hombres, mujeres, ajustable, comodidad, correa, varios, colores, correa para el hombro, accesorio, personalizar, funda, cuero, negro, ganchos, mosquet\u00f3n","gen_very_short_description":"Yaka correa para el hombro de ordenador multicolor. Universal se adapta a todo. Elegante con mosquetones met\u00e1licos para malet\u00edn. Exprese su estilo con una variedad de opciones, desde el amarillo los lunes hasta el camuflaje los jueves. Expr\u00e9sate con esta correa para el hombro \u00fanica.","gen_producer-id-FR-EMBM":"FR353884_01RHDD","eco-contribution-amount-fr-embm":0.0079,"gen_lucid":"DE1835077141423","livraison_standard_fdp":"5,95","livraison_standard_fdpa":3,"mondial_relay_fdp":"4,06","mondial_relay_fdpa":3,"so_colissimo_fdp":"9,96","so_colissimo_fdpa":"4,5","ct_condition":"N","ct_status":"A","ct_tags":"Correas de equipaje, Bolsas \u221a\u2020 de mano","ct_type_produit":"Correas de equipaje","ct_min_qty":3,"ct_collection":"","amz_manufacturer":"Yaka Company sprl","amz_conditiontype":"New","amz_fba":"1","amz_numberofpieces":1,"amz_minimumorderquantity":1,"amz_isexpirationdatedproduct":0,"amz_supplierdeclareddghzregulation":"no_aplicable","amz_arebatteriesrequired":"false","amz_bulletpoint1":"Correa para el hombro universal, compatible con Maletines del Portatil YAKA y la mayoria de bolsos, guitarras y camaras.","amz_bulletpoint2":"Longitud ajustable entre 73 y 130 cm, para adaptarse a diferentes estaturas y preferencias de uso.","amz_bulletpoint3":"Ancho de correa de 5 cm para una comodidad de uso \u00f3ptima.","amz_bulletpoint4":"Extremos de cuero negro para un acabado elegante y duradero.","amz_bulletpoint5":"Disponible en varios colores: liso, dorado, plateado, \u00e9tnico, geom\u00e9trico, etc.","amz_otheritemattributes1":"Personalice su bolsa para port\u00e1til cambiando la correa para el hombro para adaptarla a su gusto y estilo.","amz_otheritemattributes2":"La correa para el hombro universal es adecuada para una gran variedad de ocasiones y puede utilizarse para distintos tipos de bolso.","amz_otheritemattributes3":"Adecuado tanto para bolsos de hombre como de mujer, se trata de un accesorio unisex.","amz_otheritemattributes4":"Los ganchos de mosquet\u00f3n de metal negro permiten sujetar el malet\u00edn del port\u00e1til de forma f\u00e1cil y segura.","amz_otheritemattributes5":"Elige una correa para el hombro multicolor para alegrar tu d\u00eda a d\u00eda, u opta por opciones m\u00e1s sobrias para un look cl\u00e1sico y elegante.","amz_length":21,"amz_width":5,"amz_height":3,"amz_businessprice":"","amz_isbusinessonly":"false","amz_quantitypricetype":"percent","amz_quantityprice1":"","amz_quantitylowerbound1":"","quantityprice2":"","amz_quantitylowerbound2":"","amz_quantityprice3":"","amz_quantitylowerbound3":"","amz_numberofitems":1,"amz_size":"Taille unique","amz_type_fermeture":"Gancho mosquet\u00f3n","amz_departement":"Mixto","amz_searchterms":"R\u00eave couleur secret bonheur universel mallette ordinateur sacs guitares appareils photo unisexe homme femme r\u00e9glable confort sangle plusieurs couleurs bandouli\u00e8re accessoire personnaliser housse cuir noir crochets mousqueton","amz_type_mat_ext":"Algod\u00f3n","amz_type_tissu":"Nylon \/ Algod\u00f3n","amz_nb_compartiments":0,"amz_stylename":"Utilitaire","amz_asin":"","bol_language":"NL","bol_conditionname":"NEW","bol_stockmanagedbyretailer":"false","bol_fulfilmentmethod":"FBR","bol_fulfilmentdeliverycode":"24uurs-23","available-end-date":"2099-12-31T00:00:00.000+02:00","available-start-date":"2020-01-01T00:00:00.000+02:00","etat":"11","garantie-mois":"60","product-id-type":"EAN","logistic-class":"XS","bcouleur":"Multicolore","bdescriptif_court":"Correa para el hombro universal que se acopla al Maletin del Portatil YAKA y a casi cualquier otra cosa.","bdescriptif_marketing":"<p>\"Sue\u00f1a tu vida en color, es el secreto de la felicidad\".<br>Esta correa para el hombro universal se ajusta al Maletin del Portatil YAKA y a casi todos los bolsos, guitarras y camaras.<br>YAKA ofrece una gran variedad de correas para el hombro ajustables para personalizar su bolsa de ordenador port\u00e1til. Cambie a su gusto para conseguir un estilo \u00fanico.<br>Varios colores disponibles para cada d\u00eda de la semana.<br>Elige entre motivos dorados, plateados o \u00e9tnicos para causar sensaci\u00f3n.<br>Se entrega sin embalaje de pl\u00e1stico.<\/p>","bdescriptif_supp":"<p>\"Sue\u00f1a tu vida en color, es el secreto de la felicidad\" Walt Disney. Su propio \"Touche\". Maletin del Portatil grande, multicolor y supercmodo con correa para el hombro \u00a1Un accesorio nico! Esta correa multiusos a\u00f1adir\u00e1 color a tu bolsa YAKA. Y como esta correa es universal, util\u00edzala para tu bolso, guitarra u otros. Esta bandolera bordada es un accesorio que permite personalizar la funda del port\u00e1til. Los extremos son de cuero negro. Dos mosquetones met\u00e1licos negros facilitan su fijaci\u00f3n a la caja del ordenador. Unisex (se adapta a los bolsos de hombres y mujeres). Longitud ajustable entre 73 y 130 cm. C\u00f3moda de llevar gracias a la anchura de la correa: 5 cm de ancho.<\/p>","bdescriptif_qty_comp":"","bdescriptif_spec":"","cd_desc_420":"Sue\u00f1a tu vida en color\", dec\u00eda Walt Disney. Descubra su Touch \u00fanico: una correa para el hombro ancha, c\u00f3moda y multicolor. Universal, colorea el malet\u00edn del port\u00e1til YAKA y se adapta a todo. Extremos de cuero negro, estampados de algod\u00f3n, mosquetones met\u00e1licos. YAKA ofrece una gran variedad de correas para el hombro ajustables en m\u00e1s de 30 colores y estampados \u00fanicos. Expr\u00e9sate con estilo y color.","cd_shortlabel_30":"Correa de viaje Yaka G Force2","cd_genre":"mixte \/ adulte","cd_dicounttype":0,"iscdav":0,"cd_desc_marketing":"Sue\u00f1a tu vida en color, es el secreto de la felicidad - Walt Disney Votre Touch \u00a1S\u00f3lo para ti!  \nMaletin del Portatil grande, multicolor y supercmodo con correa para el hombro \u00a1Un accesorio nico!  \nEsta genial correa multiusos a\u00f1adir\u00e1 color a tu malet\u00edn para port\u00e1til YAKA.  \nY como esta correa es universal, util\u00edzala para tu bolso, guitarra u otros. Esta bandolera bordada es un accesorio que permite personalizar la funda del port\u00e1til. Los extremos son de cuero negro. Dos mosquetones met\u00e1licos negros facilitan su fijaci\u00f3n al malet\u00edn del port\u00e1til.  \nCambia la correa para el hombro seg\u00fan tu estado de \u00e1nimo y tendr\u00e1s un nuevo malet\u00edn para el port\u00e1til en un abrir y cerrar de ojos. \u00a1Con esta bandolera, tu estilo ser\u00e1 \u00daNICO! La carcasa del ordenador tambi\u00e9n.  \nYAKA le ofrece una amplia gama de correas de hombro ajustables. Cada una es m\u00e1s bella que la otra. Una amplia variedad de colores \u00bfQu\u00e9 tal una correa para el hombro amarilla el lunes, un verde alegre el martes, un negro estricto y con clase el mi\u00e9rcoles, un camuflaje el jueves y un azul intenso el viernes?  \nY Hop: uno dorado o plateado en el fin de semana que el malet\u00edn del port\u00e1til le prestar\u00e1 a su bolso durante un fin de semana. Si quieres destacar un poco m\u00e1s, tambi\u00e9n hay otros dise\u00f1os, como el \u00e9tnico, el piramidal, el geom\u00e9trico, el de camuflaje, el de cebra, etc.","cd_name":"Correa de viaje Yaka G Force 2 - Estilo y refinamiento para esta correa para el hombro multicolor ajustable de 5 a 130 cm","cd_productpackagingunit":"CubicMeter","cd_productpackagingvalue":0.000528,"etsy_is_supply":1,"etsy_when_made":"2020_2023","etsy_who_made":"i_did","etsy_recipient":"no_especificado","etsy_should_auto_renew":"1","etsy_shop_section_id":"44669300","etsy_shipping_template_id":"208283066221","etsy_listing_id":"103","etsy_is_customizable":"no","etsy_tags":"Dream, ajustable, mosquet\u00f3n, correa, correa para el hombro, ganchos, varios colores ,accesorio, universal, unisex, hombres, mujeres, bolsos","etsy_tariff_code":"","etsy_size":"75-130 cm","etsy_color":"GFOR2","fb_age_group":"all ages","wc_faire_product_name":"Yaka correa para el hombro de algod\u00f3n de talla \u00fanica - G Force 2 176238","wc_faire_country_manuf":"Chine","wc_faire_materials":["Nontoxic","Plastic-free"],"wc_faire_packaging":["Plastic-free","Recyclable","Recycled"],"wc_faire_production":false,"wc_faire_color":false,"wc_faire_product_lang":["English","French","German","Portuguese","Spanish"],"wc_faire_description":"<p>Descubra su exclusivo \"Touch\": una correa para el hombro ancha y multicolor para el Maletin del Portatil, ultraconfortable en el hombro. Esta correa divertida y vers\u00e1til da a tu malet\u00edn YAKA para port\u00e1til un aspecto colorido y se adapta a tu bolso, guitarra, etc. Bordada, personaliza su funda con elegancia, con remates de cuero negro. Dos mosquetones met\u00e1licos negros facilitan su fijaci\u00f3n a la maleta.<\/p><p>Cambia tu correa para el hombro por una nueva funda instant\u00e1nea. Tu estilo ser\u00e1 \u00daNICO gracias a esta correa para el hombro, igual que tu malet\u00edn. YAKA ofrece una selecci\u00f3n de correas para el hombro ajustables, todas preciosas, en una variedad de colores: amarillo los lunes, verde alegre los martes, negro con clase los mi\u00e9rcoles, camuflaje los jueves, azul intenso los viernes. Fin de semana en oro o plata, el malet\u00edn del port\u00e1til se presta a un bolso de mano. Hay dise\u00f1os \u00e9tnicos, piramidales, geom\u00e9tricos, de camuflaje y de cebra. Expr\u00e9sate con esta correa para el hombro, a\u00f1adiendo color y originalidad a tu d\u00eda a d\u00eda.<\/p>","grp_poids_units":1,"grp_dimensions_units":4,"Country_of_production":"CN","grp_age_range":4,"grp_gender":4,"grp_country_of_production":8,"grp_origin_of_production":"2","grp_screen_size_comp_max":false,"fcouleur_nl":" Veelkleurig","name_nl":"Fuerza G 2","fnac_short_description_fr":"","fnac_short_description_nl":"","fnac_leather_main_img":"","fnac_sexe":"Neutre","fnac_desc_vente":"Todos nuestros productos son nuevos y est\u00e1n en su embalaje original.","fnac_description_fr":"<p>Yaka correa para el hombro de ordenador multicolor. Universal se adapta a todo. Elegante con mosquetones met\u00e1licos para malet\u00edn. Exprese su estilo con una variedad de opciones, desde el amarillo los lunes hasta el camuflaje los jueves. Expr\u00e9sate con esta correa para el hombro \u00fanica.<\/p>","fnac_promotion_type":false,"fnac_logistic_type_id":103,"fruugo_category":"Maletas y marroquiner\u00eda > Accesorios de viaje > Correas de equipaje","viking_vendor_sku":"3176238","viking_warehouse_id":"Yaka Company","viking_uom":"EA","viking_manufacturer_sku":"YAKABAND_GFOR2","viking_min_days_to_ship":2,"viking_max_days_to_ship":5,"viking_availability":true,"sale_delay":3,"odoo_id":"producto_plantilla_74"},"_links":{"self":[{"href":"https:\/\/yakacompany.com\/es\/wp-json\/wp\/v2\/product\/66352","targetHints":{"allow":["GET"]}}],"collection":[{"href":"https:\/\/yakacompany.com\/es\/wp-json\/wp\/v2\/product"}],"about":[{"href":"https:\/\/yakacompany.com\/es\/wp-json\/wp\/v2\/types\/product"}],"replies":[{"embeddable":true,"href":"https:\/\/yakacompany.com\/es\/wp-json\/wp\/v2\/comments?post=66352"}],"wp:featuredmedia":[{"embeddable":true,"href":"https:\/\/yakacompany.com\/es\/wp-json\/wp\/v2\/media\/211825"}],"wp:attachment":[{"href":"https:\/\/yakacompany.com\/es\/wp-json\/wp\/v2\/media?parent=66352"}],"wp:term":[{"taxonomy":"product_brand","embeddable":true,"href":"https:\/\/yakacompany.com\/es\/wp-json\/wp\/v2\/product_brand?post=66352"},{"taxonomy":"product_cat","embeddable":true,"href":"https:\/\/yakacompany.com\/es\/wp-json\/wp\/v2\/product_cat?post=66352"},{"taxonomy":"product_tag","embeddable":true,"href":"https:\/\/yakacompany.com\/es\/wp-json\/wp\/v2\/product_tag?post=66352"}],"curies":[{"name":"wp","href":"https:\/\/api.w.org\/{rel}","templated":true}]}}