{"id":32096,"date":"2022-06-20T16:38:52","date_gmt":"2022-06-20T14:38:52","guid":{"rendered":"https:\/\/yakacompany.com\/consegna-e-restituzione\/"},"modified":"2022-06-20T16:38:52","modified_gmt":"2022-06-20T14:38:52","slug":"consegna-e-restituzione","status":"publish","type":"page","link":"https:\/\/yakacompany.com\/it\/consegna-e-restituzione\/","title":{"rendered":"Consegna e restituzione"},"content":{"rendered":"<h1><\/h1>\n<p>I supporti YaKa presentati su questo sito sono disponibili a magazzino nei colori standard proposti e vengono realizzati su richiesta per gli altri (colori non standard e YaKa personalizzati).<\/p>\n<p>Il tempo di consegna dalla data dell&#8217;ordine \u00e8 di 10 giorni lavorativi. L&#8217;ordine viene preparato e spedito da YaKa il prima possibile (previa conferma del pagamento).<\/p>\n<p>Le consegne vengono effettuate in tutto il mondo.<\/p>\n<p>I prodotti vengono consegnati all&#8217;indirizzo indicato dall&#8217;utente al momento dell&#8217;ordine.<\/p>\n<p>La consegna viene effettuata da UPS e Bpost.<\/p>\n<p>Le seguenti spese di spedizione sono espresse in euro:<\/p>\n<p>Vedere la tabella dei prezzi per regione e paese.<\/p>\n<p>La consegna in Belgio costa 4,33 euro.<\/p>\n<p>I prodotti vengono consegnati solo nei 5 giorni lavorativi della settimana; non sono previste consegne nei fine settimana e nei giorni festivi.<\/p>\n<p>L&#8217;utente \u00e8 informato che tutti gli ordini effettuati sul sito il venerd\u00ec pomeriggio non saranno evasi fino al luned\u00ec successivo.<\/p>\n<p>La consegna avviene entro :<\/p>\n<ul>\n<li>Da 1 a 4 giorni lavorativi in Belgio con Bpost<\/li>\n<li>Da 2 a 10 giorni lavorativi per il resto del mondo con UPS<\/li>\n<\/ul>\n<p>I tempi di consegna sono indicativi.<\/p>\n<p>YaKa declina ogni responsabilit\u00e0 in caso di ritardo, perdita dei prodotti ordinati, sciopero dei servizi postali o dei vettori.<\/p>\n<p>In questi casi, l&#8217;utente deve intervenire direttamente presso i servizi postali o i corrieri.<\/p>\n<p>Per garantirne il perfetto stato durante il trasporto, tutti i prodotti sono imballati da YaKa in conformit\u00e0 alle norme vigenti. \u00c8 indispensabile che l&#8217;utente controlli l&#8217;imballaggio e i prodotti al momento della consegna.<\/p>\n<p>Qualsiasi problema con gli articoli consegnati (articoli danneggiati, articoli mancanti, articoli rotti, articoli difettosi, ecc.) deve essere comunicato a YaKa entro 3 giorni (compresi i giorni festivi) dalla consegna (fa fede il timbro postale).<\/p>\n<p>Tutte le riserve o i reclami relativi alla non conformit\u00e0 del prodotto o a un difetto del prodotto devono essere inviati per e-mail al seguente indirizzo: contact@yakacompany.com o per posta raccomandata al seguente indirizzo<\/p>\n<p>YaKa Company SPRL<br \/>\nRue Achille Fi\u00e9vez,16<br \/>\n1474 Modi<br \/>\nBelgio<\/p>\n<p>GRAZIE per averci scelto!<\/p>\n","protected":false},"excerpt":{"rendered":"<p>I supporti YaKa presentati su questo sito sono disponibili a magazzino nei colori standard proposti e vengono realizzati su richiesta per gli altri (colori non standard e YaKa personalizzati). Il tempo di consegna dalla data dell&#8217;ordine \u00e8 di 10 giorni lavorativi. L&#8217;ordine viene preparato e spedito da YaKa il prima possibile (previa conferma del pagamento). [&hellip;]<\/p>\n","protected":false},"author":151,"featured_media":0,"parent":0,"menu_order":63,"comment_status":"open","ping_status":"open","template":"","meta":{"_acf_changed":false,"_et_pb_use_builder":"","_et_pb_old_content":"","_et_gb_content_width":"","footnotes":""},"class_list":["post-32096","page","type-page","status-publish","hentry"],"acf":[],"_links":{"self":[{"href":"https:\/\/yakacompany.com\/it\/wp-json\/wp\/v2\/pages\/32096","targetHints":{"allow":["GET"]}}],"collection":[{"href":"https:\/\/yakacompany.com\/it\/wp-json\/wp\/v2\/pages"}],"about":[{"href":"https:\/\/yakacompany.com\/it\/wp-json\/wp\/v2\/types\/page"}],"author":[{"embeddable":true,"href":"https:\/\/yakacompany.com\/it\/wp-json\/wp\/v2\/users\/151"}],"replies":[{"embeddable":true,"href":"https:\/\/yakacompany.com\/it\/wp-json\/wp\/v2\/comments?post=32096"}],"version-history":[{"count":0,"href":"https:\/\/yakacompany.com\/it\/wp-json\/wp\/v2\/pages\/32096\/revisions"}],"wp:attachment":[{"href":"https:\/\/yakacompany.com\/it\/wp-json\/wp\/v2\/media?parent=32096"}],"curies":[{"name":"wp","href":"https:\/\/api.w.org\/{rel}","templated":true}]}}