{"id":32761,"date":"2022-06-20T16:47:23","date_gmt":"2022-06-20T14:47:23","guid":{"rendered":"https:\/\/yakacompany.com\/collezione-yaka\/"},"modified":"2022-06-28T19:51:15","modified_gmt":"2022-06-28T17:51:15","slug":"collezione-yaka","status":"publish","type":"page","link":"https:\/\/yakacompany.com\/it\/collezione-yaka\/","title":{"rendered":"Collezione YaKa"},"content":{"rendered":"<p>[et_pb_section fb_built=&#8221;1&#8243; _builder_version=&#8221;4.17.4&#8243; _module_preset=&#8221;default&#8221; custom_margin=&#8221;36px||||false|false&#8221; custom_padding=&#8221;||||false|false&#8221; global_colors_info=&#8221;{}&#8221;][et_pb_row column_structure=&#8221;2_5,3_5&#8243; make_equal=&#8221;on&#8221; _builder_version=&#8221;4.16&#8243; _module_preset=&#8221;default&#8221; custom_margin=&#8221;26px|auto||auto||&#8221; global_colors_info=&#8221;{}&#8221;][et_pb_column type=&#8221;2_5&#8243; module_class=&#8221;centrer-verticalement&#8221; _builder_version=&#8221;4.16&#8243; _module_preset=&#8221;default&#8221; global_colors_info=&#8221;{}&#8221;][et_pb_image src=&#8221;https:\/\/yakacompany.com\/wp-content\/uploads\/2022\/06\/yaka-noir-1.png&#8221; title_text=&#8221;yaka-nero-1&#8243; url=&#8221;https:\/\/yakacompany.com\/it\/categorie-produit\/porta-file-documenti\/classico\/#&#8221; _builder_version=&#8221;4.17.4&#8243; _module_preset=&#8221;default&#8221; custom_margin=&#8221;0px|0px|0px|0px|false|false&#8221; custom_padding=&#8221;23px|0px|0px|0px|false|false&#8221; global_colors_info=&#8221;{}&#8221;][\/et_pb_image][\/et_pb_column][et_pb_column type=&#8221;3_5&#8243; module_class=&#8221;centrer-verticalement&#8221; _builder_version=&#8221;4.16&#8243; _module_preset=&#8221;default&#8221; global_colors_info=&#8221;{}&#8221;][et_pb_text _builder_version=&#8221;4.16&#8243; _module_preset=&#8221;default&#8221; text_font_size=&#8221;53px&#8221; custom_margin=&#8221;-16px||18px||false|false&#8221; global_colors_info=&#8221;{}&#8221;]<\/p>\n<h1>Yaka classico<\/h1>\n<p>[\/et_pb_text][et_pb_text _builder_version=&#8221;4.16&#8243; _module_preset=&#8221;default&#8221; global_colors_info=&#8221;{}&#8221;]<\/p>\n<p justify=\"\"><strong>Il supporto universale per cartelle\/documenti.<\/strong><br \/><span>Si adatta a tutti i raccoglitori e portadocumenti presenti sul mercato (formato A4 da 40 a 80 mm).<\/span><br \/><span>Il portacartelle si aggancia alla cartella e rimane in posizione durante l&#8217;utilizzo.<\/span><br \/><span>Il portacartelle \u00e8 composto da un corpo principale e da una cinghia di 120 cm che pu\u00f2 essere adattata in tre lunghezze: 96 cm, 104 cm o 112 cm.<\/span><br \/><span>Facile da trasportare con la maniglia o la tracolla.<\/span><br \/><span>Il portacartelle \u00e8 realizzato in PVC biocompatibile.<\/span><\/p>\n<p>[\/et_pb_text][et_pb_button button_url=&#8221;https:\/\/yakacompany.com\/it\/categorie-produit\/porta-file-documenti\/classico\/#&#8221; button_text=&#8221;Vedere la collezione&#8221; _builder_version=&#8221;4.17.4&#8243; _module_preset=&#8221;default&#8221; custom_button=&#8221;on&#8221; button_use_icon=&#8221;off&#8221; global_colors_info=&#8221;{}&#8221;][\/et_pb_button][\/et_pb_column][\/et_pb_row][et_pb_row column_structure=&#8221;2_5,3_5&#8243; make_equal=&#8221;on&#8221; _builder_version=&#8221;4.16&#8243; _module_preset=&#8221;default&#8221; custom_margin=&#8221;0px||||false|false&#8221; custom_padding=&#8221;0px||||false|false&#8221; global_colors_info=&#8221;{}&#8221;][et_pb_column type=&#8221;2_5&#8243; module_class=&#8221;centrer-verticalement&#8221; _builder_version=&#8221;4.16&#8243; _module_preset=&#8221;default&#8221; global_colors_info=&#8221;{}&#8221;][et_pb_image src=&#8221;https:\/\/yakacompany.com\/wp-content\/uploads\/2021\/11\/Chanel_0001__JDJ6673.jpg&#8221; alt=&#8221;Chanel&#8221; title_text=&#8221;Chanel_0001__JDJ6673&#8243; url=&#8221;https:\/\/yakacompany.com\/it\/categorie-produit\/porta-file-documenti\/collaborazioni-artistiche\/&#8221; _builder_version=&#8221;4.17.4&#8243; _module_preset=&#8221;default&#8221; global_colors_info=&#8221;{}&#8221;][\/et_pb_image][\/et_pb_column][et_pb_column type=&#8221;3_5&#8243; module_class=&#8221;centrer-verticalement&#8221; _builder_version=&#8221;4.16&#8243; _module_preset=&#8221;default&#8221; global_colors_info=&#8221;{}&#8221;][et_pb_text _builder_version=&#8221;4.16&#8243; _module_preset=&#8221;default&#8221; text_font_size=&#8221;53px&#8221; custom_margin=&#8221;||18px||false|false&#8221; global_colors_info=&#8221;{}&#8221;]<\/p>\n<h1><span>Yaka Art collab<\/span><\/h1>\n<p>[\/et_pb_text][et_pb_text _builder_version=&#8221;4.16&#8243; _module_preset=&#8221;default&#8221; global_colors_info=&#8221;{}&#8221;]<\/p>\n<p>La YaKa personalizzata<span> <\/span><strong>&#8220;Art Collab<\/strong><span> <\/span>si aggiunge alla gamma dei nostri accessori premium.<br \/>Lavoriamo con<span> <\/span><strong>Sul palco83<\/strong><span> <\/span>e il loro artista<span> <\/span><strong>Bossy Custom<\/strong>, a Saint-Tropez. Ogni YaKa \u00e8 personalizzato e dipinto a mano.<br \/>Ogni pezzo \u00e8 unico, firmato e numerato. Ogni YaKa dipinto nasce da un lavoro artistico e autentico.<\/p>\n<p>[\/et_pb_text][et_pb_button button_url=&#8221;https:\/\/yakacompany.com\/it\/categorie-produit\/porta-file-documenti\/collaborazioni-artistiche\/&#8221; button_text=&#8221;Vedere la collezione&#8221; _builder_version=&#8221;4.17.4&#8243; _module_preset=&#8221;default&#8221; custom_button=&#8221;on&#8221; button_use_icon=&#8221;off&#8221; global_colors_info=&#8221;{}&#8221;][\/et_pb_button][\/et_pb_column][\/et_pb_row][et_pb_row column_structure=&#8221;2_5,3_5&#8243; make_equal=&#8221;on&#8221; _builder_version=&#8221;4.16&#8243; _module_preset=&#8221;default&#8221; custom_margin=&#8221;0px||||false|false&#8221; custom_padding=&#8221;0px||||false|false&#8221; global_colors_info=&#8221;{}&#8221;][et_pb_column type=&#8221;2_5&#8243; module_class=&#8221;centrer-verticalement&#8221; _builder_version=&#8221;4.16&#8243; _module_preset=&#8221;default&#8221; global_colors_info=&#8221;{}&#8221;][et_pb_image src=&#8221;https:\/\/yakacompany.com\/wp-content\/uploads\/2022\/02\/20.jpg&#8221; title_text=&#8221;20&#8243; url=&#8221;https:\/\/yakacompany.com\/it\/categorie-produit\/porta-file-documenti\/pelle\/&#8221; _builder_version=&#8221;4.17.4&#8243; _module_preset=&#8221;default&#8221; global_colors_info=&#8221;{}&#8221;][\/et_pb_image][\/et_pb_column][et_pb_column type=&#8221;3_5&#8243; module_class=&#8221;centrer-verticalement&#8221; _builder_version=&#8221;4.16&#8243; _module_preset=&#8221;default&#8221; global_colors_info=&#8221;{}&#8221;][et_pb_text _builder_version=&#8221;4.16&#8243; _module_preset=&#8221;default&#8221; text_font_size=&#8221;53px&#8221; custom_margin=&#8221;||18px||false|false&#8221; global_colors_info=&#8221;{}&#8221;]<\/p>\n<h1><span>Pelle Yaka<\/span><\/h1>\n<p>[\/et_pb_text][et_pb_text _builder_version=&#8221;4.16&#8243; _module_preset=&#8221;default&#8221; global_colors_info=&#8221;{}&#8221;]<\/p>\n<p justify=\"\"><span>Il portacartelle A4 YAKA \u00e8 realizzato in pelle martellata. Realizzato a mano. Progettato con precisione e perfettamente rifinito. Utilizzo di una pelle bovina eccezionale, degna dei pi\u00f9 grandi produttori di pelletteria di lusso. Questa valigetta di lusso \u00e8 adatta a uomini e donne dinamici che fanno dell&#8217;organizzazione il loro cavallo di battaglia.<\/span><\/p>\n<p>[\/et_pb_text][et_pb_button button_url=&#8221;https:\/\/yakacompany.com\/it\/categorie-produit\/porta-file-documenti\/pelle\/&#8221; button_text=&#8221;Vedere la collezione&#8221; _builder_version=&#8221;4.17.4&#8243; _module_preset=&#8221;default&#8221; custom_button=&#8221;on&#8221; button_use_icon=&#8221;off&#8221; global_colors_info=&#8221;{}&#8221;][\/et_pb_button][\/et_pb_column][\/et_pb_row][et_pb_row column_structure=&#8221;2_5,3_5&#8243; make_equal=&#8221;on&#8221; _builder_version=&#8221;4.16&#8243; _module_preset=&#8221;default&#8221; custom_margin=&#8221;0px||||false|false&#8221; custom_padding=&#8221;0px||||false|false&#8221; global_colors_info=&#8221;{}&#8221;][et_pb_column type=&#8221;2_5&#8243; module_class=&#8221;centrer-verticalement&#8221; _builder_version=&#8221;4.16&#8243; _module_preset=&#8221;default&#8221; global_colors_info=&#8221;{}&#8221;][et_pb_image src=&#8221;https:\/\/yakacompany.com\/wp-content\/uploads\/2022\/06\/Housse-ordinateur-noir.png&#8221; title_text=&#8221;Custodia per computer nera&#8221; url=&#8221;https:\/\/yakacompany.com\/it\/categorie-produit\/custodia-per-laptop\/&#8221; _builder_version=&#8221;4.17.4&#8243; _module_preset=&#8221;default&#8221; global_colors_info=&#8221;{}&#8221;][\/et_pb_image][\/et_pb_column][et_pb_column type=&#8221;3_5&#8243; module_class=&#8221;centrer-verticalement&#8221; _builder_version=&#8221;4.16&#8243; _module_preset=&#8221;default&#8221; global_colors_info=&#8221;{}&#8221;][et_pb_text _builder_version=&#8221;4.17.4&#8243; _module_preset=&#8221;default&#8221; text_font_size=&#8221;53px&#8221; custom_margin=&#8221;||18px||false|false&#8221; global_colors_info=&#8221;{}&#8221;]<\/p>\n<h1><span>Borsa per computer<\/span><\/h1>\n<p>[\/et_pb_text][et_pb_text _builder_version=&#8221;4.16&#8243; _module_preset=&#8221;default&#8221; global_colors_info=&#8221;{}&#8221;]<\/p>\n<p justify=\"\"><strong>Il massimo del nomadismo digitale!<\/strong><br \/><span>Ma non \u00e8 tutto! La custodia per laptop YAKA \u00e8 sicuramente la pi\u00f9 intelligente di sempre!<\/span><br \/><span>Siete stanchi di portare con voi la borraccia, l&#8217;ombrello, il panino, il giornale nella custodia del portatile? ingombranti, di difficile accesso, danneggiati, sporchi&#8230;<\/span><\/p>\n<p>[\/et_pb_text][et_pb_button button_url=&#8221;https:\/\/yakacompany.com\/it\/categorie-produit\/custodia-per-laptop\/&#8221; button_text=&#8221;Vedere la collezione&#8221; _builder_version=&#8221;4.17.4&#8243; _module_preset=&#8221;default&#8221; custom_button=&#8221;on&#8221; button_use_icon=&#8221;off&#8221; global_colors_info=&#8221;{}&#8221;][\/et_pb_button][\/et_pb_column][\/et_pb_row][et_pb_row column_structure=&#8221;2_5,3_5&#8243; make_equal=&#8221;on&#8221; _builder_version=&#8221;4.16&#8243; _module_preset=&#8221;default&#8221; custom_margin=&#8221;0px||||false|false&#8221; custom_padding=&#8221;0px||||false|false&#8221; global_colors_info=&#8221;{}&#8221;][et_pb_column type=&#8221;2_5&#8243; module_class=&#8221;centrer-verticalement&#8221; _builder_version=&#8221;4.16&#8243; _module_preset=&#8221;default&#8221; global_colors_info=&#8221;{}&#8221;][et_pb_image src=&#8221;https:\/\/yakacompany.com\/wp-content\/uploads\/2022\/06\/Sans-titre-11.png&#8221; title_text=&#8221;Senza titolo (11)&#8221; url=&#8221;https:\/\/yakacompany.com\/it\/categorie-produit\/astuccio-per-matite\/&#8221; _builder_version=&#8221;4.17.4&#8243; _module_preset=&#8221;default&#8221; global_colors_info=&#8221;{}&#8221;][\/et_pb_image][\/et_pb_column][et_pb_column type=&#8221;3_5&#8243; module_class=&#8221;centrer-verticalement&#8221; _builder_version=&#8221;4.16&#8243; _module_preset=&#8221;default&#8221; global_colors_info=&#8221;{}&#8221;][et_pb_text _builder_version=&#8221;4.16&#8243; _module_preset=&#8221;default&#8221; text_font_size=&#8221;53px&#8221; custom_margin=&#8221;||18px||false|false&#8221; global_colors_info=&#8221;{}&#8221;]<\/p>\n<h1>Astuccio per matite<\/h1>\n<p>[\/et_pb_text][et_pb_text _builder_version=&#8221;4.16&#8243; _module_preset=&#8221;default&#8221; global_colors_info=&#8221;{}&#8221;]<\/p>\n<p><strong>3 in UNO \u00e8 GRANDE!<\/strong><\/p>\n<p><strong>1.<\/strong> Portate con voi il materiale scolastico con l&#8217;ampio portamatite che si aggancia agli anelli del raccoglitore. <strong>2.<\/strong> Collegate la vostra custodia alla custodia per laptop YAKA per contenere gli accessori del computer. <strong>3.<\/strong> Utilizzatela autonomamente come ingegnosa tote bag<\/p>\n<p>[\/et_pb_text][et_pb_button button_url=&#8221;https:\/\/yakacompany.com\/it\/categorie-produit\/astuccio-per-matite\/&#8221; button_text=&#8221;Vedere la collezione&#8221; _builder_version=&#8221;4.17.4&#8243; _module_preset=&#8221;default&#8221; custom_button=&#8221;on&#8221; button_use_icon=&#8221;off&#8221; global_colors_info=&#8221;{}&#8221;][\/et_pb_button][\/et_pb_column][\/et_pb_row][et_pb_row column_structure=&#8221;2_5,3_5&#8243; make_equal=&#8221;on&#8221; _builder_version=&#8221;4.16&#8243; _module_preset=&#8221;default&#8221; custom_margin=&#8221;0px||||false|false&#8221; custom_padding=&#8221;0px||||false|false&#8221; global_colors_info=&#8221;{}&#8221;][et_pb_column type=&#8221;2_5&#8243; module_class=&#8221;centrer-verticalement&#8221; _builder_version=&#8221;4.16&#8243; _module_preset=&#8221;default&#8221; global_colors_info=&#8221;{}&#8221;][et_pb_image src=&#8221;https:\/\/yakacompany.com\/wp-content\/uploads\/2022\/05\/Sans-titre-20.png&#8221; title_text=&#8221;Senza titolo (20)&#8221; url=&#8221;https:\/\/yakacompany.com\/it\/categorie-produit\/tracolla\/&#8221; _builder_version=&#8221;4.17.4&#8243; _module_preset=&#8221;default&#8221; global_colors_info=&#8221;{}&#8221;][\/et_pb_image][\/et_pb_column][et_pb_column type=&#8221;3_5&#8243; module_class=&#8221;centrer-verticalement&#8221; _builder_version=&#8221;4.16&#8243; _module_preset=&#8221;default&#8221; global_colors_info=&#8221;{}&#8221;][et_pb_text _builder_version=&#8221;4.16&#8243; _module_preset=&#8221;default&#8221; text_font_size=&#8221;53px&#8221; custom_margin=&#8221;||18px||false|false&#8221; global_colors_info=&#8221;{}&#8221;]<\/p>\n<h1>Tracolla<\/h1>\n<p>[\/et_pb_text][et_pb_text _builder_version=&#8221;4.16&#8243; _module_preset=&#8221;default&#8221; global_colors_info=&#8221;{}&#8221;]<\/p>\n<p justify=\"\"><strong><em>Un accessorio unico!<\/em><\/strong><br \/><span>Questa bella cinghia multiuso colorer\u00e0 la vostra custodia per laptop YAKA.<\/span><br \/><span>E poich\u00e9 questa tracolla \u00e8 universale, \u00e8 possibile utilizzarla per la borsa, la chitarra o altro.<\/span><\/p>\n<p>[\/et_pb_text][et_pb_button button_url=&#8221;https:\/\/yakacompany.com\/it\/categorie-produit\/tracolla\/&#8221; button_text=&#8221;Vedere la collezione&#8221; _builder_version=&#8221;4.17.4&#8243; _module_preset=&#8221;default&#8221; custom_button=&#8221;on&#8221; button_use_icon=&#8221;off&#8221; global_colors_info=&#8221;{}&#8221;][\/et_pb_button][\/et_pb_column][\/et_pb_row][\/et_pb_section]<\/p>\n","protected":false},"excerpt":{"rendered":"<p>Yaka classicoIl supporto universale per cartelle\/documenti.Si adatta a tutti i raccoglitori e portadocumenti presenti sul mercato (formato A4 da 40 a 80 mm).Il portacartelle si aggancia alla cartella e rimane in posizione durante l&#8217;utilizzo.Il portacartelle \u00e8 composto da un corpo principale e da una cinghia di 120 cm che pu\u00f2 essere adattata in tre lunghezze: [&hellip;]<\/p>\n","protected":false},"author":151,"featured_media":0,"parent":0,"menu_order":205,"comment_status":"closed","ping_status":"closed","template":"","meta":{"_acf_changed":false,"_et_pb_use_builder":"on","_et_pb_old_content":"","_et_gb_content_width":"","footnotes":""},"class_list":["post-32761","page","type-page","status-publish","hentry"],"acf":[],"_links":{"self":[{"href":"https:\/\/yakacompany.com\/it\/wp-json\/wp\/v2\/pages\/32761","targetHints":{"allow":["GET"]}}],"collection":[{"href":"https:\/\/yakacompany.com\/it\/wp-json\/wp\/v2\/pages"}],"about":[{"href":"https:\/\/yakacompany.com\/it\/wp-json\/wp\/v2\/types\/page"}],"author":[{"embeddable":true,"href":"https:\/\/yakacompany.com\/it\/wp-json\/wp\/v2\/users\/151"}],"replies":[{"embeddable":true,"href":"https:\/\/yakacompany.com\/it\/wp-json\/wp\/v2\/comments?post=32761"}],"version-history":[{"count":0,"href":"https:\/\/yakacompany.com\/it\/wp-json\/wp\/v2\/pages\/32761\/revisions"}],"wp:attachment":[{"href":"https:\/\/yakacompany.com\/it\/wp-json\/wp\/v2\/media?parent=32761"}],"curies":[{"name":"wp","href":"https:\/\/api.w.org\/{rel}","templated":true}]}}