{"id":34529,"date":"2022-05-19T16:08:34","date_gmt":"2022-05-19T14:08:34","guid":{"rendered":"https:\/\/yakacompany.com\/product\/chris-d\/"},"modified":"2024-09-23T19:07:50","modified_gmt":"2024-09-23T17:07:50","slug":"cris-d","status":"publish","type":"product","link":"https:\/\/yakacompany.com\/it\/prodotto\/cris-d\/","title":{"rendered":"CHRIS D"},"content":{"rendered":"<p><strong>&#8220;Sogna la tua vita a colori, \u00e8 il segreto della felicit\u00e0&#8221;.<\/strong><br \/>\n<strong>Walt Disney<\/strong><\/p>\n<p>Il vostro &#8220;tocco&#8221; tutto per voi!<br \/>\nBorsa a tracolla grande, multicolore e super confortevole per il computer portatile<br \/>\n<strong><em>Un accessorio unico!<\/em><\/strong><br \/>\nQuesta bella cinghia multiuso colorer\u00e0 la vostra custodia per laptop YAKA.<br \/>\nE poich\u00e9 questa tracolla \u00e8 universale, \u00e8 possibile utilizzarla per la borsa, la chitarra o altro.<\/p>\n<p>Questa tracolla ricamata \u00e8 un accessorio che consente di personalizzare la custodia del computer portatile. Le estremit\u00e0 sono in pelle nera. Due ganci a moschettone in metallo nero ne facilitano il fissaggio alla custodia del computer.<br \/>\nCambiate la tracolla in base al vostro umore e avrete una custodia per laptop nuova di zecca in un attimo!<\/p>\n<p>Con questa tracolla, il vostro stile sar\u00e0 UNICO! Anche il case del computer!<br \/>\nYAKA offre un&#8217;ampia gamma di spallacci regolabili.<br \/>\nOgnuno \u00e8 pi\u00f9 bello dell&#8217;altro!<br \/>\n<em><strong>Ampia variet\u00e0 di colori<\/strong><\/em><\/p>\n<p>Che ne dite di una tracolla gialla il luned\u00ec, di un verde allegro il marted\u00ec, di un nero rigoroso e di classe il mercoled\u00ec, di un camouflage il gioved\u00ec, di un blu intenso il venerd\u00ec.<br \/>\nE Hop: uno d&#8217;oro o d&#8217;argento nel fine settimana che la custodia del vostro laptop prester\u00e0 alla vostra borsetta per un weekend!<\/p>\n<p><strong><em>Se volete distinguervi un po&#8217; di pi\u00f9, ci sono anche altri disegni, come quelli etnici, piramidali, geometrici, mimetici, zebrati, ecc.<\/em><\/strong><\/p>\n","protected":false},"excerpt":{"rendered":"<p><strong>&#8220;Sogna la tua vita a colori, questo \u00e8 il segreto della felicit\u00e0&#8221; Walt Disney  <\/strong><\/p>\n<p>Il vostro &#8220;tocco&#8221; tutto per voi! Universale, si attacca alla custodia del computer YAKA e a quasi tutte le borse, chitarre e macchine fotografiche.<\/p>\n<p>Unisex (si adatta alle borse da uomo e da donna).<br \/>\nLunghezza regolabile tra 73 e 130 cm.<br \/>\nComodo da indossare grazie all&#8217;ampiezza del cinturino: 5 cm di larghezza.<br \/>\nDisponibile in vari colori.<br \/>\n<em>Consegnato senza imballaggio di plastica.<\/em><\/p>\n","protected":false},"featured_media":216220,"comment_status":"closed","ping_status":"closed","template":"","meta":{"_acf_changed":false,"_et_pb_use_builder":"","_et_pb_old_content":"<strong>\"Sogna la tua vita a colori, \u00e8 il segreto della felicit\u00e0\".<\/strong><strong>Walt Disney<\/strong>Il vostro \"tocco\" tutto per voi!Borsa a tracolla grande, multicolore e super confortevole per il computer portatile<strong><em>Un accessorio unico!<\/em><\/strong>Questa bella cinghia multiuso colorer\u00e0 la vostra custodia per laptop YAKA.E poich\u00e9 questa tracolla \u00e8 universale, \u00e8 possibile utilizzarla per la borsa, la chitarra o altro.Questa tracolla ricamata \u00e8 un accessorio che consente di personalizzare la custodia del computer portatile. Le estremit\u00e0 sono in pelle nera. Due ganci a moschettone in metallo nero ne facilitano il fissaggio alla custodia del computer.Cambiate la tracolla in base al vostro umore e avrete una custodia per laptop nuova di zecca in un attimo!Con questa tracolla, il vostro stile sar\u00e0 UNICO! Anche il case del computer!YAKA offre un'ampia gamma di spallacci regolabili.Ognuno \u00e8 pi\u00f9 bello dell'altro!<em><strong>Ampia variet\u00e0 di colori<\/strong><\/em>Che ne dite di una tracolla gialla il luned\u00ec, di un verde allegro il marted\u00ec, di un nero rigoroso e di classe il mercoled\u00ec, di un camouflage il gioved\u00ec, di un blu intenso il venerd\u00ec.E Hop: uno d'oro o d'argento nel fine settimana che la custodia del vostro laptop prester\u00e0 alla vostra borsetta per un weekend!<strong><em>Se volete distinguervi un po' di pi\u00f9, ci sono anche altri disegni, come quelli etnici, piramidali, geometrici, mimetici, zebrati, ecc.<\/em><\/strong>","_et_gb_content_width":""},"product_brand":[3939],"product_cat":[2506],"product_tag":[3140],"class_list":{"0":"post-34529","1":"product","2":"type-product","3":"status-publish","4":"has-post-thumbnail","6":"product_brand-yaka","7":"product_cat-tracolla","8":"product_tag-feed-xml-it","9":"product_shipping_class-3-5d-it","11":"first","12":"instock","13":"taxable","14":"shipping-taxable","15":"purchasable","16":"product-type-simple"},"acf":{"effitrace_sku":"","gen_video_link":"","gen_tva_be":21,"gen_wpml_lang":"fr","gen_code_intrastat":"42023290","gen_tags":"","gen_very_short_description":"","gen_producer-id-FR-EMBM":"FR353884_01RHDD","eco-contribution-amount-fr-embm":0.0079,"gen_lucid":"DE1835077141423","livraison_standard_fdp":"","livraison_standard_fdpa":3,"mondial_relay_fdp":"","mondial_relay_fdpa":3,"so_colissimo_fdp":"","so_colissimo_fdpa":"","ct_condition":"N","ct_status":"A","ct_tags":"","ct_type_produit":"","ct_min_qty":3,"ct_collection":"","amz_manufacturer":"Yaka Company sprl","amz_conditiontype":"New","amz_fba":"1","amz_numberofpieces":1,"amz_minimumorderquantity":1,"amz_isexpirationdatedproduct":0,"amz_supplierdeclareddghzregulation":"not_applicable","amz_arebatteriesrequired":"false","amz_bulletpoint1":"","amz_bulletpoint2":"","amz_bulletpoint3":"","amz_bulletpoint4":"","amz_bulletpoint5":"","amz_otheritemattributes1":"","amz_otheritemattributes2":"","amz_otheritemattributes3":"","amz_otheritemattributes4":"","amz_otheritemattributes5":"","amz_length":21,"amz_width":5,"amz_height":3,"amz_businessprice":"","amz_isbusinessonly":"false","amz_quantitypricetype":"percent","amz_quantityprice1":"","amz_quantitylowerbound1":"","quantityprice2":"","amz_quantitylowerbound2":"","amz_quantityprice3":"","amz_quantitylowerbound3":"","amz_numberofitems":1,"amz_size":"Taille unique","amz_type_fermeture":"Fermeture \u00e9clair","amz_departement":"Mixte","amz_searchterms":"","amz_type_mat_ext":"","amz_type_tissu":"","amz_nb_compartiments":0,"amz_stylename":"Utilitaire","amz_asin":"","bol_language":"NL","bol_conditionname":"NEW","bol_stockmanagedbyretailer":"false","bol_fulfilmentmethod":"FBR","bol_fulfilmentdeliverycode":"24uurs-23","available-end-date":"2099-12-31T00:00:00.000+02:00","available-start-date":"2020-01-01T00:00:00.000+02:00","etat":"11","garantie-mois":"60","product-id-type":"EAN","logistic-class":"XS","bcouleur":"Multicolore","bdescriptif_court":"","bdescriptif_marketing":"","bdescriptif_supp":"","bdescriptif_qty_comp":"","bdescriptif_spec":"","cd_desc_420":"","cd_shortlabel_30":"","cd_genre":"mixte \/ adulte","cd_dicounttype":"0","iscdav":"0","cd_desc_marketing":"","cd_name":"","cd_productpackagingunit":"CubicMeter","cd_productpackagingvalue":0.000528,"etsy_is_supply":1,"etsy_when_made":"2020 - 2023","etsy_who_made":"i_did","etsy_recipient":"not_specified","etsy_should_auto_renew":"True","etsy_shop_section_id":"44669300","etsy_shipping_template_id":208283066221,"etsy_listing_id":"","etsy_is_customizable":"no","etsy_tags":"","etsy_tariff_code":"","etsy_size":"TU","etsy_color":"","fb_age_group":"all ages","wc_faire_product_name":"","wc_faire_country_manuf":"Chine","wc_faire_materials":["Nontoxic","Plastic-free"],"wc_faire_packaging":["Plastic-free","Recyclable","Recycled"],"wc_faire_production":"Carbon neutral","wc_faire_color":"Beige","wc_faire_product_lang":["English","French","German","Portuguese","Spanish"],"wc_faire_description":"","grp_poids_units":1,"grp_dimensions_units":4,"Country_of_production":"CN","grp_age_range":4,"grp_gender":4,"grp_country_of_production":8,"grp_origin_of_production":"2","grp_screen_size_comp_max":"","fcouleur_nl":"Beige","name_nl":"","fnac_short_description_fr":"","fnac_short_description_nl":"","fnac_leather_main_img":"","fnac_sexe":"Neutre","fnac_desc_vente":"Tous nos produits sont neufs et sous emballage d'origine","fnac_description_fr":"","fnac_promotion_type":"Sales","fnac_logistic_type_id":103,"fruugo_category":"","viking_vendor_sku":"","viking_warehouse_id":"Yaka Company","viking_uom":"EA","viking_manufacturer_sku":"","viking_min_days_to_ship":2,"viking_max_days_to_ship":5,"viking_availability":true,"sale_delay":3,"odoo_id":""},"_links":{"self":[{"href":"https:\/\/yakacompany.com\/it\/wp-json\/wp\/v2\/product\/34529","targetHints":{"allow":["GET"]}}],"collection":[{"href":"https:\/\/yakacompany.com\/it\/wp-json\/wp\/v2\/product"}],"about":[{"href":"https:\/\/yakacompany.com\/it\/wp-json\/wp\/v2\/types\/product"}],"replies":[{"embeddable":true,"href":"https:\/\/yakacompany.com\/it\/wp-json\/wp\/v2\/comments?post=34529"}],"wp:featuredmedia":[{"embeddable":true,"href":"https:\/\/yakacompany.com\/it\/wp-json\/wp\/v2\/media\/216220"}],"wp:attachment":[{"href":"https:\/\/yakacompany.com\/it\/wp-json\/wp\/v2\/media?parent=34529"}],"wp:term":[{"taxonomy":"product_brand","embeddable":true,"href":"https:\/\/yakacompany.com\/it\/wp-json\/wp\/v2\/product_brand?post=34529"},{"taxonomy":"product_cat","embeddable":true,"href":"https:\/\/yakacompany.com\/it\/wp-json\/wp\/v2\/product_cat?post=34529"},{"taxonomy":"product_tag","embeddable":true,"href":"https:\/\/yakacompany.com\/it\/wp-json\/wp\/v2\/product_tag?post=34529"}],"curies":[{"name":"wp","href":"https:\/\/api.w.org\/{rel}","templated":true}]}}