{"id":34541,"date":"2022-06-06T09:40:28","date_gmt":"2022-06-06T07:40:28","guid":{"rendered":"https:\/\/yakacompany.com\/product\/astuccio-per-matite-mimetico\/"},"modified":"2024-09-23T19:21:23","modified_gmt":"2024-09-23T17:21:23","slug":"astuccio-matita-mimetico","status":"publish","type":"product","link":"https:\/\/yakacompany.com\/it\/prodotto\/astuccio-matita-mimetico\/","title":{"rendered":"Kit 3 in 1 &#8211; Mimetico"},"content":{"rendered":"<p><strong>Uso 1<\/strong>: questo portamatite di grande volume si aggancia agli anelli del raccoglitore. Che bella idea! Progettato per mantenere l&#8217;organizzazione della scrivania, questo grande portapenne \u00e8 ideale per tenere tutte le penne a portata di mano. Questo astuccio per la scrittura \u00e8 stato progettato per trasportare penne, matite, calcolatrice, caffellatte e persino la merenda grazie a un ampio scomparto. Questo leggero vassoio portapenne \u00e8 abbastanza capiente da contenere tutti gli elementi essenziali per la scrittura a scuola o in ufficio. Questo portamatite \u00e8 resistente all&#8217;acqua<\/p>\n<p><strong>Uso 2<\/strong>: questo astuccio pu\u00f2 essere aggiunto alla custodia per laptop YAKA per tenere a portata di mano penne, materiali per la scrittura, ricariche e altri accessori utili e indispensabili.<\/p>\n<p><strong>Uso 3<\/strong>: questa piccola borsa diventa la vostra migliore amica in un batter d&#8217;occhio e si trasforma in un&#8217;ingegnosa e leggera tote bag da infilare in borsa, in valigia o anche come piccola borsetta, facile ed elegante!<\/p>\n<p><strong>Un&#8217;opzione molto pratica!  <\/strong>Si inserisce magicamente negli anelli di un raccoglitore o pu\u00f2 essere attaccato all&#8217;esterno della custodia del notebook YAKA. Un oggetto intelligente ad un prezzo basso e di ottima qualit\u00e0. Grazie alle sue dimensioni ideali, \u00e8 possibile riporre il cellulare, le matite, la calcolatrice, le chiavi, la merenda&#8230; Se si desidera utilizzare l&#8217;astuccio da solo, nessun problema, i due anelli possono essere ripiegati e fissati saldamente sul retro con un velcro super resistente.<\/p>\n","protected":false},"excerpt":{"rendered":"<p><strong>3 in UNO \u00e8 GRANDE!  <\/strong><\/p>\n<p>1. Portate con voi il materiale scolastico con l&#8217;ampio portamatite che si aggancia agli anelli del raccoglitore.<\/p>\n<p>2. Collegate la borsa alla custodia per laptop YAKA per contenere gli accessori del computer.<\/p>\n<p>3. Utilizzatela autonomamente come intelligente tote bag<br \/>\n<em>Consegnato senza imballaggio di plastica.<\/em><\/p>\n","protected":false},"featured_media":217197,"comment_status":"closed","ping_status":"closed","template":"","meta":{"_acf_changed":false,"_et_pb_use_builder":"","_et_pb_old_content":"<strong>Utilizzo 1<\/strong>  Questo grande portamatite si aggancia agli anelli dello schedario. Progettato per mantenere la scrivania organizzata, questo grande astuccio \u00e8 ideale per tenere tutte le penne a portata di mano.Questo astuccio per la scrittura \u00e8 stato progettato per trasportare penne, matite, calcolatrice, caffellatte e persino la merenda grazie a un ampio scompartoQuesto leggero astuccio per matite \u00e8 abbastanza grande da contenere tutti gli elementi essenziali per la scrittura per la scuola o l'ufficioQuesto astuccio per matite \u00e8 resistente all'acqua<strong>Uso 2<\/strong>: questo astuccio pu\u00f2 essere aggiunto alla custodia per laptop YAKA per tenere a portata di mano penne, materiali per la scrittura, ricariche e altri accessori utili e indispensabili.<strong>Uso 3<\/strong>: questa piccola borsa diventa la vostra migliore amica in un batter d'occhio e si trasforma in un'ingegnosa e leggera tote bag da infilare in borsa, in valigia o anche come piccola borsetta, facile ed elegante grazie alla tracolla inclusa.<strong>Un'opzione molto pratica!<\/strong>Si inserisce magicamente negli anelli di un raccoglitore o pu\u00f2 essere attaccato all'esterno della custodia YAKA Notebook.Un oggetto intelligente ad un piccolo prezzo e di qualit\u00e0 TOP.Grazie alle sue dimensioni ideali, \u00e8 possibile mettere il cellulare, le matite, la calcolatrice, le chiavi, la merenda... Se si desidera utilizzare la custodia da sola, nessun problema, i due anelli possono essere ripiegati e fissati saldamente al retro con un velcro super resistente e una bandouli\u00e8re \u00e8 in dotazione.","_et_gb_content_width":""},"product_brand":[3939],"product_cat":[2571],"product_tag":[3140],"class_list":{"0":"post-34541","1":"product","2":"type-product","3":"status-publish","4":"has-post-thumbnail","6":"product_brand-yaka","7":"product_cat-astuccio-per-matite","8":"product_tag-feed-xml-it","9":"product_shipping_class-3-5d-it","11":"first","12":"instock","13":"taxable","14":"shipping-taxable","15":"purchasable","16":"product-type-simple"},"acf":{"effitrace_sku":"YAKAPEN.CMA","gen_video_link":"","gen_tva_be":21,"gen_wpml_lang":"fr","gen_code_intrastat":"42022290","gen_tags":"astuccio, grande, volume, penne, accessori, clip, anelli, raccoglitore, scuola, ufficio, borsa, laptop, custodia, tote, ingegnoso, trasporto, scrittura, acqua, resistente, penna, calcolatrice, GSM, batteria, versatile, leggero, telefono, chiavi, pratico, design, custodia, opzione, magia, velcro, laptop, custodia, telefono, cellulare, snack","gen_very_short_description":"Ampio vassoio portapenne che pu\u00f2 essere agganciato agli anelli di uno schedario per tenere organizzate penne e materiali di consumo. Pu\u00f2 essere aggiunto all'astuccio YAKA per penne e accessori. Borsa leggera e colorata da portare ovunque. Pratico e resistente, ideale per telefono, chiavi e penne.","gen_producer-id-FR-EMBM":"FR353884_01RHDD","eco-contribution-amount-fr-embm":0.0079,"gen_lucid":"DE1835077141423","livraison_standard_fdp":"5,95","livraison_standard_fdpa":3,"mondial_relay_fdp":"4,06","mondial_relay_fdpa":3,"so_colissimo_fdp":"9,96","so_colissimo_fdpa":"4,5","ct_condition":"N","ct_status":"A","ct_tags":"Astucci per matite e penne, Cartelle e buste, Organizzazione e archiviazione","ct_type_produit":"astucci per penne e matite","ct_min_qty":3,"ct_collection":"Pagina iniziale","amz_manufacturer":"Azienda Yaka sprl","amz_conditiontype":"New","amz_fba":"1","amz_numberofpieces":1,"amz_minimumorderquantity":1,"amz_isexpirationdatedproduct":0,"amz_supplierdeclareddghzregulation":"non_applicabile","amz_arebatteriesrequired":"false","amz_bulletpoint1":"L'astuccio per matite di grande volume si aggancia agli anelli del raccoglitore.","amz_bulletpoint2":"Custodia per computer portatile YAKA.","amz_bulletpoint3":"Ingegnoso portapenne per penne, materiali di scrittura, ricariche e altri utili accessori.","amz_bulletpoint4":"Resistente all'acqua per proteggere il contenuto.","amz_bulletpoint5":"Versatile, leggero ed elegante, ideale per trasportare il telefono, le chiavi e altri oggetti essenziali.","amz_otheritemattributes1":"Trasporta materiale scolastico ed elementi essenziali per l'ufficio.","amz_otheritemattributes2":"Si aggancia alla custodia per laptop YAKA per riporre tutti gli accessori del computer.","amz_otheritemattributes3":"Fornito senza confezione di plastica.","amz_otheritemattributes4":"Contiene penne, calcolatrice, telefono, batteria e altri oggetti utili.","amz_otheritemattributes5":"Pratico e versatile, ideale per l'uso quotidiano in viaggio.","amz_length":25.5,"amz_width":15.5,"amz_height":1,"amz_businessprice":"","amz_isbusinessonly":"false","amz_quantitypricetype":"percent","amz_quantityprice1":"","amz_quantitylowerbound1":"","quantityprice2":"","amz_quantitylowerbound2":"","amz_quantityprice3":"","amz_quantitylowerbound3":"","amz_numberofitems":1,"amz_size":"Taille unique","amz_type_fermeture":"Chiusura a zip","amz_departement":"Misto","amz_searchterms":"Astuccio portamatite di grande volume accessori raccoglitore ad anelli scuola ufficio laptop custodia per laptop tote ingegnoso trasporto scrittura resistente all'acqua multiuso design leggero pratico custodia per laptop velcro portatile","amz_type_mat_ext":"Poliestere 600 D LUX","amz_type_tissu":"","amz_nb_compartiments":1,"amz_stylename":"Utilitaire","amz_asin":"","bol_language":"NL","bol_conditionname":"NEW","bol_stockmanagedbyretailer":"false","bol_fulfilmentmethod":"FBR","bol_fulfilmentdeliverycode":"24uurs-23","available-end-date":"2099-12-31T00:00:00.000+02:00","available-start-date":"2020-01-01T00:00:00.000+02:00","etat":"11","garantie-mois":"60","product-id-type":"EAN","logistic-class":"XS","bcouleur":"Multicolore","bdescriptif_court":"Astuccio di grande volume per penne e accessori. Si aggancia agli anelli del raccoglitore.","bdescriptif_marketing":"<p>Astuccio di grande volume per penne e accessori.<br>Si aggancia agli anelli del raccoglitore.<br>Pratico per la scuola e l'ufficio. Da aggiungere alla Custodia per laptop YAKA per un'ulteriore e pratica custodia.<br>Un'ingegnosa soluzione per tutti! Si inserisce facilmente negli anelli per raccoglitori o nella Custodia per laptop YAKA.<br>Portate con voi l'essenziale per la scrittura a scuola o al lavoro...<br>Custodia intelligente 3 in 1, qualit\u00e0 TOP a un prezzo basso.<br>Consegnato senza imballaggio di plastica.<br>Questo portamatite \u00e8 resistente all'acqua.<\/p>","bdescriptif_supp":"3 in UNO \u00e8 splendido ! 1. Portate con voi il materiale scolastico e gli oggetti essenziali per l'ufficio con questo astuccio di grandi dimensioni che si aggancia agli anelli per raccoglitori. 2. Collegate questa custodia alla Custodia per laptop YAKA per contenere tutti gli accessori del computer. 3. Utilizzatela autonomamente come intelligente tote bag\n\nCustodia da collegare alla borsa per laptop YAKA. Contiene penne, materiali di scrittura, ricariche e altri accessori utili. Piccola borsa che si trasforma in una tote leggera e ingegnosa. Tasca da utilizzare da sola o da agganciare agli anelli del raccoglitore. Resistente all'acqua\n\nScatola portamatite grande da fissare agli anelli del raccoglitore. Pratica custodia per penne, calcolatrice, telefono cellulare e batteria. Una borsa versatile, leggera e ingegnosa che va dappertutto! Ideale per il telefono, le chiavi e gli oggetti essenziali. Utilizzare da solo o in combinazione. Pratico ed elegante!","bdescriptif_qty_comp":"Custodia da collegare alla borsa per laptop YAKA.\nContiene penne, materiali di scrittura, ricariche e altri accessori utili.\nPiccola borsa che si trasforma in una tote leggera e ingegnosa.\nTasca da utilizzare da sola o da agganciare agli anelli del raccoglitore. Resistente all'acqua","bdescriptif_spec":"Scatola portamatite grande da fissare agli anelli del raccoglitore. Pratica custodia per penne, calcolatrice, telefono cellulare e batteria. Una borsa versatile, leggera e ingegnosa che va dappertutto! Ideale per il telefono, le chiavi e gli oggetti essenziali. Utilizzare da solo o in combinazione. Pratico ed elegante!","cd_desc_420":"Scoprite il portamatite multifunzione YAKA! Attaccatelo al vostro raccoglitore per tenere le penne a portata di mano. Spaziosa, contiene penne, matite, calcolatrice, snack, telefono e chiavi. Resistente all'acqua. Aggiungetelo alla custodia YAKA. Borsa versatile e leggera per borse e valigie. Si adatta al raccoglitore ad anelli o alla valigetta YAKA. Intelligente e conveniente. Anelli ripiegabili per uso separato.","cd_shortlabel_30":"Borsa portaoggetti mimetica","cd_genre":"mixte \/ adulte","cd_dicounttype":0,"iscdav":0,"cd_desc_marketing":"Uso 1: questo portamatite di grande volume si aggancia agli anelli del raccoglitore. Che bella idea! Progettato per mantenere l'organizzazione della scrivania, questo grande portapenne \u00e8 ideale per tenere tutte le penne a portata di mano. Questo astuccio per la scrittura \u00e8 stato progettato per trasportare penne, matite, calcolatrice, caffellatte e persino la merenda grazie a un ampio scomparto. Questo leggero vassoio portapenne \u00e8 abbastanza capiente da contenere tutti gli elementi essenziali per la scrittura a scuola o in ufficio. Questo portamatite \u00e8 resistente all'acqua\n\nUso 2: questo astuccio pu\u00f2 essere aggiunto alla custodia per laptop YAKA per tenere a portata di mano penne, strumenti di scrittura, ricariche e altri accessori utili ed essenziali.\n\nUso 3: in un batter d'occhio, questa piccola borsa diventa la vostra migliore amica, trasformandosi in un'ingegnosa e leggera tote da infilare in borsa, in valigia o anche come piccola borsetta - facile ed elegante!\n\nUn'opzione molto pratica! Si inserisce magicamente negli anelli di un raccoglitore o pu\u00f2 essere attaccato all'esterno della custodia del notebook YAKA. Un oggetto intelligente ad un prezzo basso e di ottima qualit\u00e0. Grazie alle sue dimensioni ideali, \u00e8 possibile riporre il cellulare, le matite, la calcolatrice, le chiavi, la merenda... Se si desidera utilizzare l'astuccio da solo, nessun problema, i due anelli possono essere ripiegati e fissati saldamente sul retro con un velcro super resistente.","cd_name":"Yaka 3 in 1 - Camouflage - grande volume adattabile a raccoglitore ad anelli e custodia per laptop o come tracolla","cd_productpackagingunit":"CubicMeter","cd_productpackagingvalue":0.0008745,"etsy_is_supply":1,"etsy_when_made":"2020_2023","etsy_who_made":"i_did","etsy_recipient":"non_specificato","etsy_should_auto_renew":"1","etsy_shop_section_id":"44669310","etsy_shipping_template_id":"208283066221","etsy_listing_id":"103","etsy_is_customizable":"no","etsy_tags":"Astuccio per matite, grande volume, penne, pratico, design, resistente all'acqua, portapenne, astuccio, cellulare, snack, ingegnoso, portaoggetti, borsa tote","etsy_tariff_code":"","etsy_size":"25,5x15,5x1cm","etsy_color":"mimetico","fb_age_group":"all ages","wc_faire_product_name":"Custodia Yaka 3 in 1 - Camouflage 316742","wc_faire_country_manuf":"Chine","wc_faire_materials":["Nontoxic","Plastic-free"],"wc_faire_packaging":["Plastic-free","Recyclable","Recycled"],"wc_faire_production":false,"wc_faire_color":false,"wc_faire_product_lang":["English","French","German","Portuguese","Spanish"],"wc_faire_description":"<p>Scoprite il portamatite multifunzione YAKA!<\/p><p>Uso 1: attaccatelo allo schedario per tenere le penne a portata di mano, ideale per mantenere l'organizzazione della scrivania. Ampio spazio per penne, matite, calcolatrice e snack. Resistente all'acqua.<\/p><p>Uso 2: aggiungetelo all'astuccio YAKA per penne e accessori di scrittura.<\/p><p>Uso 3: borsa multiuso, tote leggera per borsa, valigia, mano. Si adatta al raccoglitore ad anelli o alla valigetta YAKA. Intelligente e conveniente, qualit\u00e0 TOP. Dimensioni perfette per telefono, matite, calcolatrice, chiavi, snack. Anelli ripiegabili per uso separato.<\/p>","grp_poids_units":1,"grp_dimensions_units":4,"Country_of_production":"CN","grp_age_range":4,"grp_gender":4,"grp_country_of_production":1,"grp_origin_of_production":"3","grp_screen_size_comp_max":false,"fcouleur_nl":" Zwart","name_nl":"Custodia 3 in 1 - mimetica","fnac_short_description_fr":"","fnac_short_description_nl":"","fnac_leather_main_img":"","fnac_sexe":"Neutre","fnac_desc_vente":"Tutti i nostri prodotti sono nuovi e nella loro confezione originale.","fnac_description_fr":"<p>Ampio vassoio portapenne che pu\u00f2 essere agganciato agli anelli di uno schedario per tenere organizzate penne e materiali di consumo. Pu\u00f2 essere aggiunto all'astuccio YAKA per penne e accessori. Borsa leggera e colorata da portare ovunque. Pratico e resistente, ideale per telefono, chiavi e penne.<\/p>","fnac_promotion_type":false,"fnac_logistic_type_id":102,"fruugo_category":"Prodotti per ufficio > Archiviazione e organizzazione > Matite e penne \u221a\u00e2tuis \u221a\u2020","viking_vendor_sku":"1316742","viking_warehouse_id":"Yaka Company","viking_uom":"EA","viking_manufacturer_sku":"YAKAPEN_CMA","viking_min_days_to_ship":2,"viking_max_days_to_ship":5,"viking_availability":true,"sale_delay":3,"odoo_id":"prodotto_template_43"},"_links":{"self":[{"href":"https:\/\/yakacompany.com\/it\/wp-json\/wp\/v2\/product\/34541","targetHints":{"allow":["GET"]}}],"collection":[{"href":"https:\/\/yakacompany.com\/it\/wp-json\/wp\/v2\/product"}],"about":[{"href":"https:\/\/yakacompany.com\/it\/wp-json\/wp\/v2\/types\/product"}],"replies":[{"embeddable":true,"href":"https:\/\/yakacompany.com\/it\/wp-json\/wp\/v2\/comments?post=34541"}],"wp:featuredmedia":[{"embeddable":true,"href":"https:\/\/yakacompany.com\/it\/wp-json\/wp\/v2\/media\/217197"}],"wp:attachment":[{"href":"https:\/\/yakacompany.com\/it\/wp-json\/wp\/v2\/media?parent=34541"}],"wp:term":[{"taxonomy":"product_brand","embeddable":true,"href":"https:\/\/yakacompany.com\/it\/wp-json\/wp\/v2\/product_brand?post=34541"},{"taxonomy":"product_cat","embeddable":true,"href":"https:\/\/yakacompany.com\/it\/wp-json\/wp\/v2\/product_cat?post=34541"},{"taxonomy":"product_tag","embeddable":true,"href":"https:\/\/yakacompany.com\/it\/wp-json\/wp\/v2\/product_tag?post=34541"}],"curies":[{"name":"wp","href":"https:\/\/api.w.org\/{rel}","templated":true}]}}