{"id":34546,"date":"2022-05-19T16:10:39","date_gmt":"2022-05-19T14:10:39","guid":{"rendered":"https:\/\/yakacompany.com\/product\/giungla-3\/"},"modified":"2024-09-23T19:06:30","modified_gmt":"2024-09-23T17:06:30","slug":"giungla-3","status":"publish","type":"product","link":"https:\/\/yakacompany.com\/it\/prodotto\/giungla-3\/","title":{"rendered":"Tracolla YAKA Stile e raffinatezza &#8211; Taglia unica &#8211; Jungle Style 3"},"content":{"rendered":"<p><strong>Sogna la tua vita a colori, \u00e8 il segreto della felicit\u00e0&#8221;<\/strong> <strong>Walt Disney<\/strong> Il tuo *Touch* Solo per te!<\/p>\n<p>Tracolla grande, multicolore e super confortevole per la Custodia per laptop <strong><br \/>\n  <em>Un accessorio unico!<\/em><br \/>\n<\/strong><\/p>\n<p>Questa bella cinghia multiuso colorer\u00e0 la vostra custodia per laptop YAKA. E poich\u00e9 questa tracolla \u00e8 universale, \u00e8 possibile utilizzarla per la borsa, la chitarra o altro. Questa tracolla ricamata \u00e8 un accessorio che consente di personalizzare la custodia del computer portatile. Le estremit\u00e0 sono in pelle nera. Due ganci a moschettone in metallo nero ne facilitano il fissaggio alla custodia del computer. Cambiate la tracolla in base al vostro umore e avrete una custodia per laptop nuova di zecca in un attimo!<\/p>\n<p>Con questa tracolla, il vostro stile sar\u00e0 UNICO! Anche il case del computer!<\/p>\n<p>YAKA offre un&#8217;ampia gamma di spallacci regolabili. Ognuno \u00e8 pi\u00f9 bello dell&#8217;altro!<\/p>\n<p><em><br \/>\n  <strong>Un&#8217;ampia variet\u00e0 di colori<\/strong><br \/>\n<\/em> Che ne dite di una tracolla gialla il luned\u00ec, di un verde allegro il marted\u00ec, di un nero rigoroso e di classe il mercoled\u00ec, di un camouflage il gioved\u00ec e di un blu intenso il venerd\u00ec. E Hop: uno d&#8217;oro o d&#8217;argento nel fine settimana che la custodia del vostro laptop prester\u00e0 alla vostra borsetta per un weekend!<\/p>\n<p><strong><em>Se volete distinguervi un po&#8217; di pi\u00f9, ci sono anche altri disegni, come quelli etnici, piramidali, geometrici, mimetici, zebrati, ecc.<\/em><\/strong><\/p>\n","protected":false},"excerpt":{"rendered":"<p><strong>&#8220;Sogna la tua vita a colori, questo \u00e8 il segreto della felicit\u00e0&#8221; Walt Disney  <\/strong><\/p>\n<p>Il vostro &#8220;tocco&#8221; tutto per voi! Universale, si attacca alla custodia del computer YAKA e a quasi tutte le borse, chitarre e macchine fotografiche.<\/p>\n<p>Unisex (si adatta alle borse da uomo e da donna).<br \/>\nLunghezza regolabile tra 73 e 130 cm.<br \/>\nComodo da indossare grazie all&#8217;ampiezza del cinturino: 5 cm di larghezza.<br \/>\nDisponibile in vari colori.<br \/>\n<em>Consegnato senza imballaggio di plastica.<\/em><\/p>\n","protected":false},"featured_media":211612,"comment_status":"closed","ping_status":"closed","template":"","meta":{"_acf_changed":false,"_et_pb_use_builder":"","_et_pb_old_content":"<strong>\"Sogna la tua vita a colori, \u00e8 il segreto della felicit\u00e0 \"<\/strong><strong>Walt DisneyIl tuo<\/strong>\"Touch\" personale! Tracolla grande, multicolore e super confortevole per la tua Custodia per laptop.<strong>\n  <em>Un accessorio unico!<\/em>\n<\/strong>Questa fantastica tracolla multiuso dar\u00e0 un tocco di colore alla vostra borsa per computer portatile YAKA e, essendo universale, potr\u00e0 essere utilizzata per la vostra borsa, per la vostra chitarra o per qualsiasi altro oggetto. Le estremit\u00e0 sono in pelle nera. Due moschettoni in metallo nero la rendono facile da attaccare alla vostra borsa per laptop.Cambiate la tracolla in base al vostro umore e avrete immediatamente una borsa per laptop nuova di zecca! Grazie a questa tracolla, il vostro stile sar\u00e0 UNICO! YAKA offre una vasta gamma di tracolle regolabili, una pi\u00f9 bella dell'altra!<em><strong>Ampia variet\u00e0 di colori<\/strong><\/em>Che ne dite di una tracolla gialla il luned\u00ec, di una verde allegra il marted\u00ec, di una nera rigorosa e di classe il mercoled\u00ec, di una camouflage il gioved\u00ec, di una blu intenso il venerd\u00ec e di una dorata o argentata nel fine settimana, che la vostra custodia per laptop prester\u00e0 alla vostra borsa per un weekend!<strong><em>Se volete distinguervi un po' di pi\u00f9, ci sono anche altri disegni, come quelli etnici, piramidali, geometrici, mimetici, zebrati, ecc.<\/em><\/strong>","_et_gb_content_width":""},"product_brand":[3939],"product_cat":[2506],"product_tag":[3140],"class_list":{"0":"post-34546","1":"product","2":"type-product","3":"status-publish","4":"has-post-thumbnail","6":"product_brand-yaka","7":"product_cat-tracolla","8":"product_tag-feed-xml-it","9":"product_shipping_class-3-5d-it","11":"first","12":"instock","13":"taxable","14":"shipping-taxable","15":"purchasable","16":"product-type-simple"},"acf":{"effitrace_sku":"YAKABAND.JGL3","gen_video_link":"","gen_tva_be":21,"gen_wpml_lang":"fr","gen_code_intrastat":"42023290","gen_tags":"Sogno, colore, segreto, felicit\u00e0, universale, valigetta, computer, borse, chitarre, macchine fotografiche, unisex, uomo, donna, regolabile, comfort, cinghia, diversi, colori, tracolla, accessorio, personalizzare, copertura, pelle, nero, ganci, moschettone","gen_very_short_description":"Tracolla per computer Yaka multicolore. Universal si adatta a tutto. Elegante con moschettoni in metallo per valigetta. Esprimete il vostro stile con una variet\u00e0 di scelte, dal giallo del luned\u00ec al camouflage del gioved\u00ec. Esprimete voi stessi con questa tracolla unica.","gen_producer-id-FR-EMBM":"FR353884_01RHDD","eco-contribution-amount-fr-embm":0.0079,"gen_lucid":"DE1835077141423","livraison_standard_fdp":"5,95","livraison_standard_fdpa":3,"mondial_relay_fdp":"4,06","mondial_relay_fdpa":3,"so_colissimo_fdp":"9,96","so_colissimo_fdpa":"4,5","ct_condition":"N","ct_status":"A","ct_tags":"Cinghie per bagagli, Borse \u221a\u2020 a mano","ct_type_produit":"Cinghie per bagagli","ct_min_qty":3,"ct_collection":"","amz_manufacturer":"Azienda Yaka sprl","amz_conditiontype":"New","amz_fba":"1","amz_numberofpieces":1,"amz_minimumorderquantity":1,"amz_isexpirationdatedproduct":0,"amz_supplierdeclareddghzregulation":"non_applicabile","amz_arebatteriesrequired":"false","amz_bulletpoint1":"Tracolla universale, compatibile con le custodie per laptop YAKA e con la maggior parte delle borse, delle chitarre e delle macchine fotografiche.","amz_bulletpoint2":"Lunghezza regolabile tra 73 e 130 cm, per adattarsi a diverse altezze e preferenze d'uso.","amz_bulletpoint3":"Larghezza del cinturino di 5 cm per un comfort ottimale.","amz_bulletpoint4":"Estremit\u00e0 in pelle nera per una finitura elegante e resistente.","amz_bulletpoint5":"Disponibile in un'ampia gamma di colori, tra cui tinta unita, oro, argento, etnico, geometrico e altro ancora.","amz_otheritemattributes1":"Personalizzate la vostra borsa per laptop cambiando la tracolla in base ai vostri gusti e al vostro stile.","amz_otheritemattributes2":"La tracolla universale \u00e8 adatta a una variet\u00e0 di occasioni e pu\u00f2 essere utilizzata per diversi tipi di borsa.","amz_otheritemattributes3":"Adatto alle borse da uomo e da donna, questo accessorio \u00e8 unisex.","amz_otheritemattributes4":"I moschettoni in metallo nero consentono di fissare la custodia del computer portatile in modo semplice e sicuro.","amz_otheritemattributes5":"Scegliete una tracolla multicolore per ravvivare la vostra vita quotidiana, oppure optate per opzioni pi\u00f9 sobrie per un look classico ed elegante.","amz_length":21,"amz_width":5,"amz_height":3,"amz_businessprice":"","amz_isbusinessonly":"false","amz_quantitypricetype":"percent","amz_quantityprice1":"","amz_quantitylowerbound1":"","quantityprice2":"","amz_quantitylowerbound2":"","amz_quantityprice3":"","amz_quantitylowerbound3":"","amz_numberofitems":1,"amz_size":"Taille unique","amz_type_fermeture":"Gancio a moschettone","amz_departement":"Misto","amz_searchterms":"R\u00eave couleur secret bonheur universel mallette ordinateur sacs guitares appareils photo unisexe homme femme r\u00e9glable confort sangle plusieurs couleurs bandouli\u00e8re accessoire personnaliser housse cuir noir crochets mousqueton","amz_type_mat_ext":"Cotone","amz_type_tissu":"Nylon \/ Cotone","amz_nb_compartiments":0,"amz_stylename":"Utilitaire","amz_asin":"","bol_language":"NL","bol_conditionname":"NEW","bol_stockmanagedbyretailer":"false","bol_fulfilmentmethod":"FBR","bol_fulfilmentdeliverycode":"24uurs-23","available-end-date":"2099-12-31T00:00:00.000+02:00","available-start-date":"2020-01-01T00:00:00.000+02:00","etat":"11","garantie-mois":"60","product-id-type":"EAN","logistic-class":"XS","bcouleur":"Multicolore","bdescriptif_court":"La tracolla universale si applica alla Custodia per laptop YAKA e a qualsiasi altra cosa.","bdescriptif_marketing":"<p>\"Sogna la tua vita a colori, \u00e8 il segreto della felicit\u00e0\".<br>Questa tracolla universale si adatta alla Custodia per laptop YAKA e a quasi tutte le borse, le chitarre e le macchine fotografiche.<br>YAKA offre una variet\u00e0 di tracolle regolabili per personalizzare la vostra borsa per computer portatile. Cambiate a vostro piacimento per ottenere uno stile unico.<br>Sono disponibili vari colori per ogni giorno della settimana.<br>Scegliete tra l'oro, l'argento o i motivi etnici per farvi notare.<br>Consegnato senza imballaggio di plastica.<\/p>","bdescriptif_supp":"<p>\"Sogna la tua vita a colori, \u00e8 il segreto della felicit\u00e0\" Walt Disney. Il vostro \"Touche\" personale! Custodia per laptop grande, multicolore e super confortevole a tracolla Un accessorio unico! Questa tracolla multiuso dar\u00e0 un tocco di colore alla vostra borsa YAKA. E poich\u00e9 questa tracolla \u00e8 universale, \u00e8 possibile utilizzarla per la borsa, la chitarra o altro. Questa tracolla ricamata \u00e8 un accessorio che consente di personalizzare la custodia del computer portatile. Le estremit\u00e0 sono in pelle nera. Due ganci a moschettone in metallo nero ne facilitano il fissaggio alla custodia del computer. Unisex (si adatta alle borse da uomo e da donna). Lunghezza regolabile tra 73 e 130 cm. Comodo da indossare grazie all'ampiezza del cinturino: 5 cm di larghezza.<\/p>","bdescriptif_qty_comp":"","bdescriptif_spec":"","cd_desc_420":"Sogna la tua vita a colori\", diceva Walt Disney. Scoprite il vostro Touch unico: una tracolla per computer ampia, comoda e multicolore. Universale, colora la custodia per laptop YAKA e si adatta a tutto. Estremit\u00e0 in pelle nera, stampe in cotone, moschettoni in metallo. YAKA offre una variet\u00e0 di tracolle regolabili in oltre 30 colori e stampe uniche. Esprimetevi con stile e colore.","cd_shortlabel_30":"Cinghia da viaggio Yaka Jungle3","cd_genre":"mixte \/ adulte","cd_dicounttype":0,"iscdav":0,"cd_desc_marketing":"Sogna la tua vita a colori, \u00e8 il segreto della felicit\u00e0 - Walt Disney Votre Touch Solo per te!  \nCustodia per laptop grande, multicolore e super confortevole, a tracolla Un accessorio unico!  \nQuesta fantastica tracolla multiuso dar\u00e0 un tocco di colore alla vostra borsa per computer portatile YAKA.  \nE poich\u00e9 questa tracolla \u00e8 universale, \u00e8 possibile utilizzarla per la borsa, la chitarra o altro. Questa tracolla ricamata \u00e8 un accessorio che consente di personalizzare la custodia del computer portatile. Le estremit\u00e0 sono in pelle nera. Due moschettoni in metallo nero ne facilitano il fissaggio alla custodia del laptop.  \nCambiate la tracolla in base al vostro umore e avrete una custodia per laptop nuova di zecca in un attimo! Con questa tracolla, il vostro stile sar\u00e0 UNICO! Anche il case del computer!  \nYAKA offre un'ampia gamma di spallacci regolabili. Ognuno \u00e8 pi\u00f9 bello dell'altro! Una grande variet\u00e0 di colori Che ne dite di una tracolla gialla il luned\u00ec, di un verde allegro il marted\u00ec, di un nero rigoroso e di classe il mercoled\u00ec, di un camouflage il gioved\u00ec e di un blu intenso il venerd\u00ec?  \nE Hop: uno d'oro o d'argento nel fine settimana che la custodia del vostro laptop prester\u00e0 alla vostra borsetta per un weekend! Se volete distinguervi un po' di pi\u00f9, ci sono anche altri disegni, come quelli etnici, piramidali, geometrici, mimetici, zebrati, ecc.","cd_name":"Tracolla da viaggio Yaka Jungle 3 - Stile e raffinatezza per questa tracolla multicolore regolabile da 5 a 130 cm.","cd_productpackagingunit":"CubicMeter","cd_productpackagingvalue":0.000528,"etsy_is_supply":1,"etsy_when_made":"2020_2023","etsy_who_made":"i_did","etsy_recipient":"non_specificato","etsy_should_auto_renew":"1","etsy_shop_section_id":"44669300","etsy_shipping_template_id":"208283066221","etsy_listing_id":"103","etsy_is_customizable":"no","etsy_tags":"Sogno, regolabile, moschettone, cinghia, tracolla, ganci, vari colori, accessorio, universale, unisex, uomo, donna, borse","etsy_tariff_code":"","etsy_size":"75-130 cm","etsy_color":"JGL3","fb_age_group":"all ages","wc_faire_product_name":"Tracolla Yaka in cotone a taglia unica - Jungle 3 176146","wc_faire_country_manuf":"Chine","wc_faire_materials":["Nontoxic","Plastic-free"],"wc_faire_packaging":["Plastic-free","Recyclable","Recycled"],"wc_faire_production":false,"wc_faire_color":false,"wc_faire_product_lang":["English","French","German","Portuguese","Spanish"],"wc_faire_description":"<p>Scoprite il vostro \"Touch\" unico: un'ampia tracolla multicolore per la Custodia per laptop, ultra-confortevole sulla spalla. Questa divertente e versatile tracolla conferisce alla vostra custodia per laptop YAKA un aspetto colorato e si adatta alla vostra borsa, alla vostra chitarra, ecc. Ricamato, personalizza con eleganza la vostra copertina, con estremit\u00e0 in pelle nera. Due moschettoni in metallo nero ne facilitano l'aggancio alla custodia.<\/p><p>Cambiate la tracolla con una custodia istantanea nuova di zecca. Il vostro stile sar\u00e0 UNICO grazie a questa tracolla, proprio come la vostra valigetta. YAKA offre una scelta di tracolle regolabili, tutte bellissime, in una variet\u00e0 di colori: giallo il luned\u00ec, verde allegro il marted\u00ec, nero di classe il mercoled\u00ec, camouflage il gioved\u00ec, blu intenso il venerd\u00ec. Weekend in oro o argento, la custodia per computer portatile si presta a una borsa. Sono disponibili disegni etnici, piramidali, geometrici, mimetici e zebrati. Esprimete voi stessi con questa tracolla, aggiungendo colore e originalit\u00e0 alla vostra vita quotidiana.<\/p>","grp_poids_units":1,"grp_dimensions_units":4,"Country_of_production":"CN","grp_age_range":4,"grp_gender":4,"grp_country_of_production":8,"grp_origin_of_production":"2","grp_screen_size_comp_max":false,"fcouleur_nl":" Veelkleurig","name_nl":"Giungla 3","fnac_short_description_fr":"","fnac_short_description_nl":"","fnac_leather_main_img":"","fnac_sexe":"Neutre","fnac_desc_vente":"Tutti i nostri prodotti sono nuovi e nella loro confezione originale.","fnac_description_fr":"<p>Tracolla per computer Yaka multicolore. Universal si adatta a tutto. Elegante con moschettoni in metallo per valigetta. Esprimete il vostro stile con una variet\u00e0 di scelte, dal giallo del luned\u00ec al camouflage del gioved\u00ec. Esprimete voi stessi con questa tracolla unica.<\/p>","fnac_promotion_type":false,"fnac_logistic_type_id":103,"fruugo_category":"Valigeria e piccola pelletteria > Accessori per bagagli > Cinghie per bagagli","viking_vendor_sku":"3176146","viking_warehouse_id":"Yaka Company","viking_uom":"EA","viking_manufacturer_sku":"YAKABAND_JGL3","viking_min_days_to_ship":2,"viking_max_days_to_ship":5,"viking_availability":true,"sale_delay":3,"odoo_id":"prodotto_template_37"},"_links":{"self":[{"href":"https:\/\/yakacompany.com\/it\/wp-json\/wp\/v2\/product\/34546","targetHints":{"allow":["GET"]}}],"collection":[{"href":"https:\/\/yakacompany.com\/it\/wp-json\/wp\/v2\/product"}],"about":[{"href":"https:\/\/yakacompany.com\/it\/wp-json\/wp\/v2\/types\/product"}],"replies":[{"embeddable":true,"href":"https:\/\/yakacompany.com\/it\/wp-json\/wp\/v2\/comments?post=34546"}],"wp:featuredmedia":[{"embeddable":true,"href":"https:\/\/yakacompany.com\/it\/wp-json\/wp\/v2\/media\/211612"}],"wp:attachment":[{"href":"https:\/\/yakacompany.com\/it\/wp-json\/wp\/v2\/media?parent=34546"}],"wp:term":[{"taxonomy":"product_brand","embeddable":true,"href":"https:\/\/yakacompany.com\/it\/wp-json\/wp\/v2\/product_brand?post=34546"},{"taxonomy":"product_cat","embeddable":true,"href":"https:\/\/yakacompany.com\/it\/wp-json\/wp\/v2\/product_cat?post=34546"},{"taxonomy":"product_tag","embeddable":true,"href":"https:\/\/yakacompany.com\/it\/wp-json\/wp\/v2\/product_tag?post=34546"}],"curies":[{"name":"wp","href":"https:\/\/api.w.org\/{rel}","templated":true}]}}