{"id":38858,"date":"2018-10-09T13:17:22","date_gmt":"2018-10-09T11:17:22","guid":{"rendered":"https:\/\/yakacompany.com\/shop\/arancione-yaka\/"},"modified":"2024-12-17T00:02:35","modified_gmt":"2024-12-16T23:02:35","slug":"yaka-arancio","status":"publish","type":"product","link":"https:\/\/yakacompany.com\/it\/prodotto\/yaka-arancio\/","title":{"rendered":"Arancione YAKA"},"content":{"rendered":"<p>Il supporto universale per cartelle\/documenti. Si adatta a tutti i raccoglitori e portadocumenti presenti sul mercato (formato A4 da 40 a 80 mm). Il portacartelle si aggancia alla cartella e rimane in posizione durante l&#8217;utilizzo. Il portacartelle \u00e8 composto da un corpo principale e da una cinghia di 120 cm che pu\u00f2 essere adattata in tre lunghezze: 96 cm, 104 cm o 112 cm. Facile da trasportare con la maniglia o la tracolla. Il portacartelle \u00e8 realizzato in PVC biocompatibile. Questo oggetto di trasporto ha una garanzia di 5 anni. Il nostro marchio e i nostri prodotti Yaka sono protetti a livello internazionale.<\/p>\n","protected":false},"excerpt":{"rendered":"<p><strong>Portadocumenti in pvc ecologico<\/strong> Questo portadocumenti leggero, resistente, divertente e pratico \u00e8 universale!  <strong>Il<\/strong> modo pi\u00f9 leggero per trasportare tutti i file e i portadocumenti A4, a mani libere grazie alla maniglia e alla tracolla regolabile.  <em>Vi piace il suo colore ROSSO?<\/em>  Ecco perch\u00e9: i colori non solo fanno bella figura, ma non solo influenzano l&#8217;umore,  <strong>Inoltre, rivelano il vostro carattere e influenzano il vostro ambiente.<\/strong>  Grazie al portadocumenti RED, ecco cosa trasmetterete mentre andate in ufficio o a scuola: il rosso \u00e8 simbolo di energia, vitalit\u00e0 e passione. Un portadocumenti YAKA rosso: per una persona intelligente, brillante e appassionata. I documenti che portate con voi sono un pozzo di conoscenza.<\/p>\n","protected":false},"featured_media":214536,"comment_status":"open","ping_status":"closed","template":"","meta":{"_acf_changed":false,"_et_pb_use_builder":"on","_et_pb_old_content":"<strong>Il supporto universale per cartelle\/documenti.<\/strong>Si adatta a tutti i raccoglitori e portadocumenti presenti sul mercato (formato A4 da 40 a 80 mm). Il supporto si aggancia al raccoglitore e rimane in posizione durante l'utilizzo. Il supporto \u00e8 composto da un corpo principale e da una cinghia di 120 cm che pu\u00f2 essere adattata a tre lunghezze: 96 cm, 104 cm o 112 cm.Il supporto \u00e8 realizzato in pvc biocompatibile e viene fornito con una garanzia di 5 anni. Il nostro marchio e i nostri prodotti Yaka sono protetti a livello internazionale.","_et_gb_content_width":""},"product_brand":[3939],"product_cat":[2515],"product_tag":[3140],"class_list":{"0":"post-38858","1":"product","2":"type-product","3":"status-publish","4":"has-post-thumbnail","6":"product_brand-yaka","7":"product_cat-classico","8":"product_tag-feed-xml-it","9":"product_shipping_class-3-5d-it","11":"first","12":"instock","13":"taxable","14":"shipping-taxable","15":"purchasable","16":"product-type-simple"},"acf":{"effitrace_sku":"YAKABIND.ORA","gen_video_link":"","gen_tva_be":21,"gen_wpml_lang":"fr","gen_code_intrastat":"42021291","gen_tags":"Organizzatori per ufficio, Cartelle e raccoglitori, Raccoglitori ad anelli, Cartelle Yaka A4, portadocumenti, custodie protettive, Raccoglitori ad anelli, Raccoglitori con copertina morbida, Raccoglitori a molla, Raccoglitori a spirale","gen_very_short_description":"Portadocumenti universale, adatto a tutti i formati A4 (40-80 mm). Fissaggio sicuro sullo schedario, cinghia regolabile da 120 cm. Facile da trasportare con maniglia o tracolla. PVC biocompatibile, garanzia di 5 anni. Il marchio Yaka \u00e8 protetto in tutto il mondo.","gen_producer-id-FR-EMBM":"FR353884_01RHDD","eco-contribution-amount-fr-embm":0.0079,"gen_lucid":"DE1835077141423","livraison_standard_fdp":"5,95","livraison_standard_fdpa":3,"mondial_relay_fdp":"4,06","mondial_relay_fdpa":3,"so_colissimo_fdp":"9,96","so_colissimo_fdpa":"4,5","ct_condition":"N","ct_status":"A","ct_tags":"Organizzatori da scrivania, Cartelle per conferenze, Cartelle e buste, Cartelle, Archiviazione e organizzazione","ct_type_produit":"Altoparlanti","ct_min_qty":3,"ct_collection":"Pagina iniziale","amz_manufacturer":"Azienda Yaka sprl","amz_conditiontype":"New","amz_fba":"1","amz_numberofpieces":1,"amz_minimumorderquantity":1,"amz_isexpirationdatedproduct":0,"amz_supplierdeclareddghzregulation":"non_applicabile","amz_arebatteriesrequired":"false","amz_bulletpoint1":"Portadocumenti universale per cartelle A4 e portadocumenti da 40 a 80 mm.","amz_bulletpoint2":"Si aggancia al raccoglitore per un comodo utilizzo a mani libere.","amz_bulletpoint3":"Composto da un corpo principale e da una cinghia di 120 cm che pu\u00f2 essere adattata a tre lunghezze: 96 cm, 104 cm o 112 cm.","amz_bulletpoint4":"Realizzato in PVC ecologico, leggero e resistente.","amz_bulletpoint5":"","amz_otheritemattributes1":"Una soluzione versatile per trasportare tutti i tipi di fascicoli e portadocumenti A4 in modo leggero e pratico.","amz_otheritemattributes2":"La maniglia e la tracolla adattabile lo rendono facile e comodo da trasportare.","amz_otheritemattributes3":"Realizzato in PVC ecologico, contribuisce alle pratiche ecocompatibili.","amz_otheritemattributes4":"Garantito per 5 anni, assicura la durata e la qualit\u00e0 superiore del prodotto.","amz_otheritemattributes5":"Protetto a livello internazionale, garantisce il riconoscimento e la qualit\u00e0 del marchio Yaka.","amz_length":32,"amz_width":28.5,"amz_height":6,"amz_businessprice":"","amz_isbusinessonly":"false","amz_quantitypricetype":"percent","amz_quantityprice1":"","amz_quantitylowerbound1":"","quantityprice2":"","amz_quantitylowerbound2":"","amz_quantityprice3":"","amz_quantitylowerbound3":"","amz_numberofitems":2,"amz_size":"A4+","amz_type_fermeture":"Graffio","amz_departement":"Misto","amz_searchterms":"Organizzatori per ufficio, Cartelle e raccoglitori, Raccoglitori ad anelli, Cartelle Yaka A4, portadocumenti, custodie protettive, Raccoglitori ad anelli, Raccoglitori con copertina morbida, Raccoglitori a molla, Raccoglitori a spirale","amz_type_mat_ext":"PVC biocompatibile","amz_type_tissu":"","amz_nb_compartiments":0,"amz_stylename":"Utilitaire","amz_asin":"","bol_language":"NL","bol_conditionname":"NEW","bol_stockmanagedbyretailer":"false","bol_fulfilmentmethod":"FBR","bol_fulfilmentdeliverycode":"24uurs-23","available-end-date":"2099-12-31T00:00:00.000+02:00","available-start-date":"2020-01-01T00:00:00.000+02:00","etat":"11","garantie-mois":"60","product-id-type":"EAN","logistic-class":"S","bcouleur":"Orange","bdescriptif_court":"Il portadocumenti e cartelle A4 YAKA \u00e8 realizzato in pvc ecologico.","bdescriptif_marketing":"<p>Il portadocumenti e cartelle A4 YAKA \u00e8 realizzato in pvc ecologico.<br>Questo innovativo, intelligente e pratico oggetto da trasporto \u00e8 garantito per 5 anni.<br>Il nostro marchio e i nostri prodotti Yaka sono protetti a livello internazionale.<br>Portadocumenti in pvc ecologico Questo portadocumenti leggero, robusto, divertente e pratico \u00e8 universale!<\/p>","bdescriptif_supp":"La soluzione leggera per trasportare tutti i fascicoli e i portadocumenti in formato A4, a mani libere grazie alla maniglia e alla tracolla regolabile.  \nIl portadocumenti A4 YAKA \u00e8 realizzato in pvc ecologico. Questo oggetto di trasporto ha una garanzia di 5 anni. Il nostro marchio Yaka e i nostri prodotti sono protetti a livello internazionale.  \nIl modo pi\u00f9 leggero per trasportare tutti i file e i portadocumenti A4, a mani libere grazie alla maniglia e alla tracolla regolabile.","bdescriptif_qty_comp":"Il portadocumenti A4 YAKA \u00e8 realizzato in pvc ecologico. Questo oggetto di trasporto ha una garanzia di 5 anni. Il nostro marchio e i nostri prodotti Yaka sono protetti a livello internazionale.","bdescriptif_spec":"La soluzione leggera per trasportare tutti i fascicoli e i portadocumenti in formato A4, a mani libere grazie alla maniglia e alla tracolla regolabile.  ","cd_desc_420":"Il portadocumenti universale. Si adatta a tutti i raccoglitori e portadocumenti (formato A4 da 40 a 80 mm). Il portacartelle si aggancia alla cartella e rimane in posizione durante l'utilizzo. \u00c8 composto da un corpo principale e da una cinghia di 120 cm. Pu\u00f2 essere trasportato con la maniglia o a tracolla. Il portacartelle \u00e8 realizzato in PVC biocompatibile. Ha una garanzia di 5 anni ed \u00e8 brevettato.","cd_shortlabel_30":"Portadocumenti arancione in BioPVC","cd_genre":"mixte \/ adulte","cd_dicounttype":0,"iscdav":0,"cd_desc_marketing":"Il supporto universale per cartelle\/documenti. Si adatta a tutti i raccoglitori e portadocumenti presenti sul mercato (formato A4 da 40 a 80 mm). Il portacartelle si aggancia alla cartella e rimane in posizione durante l'utilizzo. Il portacartelle \u00e8 composto da un corpo principale e da una cinghia di 120 cm che pu\u00f2 essere adattata in tre lunghezze: 96 cm, 104 cm o 112 cm. Facile da trasportare con la maniglia o la tracolla. Il portacartelle \u00e8 realizzato in PVC biocompatibile. Questo oggetto di trasporto ha una garanzia di 5 anni. Il nostro marchio e i nostri prodotti Yaka sono protetti a livello internazionale.","cd_name":"Portadocumenti arancione Yaka in BioPVC, A4, ingegnoso e universale!","cd_productpackagingunit":"CubicMeter","cd_productpackagingvalue":0.006699,"etsy_is_supply":1,"etsy_when_made":"2020_2023","etsy_who_made":"i_did","etsy_recipient":"non_specificato","etsy_should_auto_renew":"1","etsy_shop_section_id":"44685519","etsy_shipping_template_id":"208283066221","etsy_listing_id":"103","etsy_is_customizable":"no","etsy_tags":"Organizzatori per ufficio, Raccoglitori e cartelle, Cartelle Yaka A4, portadocumenti, custodie protettive, raccoglitori ad anelli, raccoglitori con copertina morbida, raccoglitori a molla, raccoglitori a spirale, cartelle per conferenze, materiale scolastico, leggero","etsy_tariff_code":"","etsy_size":"32x28,5x4cm","etsy_color":"arancione","fb_age_group":"all ages","wc_faire_product_name":"Yaka BioPVC Portadocumenti arancione 316452","wc_faire_country_manuf":"Chine","wc_faire_materials":["Nontoxic","Plastic-free"],"wc_faire_packaging":["Plastic-free","Recyclable","Recycled"],"wc_faire_production":false,"wc_faire_color":false,"wc_faire_product_lang":["English","French","German","Portuguese","Spanish"],"wc_faire_description":"<p><strong>Il supporto universale per cartelle\/documenti.<\/strong>  Si adatta a tutti i raccoglitori e portadocumenti presenti sul mercato (formato A4 da 40 a 80 mm). Il portacartelle si aggancia alla cartella e rimane in posizione durante l'utilizzo. Il portacartelle \u00e8 composto da un corpo principale e da una cinghia di 120 cm che pu\u00f2 essere adattata in tre lunghezze: 96 cm, 104 cm o 112 cm. Facile da trasportare con la maniglia o la tracolla. Il portacartelle \u00e8 realizzato in PVC biocompatibile. Questo oggetto di trasporto ha una garanzia di 5 anni. Il nostro marchio e i nostri prodotti Yaka sono protetti a livello internazionale.<\/p>","grp_poids_units":1,"grp_dimensions_units":4,"Country_of_production":"CN","grp_age_range":4,"grp_gender":4,"grp_country_of_production":1,"grp_origin_of_production":"3","grp_screen_size_comp_max":false,"fcouleur_nl":" Oranje","name_nl":"YAKA Oranje","fnac_short_description_fr":"","fnac_short_description_nl":"","fnac_leather_main_img":"","fnac_sexe":"Neutre","fnac_desc_vente":"Tutti i nostri prodotti sono nuovi e nella loro confezione originale.","fnac_description_fr":"<p>Portadocumenti universale, adatto a tutti i formati A4 (40-80 mm). Fissaggio sicuro sullo schedario, cinghia regolabile da 120 cm. Facile da trasportare con maniglia o tracolla. PVC biocompatibile, garanzia di 5 anni. Il marchio Yaka \u00e8 protetto in tutto il mondo.<\/p>","fnac_promotion_type":false,"fnac_logistic_type_id":103,"fruugo_category":"Prodotti per l'ufficio > Archiviazione e organizzazione > Conf\u221a\u00a9renciers","viking_vendor_sku":"1316452","viking_warehouse_id":"Michel Logistics","viking_uom":"PACK","viking_manufacturer_sku":"yaka01-arancio","viking_min_days_to_ship":2,"viking_max_days_to_ship":5,"viking_availability":true,"sale_delay":3,"odoo_id":"prodotto_template_3"},"_links":{"self":[{"href":"https:\/\/yakacompany.com\/it\/wp-json\/wp\/v2\/product\/38858","targetHints":{"allow":["GET"]}}],"collection":[{"href":"https:\/\/yakacompany.com\/it\/wp-json\/wp\/v2\/product"}],"about":[{"href":"https:\/\/yakacompany.com\/it\/wp-json\/wp\/v2\/types\/product"}],"replies":[{"embeddable":true,"href":"https:\/\/yakacompany.com\/it\/wp-json\/wp\/v2\/comments?post=38858"}],"wp:featuredmedia":[{"embeddable":true,"href":"https:\/\/yakacompany.com\/it\/wp-json\/wp\/v2\/media\/214536"}],"wp:attachment":[{"href":"https:\/\/yakacompany.com\/it\/wp-json\/wp\/v2\/media?parent=38858"}],"wp:term":[{"taxonomy":"product_brand","embeddable":true,"href":"https:\/\/yakacompany.com\/it\/wp-json\/wp\/v2\/product_brand?post=38858"},{"taxonomy":"product_cat","embeddable":true,"href":"https:\/\/yakacompany.com\/it\/wp-json\/wp\/v2\/product_cat?post=38858"},{"taxonomy":"product_tag","embeddable":true,"href":"https:\/\/yakacompany.com\/it\/wp-json\/wp\/v2\/product_tag?post=38858"}],"curies":[{"name":"wp","href":"https:\/\/api.w.org\/{rel}","templated":true}]}}