{"id":39171,"date":"2022-08-04T17:19:58","date_gmt":"2022-08-04T15:19:58","guid":{"rendered":"https:\/\/yakacompany.com\/shop\/borsa-per-computer-133-pollici-verde-con-linguetta-rivoluzionaria-easyfix\/"},"modified":"2024-09-23T19:19:58","modified_gmt":"2024-09-23T17:19:58","slug":"borsa-portacomputer-13-3-pollici-verde-con-zampa-easyfix-rivoluzionario","status":"publish","type":"product","link":"https:\/\/yakacompany.com\/it\/prodotto\/borsa-portacomputer-13-3-pollici-verde-con-zampa-easyfix-rivoluzionario\/","title":{"rendered":"Borsa per computer &#8211; 13,3 pollici &#8211; Verde con linguetta rivoluzionaria EasyFix"},"content":{"rendered":"<p><strong>Volete una custodia per laptop con opzioni di archiviazione intelligenti?<\/strong><strong>Ne vuoi ancora? \u00c8 qui!<\/strong>Questa borsa per computer \u00e8 stata appositamente progettata per trasportare il vostro computer portatile in qualsiasi situazione.Si apre con una pratica cerniera con apertura a 180\u00b0.All&#8217;esterno di questa borsa per computer, \u00e8 possibile aggiungere una tasca per riporre in modo sicuro i vostri documenti di viaggio, ad esempio quando si viaggia.All&#8217;interno di questa borsa, vari scomparti pratici, come due tasche superprotette per i computer portatili e posti per i vostri documenti, nonch\u00e9 due tasche aggiuntive per gli utensili da scrittura e il vostro telefono cellulare.La custodia \u00e8 facile da trasportare a mano grazie alla comoda maniglia o a spallabandouli\u00e8re regolabile e retrattile inclusa) ed \u00e8 anche progettata per essere agganciata saldamente alla valigia da viaggio quando si \u00e8 in viaggio.<strong>Il massimo del nomadismo digitale<\/strong>Ma non \u00e8 tutto! La custodia per laptop YAKA \u00e8 sicuramente la pi\u00f9 intelligente mai creata! Siete stanchi di portare la vostra bottiglia d&#8217;acqua, la vostra borraccia, il vostro ombrello, il vostro panino, il vostro giornale nella custodia del vostro laptop? \u00c8 ingombrante, di difficile accesso, danneggiato, sporco&#8230;<strong>YAKA la pensa decisamente diversamente!<\/strong>L&#8217;esterno \u00e8 stato progettato per questo scopo. Non c&#8217;\u00e8 pi\u00f9 il rischio di bagnare, sporcare o danneggiare l&#8217;interno della custodia!<\/p>\n","protected":false},"excerpt":{"rendered":"<p><strong>Custodia per laptop di nuova generazione:<\/strong> &#8211; Superleggera, robusta e compatta &#8211; Resistente all&#8217;acqua, all&#8217;usura e agli urti  <strong>Interno intelligente: <\/strong> &#8211; Numerose tasche portaoggetti &#8211; Protezione interna multistrato &#8211; Cavo di facile passaggio per la ricarica del computer e del cellulare &#8211; Apertura completa a 180\u00b0.  <strong>Rivoluzionario capocorda esterno &#8220;Fix and Go&#8221;:<\/strong> &#8211; Per trasportare bottiglie d&#8217;acqua, panini, ombrelli, ecc. &#8211; Si attacca alla maniglia retrattile del trolley &#8211; Tracolla regolabile e retrattile in dotazione  <strong>Grazie a YAKA, \u00e8 facile essere organizzati e leggeri!<\/strong><\/p>\n","protected":false},"featured_media":216689,"comment_status":"closed","ping_status":"closed","template":"","meta":{"_acf_changed":false,"_et_pb_use_builder":"on","_et_pb_old_content":"<strong>Volete una custodia per laptop con opzioni di archiviazione intelligenti?<\/strong> <strong>Ne vuoi ancora? \u00c8 qui!<\/strong>  Questa custodia per laptop \u00e8 stata progettata appositamente per trasportare il vostro laptop in ogni momento. Si apre con una pratica cerniera con apertura a 180\u00b0. All'esterno della custodia per computer portatile \u00e8 possibile aggiungere una tasca per conservare in modo sicuro i documenti di viaggio, ad esempio quando si viaggia. All'interno della borsa troverete una serie di pratici scomparti, tra cui due tasche superprotette per il computer portatile e slot per i documenti, oltre a due tasche extra per gli utensili da scrittura e il telefono cellulare. La custodia \u00e8 facile da trasportare a mano, grazie alla comoda maniglia, o a spalla (tracolla regolabile e retrattile inclusa). \u00c8 stato anche progettato in modo da poter essere fissato saldamente al bagaglio da viaggio quando si \u00e8 in viaggio.  <strong>Il massimo del nomadismo digitale!<\/strong>  Ma non \u00e8 tutto! La custodia per laptop YAKA \u00e8 sicuramente la pi\u00f9 intelligente mai creata! Siete stanchi di portare la vostra bottiglia d'acqua, la borraccia, l'ombrello, il panino, il giornale nella custodia del vostro portatile? \u00c8 ingombrante, difficile da raggiungere, danneggiata, sporca...  <strong>YAKA la pensa decisamente diversamente!<\/strong>  L'esterno \u00e8 stato progettato tenendo conto di questo aspetto. Non c'\u00e8 pi\u00f9 il rischio di bagnare, sporcare o danneggiare l'interno della custodia! Grazie all'esclusiva linguetta esterna e alle strisce ed elastici antiscivolo, i vostri oggetti essenziali diventano un tutt'uno con la custodia, facili da raggiungere e protetti senza danneggiare il contenuto della custodia. Innovazioni che rendono la vita molto pi\u00f9 facile! Grazie YAKA!  <strong>Non \u00e8 fantastico? S\u00ec o S\u00ec!<\/strong>","_et_gb_content_width":""},"product_brand":[3939],"product_cat":[2572],"product_tag":[3140],"class_list":{"0":"post-39171","1":"product","2":"type-product","3":"status-publish","4":"has-post-thumbnail","6":"product_brand-yaka","7":"product_cat-custodia-per-laptop","8":"product_tag-feed-xml-it","9":"product_shipping_class-3-5d-it","11":"first","12":"instock","13":"taxable","14":"shipping-taxable","15":"purchasable","16":"product-type-simple"},"acf":{"effitrace_sku":"YAKALAPT.133.GRN","gen_video_link":"","gen_tva_be":21,"gen_wpml_lang":"fr","gen_code_intrastat":"42021291","gen_tags":"Cartella, laptop, portaoggetti, intelligente, zip, apertura, 180\u00b0, tasca, esterna, documenti, viaggio, telefono, batterie, elettronica, tasche, super, protette, fessure, per, documenti, tasche, per, scrittura, utensili, tracolla, regolabile, cavo, passaggi, ricarica, dispositivi, elettronici, borsa, valigia, viaggio, outdoor, progettato, bottiglia, bottiglia d'acqua, ombrello, agenda, digitale, nomade, pratico, leggero, robusto, resistente all'acqua, facile, accesso, innovazione, organizzazione","gen_very_short_description":"<p>Custodia versatile per computer portatili: apertura a 180\u00b0, tasca da viaggio, scomparti protetti per computer portatili e documenti, gestione dei cavi, tracolla. Esterno ingegnoso: supporti per accessori antiscivolo. Semplificate la vostra vita con la custodia YAKA!<\/p>","gen_producer-id-FR-EMBM":"FR353884_01RHDD","eco-contribution-amount-fr-embm":0.0079,"gen_lucid":"DE1835077141423","livraison_standard_fdp":"5,95","livraison_standard_fdpa":3,"mondial_relay_fdp":"4,06","mondial_relay_fdpa":3,"so_colissimo_fdp":"9,96","so_colissimo_fdpa":"4,5","ct_condition":"N","ct_status":"A","ct_tags":"Conf\u221a\u00a9renciers, Cartelle, Accessori per computer, Computer, Computer portatili, Organizzazione e archiviazione","ct_type_produit":"Accessori per computer","ct_min_qty":2,"ct_collection":"Pagina iniziale","amz_manufacturer":"Azienda Yaka sprl","amz_conditiontype":"New","amz_fba":"1","amz_numberofpieces":1,"amz_minimumorderquantity":1,"amz_isexpirationdatedproduct":0,"amz_supplierdeclareddghzregulation":"non_applicabile","amz_arebatteriesrequired":"false","amz_bulletpoint1":"Custodia per laptop YAKA con opzioni di archiviazione intelligenti.","amz_bulletpoint2":"Apertura a 180\u00b0 con cerniera per impieghi gravosi.","amz_bulletpoint3":"Tasca esterna per documenti di viaggio e apparecchiature elettroniche.","amz_bulletpoint4":"Interno con due tasche protette per computer e documenti e due tasche per utensili da scrittura e telefono.","amz_bulletpoint5":"Porte per cavi per ricaricare i dispositivi in movimento.","amz_otheritemattributes1":"Superleggero, robusto e compatto per un facile trasporto.","amz_otheritemattributes2":"Resistente all'acqua, all'usura e agli urti interni ed esterni per una protezione ottimale.","amz_otheritemattributes3":"Scheda esterna \"Fix and Go\" per trasportare gli oggetti essenziali senza rischio di danni.","amz_otheritemattributes4":"Tracolla regolabile e retrattile inclusa per un trasporto confortevole.","amz_otheritemattributes5":"Una soluzione intelligente per i nomadi digitali, che offre organizzazione e leggerezza nel quotidiano.","amz_length":36.5,"amz_width":3,"amz_height":27,"amz_businessprice":"","amz_isbusinessonly":"false","amz_quantitypricetype":"percent","amz_quantityprice1":"","amz_quantitylowerbound1":"","quantityprice2":"","amz_quantitylowerbound2":"","amz_quantityprice3":"","amz_quantitylowerbound3":"","amz_numberofitems":2,"amz_size":"13,3 pouces","amz_type_fermeture":"Chiusura a zip","amz_departement":"Misto","amz_searchterms":"Custodia per laptop intelligente con zip apertura a 180\u00b0 tasca esterna documenti utensili da viaggio tracolla regolabile custodia per nomadi digitali pratica leggera resistente all'acqua facile accesso innovazione organizzazione","amz_type_mat_ext":"Poliestere 600 D LUX","amz_type_tissu":"","amz_nb_compartiments":5,"amz_stylename":"Utilitaire","amz_asin":"","bol_language":"NL","bol_conditionname":"NEW","bol_stockmanagedbyretailer":"false","bol_fulfilmentmethod":"FBR","bol_fulfilmentdeliverycode":"24uurs-23","available-end-date":"2099-12-31T00:00:00.000+02:00","available-start-date":"2020-01-01T00:00:00.000+02:00","etat":"11","garantie-mois":"60","product-id-type":"EAN","logistic-class":"M","bcouleur":"Vert","bdescriptif_court":"Custodia per laptop di nuova generazione. Leggero, robusto e compatto. Grazie a YAKA, organizzato e leggero!","bdescriptif_marketing":"<p>Custodia per laptop di nuova generazione. Leggero, robusto e compatto. Resistente all'acqua, all'usura e agli urti per interni ed esterni.<br>Tracolla regolabile e retrattile inclusa.<br>Grazie a YAKA, \u00e8 facile essere organizzati e leggeri! Grazie all'esclusiva chiusura esterna antiscivolo, i vostri oggetti essenziali, a volte ingombranti, diventeranno un tutt'uno con la borsa: bottiglia d'acqua, ombrello...<br>Facile da raggiungere e protetto senza danneggiare il contenuto interno della borsa.<br>Innovazioni che rendono la vita molto pi\u00f9 semplice e pratica! Non \u00e8 fantastico?<\/p>","bdescriptif_supp":"La Custodia per laptop YAKA offre opzioni di archiviazione intelligenti.  \nSi apre a 180\u00b0 con una pratica e resistente cerniera.  \nAll'esterno, \u00e8 possibile aggiungere una tasca per i documenti di viaggio, il telefono e le batterie elettroniche.  \nAll'interno, due tasche superprotette per i computer portatili, slot per i documenti e due tasche per gli utensili da scrittura e il telefono.  \nDue porte per cavi consentono di ricaricare i dispositivi in movimento. Si pu\u00f2 portare a mano o a spalla con la tracolla regolabile inclusa.\nLa borsa pu\u00f2 essere fissata in modo sicuro al bagaglio da viaggio.\nL'esterno \u00e8 progettato per trasportare bottiglie, borracce, ombrelli e giornali senza rischi di danneggiamento ed \u00e8 facilmente accessibile.  \nUna custodia per laptop pratica e intelligente per i nomadi digitali di tutti i giorni!","bdescriptif_qty_comp":"","bdescriptif_spec":"","cd_desc_420":"Custodia intelligente per laptop con opzioni di archiviazione per i nomadi digitali. Appositamente progettato per facilitare il trasporto. Apertura con zip a 180\u00b0, scomparti interni, gestione dei cavi per la ricarica in movimento. Trasporto a mano o a spalla, chiusura sicura. Singola linguetta esterna, strisce antiscivolo per trasportare bottiglie d'acqua, ombrelli, ecc. senza rischio di danni. Grazie YAKA!","cd_shortlabel_30":"Borsa per laptop da 13,3 pollici Verde","cd_genre":"mixte \/ adulte","cd_dicounttype":0,"iscdav":0,"cd_desc_marketing":"Se state cercando una borsa per computer portatile con opzioni di archiviazione intelligenti e anche di pi\u00f9, questa \u00e8 la soluzione! Questa Custodia per laptop \u00e8 stata appositamente progettata per portare con voi il vostro computer portatile ovunque andiate.Si apre con una pratica cerniera e un'apertura grandangolare a 180\u00b0.All'esterno di questa Custodia per laptop \u00e8 possibile aggiungere una tasca per i documenti di viaggio, ad esempio.All'interno della borsa sono presenti numerosi scomparti pratici, tra cui due tasche superprotette per il laptop e slot per i documenti, oltre a due tasche aggiuntive per gli utensili da scrittura e il telefono cellulare.\u00c8 facile da trasportare a mano, grazie alla comoda maniglia, o a spalla (tracolla regolabile e retrattile inclusa), ed \u00e8 anche progettata per essere agganciata saldamente al bagaglio da viaggio quando si \u00e8 in viaggioIl massimo per i nomadi digitali di tutti i giorniMa non \u00e8 tutto! La custodia per laptop YAKA \u00e8 sicuramente la pi\u00f9 intelligente mai creata! Siete stanchi di portare la vostra bottiglia d'acqua, la vostra borraccia, il vostro ombrello, il vostro panino, il vostro giornale nella custodia del vostro laptop? La sua parte esterna \u00e8 stata progettata tenendo conto di questo aspetto. Non c'\u00e8 pi\u00f9 il rischio di bagnare, sporcare o danneggiare l'interno della custodia!","cd_name":"Borsa per computer e tablet - 13,3 pollici - Verde con linguetta EasyFix","cd_productpackagingunit":"CubicMeter","cd_productpackagingvalue":0.0042,"etsy_is_supply":1,"etsy_when_made":"2020_2023","etsy_who_made":"i_did","etsy_recipient":"non_specificato","etsy_should_auto_renew":"1","etsy_shop_section_id":"44685511","etsy_shipping_template_id":"208283066221","etsy_listing_id":"103","etsy_is_customizable":"no","etsy_tags":"Cartella, laptop, custodia, intelligente, resistente all'acqua, innovazione, nomade digitale, pratica, leggera, robusta, tasche, tracolla, custodia da viaggio","etsy_tariff_code":"","etsy_size":"36,5x27x3cm","etsy_color":"verde","fb_age_group":"all ages","wc_faire_product_name":"Custodia per laptop - 13,3 pollici - Verde con linguetta EasyFix","wc_faire_country_manuf":"Chine","wc_faire_materials":["Nontoxic","Plastic-free"],"wc_faire_packaging":["Plastic-free","Recyclable","Recycled"],"wc_faire_production":false,"wc_faire_color":false,"wc_faire_product_lang":["English","French","German","Portuguese","Spanish"],"wc_faire_description":"<p>Siete alla ricerca di una custodia intelligente per computer portatile con opzioni di archiviazione? Questa custodia per laptop \u00e8 stata progettata per portare con s\u00e9 il dispositivo ovunque si vada. Si apre a 180\u00b0 grazie a una pratica cerniera. All'esterno, aggiungere una tasca per i documenti di viaggio. All'interno sono presenti due tasche superprotette per i computer portatili, un vano per i documenti e gli utensili, e canali per i cavi per ricaricare i dispositivi in movimento. Si pu\u00f2 portare a mano o a spalla con la tracolla regolabile. Da attaccare alla valigia quando si viaggia. Inoltre, YAKA innova proponendo un esterno progettato per trasportare bottiglie, ombrelli, ecc. in tutta sicurezza, senza alcun rischio di danneggiamento. Le strisce antiscivolo proteggono gli oggetti. Una soluzione innovativa per semplificare la vita. Grazie YAKA!<\/p>","grp_poids_units":1,"grp_dimensions_units":4,"Country_of_production":"CN","grp_age_range":4,"grp_gender":4,"grp_country_of_production":1,"grp_origin_of_production":"3","grp_screen_size_comp_max":"13.3","fcouleur_nl":" Groen","name_nl":"Computer - 13,3 pollici - Con la rivoluzionaria scheda EasyFix","fnac_short_description_fr":"<p>Custodia per laptop di nuova generazione. Leggero, robusto e compatto. Resistente all'acqua, all'usura e agli urti per interni ed esterni.<br>Tracolla regolabile e retrattile inclusa.<br>Grazie a YAKA, \u00e8 facile essere organizzati e leggeri! Grazie all'esclusiva chiusura esterna antiscivolo, i vostri oggetti essenziali, a volte ingombranti, diventeranno un tutt'uno con la borsa: bottiglia d'acqua, ombrello...<br>Facile da raggiungere e protetto senza danneggiare il contenuto interno della borsa.<\/p>","fnac_short_description_nl":"<p>Computer di nuova generazione. Luminosit\u00e0, robustezza e compattezza. Acqua, scivolamenti e stootbestendig, sia all'interno che all'esterno.<br>Verstelbare, intrekbare schouderriem inbegrepen.<br>Dankzij YAKA \u00e8 un gioiello se si vuole organizzare e illuminare! Grazie all'unico dispositivo antiscivolo sul sedile, \u00e8 possibile proteggere i diversi tipi di oggetti che si trovano sul sedile: acqua, paraplu, ecc.<br>Ottimo posto, ma con un'aria interna che non pu\u00f2 essere danneggiata.<\/p>","fnac_leather_main_img":"","fnac_sexe":"Neutre","fnac_desc_vente":"Tutti i nostri prodotti sono nuovi e nella loro confezione originale.","fnac_description_fr":"<p>Custodia versatile per computer portatili: apertura a 180\u00b0, tasca da viaggio, scomparti protetti per computer portatili e documenti, gestione dei cavi, tracolla. Esterno ingegnoso: supporti per accessori antiscivolo. Semplificate la vostra vita con la custodia YAKA!<\/p>","fnac_promotion_type":false,"fnac_logistic_type_id":103,"fruugo_category":"Valigeria e piccola pelletteria > Valigie","viking_vendor_sku":"1316827","viking_warehouse_id":"Yaka Company","viking_uom":"EA","viking_manufacturer_sku":"YAKALAPT_133_GRN","viking_min_days_to_ship":2,"viking_max_days_to_ship":5,"viking_availability":true,"sale_delay":3,"odoo_id":"prodotto_template_58"},"_links":{"self":[{"href":"https:\/\/yakacompany.com\/it\/wp-json\/wp\/v2\/product\/39171","targetHints":{"allow":["GET"]}}],"collection":[{"href":"https:\/\/yakacompany.com\/it\/wp-json\/wp\/v2\/product"}],"about":[{"href":"https:\/\/yakacompany.com\/it\/wp-json\/wp\/v2\/types\/product"}],"replies":[{"embeddable":true,"href":"https:\/\/yakacompany.com\/it\/wp-json\/wp\/v2\/comments?post=39171"}],"wp:featuredmedia":[{"embeddable":true,"href":"https:\/\/yakacompany.com\/it\/wp-json\/wp\/v2\/media\/216689"}],"wp:attachment":[{"href":"https:\/\/yakacompany.com\/it\/wp-json\/wp\/v2\/media?parent=39171"}],"wp:term":[{"taxonomy":"product_brand","embeddable":true,"href":"https:\/\/yakacompany.com\/it\/wp-json\/wp\/v2\/product_brand?post=39171"},{"taxonomy":"product_cat","embeddable":true,"href":"https:\/\/yakacompany.com\/it\/wp-json\/wp\/v2\/product_cat?post=39171"},{"taxonomy":"product_tag","embeddable":true,"href":"https:\/\/yakacompany.com\/it\/wp-json\/wp\/v2\/product_tag?post=39171"}],"curies":[{"name":"wp","href":"https:\/\/api.w.org\/{rel}","templated":true}]}}